{"id":3733,"date":"2016-07-28T09:45:37","date_gmt":"2016-07-28T09:45:37","guid":{"rendered":"http:\/\/www.hotelsemaforodefisterra.com\/pt-pt\/actividades-costa-da-morte\/"},"modified":"2016-09-15T17:40:58","modified_gmt":"2016-09-15T17:40:58","slug":"actividades-costa-da-morte","status":"publish","type":"page","link":"https:\/\/www.hotelsemaforodefisterra.com\/pt-pt\/actividades-costa-da-morte\/","title":{"rendered":"Atividades Costa da Morte"},"content":{"rendered":"<p>[vc_row full_width=&#8221;stretch_row&#8221; parallax=&#8221;content-moving&#8221; position=&#8221;right center&#8221; css=&#8221;.vc_custom_1472041585775{margin-top: 32px !important;background-image: url(https:\/\/www.hotelsemaforodefisterra.com\/wp-content\/uploads\/2016\/07\/surf-na-costa-da-morte.jpg?id=3016) !important;background-position: center;background-repeat: no-repeat !important;background-size: cover !important;}&#8221;][vc_column el_class=&#8221;white-box content-padding text-uppercase&#8221;][vc_column_text]<\/p>\n<h2 class=\"text-uppercase\" style=\"text-align: center;\"><small>Na borda<br \/>\n<\/small>ATIVIDADES<\/h2>\n<p style=\"text-align: center;\"><strong>CRUZERO DO FIM DO MUNDO<\/strong><\/p>\n<p style=\"text-align: center;\">No porto de Fisterra, voc\u00ea entrar no barco de onde apreciar praia Langosteira ea praia Serra. Voc\u00ea continua ao longo da costa rochosa com as suas pequenas enseadas e chegar \u00e0 praia Sardi\u00f1eiro. Neste momento, o sol cai atr\u00e1s das montanhas eo dia parece ter chegado ao fim. O navio continua a sua rota ao longo da praia Estorde, a tal ponto que pode ser visto \u00e0 dist\u00e2ncia Corcubi\u00f3n e Cee, em seguida, embarca para o farol de Fisterra, para contornar isso. De repente, o sol aparece em matiza implementa\u00e7\u00e3o completa do c\u00e9u vermelho, chifre do navio soa no oceano sauda\u00e7\u00e3o aos peregrinos que observam o fen\u00f4meno a partir do farol.<\/p>\n<p style=\"text-align: center;\"><strong>COSTA DA MORTE A TRAV\u00c9S DE SEUS NAUFRAGIOS<\/strong><\/p>\n<p style=\"text-align: center;\">Atender de forma personalizada e com o m\u00e1ximo de conforto, nas nossas minivan 9 lugares &#8220;, Fisterra Tours&#8221;, os lugares onde os mais famosos naufr\u00e1gios da hist\u00f3ria da Galiza tiveram lugar. A serpente, naufr\u00e1gio maior n\u00famero de mortes, enterrado no famoso Cemit\u00e9rio Ingl\u00eas em Camari\u00f1as, Cason que encalhou em 1987 na costa de Finisterre, e, ultimamente, do Prestige, que deixou em seu rastro em toda a costa e, especialmente, em Mux\u00eda, afundando reais Marco Zero.<\/p>\n<p style=\"text-align: center;\">Nesta viagem fant\u00e1stica atrav\u00e9s do Costa da Morte, tamb\u00e9m, visitar o Museu do Homem em Camelle, FAROL VILAN em Camari\u00f1as, Santu\u00e1rio em Mux\u00eda da Barca e Farol FISTERRA, verdadeiro Fin da Terra conhecido, j\u00e1 foi reconhecido como tal pelos gregos e romanos em tempos antigos.<\/p>\n<p style=\"text-align: center;\">Neste percurso impressionante somos capazes de saber in situ como as obras artesanais Encaixe, e visitar alguns dos monumentos art\u00edsticos mais importantes da regi\u00e3o, como o rom\u00e2nico Iglesa de San Xuli\u00e1n de Moraime (s. XIII).<\/p>\n<p style=\"text-align: center;\">Pre\u00e7o: 30\u20ac pessoa com servi\u00e7o de guia. Mais de 4 pax: 100 \u20ac max.<br \/>\nSa\u00eddas: De qualquer lugar na Costa da Morte \u00e0s 10 horas e \u00e0s 4 da tarde.<\/p>\n<p style=\"text-align: center;\">Guia profissional licenciado, v\u00e1rias l\u00ednguas: ingl\u00eas, franc\u00eas, castelhano, portugu\u00eas<\/p>\n<p style=\"text-align: center;\"><strong>MERGULHO<\/strong><\/p>\n<p style=\"text-align: center;\">Voc\u00ea pode fazer mergulhos diferentes de acordo com a sua categoria e n\u00edvel. Para come\u00e7ar, nada melhor do que o batismo de mergulho, a sua primeira experi\u00eancia subaqu\u00e1tica. Se o que voc\u00ea quer \u00e9 ir al\u00e9m do curso de mergulho que voc\u00ea obtenha o Open Water Diver. Se voc\u00ea tem as PDL, AQUC, FEDAS, etc., mediante confirma\u00e7\u00e3o do mesmo grau, voc\u00ea pode come\u00e7ar a mergulhar.<br \/>\nUma nervura para mais perto da vizinhan\u00e7a do Lobeira Island, para a pr\u00e1tica do m\u00e9todo escolhido. By the way, visita naufr\u00e1gios como o &#8220;Maria del Carmen&#8221; (1900), &#8220;Montparnasse&#8221; (1940) e restos da frota de &#8220;Martin de Padilla&#8221; do s\u00e9culo XVI.<\/p>\n<p style=\"text-align: center;\"><strong>SURFING<\/strong><\/p>\n<p style=\"text-align: center;\">Teste a sua adrenalina, e praticar uma atividade cheia de emo\u00e7\u00e3o, aventura, habilidade e coordena\u00e7\u00e3o. Voc\u00ea vai se surpreender com a rapidez com que ele aprende a lidar com a tabela. \u00c9 uma esp\u00e9cie de surf camp projetada para todos os p\u00fablicos: fam\u00edlias, grupos, intr\u00e9pidos amantes da aventura pais com filhos adolescentes, crian\u00e7as, etc. Em resumo um pacote de atividades destinadas para todos.<br \/>\nA atividade \u00e9 realizada a cavalo entre duas das mais belas praias da Costa da Morte: Estorde e Nemi\u00f1a.<\/p>\n<p style=\"text-align: center;\">Os cursos s\u00e3o quatro dias:<\/p>\n<p style=\"text-align: center;\">Dia 1: Palestra (1 hora) + pr\u00e1tica waveless (1 hora)<\/p>\n<p style=\"text-align: center;\">ap\u00f3s 3 dias: praticar com ondas (2 horas por dia)<br \/>\nA empresa fornece o material: Tabelas, trajes, acorde se juntar \u00e0 mesa, parafina..etc<\/p>\n<p style=\"text-align: center;\">As atividades do primeiro dia se desdobrar na praia de Estorde (Cee) e da praia Nemi\u00f1a, com as pr\u00e1ticas ondas.<\/p>\n<p style=\"text-align: center;\"><a class=\"btn btn-inline\" href=\"\/pt-pt\/reservas-pt\">Venha experimentar &#8230; voc\u00ea vai repetir !!<\/a><\/p>\n<p>[\/vc_column_text][\/vc_column][\/vc_row][vc_row][vc_column]<h2 class=\"text-center\"><small> VOC\u00ca QUER VISITAR O NOSSO HOTEL?<\/small>DELICATESSEN HOTEL O SEM\u00c1FORO DE FISTERRA<\/h2><div class='services-carousel  owl-with-navigation' data-owl-items='4' data-owl-nav='true' data-owl-nav-text='[\"Anterior\",\"Seguinte\"]' data-owl-loop='true' data-owl-autoplay='true' data-owl-speed='2000' data-owl-hover='true' data-owl-mobile='1' data-owl-tablet='2' data-owl-dots='false'><div class='item'><a href=\"https:\/\/www.hotelsemaforodefisterra.com\/pt-pt\/quartos\/\" class=\"link-image\" title=\"Quartos\"><img loading=\"lazy\" decoding=\"async\" width=\"586\" height=\"440\" src=\"https:\/\/www.hotelsemaforodefisterra.com\/wp-content\/uploads\/2016\/08\/habitacion-hotel-semaforo-fisterra.jpg\" class=\"attachment-large size-large\" alt=\"\" srcset=\"https:\/\/www.hotelsemaforodefisterra.com\/wp-content\/uploads\/2016\/08\/habitacion-hotel-semaforo-fisterra.jpg 586w, https:\/\/www.hotelsemaforodefisterra.com\/wp-content\/uploads\/2016\/08\/habitacion-hotel-semaforo-fisterra-300x225.jpg 300w\" sizes=\"(max-width: 586px) 100vw, 586px\" \/><\/a><div class=\"item-content\"><h4><a href=\"https:\/\/www.hotelsemaforodefisterra.com\/pt-pt\/quartos\/\">Quartos<\/a><\/h4><p>Localizado na extremidade do mundo ... eles oferecem universo infinito de relaxamento e conforto.<\/p><\/div><\/div><div class='item'><a href=\"https:\/\/www.hotelsemaforodefisterra.com\/pt-pt\/restaurante-del-semaforo\/\" class=\"link-image\" title=\"Restaurante del semafORO\"><img loading=\"lazy\" decoding=\"async\" width=\"750\" height=\"401\" src=\"https:\/\/www.hotelsemaforodefisterra.com\/wp-content\/uploads\/2016\/07\/IMG_5736-1024x548-1024x548.jpg\" class=\"attachment-large size-large\" alt=\"\" srcset=\"https:\/\/www.hotelsemaforodefisterra.com\/wp-content\/uploads\/2016\/07\/IMG_5736-1024x548.jpg 1024w, https:\/\/www.hotelsemaforodefisterra.com\/wp-content\/uploads\/2016\/07\/IMG_5736-1024x548-300x161.jpg 300w, https:\/\/www.hotelsemaforodefisterra.com\/wp-content\/uploads\/2016\/07\/IMG_5736-1024x548-768x411.jpg 768w\" sizes=\"(max-width: 750px) 100vw, 750px\" \/><\/a><div class=\"item-content\"><h4><a href=\"https:\/\/www.hotelsemaforodefisterra.com\/pt-pt\/restaurante-del-semaforo\/\">Restaurante del semafORO<\/a><\/h4><p>Uma ampla variedade de cozinha focada em produtos Galicia.<\/p><\/div><\/div><div class='item'><a href=\"https:\/\/www.hotelsemaforodefisterra.com\/pt-pt\/o-refuxio-del-semaforo\/\" class=\"link-image\" title=\"O Refuxio del semafORO\"><img loading=\"lazy\" decoding=\"async\" width=\"750\" height=\"498\" src=\"https:\/\/www.hotelsemaforodefisterra.com\/wp-content\/uploads\/2016\/08\/Bar-o-sem\u00e1foro-de-fisterra-1024x680.jpg\" class=\"attachment-large size-large\" alt=\"\" srcset=\"https:\/\/www.hotelsemaforodefisterra.com\/wp-content\/uploads\/2016\/08\/Bar-o-sem\u00e1foro-de-fisterra-1024x680.jpg 1024w, https:\/\/www.hotelsemaforodefisterra.com\/wp-content\/uploads\/2016\/08\/Bar-o-sem\u00e1foro-de-fisterra-300x199.jpg 300w, https:\/\/www.hotelsemaforodefisterra.com\/wp-content\/uploads\/2016\/08\/Bar-o-sem\u00e1foro-de-fisterra-768x510.jpg 768w\" sizes=\"(max-width: 750px) 100vw, 750px\" \/><\/a><div class=\"item-content\"><h4><a href=\"https:\/\/www.hotelsemaforodefisterra.com\/pt-pt\/o-refuxio-del-semaforo\/\">O Refuxio del semafORO<\/a><\/h4><p>Algo r\u00e1pido, rica e saborosa, voc\u00ea precisa para passar para fora em rela\u00e7\u00e3o ao infinito<\/p><\/div><\/div><div class='item'><a href=\"https:\/\/www.hotelsemaforodefisterra.com\/pt-pt\/fisterra\/\" class=\"link-image\" title=\"Finisterre\"><img loading=\"lazy\" decoding=\"async\" width=\"750\" height=\"563\" src=\"https:\/\/www.hotelsemaforodefisterra.com\/wp-content\/uploads\/2016\/07\/Costa-da-morte-faro-de-fisterra-1024x768.jpg\" class=\"attachment-large size-large\" alt=\"\" srcset=\"https:\/\/www.hotelsemaforodefisterra.com\/wp-content\/uploads\/2016\/07\/Costa-da-morte-faro-de-fisterra-1024x768.jpg 1024w, https:\/\/www.hotelsemaforodefisterra.com\/wp-content\/uploads\/2016\/07\/Costa-da-morte-faro-de-fisterra-300x225.jpg 300w, https:\/\/www.hotelsemaforodefisterra.com\/wp-content\/uploads\/2016\/07\/Costa-da-morte-faro-de-fisterra-768x576.jpg 768w\" sizes=\"(max-width: 750px) 100vw, 750px\" \/><\/a><div class=\"item-content\"><h4><a href=\"https:\/\/www.hotelsemaforodefisterra.com\/pt-pt\/fisterra\/\">Finisterre<\/a><\/h4><p>O fim da estrada, finis terrae.<\/p><\/div><\/div><div class='item'><a href=\"https:\/\/www.hotelsemaforodefisterra.com\/pt-pt\/costa-da-morte\/\" class=\"link-image\" title=\"Costa da Morte\"><img loading=\"lazy\" decoding=\"async\" width=\"750\" height=\"475\" src=\"https:\/\/www.hotelsemaforodefisterra.com\/wp-content\/uploads\/2016\/08\/bota-peregrinos-finisterre-1024x648.jpg\" class=\"attachment-large size-large\" alt=\"\" srcset=\"https:\/\/www.hotelsemaforodefisterra.com\/wp-content\/uploads\/2016\/08\/bota-peregrinos-finisterre-1024x648.jpg 1024w, https:\/\/www.hotelsemaforodefisterra.com\/wp-content\/uploads\/2016\/08\/bota-peregrinos-finisterre-300x190.jpg 300w, https:\/\/www.hotelsemaforodefisterra.com\/wp-content\/uploads\/2016\/08\/bota-peregrinos-finisterre-768x486.jpg 768w\" sizes=\"(max-width: 750px) 100vw, 750px\" \/><\/a><div class=\"item-content\"><h4><a href=\"https:\/\/www.hotelsemaforodefisterra.com\/pt-pt\/costa-da-morte\/\">Costa da Morte<\/a><\/h4><p>A tradi\u00e7\u00e3o mar\u00edtima da regi\u00e3o se reflete em seus costumes, suas festas e cozinha.<\/p><\/div><\/div><\/div>[\/vc_column][\/vc_row]<\/p>\n","protected":false},"excerpt":{"rendered":"<p>[vc_row full_width=&#8221;stretch_row&#8221; parallax=&#8221;content-moving&#8221; position=&#8221;right center&#8221; css=&#8221;.vc_custom_1472041585775{margin-top: 32px !important;background-image: url(https:\/\/www.hotelsemaforodefisterra.com\/wp-content\/uploads\/2016\/07\/surf-na-costa-da-morte.jpg?id=3016) !important;background-position: center;background-repeat: no-repeat !important;background-size: cover !important;}&#8221;][vc_column el_class=&#8221;white-box content-padding text-uppercase&#8221;][vc_column_text] Na borda [&hellip;]<\/p>\n","protected":false},"author":7,"featured_media":0,"parent":0,"menu_order":0,"comment_status":"closed","ping_status":"closed","template":"","meta":{"footnotes":"","_joinchat":[]},"_links":{"self":[{"href":"https:\/\/www.hotelsemaforodefisterra.com\/pt-pt\/wp-json\/wp\/v2\/pages\/3733"}],"collection":[{"href":"https:\/\/www.hotelsemaforodefisterra.com\/pt-pt\/wp-json\/wp\/v2\/pages"}],"about":[{"href":"https:\/\/www.hotelsemaforodefisterra.com\/pt-pt\/wp-json\/wp\/v2\/types\/page"}],"author":[{"embeddable":true,"href":"https:\/\/www.hotelsemaforodefisterra.com\/pt-pt\/wp-json\/wp\/v2\/users\/7"}],"replies":[{"embeddable":true,"href":"https:\/\/www.hotelsemaforodefisterra.com\/pt-pt\/wp-json\/wp\/v2\/comments?post=3733"}],"version-history":[{"count":2,"href":"https:\/\/www.hotelsemaforodefisterra.com\/pt-pt\/wp-json\/wp\/v2\/pages\/3733\/revisions"}],"predecessor-version":[{"id":3839,"href":"https:\/\/www.hotelsemaforodefisterra.com\/pt-pt\/wp-json\/wp\/v2\/pages\/3733\/revisions\/3839"}],"wp:attachment":[{"href":"https:\/\/www.hotelsemaforodefisterra.com\/pt-pt\/wp-json\/wp\/v2\/media?parent=3733"}],"curies":[{"name":"wp","href":"https:\/\/api.w.org\/{rel}","templated":true}]}}