{"id":3729,"date":"2016-07-28T09:30:56","date_gmt":"2016-07-28T09:30:56","guid":{"rendered":"http:\/\/www.hotelsemaforodefisterra.com\/pt-pt\/costa-da-morte\/"},"modified":"2016-09-15T17:29:01","modified_gmt":"2016-09-15T17:29:01","slug":"costa-da-morte","status":"publish","type":"page","link":"https:\/\/www.hotelsemaforodefisterra.com\/pt-pt\/costa-da-morte\/","title":{"rendered":"Costa da morte"},"content":{"rendered":"<p>[vc_row full_width=&#8221;stretch_row&#8221; parallax=&#8221;content-moving&#8221; position=&#8221;right center&#8221; css=&#8221;.vc_custom_1472041434074{margin-top: 32px !important;background-image: url(https:\/\/www.hotelsemaforodefisterra.com\/wp-content\/uploads\/2016\/07\/Costa-da-morte-faro-de-fisterra.jpg?id=3006) !important;background-position: center;background-repeat: no-repeat !important;background-size: cover !important;}&#8221;][vc_column el_class=&#8221;white-box content-padding text-uppercase&#8221;][vc_column_text]<\/p>\n<h2 class=\"text-uppercase\" style=\"text-align: center;\"><small>Na borda<br \/>\n<\/small>COSTA DA MORTE<\/h2>\n<p style=\"text-align: center;\">Costa da Morte \u00e9 uma regi\u00e3o costeira galega situada no noroeste da Corunha. Seu nome vem de muitos naufr\u00e1gios que ocorreram ao longo da hist\u00f3ria em sua costa e \u00e9 nesta \u00e1rea, cheia de mitos e lendas, onde acredita-se que o fim do mundo (Finis Terrae foi &#8211; Finisterre &#8211; Fisterra). O litoral \u00e9 acidentado, com espectaculares fal\u00e9sias como Cabo Vilan e enormes praias como Carnota (a mais longa da Galiza), Baldaio e O Face.<\/p>\n<p style=\"text-align: center;\">Entre sua natureza ficar cantos como o Monte Pindo Carnota, a m\u00e1gica do Cabo Vilan Camari\u00f1as, Sisargas Illas, praia ou treze anos, o rio Anll\u00f3ns, a Penedos de Pasarela e Traba Laxe e Vimianzo, riachos, praias selvagens, estu\u00e1rios como Camari\u00f1as e Cabo Finisterra, escolhido por muitos peregrinos para terminar o Caminho de Santiago. Man adicionou a este espectacular lugar far\u00f3is, portos de pesca, tradi\u00e7\u00f5es e lendas. Muxia e largo do Cabo vil\u00e3o do santu\u00e1rio da Virgen de la Barca, objeto de ora\u00e7\u00f5es para tentar acalmar a f\u00faria do mar sobe.<\/p>\n<p style=\"text-align: center;\">No patrim\u00f3nio hist\u00f3rico e art\u00edstico da Costa da Morte tamb\u00e9m brilhar os celeiros, a ponte romana Lubi\u00e1ns, pedras abalar e Os Cadr\u00eds, Castelo Vimianzo, o Torres do Allo, o porto de Cai\u00f3n, castra\u00e7\u00e3o de Borneiro, casas senhoriais Corcubi\u00f3n, igrejas, tais como de Santa Maria das \u00c1reas e o Cemit\u00e9rio Ingl\u00eas em Camari\u00f1as, que lembra o 172 que morreram na trag\u00e9dia do Serpent em 1890 ao largo do Cabo Vilan.<\/p>\n<p style=\"text-align: center;\">A tradi\u00e7\u00e3o mar\u00edtima da regi\u00e3o se reflete em seus costumes, suas festas e cozinha, com marisco premier entre os quais frutos do mar. Al\u00e9m disso, de renome em seus campos de batata Galicia \u00e9 produzido com Denomina\u00e7\u00e3o de Origem. A Costa da Morte \u00e9 um lugar ideal para passeios e excurs\u00f5es e desportos como o surf destino.<\/p>\n<p style=\"text-align: center;\"><a class=\"btn btn-inline\" href=\"\/pt-pt\/reservas-pt\">A MELHOR SITE DE ONDE SABER<\/a><\/p>\n<p>[\/vc_column_text][\/vc_column][\/vc_row][vc_row][vc_column]<h2 class=\"text-center\"><small> VOC\u00ca QUER VISITAR O NOSSO HOTEL?<\/small>DELICATESSEN HOTEL O SEM\u00c1FORO DE FISTERRA<\/h2><div class='services-carousel  owl-with-navigation' data-owl-items='4' data-owl-nav='true' data-owl-nav-text='[\"Anterior\",\"Seguinte\"]' data-owl-loop='true' data-owl-autoplay='true' data-owl-speed='2000' data-owl-hover='true' data-owl-mobile='1' data-owl-tablet='2' data-owl-dots='false'><div class='item'><a href=\"https:\/\/www.hotelsemaforodefisterra.com\/pt-pt\/quartos\/\" class=\"link-image\" title=\"Quartos\"><img loading=\"lazy\" decoding=\"async\" width=\"586\" height=\"440\" src=\"https:\/\/www.hotelsemaforodefisterra.com\/wp-content\/uploads\/2016\/08\/habitacion-hotel-semaforo-fisterra.jpg\" class=\"attachment-large size-large\" alt=\"\" srcset=\"https:\/\/www.hotelsemaforodefisterra.com\/wp-content\/uploads\/2016\/08\/habitacion-hotel-semaforo-fisterra.jpg 586w, https:\/\/www.hotelsemaforodefisterra.com\/wp-content\/uploads\/2016\/08\/habitacion-hotel-semaforo-fisterra-300x225.jpg 300w\" sizes=\"(max-width: 586px) 100vw, 586px\" \/><\/a><div class=\"item-content\"><h4><a href=\"https:\/\/www.hotelsemaforodefisterra.com\/pt-pt\/quartos\/\">Quartos<\/a><\/h4><p>Localizado na extremidade do mundo ... eles oferecem universo infinito de relaxamento e conforto.<\/p><\/div><\/div><div class='item'><a href=\"https:\/\/www.hotelsemaforodefisterra.com\/pt-pt\/restaurante-del-semaforo\/\" class=\"link-image\" title=\"Restaurante del semafORO\"><img loading=\"lazy\" decoding=\"async\" width=\"750\" height=\"401\" src=\"https:\/\/www.hotelsemaforodefisterra.com\/wp-content\/uploads\/2016\/07\/IMG_5736-1024x548-1024x548.jpg\" class=\"attachment-large size-large\" alt=\"\" srcset=\"https:\/\/www.hotelsemaforodefisterra.com\/wp-content\/uploads\/2016\/07\/IMG_5736-1024x548.jpg 1024w, https:\/\/www.hotelsemaforodefisterra.com\/wp-content\/uploads\/2016\/07\/IMG_5736-1024x548-300x161.jpg 300w, https:\/\/www.hotelsemaforodefisterra.com\/wp-content\/uploads\/2016\/07\/IMG_5736-1024x548-768x411.jpg 768w\" sizes=\"(max-width: 750px) 100vw, 750px\" \/><\/a><div class=\"item-content\"><h4><a href=\"https:\/\/www.hotelsemaforodefisterra.com\/pt-pt\/restaurante-del-semaforo\/\">Restaurante del semafORO<\/a><\/h4><p>Uma ampla variedade de cozinha focada em produtos Galicia.<\/p><\/div><\/div><div class='item'><a href=\"https:\/\/www.hotelsemaforodefisterra.com\/pt-pt\/o-refuxio-del-semaforo\/\" class=\"link-image\" title=\"O Refuxio del semafORO\"><img loading=\"lazy\" decoding=\"async\" width=\"750\" height=\"498\" src=\"https:\/\/www.hotelsemaforodefisterra.com\/wp-content\/uploads\/2016\/08\/Bar-o-sem\u00e1foro-de-fisterra-1024x680.jpg\" class=\"attachment-large size-large\" alt=\"\" srcset=\"https:\/\/www.hotelsemaforodefisterra.com\/wp-content\/uploads\/2016\/08\/Bar-o-sem\u00e1foro-de-fisterra-1024x680.jpg 1024w, https:\/\/www.hotelsemaforodefisterra.com\/wp-content\/uploads\/2016\/08\/Bar-o-sem\u00e1foro-de-fisterra-300x199.jpg 300w, https:\/\/www.hotelsemaforodefisterra.com\/wp-content\/uploads\/2016\/08\/Bar-o-sem\u00e1foro-de-fisterra-768x510.jpg 768w\" sizes=\"(max-width: 750px) 100vw, 750px\" \/><\/a><div class=\"item-content\"><h4><a href=\"https:\/\/www.hotelsemaforodefisterra.com\/pt-pt\/o-refuxio-del-semaforo\/\">O Refuxio del semafORO<\/a><\/h4><p>Algo r\u00e1pido, rica e saborosa, voc\u00ea precisa para passar para fora em rela\u00e7\u00e3o ao infinito<\/p><\/div><\/div><div class='item'><a href=\"https:\/\/www.hotelsemaforodefisterra.com\/pt-pt\/fisterra\/\" class=\"link-image\" title=\"Finisterre\"><img loading=\"lazy\" decoding=\"async\" width=\"750\" height=\"563\" src=\"https:\/\/www.hotelsemaforodefisterra.com\/wp-content\/uploads\/2016\/07\/Costa-da-morte-faro-de-fisterra-1024x768.jpg\" class=\"attachment-large size-large\" alt=\"\" srcset=\"https:\/\/www.hotelsemaforodefisterra.com\/wp-content\/uploads\/2016\/07\/Costa-da-morte-faro-de-fisterra-1024x768.jpg 1024w, https:\/\/www.hotelsemaforodefisterra.com\/wp-content\/uploads\/2016\/07\/Costa-da-morte-faro-de-fisterra-300x225.jpg 300w, https:\/\/www.hotelsemaforodefisterra.com\/wp-content\/uploads\/2016\/07\/Costa-da-morte-faro-de-fisterra-768x576.jpg 768w\" sizes=\"(max-width: 750px) 100vw, 750px\" \/><\/a><div class=\"item-content\"><h4><a href=\"https:\/\/www.hotelsemaforodefisterra.com\/pt-pt\/fisterra\/\">Finisterre<\/a><\/h4><p>O fim da estrada, finis terrae.<\/p><\/div><\/div><div class='item'><a href=\"https:\/\/www.hotelsemaforodefisterra.com\/pt-pt\/costa-da-morte\/\" class=\"link-image\" title=\"Costa da Morte\"><img loading=\"lazy\" decoding=\"async\" width=\"750\" height=\"475\" src=\"https:\/\/www.hotelsemaforodefisterra.com\/wp-content\/uploads\/2016\/08\/bota-peregrinos-finisterre-1024x648.jpg\" class=\"attachment-large size-large\" alt=\"\" srcset=\"https:\/\/www.hotelsemaforodefisterra.com\/wp-content\/uploads\/2016\/08\/bota-peregrinos-finisterre-1024x648.jpg 1024w, https:\/\/www.hotelsemaforodefisterra.com\/wp-content\/uploads\/2016\/08\/bota-peregrinos-finisterre-300x190.jpg 300w, https:\/\/www.hotelsemaforodefisterra.com\/wp-content\/uploads\/2016\/08\/bota-peregrinos-finisterre-768x486.jpg 768w\" sizes=\"(max-width: 750px) 100vw, 750px\" \/><\/a><div class=\"item-content\"><h4><a href=\"https:\/\/www.hotelsemaforodefisterra.com\/pt-pt\/costa-da-morte\/\">Costa da Morte<\/a><\/h4><p>A tradi\u00e7\u00e3o mar\u00edtima da regi\u00e3o se reflete em seus costumes, suas festas e cozinha.<\/p><\/div><\/div><\/div>[\/vc_column][\/vc_row]<\/p>\n","protected":false},"excerpt":{"rendered":"<p>[vc_row full_width=&#8221;stretch_row&#8221; parallax=&#8221;content-moving&#8221; position=&#8221;right center&#8221; css=&#8221;.vc_custom_1472041434074{margin-top: 32px !important;background-image: url(https:\/\/www.hotelsemaforodefisterra.com\/wp-content\/uploads\/2016\/07\/Costa-da-morte-faro-de-fisterra.jpg?id=3006) !important;background-position: center;background-repeat: no-repeat !important;background-size: cover !important;}&#8221;][vc_column el_class=&#8221;white-box content-padding text-uppercase&#8221;][vc_column_text] Na borda [&hellip;]<\/p>\n","protected":false},"author":7,"featured_media":0,"parent":0,"menu_order":0,"comment_status":"closed","ping_status":"closed","template":"","meta":{"footnotes":"","_joinchat":[]},"_links":{"self":[{"href":"https:\/\/www.hotelsemaforodefisterra.com\/pt-pt\/wp-json\/wp\/v2\/pages\/3729"}],"collection":[{"href":"https:\/\/www.hotelsemaforodefisterra.com\/pt-pt\/wp-json\/wp\/v2\/pages"}],"about":[{"href":"https:\/\/www.hotelsemaforodefisterra.com\/pt-pt\/wp-json\/wp\/v2\/types\/page"}],"author":[{"embeddable":true,"href":"https:\/\/www.hotelsemaforodefisterra.com\/pt-pt\/wp-json\/wp\/v2\/users\/7"}],"replies":[{"embeddable":true,"href":"https:\/\/www.hotelsemaforodefisterra.com\/pt-pt\/wp-json\/wp\/v2\/comments?post=3729"}],"version-history":[{"count":2,"href":"https:\/\/www.hotelsemaforodefisterra.com\/pt-pt\/wp-json\/wp\/v2\/pages\/3729\/revisions"}],"predecessor-version":[{"id":3833,"href":"https:\/\/www.hotelsemaforodefisterra.com\/pt-pt\/wp-json\/wp\/v2\/pages\/3729\/revisions\/3833"}],"wp:attachment":[{"href":"https:\/\/www.hotelsemaforodefisterra.com\/pt-pt\/wp-json\/wp\/v2\/media?parent=3729"}],"curies":[{"name":"wp","href":"https:\/\/api.w.org\/{rel}","templated":true}]}}