{"id":3727,"date":"2016-07-28T09:18:35","date_gmt":"2016-07-28T09:18:35","guid":{"rendered":"http:\/\/www.hotelsemaforodefisterra.com\/pt-pt\/fisterra\/"},"modified":"2016-09-15T17:25:14","modified_gmt":"2016-09-15T17:25:14","slug":"fisterra","status":"publish","type":"page","link":"https:\/\/www.hotelsemaforodefisterra.com\/pt-pt\/fisterra\/","title":{"rendered":"Fisterra"},"content":{"rendered":"<p>[vc_row full_width=&#8221;stretch_row&#8221; parallax=&#8221;content-moving&#8221; position=&#8221;right center&#8221; css=&#8221;.vc_custom_1472224583210{margin-top: 32px !important;background-image: url(https:\/\/www.hotelsemaforodefisterra.com\/wp-content\/uploads\/2016\/07\/DSC02315.jpg?id=3370) !important;background-position: center;background-repeat: no-repeat !important;background-size: cover !important;}&#8221;][vc_column el_class=&#8221;white-box content-padding text-uppercase&#8221;][vc_column_text]<\/p>\n<h2 class=\"text-uppercase\" style=\"text-align: center;\"><small>Na borda<br \/>\n<\/small>FISTERRA<\/h2>\n<p style=\"text-align: center;\">O munic\u00edpio de Fisterra est\u00e1 localizado no lado ocidental da prov\u00edncia da Corunha, na Galiza, a uma dist\u00e2ncia de cerca de 100 quil\u00f3metros da cidade de Santiago de Compostela e a 108 quil\u00f4metros de A Coru\u00f1a. Fisterra tem uma \u00e1rea de aproximadamente 30 quil\u00f4metros quadrados e uma popula\u00e7\u00e3o de cerca de 5.042 habitantes.<\/p>\n<p style=\"text-align: center;\">Fisterra, como muitos dos territ\u00f3rios da Galiza, \u00e9 distribu\u00edda em 4 entidades paroquiais: San Marti\u00f1o de Duio, San Vicente de Duio, Nosa Se\u00f1ora das \u00c1reas de Fisterra e San Xo\u00e1n de Sardi\u00f1eiro. Etimologicamente, como \u00e9 sabido, este parecia ser para os antigos romanos, o fim da estrada, finis terrae.<\/p>\n<p style=\"text-align: left;\"><strong>Monumentos e locais de interesse<\/strong><br \/>\nH\u00e1 muitas atrac\u00e7\u00f5es tur\u00edsticas desta cidade, como as praias, a paisagem costeira e todo o seu patrim\u00f3nio art\u00edstico e cultural:<\/p>\n<ul>\n<li style=\"text-align: left;\">A igreja de San Vicenzo de Duio, que data do s\u00e9culo XVII, de estilo renancentista.<\/li>\n<li style=\"text-align: left;\">A igreja de San Martino de Duio, que datam do s\u00e9culo XVIII.<\/li>\n<li style=\"text-align: left;\">A igreja de Santa Maria das \u00c1reas, a constru\u00e7\u00e3o do estilo rom\u00e2nico do s\u00e9culo XII.<\/li>\n<li style=\"text-align: left;\">A Casa Do Porto, exemplo da arquitectura civil.<\/li>\n<li style=\"text-align: left;\">As v\u00e1rias rotas atrav\u00e9s da cidade para assistir integrais dos valores naturais imensos, como a rota para Cabo Finisterra.<\/li>\n<li style=\"text-align: left;\">Visita \u00e0s praias de Fisterra.<\/li>\n<\/ul>\n<p style=\"text-align: center;\"><a class=\"btn btn-inline\" href=\"\/pt-pt\/reservas-pt\">A MELHOR SITE DE ONDE SABER<\/a><\/p>\n<p>[\/vc_column_text][\/vc_column][\/vc_row][vc_row][vc_column]<h2 class=\"text-center\"><small> VOC\u00ca QUER VISITAR O NOSSO HOTEL?<\/small>DELICATESSEN HOTEL O SEM\u00c1FORO DE FISTERRA<\/h2><div class='services-carousel  owl-with-navigation' data-owl-items='4' data-owl-nav='true' data-owl-nav-text='[\"Anterior\",\"Seguinte\"]' data-owl-loop='true' data-owl-autoplay='true' data-owl-speed='2000' data-owl-hover='true' data-owl-mobile='1' data-owl-tablet='2' data-owl-dots='false'><div class='item'><a href=\"https:\/\/www.hotelsemaforodefisterra.com\/pt-pt\/quartos\/\" class=\"link-image\" title=\"Quartos\"><img loading=\"lazy\" decoding=\"async\" width=\"586\" height=\"440\" src=\"https:\/\/www.hotelsemaforodefisterra.com\/wp-content\/uploads\/2016\/08\/habitacion-hotel-semaforo-fisterra.jpg\" class=\"attachment-large size-large\" alt=\"\" srcset=\"https:\/\/www.hotelsemaforodefisterra.com\/wp-content\/uploads\/2016\/08\/habitacion-hotel-semaforo-fisterra.jpg 586w, https:\/\/www.hotelsemaforodefisterra.com\/wp-content\/uploads\/2016\/08\/habitacion-hotel-semaforo-fisterra-300x225.jpg 300w\" sizes=\"(max-width: 586px) 100vw, 586px\" \/><\/a><div class=\"item-content\"><h4><a href=\"https:\/\/www.hotelsemaforodefisterra.com\/pt-pt\/quartos\/\">Quartos<\/a><\/h4><p>Localizado na extremidade do mundo ... eles oferecem universo infinito de relaxamento e conforto.<\/p><\/div><\/div><div class='item'><a href=\"https:\/\/www.hotelsemaforodefisterra.com\/pt-pt\/restaurante-del-semaforo\/\" class=\"link-image\" title=\"Restaurante del semafORO\"><img loading=\"lazy\" decoding=\"async\" width=\"750\" height=\"401\" src=\"https:\/\/www.hotelsemaforodefisterra.com\/wp-content\/uploads\/2016\/07\/IMG_5736-1024x548-1024x548.jpg\" class=\"attachment-large size-large\" alt=\"\" srcset=\"https:\/\/www.hotelsemaforodefisterra.com\/wp-content\/uploads\/2016\/07\/IMG_5736-1024x548.jpg 1024w, https:\/\/www.hotelsemaforodefisterra.com\/wp-content\/uploads\/2016\/07\/IMG_5736-1024x548-300x161.jpg 300w, https:\/\/www.hotelsemaforodefisterra.com\/wp-content\/uploads\/2016\/07\/IMG_5736-1024x548-768x411.jpg 768w\" sizes=\"(max-width: 750px) 100vw, 750px\" \/><\/a><div class=\"item-content\"><h4><a href=\"https:\/\/www.hotelsemaforodefisterra.com\/pt-pt\/restaurante-del-semaforo\/\">Restaurante del semafORO<\/a><\/h4><p>Uma ampla variedade de cozinha focada em produtos Galicia.<\/p><\/div><\/div><div class='item'><a href=\"https:\/\/www.hotelsemaforodefisterra.com\/pt-pt\/o-refuxio-del-semaforo\/\" class=\"link-image\" title=\"O Refuxio del semafORO\"><img loading=\"lazy\" decoding=\"async\" width=\"750\" height=\"498\" src=\"https:\/\/www.hotelsemaforodefisterra.com\/wp-content\/uploads\/2016\/08\/Bar-o-sem\u00e1foro-de-fisterra-1024x680.jpg\" class=\"attachment-large size-large\" alt=\"\" srcset=\"https:\/\/www.hotelsemaforodefisterra.com\/wp-content\/uploads\/2016\/08\/Bar-o-sem\u00e1foro-de-fisterra-1024x680.jpg 1024w, https:\/\/www.hotelsemaforodefisterra.com\/wp-content\/uploads\/2016\/08\/Bar-o-sem\u00e1foro-de-fisterra-300x199.jpg 300w, https:\/\/www.hotelsemaforodefisterra.com\/wp-content\/uploads\/2016\/08\/Bar-o-sem\u00e1foro-de-fisterra-768x510.jpg 768w\" sizes=\"(max-width: 750px) 100vw, 750px\" \/><\/a><div class=\"item-content\"><h4><a href=\"https:\/\/www.hotelsemaforodefisterra.com\/pt-pt\/o-refuxio-del-semaforo\/\">O Refuxio del semafORO<\/a><\/h4><p>Algo r\u00e1pido, rica e saborosa, voc\u00ea precisa para passar para fora em rela\u00e7\u00e3o ao infinito<\/p><\/div><\/div><div class='item'><a href=\"https:\/\/www.hotelsemaforodefisterra.com\/pt-pt\/fisterra\/\" class=\"link-image\" title=\"Finisterre\"><img loading=\"lazy\" decoding=\"async\" width=\"750\" height=\"563\" src=\"https:\/\/www.hotelsemaforodefisterra.com\/wp-content\/uploads\/2016\/07\/Costa-da-morte-faro-de-fisterra-1024x768.jpg\" class=\"attachment-large size-large\" alt=\"\" srcset=\"https:\/\/www.hotelsemaforodefisterra.com\/wp-content\/uploads\/2016\/07\/Costa-da-morte-faro-de-fisterra-1024x768.jpg 1024w, https:\/\/www.hotelsemaforodefisterra.com\/wp-content\/uploads\/2016\/07\/Costa-da-morte-faro-de-fisterra-300x225.jpg 300w, https:\/\/www.hotelsemaforodefisterra.com\/wp-content\/uploads\/2016\/07\/Costa-da-morte-faro-de-fisterra-768x576.jpg 768w\" sizes=\"(max-width: 750px) 100vw, 750px\" \/><\/a><div class=\"item-content\"><h4><a href=\"https:\/\/www.hotelsemaforodefisterra.com\/pt-pt\/fisterra\/\">Finisterre<\/a><\/h4><p>O fim da estrada, finis terrae.<\/p><\/div><\/div><div class='item'><a href=\"https:\/\/www.hotelsemaforodefisterra.com\/pt-pt\/costa-da-morte\/\" class=\"link-image\" title=\"Costa da Morte\"><img loading=\"lazy\" decoding=\"async\" width=\"750\" height=\"475\" src=\"https:\/\/www.hotelsemaforodefisterra.com\/wp-content\/uploads\/2016\/08\/bota-peregrinos-finisterre-1024x648.jpg\" class=\"attachment-large size-large\" alt=\"\" srcset=\"https:\/\/www.hotelsemaforodefisterra.com\/wp-content\/uploads\/2016\/08\/bota-peregrinos-finisterre-1024x648.jpg 1024w, https:\/\/www.hotelsemaforodefisterra.com\/wp-content\/uploads\/2016\/08\/bota-peregrinos-finisterre-300x190.jpg 300w, https:\/\/www.hotelsemaforodefisterra.com\/wp-content\/uploads\/2016\/08\/bota-peregrinos-finisterre-768x486.jpg 768w\" sizes=\"(max-width: 750px) 100vw, 750px\" \/><\/a><div class=\"item-content\"><h4><a href=\"https:\/\/www.hotelsemaforodefisterra.com\/pt-pt\/costa-da-morte\/\">Costa da Morte<\/a><\/h4><p>A tradi\u00e7\u00e3o mar\u00edtima da regi\u00e3o se reflete em seus costumes, suas festas e cozinha.<\/p><\/div><\/div><\/div>[\/vc_column][\/vc_row]<\/p>\n","protected":false},"excerpt":{"rendered":"<p>[vc_row full_width=&#8221;stretch_row&#8221; parallax=&#8221;content-moving&#8221; position=&#8221;right center&#8221; css=&#8221;.vc_custom_1472224583210{margin-top: 32px !important;background-image: url(https:\/\/www.hotelsemaforodefisterra.com\/wp-content\/uploads\/2016\/07\/DSC02315.jpg?id=3370) !important;background-position: center;background-repeat: no-repeat !important;background-size: cover !important;}&#8221;][vc_column el_class=&#8221;white-box content-padding text-uppercase&#8221;][vc_column_text] Na borda [&hellip;]<\/p>\n","protected":false},"author":7,"featured_media":0,"parent":0,"menu_order":0,"comment_status":"closed","ping_status":"closed","template":"","meta":{"footnotes":"","_joinchat":[]},"_links":{"self":[{"href":"https:\/\/www.hotelsemaforodefisterra.com\/pt-pt\/wp-json\/wp\/v2\/pages\/3727"}],"collection":[{"href":"https:\/\/www.hotelsemaforodefisterra.com\/pt-pt\/wp-json\/wp\/v2\/pages"}],"about":[{"href":"https:\/\/www.hotelsemaforodefisterra.com\/pt-pt\/wp-json\/wp\/v2\/types\/page"}],"author":[{"embeddable":true,"href":"https:\/\/www.hotelsemaforodefisterra.com\/pt-pt\/wp-json\/wp\/v2\/users\/7"}],"replies":[{"embeddable":true,"href":"https:\/\/www.hotelsemaforodefisterra.com\/pt-pt\/wp-json\/wp\/v2\/comments?post=3727"}],"version-history":[{"count":4,"href":"https:\/\/www.hotelsemaforodefisterra.com\/pt-pt\/wp-json\/wp\/v2\/pages\/3727\/revisions"}],"predecessor-version":[{"id":3830,"href":"https:\/\/www.hotelsemaforodefisterra.com\/pt-pt\/wp-json\/wp\/v2\/pages\/3727\/revisions\/3830"}],"wp:attachment":[{"href":"https:\/\/www.hotelsemaforodefisterra.com\/pt-pt\/wp-json\/wp\/v2\/media?parent=3727"}],"curies":[{"name":"wp","href":"https:\/\/api.w.org\/{rel}","templated":true}]}}