{"id":3713,"date":"2016-08-05T09:03:22","date_gmt":"2016-08-05T09:03:22","guid":{"rendered":"http:\/\/www.hotelsemaforodefisterra.com\/pt-pt\/o-refuxio-del-semaforo\/"},"modified":"2023-04-27T19:18:29","modified_gmt":"2023-04-27T17:18:29","slug":"o-refuxio-del-semaforo","status":"publish","type":"page","link":"https:\/\/www.hotelsemaforodefisterra.com\/pt-pt\/o-refuxio-del-semaforo\/","title":{"rendered":"O Refuxio de o semafORO"},"content":{"rendered":"<p>[vc_row full_width=&#8221;stretch_row&#8221; css=&#8221;.vc_custom_1472122613422{background-image: url(https:\/\/www.hotelsemaforodefisterra.com\/wp-content\/uploads\/2016\/08\/O-refuxio-de-fisterra.jpg?id=3186) !important;background-position: center !important;background-repeat: no-repeat !important;background-size: cover !important;}&#8221; el_class=&#8221;content-padding-xxl&#8221;][vc_column width=&#8221;1\/2&#8243;][vc_gallery images=&#8221;3348,3349,3350,3351&#8243; img_size=&#8221;medium&#8221; columns=&#8221;2&#8243;][\/vc_column][vc_column width=&#8221;1\/2&#8243;][vc_column_text]<\/p>\n<h2><small><strong>ALIMENTAR A ALMA<\/strong><br \/>\n<\/small>O REFUXIO DE O\u00a0SEMAFORO<\/h2>\n<p style=\"text-align: left;\">Algo r\u00e1pido, rica e saborosa, voc\u00ea precisa para passar para fora em rela\u00e7\u00e3o ao infinito, uma mordida requintado e exclusivo, ou seja, algo t\u00e3o profundo e intenso como o &#8220;momento&#8221;.<\/p>\n<p style=\"text-align: left;\">Sandu\u00edches, tortas, ra\u00e7\u00f5es, e muito produto \u00e9 o que se destaca neste local. Nossos baldes para transportar s\u00e3o mais procurados, para desfrutar no canto que voc\u00ea gosta e com quem com voc\u00ea, que especial como \u00e9 o tempo de p\u00f4r do sol. Balde de cervejas, espumantes Galego, Albari\u00f1o, bem gelada, com gelo &#8230; s\u00f3 para voc\u00ea e seu prazer &#8230; de lado.<\/p>\n<h5 style=\"text-align: center; font-size: 15px;\"><a class=\"wp-colorbox-image\" href=\"https:\/\/www.hotelsemaforodefisterra.com\/wp-content\/uploads\/2023\/04\/carta-menu-o_refuxio-EN-1-scaled.jpg\">Clique para ver o cart\u00e3o<\/a><\/h5>\n<p>[\/vc_column_text][\/vc_column][\/vc_row][vc_row][vc_column]<h2 class=\"text-center\"><small>VOC\u00ca QUER VISITAR O NOSSO HOTEL?<\/small>DELICATESSEN HOTEL O SEM\u00c1FORO DE FISTERRA<\/h2><div class='services-carousel  owl-with-navigation' data-owl-items='4' data-owl-nav='true' data-owl-nav-text='[\"Anterior\",\"Seguinte\"]' data-owl-loop='true' data-owl-autoplay='true' data-owl-speed='2000' data-owl-hover='true' data-owl-mobile='1' data-owl-tablet='2' data-owl-dots='false'><div class='item'><a href=\"https:\/\/www.hotelsemaforodefisterra.com\/pt-pt\/quartos\/\" class=\"link-image\" title=\"Quartos\"><img loading=\"lazy\" decoding=\"async\" width=\"586\" height=\"440\" src=\"https:\/\/www.hotelsemaforodefisterra.com\/wp-content\/uploads\/2016\/08\/habitacion-hotel-semaforo-fisterra.jpg\" class=\"attachment-large size-large\" alt=\"\" srcset=\"https:\/\/www.hotelsemaforodefisterra.com\/wp-content\/uploads\/2016\/08\/habitacion-hotel-semaforo-fisterra.jpg 586w, https:\/\/www.hotelsemaforodefisterra.com\/wp-content\/uploads\/2016\/08\/habitacion-hotel-semaforo-fisterra-300x225.jpg 300w\" sizes=\"(max-width: 586px) 100vw, 586px\" \/><\/a><div class=\"item-content\"><h4><a href=\"https:\/\/www.hotelsemaforodefisterra.com\/pt-pt\/quartos\/\">Quartos<\/a><\/h4><p>Localizado na extremidade do mundo ... eles oferecem universo infinito de relaxamento e conforto.<\/p><\/div><\/div><div class='item'><a href=\"https:\/\/www.hotelsemaforodefisterra.com\/pt-pt\/restaurante-del-semaforo\/\" class=\"link-image\" title=\"Restaurante del semafORO\"><img loading=\"lazy\" decoding=\"async\" width=\"750\" height=\"401\" src=\"https:\/\/www.hotelsemaforodefisterra.com\/wp-content\/uploads\/2016\/07\/IMG_5736-1024x548-1024x548.jpg\" class=\"attachment-large size-large\" alt=\"\" srcset=\"https:\/\/www.hotelsemaforodefisterra.com\/wp-content\/uploads\/2016\/07\/IMG_5736-1024x548.jpg 1024w, https:\/\/www.hotelsemaforodefisterra.com\/wp-content\/uploads\/2016\/07\/IMG_5736-1024x548-300x161.jpg 300w, https:\/\/www.hotelsemaforodefisterra.com\/wp-content\/uploads\/2016\/07\/IMG_5736-1024x548-768x411.jpg 768w\" sizes=\"(max-width: 750px) 100vw, 750px\" \/><\/a><div class=\"item-content\"><h4><a href=\"https:\/\/www.hotelsemaforodefisterra.com\/pt-pt\/restaurante-del-semaforo\/\">Restaurante del semafORO<\/a><\/h4><p>Uma ampla variedade de cozinha focada em produtos Galicia.<\/p><\/div><\/div><div class='item'><a href=\"https:\/\/www.hotelsemaforodefisterra.com\/pt-pt\/o-refuxio-del-semaforo\/\" class=\"link-image\" title=\"O Refuxio del semafORO\"><img loading=\"lazy\" decoding=\"async\" width=\"750\" height=\"498\" src=\"https:\/\/www.hotelsemaforodefisterra.com\/wp-content\/uploads\/2016\/08\/Bar-o-sem\u00e1foro-de-fisterra-1024x680.jpg\" class=\"attachment-large size-large\" alt=\"\" srcset=\"https:\/\/www.hotelsemaforodefisterra.com\/wp-content\/uploads\/2016\/08\/Bar-o-sem\u00e1foro-de-fisterra-1024x680.jpg 1024w, https:\/\/www.hotelsemaforodefisterra.com\/wp-content\/uploads\/2016\/08\/Bar-o-sem\u00e1foro-de-fisterra-300x199.jpg 300w, https:\/\/www.hotelsemaforodefisterra.com\/wp-content\/uploads\/2016\/08\/Bar-o-sem\u00e1foro-de-fisterra-768x510.jpg 768w\" sizes=\"(max-width: 750px) 100vw, 750px\" \/><\/a><div class=\"item-content\"><h4><a href=\"https:\/\/www.hotelsemaforodefisterra.com\/pt-pt\/o-refuxio-del-semaforo\/\">O Refuxio del semafORO<\/a><\/h4><p>Algo r\u00e1pido, rica e saborosa, voc\u00ea precisa para passar para fora em rela\u00e7\u00e3o ao infinito<\/p><\/div><\/div><div class='item'><a href=\"https:\/\/www.hotelsemaforodefisterra.com\/pt-pt\/fisterra\/\" class=\"link-image\" title=\"Finisterre\"><img loading=\"lazy\" decoding=\"async\" width=\"750\" height=\"563\" src=\"https:\/\/www.hotelsemaforodefisterra.com\/wp-content\/uploads\/2016\/07\/Costa-da-morte-faro-de-fisterra-1024x768.jpg\" class=\"attachment-large size-large\" alt=\"\" srcset=\"https:\/\/www.hotelsemaforodefisterra.com\/wp-content\/uploads\/2016\/07\/Costa-da-morte-faro-de-fisterra-1024x768.jpg 1024w, https:\/\/www.hotelsemaforodefisterra.com\/wp-content\/uploads\/2016\/07\/Costa-da-morte-faro-de-fisterra-300x225.jpg 300w, https:\/\/www.hotelsemaforodefisterra.com\/wp-content\/uploads\/2016\/07\/Costa-da-morte-faro-de-fisterra-768x576.jpg 768w\" sizes=\"(max-width: 750px) 100vw, 750px\" \/><\/a><div class=\"item-content\"><h4><a href=\"https:\/\/www.hotelsemaforodefisterra.com\/pt-pt\/fisterra\/\">Finisterre<\/a><\/h4><p>O fim da estrada, finis terrae.<\/p><\/div><\/div><div class='item'><a href=\"https:\/\/www.hotelsemaforodefisterra.com\/pt-pt\/costa-da-morte\/\" class=\"link-image\" title=\"Costa da Morte\"><img loading=\"lazy\" decoding=\"async\" width=\"750\" height=\"475\" src=\"https:\/\/www.hotelsemaforodefisterra.com\/wp-content\/uploads\/2016\/08\/bota-peregrinos-finisterre-1024x648.jpg\" class=\"attachment-large size-large\" alt=\"\" srcset=\"https:\/\/www.hotelsemaforodefisterra.com\/wp-content\/uploads\/2016\/08\/bota-peregrinos-finisterre-1024x648.jpg 1024w, https:\/\/www.hotelsemaforodefisterra.com\/wp-content\/uploads\/2016\/08\/bota-peregrinos-finisterre-300x190.jpg 300w, https:\/\/www.hotelsemaforodefisterra.com\/wp-content\/uploads\/2016\/08\/bota-peregrinos-finisterre-768x486.jpg 768w\" sizes=\"(max-width: 750px) 100vw, 750px\" \/><\/a><div class=\"item-content\"><h4><a href=\"https:\/\/www.hotelsemaforodefisterra.com\/pt-pt\/costa-da-morte\/\">Costa da Morte<\/a><\/h4><p>A tradi\u00e7\u00e3o mar\u00edtima da regi\u00e3o se reflete em seus costumes, suas festas e cozinha.<\/p><\/div><\/div><\/div>[\/vc_column][\/vc_row]<\/p>\n","protected":false},"excerpt":{"rendered":"<p>[vc_row full_width=&#8221;stretch_row&#8221; css=&#8221;.vc_custom_1472122613422{background-image: url(https:\/\/www.hotelsemaforodefisterra.com\/wp-content\/uploads\/2016\/08\/O-refuxio-de-fisterra.jpg?id=3186) !important;background-position: center !important;background-repeat: no-repeat !important;background-size: cover !important;}&#8221; el_class=&#8221;content-padding-xxl&#8221;][vc_column width=&#8221;1\/2&#8243;][vc_gallery images=&#8221;3348,3349,3350,3351&#8243; img_size=&#8221;medium&#8221; columns=&#8221;2&#8243;][\/vc_column][vc_column width=&#8221;1\/2&#8243;][vc_column_text] ALIMENTAR A ALMA [&hellip;]<\/p>\n","protected":false},"author":7,"featured_media":0,"parent":0,"menu_order":0,"comment_status":"closed","ping_status":"closed","template":"","meta":{"footnotes":"","_joinchat":[]},"_links":{"self":[{"href":"https:\/\/www.hotelsemaforodefisterra.com\/pt-pt\/wp-json\/wp\/v2\/pages\/3713"}],"collection":[{"href":"https:\/\/www.hotelsemaforodefisterra.com\/pt-pt\/wp-json\/wp\/v2\/pages"}],"about":[{"href":"https:\/\/www.hotelsemaforodefisterra.com\/pt-pt\/wp-json\/wp\/v2\/types\/page"}],"author":[{"embeddable":true,"href":"https:\/\/www.hotelsemaforodefisterra.com\/pt-pt\/wp-json\/wp\/v2\/users\/7"}],"replies":[{"embeddable":true,"href":"https:\/\/www.hotelsemaforodefisterra.com\/pt-pt\/wp-json\/wp\/v2\/comments?post=3713"}],"version-history":[{"count":8,"href":"https:\/\/www.hotelsemaforodefisterra.com\/pt-pt\/wp-json\/wp\/v2\/pages\/3713\/revisions"}],"predecessor-version":[{"id":7798,"href":"https:\/\/www.hotelsemaforodefisterra.com\/pt-pt\/wp-json\/wp\/v2\/pages\/3713\/revisions\/7798"}],"wp:attachment":[{"href":"https:\/\/www.hotelsemaforodefisterra.com\/pt-pt\/wp-json\/wp\/v2\/media?parent=3713"}],"curies":[{"name":"wp","href":"https:\/\/api.w.org\/{rel}","templated":true}]}}