{"id":3694,"date":"2014-09-14T08:54:12","date_gmt":"2014-09-14T08:54:12","guid":{"rendered":"http:\/\/www.hotelsemaforodefisterra.com\/pt-pt\/hotel-o-semaforo-de-fisterra-3\/"},"modified":"2026-02-06T17:56:43","modified_gmt":"2026-02-06T16:56:43","slug":"hotel-o-semaforo-de-fisterra-3","status":"publish","type":"page","link":"https:\/\/www.hotelsemaforodefisterra.com\/pt-pt\/","title":{"rendered":"Hotel O sem\u00e1fORO de fisTERRA"},"content":{"rendered":"<p>[vc_row full_width=&#8221;stretch_row&#8221; css=&#8221;.vc_custom_1472224979504{background-color: rgba(31,31,31,0.84) !important;*background-color: rgb(31,31,31) !important;}&#8221; el_class=&#8221;content-padding&#8221;][vc_column][vc_column_text css=&#8221;.vc_custom_1473953321775{border-top-width: 1px !important;border-right-width: 1px !important;border-bottom-width: 1px !important;border-left-width: 1px !important;padding-top: 5px !important;padding-right: 20px !important;padding-bottom: 5px !important;padding-left: 20px !important;border-left-color: #ad854d !important;border-left-style: solid !important;border-right-color: #ad854d !important;border-right-style: solid !important;border-top-color: #ad854d !important;border-top-style: solid !important;border-bottom-color: #ad854d !important;border-bottom-style: solid !important;}&#8221;][\/vc_column_text][\/vc_column][\/vc_row][vc_row full_width=&#8221;stretch_row&#8221; parallax=&#8221;content-moving&#8221; css=&#8221;.vc_custom_1472723032795{background-image: url(https:\/\/www.hotelsemaforodefisterra.com\/wp-content\/uploads\/2014\/09\/hotel-o-semaforo-de-fisterra.jpg?id=3219) !important;background-position: center;background-repeat: no-repeat !important;background-size: cover !important;}&#8221;][vc_column width=&#8221;1\/2&#8243;][vc_gallery images=&#8221;3340,3339,9795&#8243; img_size=&#8221;large&#8221; columns=&#8221;1&#8243;][\/vc_column][vc_column width=&#8221;1\/2&#8243;][vc_column_text]<\/p>\n<h1 style=\"text-align: center;\">delicatessen hotel<br \/>\no sem\u00e1fORO de fisTERRA<small>onde o sil\u00eancio esconde mais do que palavras<br \/>\n<\/small><\/h1>\n<p style=\"text-align: center;\">N\u00e3o existe lugar mais emblem\u00e1tico da Costa da Morte Cabo Finisterra, considerado o fim da FIM DO MUNDO. Constru\u00eddo em 1853, 138 metros acima do n\u00edvel do mar.<\/p>\n<p style=\"text-align: center;\">Por milhares de anos pensou-se que al\u00e9m dele s\u00f3 havia um abismo aquoso no qual o sol desligado a cada noite e atrav\u00e9s do qual chegou a uma regi\u00e3o de escurid\u00e3o habitado por monstros marinhos.<\/p>\n<p style=\"text-align: center;\">Nosso farol \u00e9 conhecido por todos os velejadores do mundo, devido \u00e0 sua import\u00e2ncia como meio de aviso de proximidade de uma costa extremamente perigoso (sua luz atinge 65 km de comprimento) e a reputa\u00e7\u00e3o trai\u00e7oeira desta \u00e1rea mar\u00edtima.Debido o nevoeiro usual de tempo, em 1888 um anexo \u00e0 constru\u00e7\u00e3o do farol, a sirene, que \u00e9 popularmente conhecido como &#8220;uma vaca Fisterra&#8221; para avisar os marinheiros dos perigos que enfrentam foi constru\u00eddo.<\/p>\n<p style=\"text-align: center;\">Desde 1999 e ap\u00f3s uma reforma muito bem sucedido em 2016, a antiga sede do monitoramento marinho, o sem\u00e1foro se tornou nosso pequeno para\u00edso, um hotel delicatessen e restaurante Boutique Hotel O Sem\u00e1foro, no Faro de Finisterre, Tem cinco quartos exclusivos, um excelente restaurante, um charmoso caf\u00e9, um terra\u00e7o com vista para quartos intermin\u00e1veis e v\u00e1rios e cantos exclusivos perder no Fim do mundo. A vista incr\u00edvel e pores do sol, competir com tempestades selvagens e grandes ondas dias, dias de nevoeiro em que a sirene soa Farol duro, vaca, que nos arrasta para o passado de lendas &#8230;<\/p>\n<p style=\"text-align: center;\">Voc\u00ea tamb\u00e9m pode desfrutar O Refuxio, um espa\u00e7o que como o pr\u00f3prio nome sugere d\u00e1 o anfitri\u00e3o peregrino, um marco com vista para o famoso &#8220;escultura&#8221; Centolo. Uma sala de jantar \u00fanica, uma &#8220;atualizado, conceito taberna moderna Mari\u00f1eira com propostas de picotagem e tirar para desfrutar assistindo qualquer lugar infinito. Um lugar ideal onde ref\u00fagio no dia tamb\u00e9m tempestade espetacular e vendaval.<\/p>\n<p>[\/vc_column_text][vc_btn title=&#8221;VOC\u00ca QUER VIR?&#8221; style=&#8221;outline-custom&#8221; outline_custom_color=&#8221;#ad854d&#8221; outline_custom_hover_background=&#8221;#666666&#8243; outline_custom_hover_text=&#8221;#ffffff&#8221; align=&#8221;center&#8221; link=&#8221;url:http%3A%2F%2Fwww.hotelsemaforodefisterra.com%2Fpt-pt%2Freservas-pt%2F||&#8221;][\/vc_column][\/vc_row][vc_row][vc_column]<h2 class=\"text-center\"><small>VOC\u00ca QUER VISITAR O NOSSO HOTEL?<\/small>DELICATESSEN HOTEL O SEM\u00c1FORO DE FISTERRA<\/h2><div class='services-carousel  owl-with-navigation' data-owl-items='4' data-owl-nav='true' data-owl-nav-text='[\"Anterior\",\"Seguinte\"]' data-owl-loop='true' data-owl-autoplay='true' data-owl-speed='2000' data-owl-hover='true' data-owl-mobile='1' data-owl-tablet='2' data-owl-dots='false'><div class='item'><a href=\"https:\/\/www.hotelsemaforodefisterra.com\/pt-pt\/quartos\/\" class=\"link-image\" title=\"Quartos\"><img loading=\"lazy\" decoding=\"async\" width=\"586\" height=\"440\" src=\"https:\/\/www.hotelsemaforodefisterra.com\/wp-content\/uploads\/2016\/08\/habitacion-hotel-semaforo-fisterra.jpg\" class=\"attachment-large size-large\" alt=\"\" srcset=\"https:\/\/www.hotelsemaforodefisterra.com\/wp-content\/uploads\/2016\/08\/habitacion-hotel-semaforo-fisterra.jpg 586w, https:\/\/www.hotelsemaforodefisterra.com\/wp-content\/uploads\/2016\/08\/habitacion-hotel-semaforo-fisterra-300x225.jpg 300w\" sizes=\"(max-width: 586px) 100vw, 586px\" \/><\/a><div class=\"item-content\"><h4><a href=\"https:\/\/www.hotelsemaforodefisterra.com\/pt-pt\/quartos\/\">Quartos<\/a><\/h4><p>Localizado na extremidade do mundo ... eles oferecem universo infinito de relaxamento e conforto.<\/p><\/div><\/div><div class='item'><a href=\"https:\/\/www.hotelsemaforodefisterra.com\/pt-pt\/restaurante-del-semaforo\/\" class=\"link-image\" title=\"Restaurante del semafORO\"><img loading=\"lazy\" decoding=\"async\" width=\"750\" height=\"401\" src=\"https:\/\/www.hotelsemaforodefisterra.com\/wp-content\/uploads\/2016\/07\/IMG_5736-1024x548-1024x548.jpg\" class=\"attachment-large size-large\" alt=\"\" srcset=\"https:\/\/www.hotelsemaforodefisterra.com\/wp-content\/uploads\/2016\/07\/IMG_5736-1024x548.jpg 1024w, https:\/\/www.hotelsemaforodefisterra.com\/wp-content\/uploads\/2016\/07\/IMG_5736-1024x548-300x161.jpg 300w, https:\/\/www.hotelsemaforodefisterra.com\/wp-content\/uploads\/2016\/07\/IMG_5736-1024x548-768x411.jpg 768w\" sizes=\"(max-width: 750px) 100vw, 750px\" \/><\/a><div class=\"item-content\"><h4><a href=\"https:\/\/www.hotelsemaforodefisterra.com\/pt-pt\/restaurante-del-semaforo\/\">Restaurante del semafORO<\/a><\/h4><p>Uma ampla variedade de cozinha focada em produtos Galicia.<\/p><\/div><\/div><div class='item'><a href=\"https:\/\/www.hotelsemaforodefisterra.com\/pt-pt\/o-refuxio-del-semaforo\/\" class=\"link-image\" title=\"O Refuxio del semafORO\"><img loading=\"lazy\" decoding=\"async\" width=\"750\" height=\"498\" src=\"https:\/\/www.hotelsemaforodefisterra.com\/wp-content\/uploads\/2016\/08\/Bar-o-sem\u00e1foro-de-fisterra-1024x680.jpg\" class=\"attachment-large size-large\" alt=\"\" srcset=\"https:\/\/www.hotelsemaforodefisterra.com\/wp-content\/uploads\/2016\/08\/Bar-o-sem\u00e1foro-de-fisterra-1024x680.jpg 1024w, https:\/\/www.hotelsemaforodefisterra.com\/wp-content\/uploads\/2016\/08\/Bar-o-sem\u00e1foro-de-fisterra-300x199.jpg 300w, https:\/\/www.hotelsemaforodefisterra.com\/wp-content\/uploads\/2016\/08\/Bar-o-sem\u00e1foro-de-fisterra-768x510.jpg 768w\" sizes=\"(max-width: 750px) 100vw, 750px\" \/><\/a><div class=\"item-content\"><h4><a href=\"https:\/\/www.hotelsemaforodefisterra.com\/pt-pt\/o-refuxio-del-semaforo\/\">O Refuxio del semafORO<\/a><\/h4><p>Algo r\u00e1pido, rica e saborosa, voc\u00ea precisa para passar para fora em rela\u00e7\u00e3o ao infinito<\/p><\/div><\/div><div class='item'><a href=\"https:\/\/www.hotelsemaforodefisterra.com\/pt-pt\/fisterra\/\" class=\"link-image\" title=\"Finisterre\"><img loading=\"lazy\" decoding=\"async\" width=\"750\" height=\"563\" src=\"https:\/\/www.hotelsemaforodefisterra.com\/wp-content\/uploads\/2016\/07\/Costa-da-morte-faro-de-fisterra-1024x768.jpg\" class=\"attachment-large size-large\" alt=\"\" srcset=\"https:\/\/www.hotelsemaforodefisterra.com\/wp-content\/uploads\/2016\/07\/Costa-da-morte-faro-de-fisterra-1024x768.jpg 1024w, https:\/\/www.hotelsemaforodefisterra.com\/wp-content\/uploads\/2016\/07\/Costa-da-morte-faro-de-fisterra-300x225.jpg 300w, https:\/\/www.hotelsemaforodefisterra.com\/wp-content\/uploads\/2016\/07\/Costa-da-morte-faro-de-fisterra-768x576.jpg 768w\" sizes=\"(max-width: 750px) 100vw, 750px\" \/><\/a><div class=\"item-content\"><h4><a href=\"https:\/\/www.hotelsemaforodefisterra.com\/pt-pt\/fisterra\/\">Finisterre<\/a><\/h4><p>O fim da estrada, finis terrae.<\/p><\/div><\/div><div class='item'><a href=\"https:\/\/www.hotelsemaforodefisterra.com\/pt-pt\/costa-da-morte\/\" class=\"link-image\" title=\"Costa da Morte\"><img loading=\"lazy\" decoding=\"async\" width=\"750\" height=\"475\" src=\"https:\/\/www.hotelsemaforodefisterra.com\/wp-content\/uploads\/2016\/08\/bota-peregrinos-finisterre-1024x648.jpg\" class=\"attachment-large size-large\" alt=\"\" srcset=\"https:\/\/www.hotelsemaforodefisterra.com\/wp-content\/uploads\/2016\/08\/bota-peregrinos-finisterre-1024x648.jpg 1024w, https:\/\/www.hotelsemaforodefisterra.com\/wp-content\/uploads\/2016\/08\/bota-peregrinos-finisterre-300x190.jpg 300w, https:\/\/www.hotelsemaforodefisterra.com\/wp-content\/uploads\/2016\/08\/bota-peregrinos-finisterre-768x486.jpg 768w\" sizes=\"(max-width: 750px) 100vw, 750px\" \/><\/a><div class=\"item-content\"><h4><a href=\"https:\/\/www.hotelsemaforodefisterra.com\/pt-pt\/costa-da-morte\/\">Costa da Morte<\/a><\/h4><p>A tradi\u00e7\u00e3o mar\u00edtima da regi\u00e3o se reflete em seus costumes, suas festas e cozinha.<\/p><\/div><\/div><\/div>[\/vc_column][\/vc_row][vc_row css=&#8221;.vc_custom_1675250059550{margin-top: 0px !important;margin-bottom: 40px !important;padding-top: 0px !important;padding-bottom: 0px !important;}&#8221;][vc_column width=&#8221;1\/2&#8243;][vc_video link=&#8221;https:\/\/youtu.be\/2XvW7TwV6Rc&#8221; align=&#8221;center&#8221;][\/vc_column][vc_column width=&#8221;1\/2&#8243;][vc_video link=&#8221;https:\/\/youtu.be\/2nZQRFWr2Fo&#8221; align=&#8221;center&#8221;][\/vc_column][\/vc_row]<\/p>\n","protected":false},"excerpt":{"rendered":"<p>[vc_row full_width=&#8221;stretch_row&#8221; css=&#8221;.vc_custom_1472224979504{background-color: rgba(31,31,31,0.84) !important;*background-color: rgb(31,31,31) !important;}&#8221; el_class=&#8221;content-padding&#8221;][vc_column][vc_column_text css=&#8221;.vc_custom_1473953321775{border-top-width: 1px !important;border-right-width: 1px !important;border-bottom-width: 1px !important;border-left-width: 1px !important;padding-top: 5px !important;padding-right: 20px [&hellip;]<\/p>\n","protected":false},"author":7,"featured_media":0,"parent":0,"menu_order":0,"comment_status":"closed","ping_status":"closed","template":"","meta":{"footnotes":"","_joinchat":[]},"_links":{"self":[{"href":"https:\/\/www.hotelsemaforodefisterra.com\/pt-pt\/wp-json\/wp\/v2\/pages\/3694"}],"collection":[{"href":"https:\/\/www.hotelsemaforodefisterra.com\/pt-pt\/wp-json\/wp\/v2\/pages"}],"about":[{"href":"https:\/\/www.hotelsemaforodefisterra.com\/pt-pt\/wp-json\/wp\/v2\/types\/page"}],"author":[{"embeddable":true,"href":"https:\/\/www.hotelsemaforodefisterra.com\/pt-pt\/wp-json\/wp\/v2\/users\/7"}],"replies":[{"embeddable":true,"href":"https:\/\/www.hotelsemaforodefisterra.com\/pt-pt\/wp-json\/wp\/v2\/comments?post=3694"}],"version-history":[{"count":9,"href":"https:\/\/www.hotelsemaforodefisterra.com\/pt-pt\/wp-json\/wp\/v2\/pages\/3694\/revisions"}],"predecessor-version":[{"id":9847,"href":"https:\/\/www.hotelsemaforodefisterra.com\/pt-pt\/wp-json\/wp\/v2\/pages\/3694\/revisions\/9847"}],"wp:attachment":[{"href":"https:\/\/www.hotelsemaforodefisterra.com\/pt-pt\/wp-json\/wp\/v2\/media?parent=3694"}],"curies":[{"name":"wp","href":"https:\/\/api.w.org\/{rel}","templated":true}]}}