{"id":3693,"date":"2016-07-14T17:38:27","date_gmt":"2016-07-14T17:38:27","guid":{"rendered":"http:\/\/www.hotelsemaforodefisterra.com\/pt-pt\/delicatessen-hotel\/"},"modified":"2016-09-15T16:06:06","modified_gmt":"2016-09-15T16:06:06","slug":"delicatessen-hotel","status":"publish","type":"page","link":"https:\/\/www.hotelsemaforodefisterra.com\/pt-pt\/delicatessen-hotel\/","title":{"rendered":"Delicatessen hotel"},"content":{"rendered":"<p>[vc_row full_width=&#8221;stretch_row&#8221; parallax=&#8221;content-moving&#8221; position=&#8221;right center&#8221; css=&#8221;.vc_custom_1471977849730{margin-top: 32px !important;background-image: url(https:\/\/www.hotelsemaforodefisterra.com\/wp-content\/uploads\/2016\/07\/Deicatessen-hotel.jpg?id=3295) !important;background-position: center;background-repeat: no-repeat !important;background-size: cover !important;}&#8221;][vc_column el_class=&#8221;white-box content-padding text-uppercase&#8221;][vc_column_text]<\/p>\n<h2 class=\"text-uppercase\" style=\"text-align: center;\"><small>Um novo conceito<\/small>DELICATESSEN HOTEL<\/h2>\n<p style=\"text-align: center;\"><strong>\u00c9 um novo conceito de hotel: um delicado, requintado e encantador hotel, onde pode agradar a todos os cinco sentidos, uma grande vitrine para os amantes dos <strong>sabores da Galiza.<\/strong>.<\/strong><\/p>\n<p style=\"text-align: center;\">Em um mundo de <strong>produtos gourmet&#8217;ll galegas<\/strong>: vinho, bolo de azeitona em conserva, pat\u00eas, mel, e uma s\u00e9rie de sabores surpreendentes que talvez n\u00e3o sabiam que tamb\u00e9m ocorreu esta terra \u00e9. Voc\u00ea ter\u00e1 tempo para saborear, a gosto e para consumir e comprar estas bebidas.<\/p>\n<p style=\"text-align: center;\">Todos os espa\u00e7os s\u00e3o decorados com a cultura gastron\u00f3mica da Galiza e equipados com os servi\u00e7os de um hotel superior: wi-fi gratuito em todo o hotel, bagagem, computador de cortesia, secador de cabelo, produtos de higiene pessoal, sala de caf\u00e9, servi\u00e7o de quarto, etc.<\/p>\n<p style=\"text-align: center;\">Tem\u00e1tico e cuidadosamente decorado para fazer voc\u00ea se sentir um \u00fanico quartos de experi\u00eancia.<\/p>\n<p style=\"text-align: center;\">Voc\u00ea pode desfrutar do nosso pequeno-almo\u00e7o original e um menu de restaurante com propostas preparadas a partir de produtos galegos.<\/p>\n<p style=\"text-align: center;\">Voc\u00ea pode participar de nossas sess\u00f5es de degusta\u00e7\u00e3o de produtos locais.<\/p>\n<p style=\"text-align: center;\">Delicatessen hotel: Apenas em Fisterra e Santiago de Compostela<\/p>\n<p style=\"text-align: center;\">Sem d\u00favida, os hot\u00e9is mais originais e requintados Galiza &#8230; e porque n\u00e3o? \u2026 Do mundo<\/p>\n<p style=\"text-align: center;\"><a href=\"http:\/\/www.delicatessenhotel.com\" target=\"_blank\">www.delicatessenhotel.com<\/a><\/p>\n<p>[\/vc_column_text][vc_btn title=&#8221;VENHA PARA PROVAR &#8230; repetir !!&#8221; style=&#8221;outline-custom&#8221; outline_custom_color=&#8221;#ad854d&#8221; outline_custom_hover_background=&#8221;#666666&#8243; outline_custom_hover_text=&#8221;#ffffff&#8221; align=&#8221;center&#8221; link=&#8221;url:http%3A%2F%2Fwww.hotelsemaforodefisterra.com%2Fpt-pt%2Freservas-pt%2F||&#8221;][\/vc_column][\/vc_row]<\/p>\n","protected":false},"excerpt":{"rendered":"<p>[vc_row full_width=&#8221;stretch_row&#8221; parallax=&#8221;content-moving&#8221; position=&#8221;right center&#8221; css=&#8221;.vc_custom_1471977849730{margin-top: 32px !important;background-image: url(https:\/\/www.hotelsemaforodefisterra.com\/wp-content\/uploads\/2016\/07\/Deicatessen-hotel.jpg?id=3295) !important;background-position: center;background-repeat: no-repeat !important;background-size: cover !important;}&#8221;][vc_column el_class=&#8221;white-box content-padding text-uppercase&#8221;][vc_column_text] Um novo [&hellip;]<\/p>\n","protected":false},"author":7,"featured_media":0,"parent":0,"menu_order":0,"comment_status":"closed","ping_status":"closed","template":"","meta":{"footnotes":"","_joinchat":[]},"_links":{"self":[{"href":"https:\/\/www.hotelsemaforodefisterra.com\/pt-pt\/wp-json\/wp\/v2\/pages\/3693"}],"collection":[{"href":"https:\/\/www.hotelsemaforodefisterra.com\/pt-pt\/wp-json\/wp\/v2\/pages"}],"about":[{"href":"https:\/\/www.hotelsemaforodefisterra.com\/pt-pt\/wp-json\/wp\/v2\/types\/page"}],"author":[{"embeddable":true,"href":"https:\/\/www.hotelsemaforodefisterra.com\/pt-pt\/wp-json\/wp\/v2\/users\/7"}],"replies":[{"embeddable":true,"href":"https:\/\/www.hotelsemaforodefisterra.com\/pt-pt\/wp-json\/wp\/v2\/comments?post=3693"}],"version-history":[{"count":3,"href":"https:\/\/www.hotelsemaforodefisterra.com\/pt-pt\/wp-json\/wp\/v2\/pages\/3693\/revisions"}],"predecessor-version":[{"id":3792,"href":"https:\/\/www.hotelsemaforodefisterra.com\/pt-pt\/wp-json\/wp\/v2\/pages\/3693\/revisions\/3792"}],"wp:attachment":[{"href":"https:\/\/www.hotelsemaforodefisterra.com\/pt-pt\/wp-json\/wp\/v2\/media?parent=3693"}],"curies":[{"name":"wp","href":"https:\/\/api.w.org\/{rel}","templated":true}]}}