{"id":3692,"date":"2016-07-15T11:40:48","date_gmt":"2016-07-15T11:40:48","guid":{"rendered":"http:\/\/www.hotelsemaforodefisterra.com\/pt-pt\/habitaciones\/"},"modified":"2025-09-22T18:01:18","modified_gmt":"2025-09-22T16:01:18","slug":"quartos","status":"publish","type":"page","link":"https:\/\/www.hotelsemaforodefisterra.com\/pt-pt\/quartos\/","title":{"rendered":"Quartos"},"content":{"rendered":"<p>[vc_row position=&#8221;center right&#8221; css=&#8221;.vc_custom_1436463840612{background-position: center !important;background-repeat: no-repeat !important;background-size: contain !important;}&#8221;][vc_column width=&#8221;2\/3&#8243;][vc_column_text]Localizado na extremidade do mundo &#8230; eles oferecem universo infinito de relaxamento e conforto.<br \/>\nCada um dos nossos quartos \u00e9 \u00fanico; para surpreender, para cuidar de si e fazer voc\u00ea se sentir especial. Com um equipamento de primeira classe, ter\u00e1 o prazer de oferecer detalhes que tornam a sua estadia uma mem\u00f3ria \u00fanico e especial.<\/p>\n<h3>Encontrar o quarto que se adapte ao seu gosto<\/h3>\n<p>Camas king size, edred\u00e3o, almofada de casal, banheira de hidromassagem, pias duplas, amenidades Bionature, espelho de aumento, secador de cabelo, tv 42&#8243;, servi\u00e7o de quartos, cofre, o sil\u00eancio infinito ou dolby vendaval de som, com vista para o fim do mundo por mar New York &#8230; o resto da experi\u00eancia &#8230; \u00e9 at\u00e9 voc\u00ea.[\/vc_column_text][\/vc_column][vc_column width=&#8221;1\/4&#8243; offset=&#8221;vc_col-sm-offset-1&#8243;][vc_column_text]<\/p>\n<div class=\"text-center well\">\n<span class='hotel-icon-241 hi-3x color-primary hi-boxed' ><\/span>\n<h3><small>Ligue-nos e verificar a disponibilidade<\/small><\/h3>\n<h3>+34 981 110 210<\/h3>\n<h3>+34 607 778 240<\/h3>\n<p><small>Dispon\u00edvel 24\/7<br \/>\nDe segunda-feira a domingo<\/small><\/p>\n<\/div>\n<p>[\/vc_column_text][\/vc_column][\/vc_row][vc_row full_width=&#8221;stretch_row&#8221; parallax=&#8221;content-moving&#8221; parallax_image=&#8221;9085&#8243; video_cover=&#8221;1340&#8243;][vc_column width=&#8221;1\/2&#8243; offset=&#8221;vc_col-sm-offset-6&#8243;][vc_column_text el_class=&#8221;white-box content-padding&#8221;]<\/p>\n<h2 id=\"cove\" class=\"text-uppercase\" style=\"text-align: left;\"><small>A PARTIR DE 180\u20ac \/ NOITE <\/small><a href=\"https:\/\/www.hotelsemaforodefisterra.com\/pt-pt\/habitacion-stellae\/\">STELLAE ROOM<\/a><\/h2>\n<p>A Via L\u00e1ctea passa apenas este hotel e noites estreladas pode sentir como voc\u00ea faz parte dela. Sinta-se uma parte estrela desta rota para o infinito.<\/p>\n<p><a class=\"btn btn-inline\" href=\"https:\/\/www.hotelsemaforodefisterra.com\/pt-pt\/habitacion-stellae\/\">MAIS INFO<\/a>[\/vc_column_text][\/vc_column][\/vc_row][vc_row full_width=&#8221;stretch_row_content&#8221;][vc_column width=&#8221;1\/3&#8243;][vc_column_text]<\/p>\n<h2 id=\"view\" class=\"text-uppercase text-center\" style=\"text-align: center;\"><small>A PARTIR DE 160\u20ac \/ NOITE<\/small><a href=\"https:\/\/www.hotelsemaforodefisterra.com\/pt-pt\/habitacion-semaforo\/\">SEMAFORO ROOM<\/a><\/h2>\n<p style=\"text-align: center;\"><a href=\"https:\/\/www.hotelsemaforodefisterra.com\/pt-pt\/habitacion-semaforo\/\"><img loading=\"lazy\" decoding=\"async\" class=\"wp-image-9214 size-full aligncenter\" src=\"https:\/\/www.hotelsemaforodefisterra.com\/wp-content\/uploads\/2025\/03\/Habitaciondos-semaforo-hotel-semaforo-fisterra.jpg\" alt=\"\" width=\"1500\" height=\"1000\" srcset=\"https:\/\/www.hotelsemaforodefisterra.com\/wp-content\/uploads\/2025\/03\/Habitaciondos-semaforo-hotel-semaforo-fisterra.jpg 1500w, https:\/\/www.hotelsemaforodefisterra.com\/wp-content\/uploads\/2025\/03\/Habitaciondos-semaforo-hotel-semaforo-fisterra-300x200.jpg 300w, https:\/\/www.hotelsemaforodefisterra.com\/wp-content\/uploads\/2025\/03\/Habitaciondos-semaforo-hotel-semaforo-fisterra-1024x683.jpg 1024w, https:\/\/www.hotelsemaforodefisterra.com\/wp-content\/uploads\/2025\/03\/Habitaciondos-semaforo-hotel-semaforo-fisterra-768x512.jpg 768w\" sizes=\"(max-width: 1500px) 100vw, 1500px\" \/><\/a><\/p>\n<p style=\"text-align: center;\">A comunica\u00e7\u00e3o entre o farol e barcos, foi feita atrav\u00e9s de bandeiras de sinaliza\u00e7\u00e3o, colocada nesses edif\u00edcios chamados sem\u00e1foros, junto ao Farol. Neste quarto que recriar a comunica\u00e7\u00e3o e dar vida a essa linguagem.<\/p>\n<p style=\"text-align: center;\"><a class=\"btn btn-inline\" href=\"https:\/\/www.hotelsemaforodefisterra.com\/pt-pt\/habitacion-semaforo\/\">MAIS INFO<\/a><\/p>\n<p>[\/vc_column_text][\/vc_column][vc_column width=&#8221;1\/3&#8243;][vc_column_text]<\/p>\n<h2 id=\"sideview\" class=\"text-uppercase text-center\" style=\"text-align: center;\"><small>A PARTIR 180\u20ac \/ NOITE<\/small><a href=\"https:\/\/www.hotelsemaforodefisterra.com\/pt-pt\/habitacion-dos-faros\/\">FAR\u00d3IS ROOM<\/a><\/h2>\n<p><a href=\"https:\/\/www.hotelsemaforodefisterra.com\/pt-pt\/habitacion-dos-faros\/\"><img loading=\"lazy\" decoding=\"async\" class=\"wp-image-9166 size-full aligncenter\" src=\"https:\/\/www.hotelsemaforodefisterra.com\/wp-content\/uploads\/2025\/03\/Habitaciondos-faros-hotel-semaforo-fisterra.jpg\" alt=\"\" width=\"1500\" height=\"1000\" srcset=\"https:\/\/www.hotelsemaforodefisterra.com\/wp-content\/uploads\/2025\/03\/Habitaciondos-faros-hotel-semaforo-fisterra.jpg 1500w, https:\/\/www.hotelsemaforodefisterra.com\/wp-content\/uploads\/2025\/03\/Habitaciondos-faros-hotel-semaforo-fisterra-300x200.jpg 300w, https:\/\/www.hotelsemaforodefisterra.com\/wp-content\/uploads\/2025\/03\/Habitaciondos-faros-hotel-semaforo-fisterra-1024x683.jpg 1024w, https:\/\/www.hotelsemaforodefisterra.com\/wp-content\/uploads\/2025\/03\/Habitaciondos-faros-hotel-semaforo-fisterra-768x512.jpg 768w\" sizes=\"(max-width: 1500px) 100vw, 1500px\" \/><\/a><\/p>\n<p style=\"text-align: center;\">Voc\u00ea n\u00e3o estar\u00e1 sozinho neste quarto &#8230; vai acompanhar as balizas mais importantes da Galiza. Neste quarto vai ver passar a luz refletida do farol, a cada 4 segundos voc\u00ea vai testemunhar a sua luz, a \u00faltima luz deste lado do continente, a \u00faltima luz que tenho visto muitos n\u00e1ufragos e luz que salvou muitas vidas.<\/p>\n<p style=\"text-align: center;\"><a class=\"btn btn-inline\" href=\"https:\/\/www.hotelsemaforodefisterra.com\/pt-pt\/habitacion-dos-faros\/\">MAIS INFO<\/a><\/p>\n<p>[\/vc_column_text][\/vc_column][vc_column width=&#8221;1\/3&#8243; offset=&#8221;vc_hidden-lg vc_hidden-md vc_hidden-sm vc_hidden-xs&#8221;][vc_column_text]<\/p>\n<h2 id=\"sideview\" class=\"text-uppercase text-center\" style=\"text-align: center;\"><small>A PARTIR\u00a099\u20ac \/\u00a0NOITE<\/small><a href=\"https:\/\/www.hotelsemaforodefisterra.com\/pt-pt\/habitacion-agocho\/\">AGOCHO ROOM<\/a><\/h2>\n<p><a href=\"https:\/\/www.hotelsemaforodefisterra.com\/pt-pt\/habitacion-agocho\/\"><img loading=\"lazy\" decoding=\"async\" class=\"wp-image-9097 size-full aligncenter\" src=\"https:\/\/www.hotelsemaforodefisterra.com\/wp-content\/uploads\/2025\/03\/Habitacion-agocho-hotel-semaforo-fisterra.jpg\" alt=\"\" width=\"1500\" height=\"1000\" srcset=\"https:\/\/www.hotelsemaforodefisterra.com\/wp-content\/uploads\/2025\/03\/Habitacion-agocho-hotel-semaforo-fisterra.jpg 1500w, https:\/\/www.hotelsemaforodefisterra.com\/wp-content\/uploads\/2025\/03\/Habitacion-agocho-hotel-semaforo-fisterra-300x200.jpg 300w, https:\/\/www.hotelsemaforodefisterra.com\/wp-content\/uploads\/2025\/03\/Habitacion-agocho-hotel-semaforo-fisterra-1024x683.jpg 1024w, https:\/\/www.hotelsemaforodefisterra.com\/wp-content\/uploads\/2025\/03\/Habitacion-agocho-hotel-semaforo-fisterra-768x512.jpg 768w\" sizes=\"(max-width: 1500px) 100vw, 1500px\" \/><\/a><\/p>\n<p style=\"text-align: center;\">Quarto no s\u00f3t\u00e3o, de frente para o farol de Finisterre, pequeno em tamanho, mas com 1, 50 cama de casal e todas as necessidades inclu\u00eddas, televis\u00e3o com Smart TV, \u00e1gua mineral gratuita, cafeteira inclu\u00edda e amenities ecol\u00f3gicas.<\/p>\n<p style=\"text-align: center;\"><a class=\"btn btn-inline\" href=\"https:\/\/www.hotelsemaforodefisterra.com\/pt-pt\/habitacion-agocho\/\">MAIS INFO<\/a><\/p>\n<p>[\/vc_column_text][\/vc_column][\/vc_row][vc_row full_width=&#8221;stretch_row&#8221; parallax=&#8221;content-moving&#8221; parallax_image=&#8221;9307&#8243; css=&#8221;.vc_custom_1742257554732{background-position: center;background-repeat: no-repeat !important;background-size: cover !important;}&#8221;][vc_column width=&#8221;1\/2&#8243;][vc_column_text el_class=&#8221;white-box content-padding&#8221;]<\/p>\n<h2 id=\"cove\" class=\"text-uppercase\"><small>A PARTIR DE 230\u20ac \/NOITE<\/small><a href=\"https:\/\/www.hotelsemaforodefisterra.com\/pt-pt\/habitacion-dos-naufraxios\/\">NAUFR\u00c1GIOS QUARTO<\/a><\/h2>\n<p>Neste quarto voc\u00ea ser\u00e1 parte da hist\u00f3ria, a hist\u00f3ria de naufr\u00e1gios que reivindicou isso. Quarto tema com elementos do mar de navios antigos, legenda naufr\u00e1gios. Voc\u00ea descobre segredos que s\u00f3 este quarto sussurrar para voc\u00ea<br \/>\n<a class=\"btn btn-inline\" href=\"https:\/\/www.hotelsemaforodefisterra.com\/pt-pt\/habitacion-dos-naufraxios\/\">MAIS INFO<\/a>[\/vc_column_text][\/vc_column][vc_column width=&#8221;1\/2&#8243;][vc_single_image image=&#8221;9271&#8243; img_size=&#8221;large&#8221; onclick=&#8221;custom_link&#8221; link=&#8221;https:\/\/www.hotelsemaforodefisterra.com\/pt-pt\/habitacion-dos-naufraxios\/&#8221;][\/vc_column][\/vc_row][vc_row][vc_column][vc_empty_space][\/vc_column][\/vc_row][vc_row full_width=&#8221;stretch_row&#8221; parallax=&#8221;content-moving&#8221; parallax_image=&#8221;9344&#8243;][vc_column width=&#8221;1\/2&#8243;][vc_column_text el_class=&#8221;white-box content-padding&#8221;]<\/p>\n<h2 id=\"cove\" class=\"text-uppercase\" style=\"text-align: left;\"><small>A PARTIR DE 230\u20ac \/ NOITE <\/small><a href=\"https:\/\/www.hotelsemaforodefisterra.com\/pt-pt\/habitacion-dos-ventos\/\">VENTOS ROOM<\/a><\/h2>\n<p>Nas noites de tempestade e vendaval voc\u00ea se sentir a partir deste quarto, Mar de Fora, o mais batidas pelo vento e o hit chuva, como faz parte de uma onda que engole voc\u00ea e engole. Um sentimento m\u00e1gico onde voc\u00ea se sente forma segura e confort\u00e1vel, o vento feroz &#8220;Nordes&#8221;<\/p>\n<p><a class=\"btn btn-inline\" href=\"https:\/\/www.hotelsemaforodefisterra.com\/pt-pt\/habitacion-dos-ventos\/\">MAIS INFO<\/a>[\/vc_column_text][\/vc_column][vc_column width=&#8221;1\/2&#8243;][vc_single_image image=&#8221;9314&#8243; img_size=&#8221;large&#8221; onclick=&#8221;custom_link&#8221; link=&#8221;https:\/\/www.hotelsemaforodefisterra.com\/pt-pt\/habitacion-dos-ventos\/&#8221;][\/vc_column][\/vc_row]<\/p>\n","protected":false},"excerpt":{"rendered":"<p>[vc_row position=&#8221;center right&#8221; css=&#8221;.vc_custom_1436463840612{background-position: center !important;background-repeat: no-repeat !important;background-size: contain !important;}&#8221;][vc_column width=&#8221;2\/3&#8243;][vc_column_text]Localizado na extremidade do mundo &#8230; eles oferecem universo infinito [&hellip;]<\/p>\n","protected":false},"author":7,"featured_media":0,"parent":0,"menu_order":0,"comment_status":"closed","ping_status":"closed","template":"","meta":{"footnotes":"","_joinchat":[]},"_links":{"self":[{"href":"https:\/\/www.hotelsemaforodefisterra.com\/pt-pt\/wp-json\/wp\/v2\/pages\/3692"}],"collection":[{"href":"https:\/\/www.hotelsemaforodefisterra.com\/pt-pt\/wp-json\/wp\/v2\/pages"}],"about":[{"href":"https:\/\/www.hotelsemaforodefisterra.com\/pt-pt\/wp-json\/wp\/v2\/types\/page"}],"author":[{"embeddable":true,"href":"https:\/\/www.hotelsemaforodefisterra.com\/pt-pt\/wp-json\/wp\/v2\/users\/7"}],"replies":[{"embeddable":true,"href":"https:\/\/www.hotelsemaforodefisterra.com\/pt-pt\/wp-json\/wp\/v2\/comments?post=3692"}],"version-history":[{"count":21,"href":"https:\/\/www.hotelsemaforodefisterra.com\/pt-pt\/wp-json\/wp\/v2\/pages\/3692\/revisions"}],"predecessor-version":[{"id":9721,"href":"https:\/\/www.hotelsemaforodefisterra.com\/pt-pt\/wp-json\/wp\/v2\/pages\/3692\/revisions\/9721"}],"wp:attachment":[{"href":"https:\/\/www.hotelsemaforodefisterra.com\/pt-pt\/wp-json\/wp\/v2\/media?parent=3692"}],"curies":[{"name":"wp","href":"https:\/\/api.w.org\/{rel}","templated":true}]}}