{"id":4759,"date":"2016-12-16T17:32:59","date_gmt":"2016-12-16T16:32:59","guid":{"rendered":"http:\/\/www.hotelsemaforodefisterra.com\/habitacion-semaforo\/"},"modified":"2025-04-16T12:15:37","modified_gmt":"2025-04-16T10:15:37","slug":"habitacion-semaforo","status":"publish","type":"page","link":"https:\/\/www.hotelsemaforodefisterra.com\/gl\/habitacion-semaforo\/","title":{"rendered":"Habitaci\u00f3n Sem\u00e1foro"},"content":{"rendered":"<p>[vc_row][vc_column width=&#8221;2\/3&#8243;][vc_single_image image=&#8221;9212&#8243; img_size=&#8221;full&#8221;][vc_gallery images=&#8221;9212,9219,9225,9231&#8243; columns=&#8221;5&#8243;][vc_column_text]Habitaci\u00f3n adaptada con cama de matrimonio. Ba\u00f1o completo con prato de ducha, secador de pelo, espello de aumento, produtos de acollida. Smar Tv, cafetera de cortes\u00eda, minibar, caixa forte para port\u00e1til, tel\u00e9fono, wifi free[\/vc_column_text][\/vc_column][vc_column width=&#8221;1\/3&#8243;][vc_column_text][\/vc_column_text][vc_single_image image=&#8221;4536&#8243; img_size=&#8221;medium&#8221; alignment=&#8221;center&#8221;][vc_column_text]<\/p>\n<div class=\"text-center well\">\n<span class='hotel-icon-241 hi-3x color-primary hi-boxed' ><\/span>\n<h3><small>Ch\u00e1manos e comproba dispo\u00f1ibilidade<\/small><\/h3>\n<h3>+34 981 110 210<\/h3>\n<h3>+34 607 778 240<\/h3>\n<p><small>Dispo\u00f1ibles 24\/7<br \/>\nDe Luns a Domingo<\/small><\/p>\n<\/div>\n<p>[\/vc_column_text][\/vc_column][\/vc_row]<\/p>\n","protected":false},"excerpt":{"rendered":"<p>[vc_row][vc_column width=&#8221;2\/3&#8243;][vc_single_image image=&#8221;9212&#8243; img_size=&#8221;full&#8221;][vc_gallery images=&#8221;9212,9219,9225,9231&#8243; columns=&#8221;5&#8243;][vc_column_text]Habitaci\u00f3n adaptada con cama de matrimonio. Ba\u00f1o completo con prato de ducha, secador de pelo, [&hellip;]<\/p>\n","protected":false},"author":7,"featured_media":0,"parent":0,"menu_order":0,"comment_status":"closed","ping_status":"closed","template":"","meta":{"footnotes":"","_joinchat":[]},"_links":{"self":[{"href":"https:\/\/www.hotelsemaforodefisterra.com\/gl\/wp-json\/wp\/v2\/pages\/4759"}],"collection":[{"href":"https:\/\/www.hotelsemaforodefisterra.com\/gl\/wp-json\/wp\/v2\/pages"}],"about":[{"href":"https:\/\/www.hotelsemaforodefisterra.com\/gl\/wp-json\/wp\/v2\/types\/page"}],"author":[{"embeddable":true,"href":"https:\/\/www.hotelsemaforodefisterra.com\/gl\/wp-json\/wp\/v2\/users\/7"}],"replies":[{"embeddable":true,"href":"https:\/\/www.hotelsemaforodefisterra.com\/gl\/wp-json\/wp\/v2\/comments?post=4759"}],"version-history":[{"count":6,"href":"https:\/\/www.hotelsemaforodefisterra.com\/gl\/wp-json\/wp\/v2\/pages\/4759\/revisions"}],"predecessor-version":[{"id":9661,"href":"https:\/\/www.hotelsemaforodefisterra.com\/gl\/wp-json\/wp\/v2\/pages\/4759\/revisions\/9661"}],"wp:attachment":[{"href":"https:\/\/www.hotelsemaforodefisterra.com\/gl\/wp-json\/wp\/v2\/media?parent=4759"}],"curies":[{"name":"wp","href":"https:\/\/api.w.org\/{rel}","templated":true}]}}