{"id":4754,"date":"2016-12-16T17:13:36","date_gmt":"2016-12-16T16:13:36","guid":{"rendered":"http:\/\/www.hotelsemaforodefisterra.com\/habitacion-stellae\/"},"modified":"2025-03-17T17:42:41","modified_gmt":"2025-03-17T16:42:41","slug":"habitacion-stellae","status":"publish","type":"page","link":"https:\/\/www.hotelsemaforodefisterra.com\/gl\/habitacion-stellae\/","title":{"rendered":"Habitaci\u00f3n stellae"},"content":{"rendered":"<p>[vc_row][vc_column width=&#8221;2\/3&#8243;][vc_single_image image=&#8221;9003&#8243; img_size=&#8221;full&#8221;][vc_gallery images=&#8221;9003,9009,9015,9021,9027&#8243; columns=&#8221;5&#8243;][vc_column_text]Habitaci\u00f3n con cama de matrimonio, tres grandes vent\u00e1s orientadas ao cabo e ao mar de fora, ao infinito. . Ba\u00f1o completo con enorme prato de ducha, secador de pelo, espello de aumento, produtos de acollida. Smart Tv, escritorio, tel\u00e9fono, cafetera de cortes\u00eda, minibar, caixa forte para portatil, wifi free[\/vc_column_text][\/vc_column][vc_column width=&#8221;1\/3&#8243;][vc_column_text][\/vc_column_text][vc_single_image image=&#8221;4536&#8243; img_size=&#8221;medium&#8221; alignment=&#8221;center&#8221;][vc_column_text]<\/p>\n<div class=\"text-center well\">\n<span class='hotel-icon-241 hi-3x color-primary hi-boxed' ><\/span>\n<h3><small>Ch\u00e1manos e comproba dispo\u00f1ibilidade<\/small><\/h3>\n<h3>+34 981 110 210<\/h3>\n<h3>+34 607 778 240<\/h3>\n<p><small>Dispo\u00f1ibles 24\/7<br \/>\nDe Luns a Domingo<\/small><\/p>\n<\/div>\n<p>[\/vc_column_text][\/vc_column][\/vc_row]<\/p>\n","protected":false},"excerpt":{"rendered":"<p>[vc_row][vc_column width=&#8221;2\/3&#8243;][vc_single_image image=&#8221;9003&#8243; img_size=&#8221;full&#8221;][vc_gallery images=&#8221;9003,9009,9015,9021,9027&#8243; columns=&#8221;5&#8243;][vc_column_text]Habitaci\u00f3n con cama de matrimonio, tres grandes vent\u00e1s orientadas ao cabo e ao mar de [&hellip;]<\/p>\n","protected":false},"author":7,"featured_media":0,"parent":0,"menu_order":0,"comment_status":"closed","ping_status":"closed","template":"","meta":{"footnotes":"","_joinchat":[]},"_links":{"self":[{"href":"https:\/\/www.hotelsemaforodefisterra.com\/gl\/wp-json\/wp\/v2\/pages\/4754"}],"collection":[{"href":"https:\/\/www.hotelsemaforodefisterra.com\/gl\/wp-json\/wp\/v2\/pages"}],"about":[{"href":"https:\/\/www.hotelsemaforodefisterra.com\/gl\/wp-json\/wp\/v2\/types\/page"}],"author":[{"embeddable":true,"href":"https:\/\/www.hotelsemaforodefisterra.com\/gl\/wp-json\/wp\/v2\/users\/7"}],"replies":[{"embeddable":true,"href":"https:\/\/www.hotelsemaforodefisterra.com\/gl\/wp-json\/wp\/v2\/comments?post=4754"}],"version-history":[{"count":7,"href":"https:\/\/www.hotelsemaforodefisterra.com\/gl\/wp-json\/wp\/v2\/pages\/4754\/revisions"}],"predecessor-version":[{"id":9051,"href":"https:\/\/www.hotelsemaforodefisterra.com\/gl\/wp-json\/wp\/v2\/pages\/4754\/revisions\/9051"}],"wp:attachment":[{"href":"https:\/\/www.hotelsemaforodefisterra.com\/gl\/wp-json\/wp\/v2\/media?parent=4754"}],"curies":[{"name":"wp","href":"https:\/\/api.w.org\/{rel}","templated":true}]}}