{"id":3758,"date":"2014-09-14T09:20:26","date_gmt":"2014-09-14T09:20:26","guid":{"rendered":"http:\/\/www.hotelsemaforodefisterra.com\/gl\/contacto\/"},"modified":"2023-01-23T11:26:33","modified_gmt":"2023-01-23T10:26:33","slug":"contacto","status":"publish","type":"page","link":"https:\/\/www.hotelsemaforodefisterra.com\/gl\/contacto\/","title":{"rendered":"Contacto"},"content":{"rendered":"<p>[vc_row][vc_column width=&#8221;7\/12&#8243;][vc_column_text]<\/p>\n<h2>Contacta connosco<\/h2>\n<p>Para m\u00e1is informaci\u00f3n pode po\u00f1erse en contacto connosco a trav\u00e9s do formulario de contacto.[\/vc_column_text][ninja_form id=&#8221;35&#8243;][\/vc_column][vc_column width=&#8221;1\/3&#8243; offset=&#8221;vc_col-sm-offset-1&#8243;][vc_column_text]<\/p>\n<h3>Persoalmente<\/h3>\n<p>Podes contactar connosco[\/vc_column_text][vc_accordion][vc_accordion_tab title=&#8221;Xerencia&#8221;][vc_column_text]<strong>Jacinto Picallo<br \/>\n<\/strong>Xerente hotel e restaurante<br \/>\n<a href=\"mailto:info@hotelsemaforodefisterra.com\">info@hotelsemaforodefisterra.com<\/a>[\/vc_column_text][\/vc_accordion_tab][vc_accordion_tab title=&#8221;Direcci\u00f3n&#8221;][vc_column_text]<strong>Jes\u00fas Picallo<\/strong><br \/>\nDirecci\u00f3n<br \/>\n<a href=\"mailto:direccion@hotelsemaforodefisterra.com\">direccion@hotelsemaforodefisterra.com<\/a>[\/vc_column_text][\/vc_accordion_tab][vc_accordion_tab title=&#8221;Marketing&#8221;][vc_column_text]<strong>pQliar Consulting<\/strong><br \/>\nMarketing<br \/>\n<a href=\"mailto:marketing@hotelsemaforodefisterra.com\">marketing@hotelsemaforodefisterra.com<\/a>[\/vc_column_text][\/vc_accordion_tab][\/vc_accordion][vc_empty_space height=&#8221;28px&#8221;][vc_column_text]<\/p>\n<h3>Redes sociais<\/h3>\n<p><a href=\"https:\/\/www.facebook.com\/O-Sem%C3%A1foro-de-Fisterra-1044917578929462\/\" target=\"_blank\" rel=\"noopener\"><i class='fa fa-fw fa-facebook fa-lg ' style=''><\/i><\/a> <a href=\"https:\/\/twitter.com\/semaforfisterra\" target=\"_blank\" rel=\"noopener\"><i class='fa fa-fw fa-twitter fa-lg ' style=''><\/i><\/a>\u00a0<a href=\"https:\/\/www.instagram.com\/semaforofisterra\/\" target=\"_blank\" rel=\"noopener\"><i class='fa fa-fw fa-instagram fa-lg ' style=''><\/i><\/a>[\/vc_column_text][\/vc_column][\/vc_row]<\/p>\n","protected":false},"excerpt":{"rendered":"<p>[vc_row][vc_column width=&#8221;7\/12&#8243;][vc_column_text] Contacta connosco Para m\u00e1is informaci\u00f3n pode po\u00f1erse en contacto connosco a trav\u00e9s do formulario de contacto.[\/vc_column_text][ninja_form id=&#8221;35&#8243;][\/vc_column][vc_column width=&#8221;1\/3&#8243; [&hellip;]<\/p>\n","protected":false},"author":7,"featured_media":0,"parent":0,"menu_order":0,"comment_status":"closed","ping_status":"open","template":"page-templates\/contact.php","meta":{"footnotes":"","_joinchat":[]},"_links":{"self":[{"href":"https:\/\/www.hotelsemaforodefisterra.com\/gl\/wp-json\/wp\/v2\/pages\/3758"}],"collection":[{"href":"https:\/\/www.hotelsemaforodefisterra.com\/gl\/wp-json\/wp\/v2\/pages"}],"about":[{"href":"https:\/\/www.hotelsemaforodefisterra.com\/gl\/wp-json\/wp\/v2\/types\/page"}],"author":[{"embeddable":true,"href":"https:\/\/www.hotelsemaforodefisterra.com\/gl\/wp-json\/wp\/v2\/users\/7"}],"replies":[{"embeddable":true,"href":"https:\/\/www.hotelsemaforodefisterra.com\/gl\/wp-json\/wp\/v2\/comments?post=3758"}],"version-history":[{"count":8,"href":"https:\/\/www.hotelsemaforodefisterra.com\/gl\/wp-json\/wp\/v2\/pages\/3758\/revisions"}],"predecessor-version":[{"id":6387,"href":"https:\/\/www.hotelsemaforodefisterra.com\/gl\/wp-json\/wp\/v2\/pages\/3758\/revisions\/6387"}],"wp:attachment":[{"href":"https:\/\/www.hotelsemaforodefisterra.com\/gl\/wp-json\/wp\/v2\/media?parent=3758"}],"curies":[{"name":"wp","href":"https:\/\/api.w.org\/{rel}","templated":true}]}}