{"id":3732,"date":"2016-07-28T09:45:37","date_gmt":"2016-07-28T09:45:37","guid":{"rendered":"http:\/\/www.hotelsemaforodefisterra.com\/gl\/actividades-costa-da-morte\/"},"modified":"2016-09-14T15:46:36","modified_gmt":"2016-09-14T15:46:36","slug":"actividades-costa-da-morte","status":"publish","type":"page","link":"https:\/\/www.hotelsemaforodefisterra.com\/gl\/actividades-costa-da-morte\/","title":{"rendered":"Actividades Costa da Morte"},"content":{"rendered":"<p>[vc_row full_width=&#8221;stretch_row&#8221; parallax=&#8221;content-moving&#8221; position=&#8221;right center&#8221; css=&#8221;.vc_custom_1472041585775{margin-top: 32px !important;background-image: url(https:\/\/www.hotelsemaforodefisterra.com\/wp-content\/uploads\/2016\/07\/surf-na-costa-da-morte.jpg?id=3016) !important;background-position: center;background-repeat: no-repeat !important;background-size: cover !important;}&#8221;][vc_column el_class=&#8221;white-box content-padding text-uppercase&#8221;][vc_column_text]<\/p>\n<h2 class=\"text-uppercase\" style=\"text-align: center;\"><small>Nos conf\u00edns<br \/>\n<\/small>ACTIVIDADES<\/h2>\n<p style=\"text-align: center;\"><strong>CRUCEIRO FIN DO MUNDO<\/strong><\/p>\n<p style=\"text-align: center;\">No porto de Fisterra, s\u00f3besche ao barco desde onde aprecias a praia de Langosteira e a praia da Serra. Segues bordeando a rochosa costa coas s\u00faas pequenas calas e chegas \u00e1 praia do Sardi\u00f1eiro. Neste momento, o sol cae por detr\u00e1s dos montes e o d\u00eda parece chegar ao seu fin. O barco contin\u00faa a s\u00faa ruta pola praia de Estorde, ata chegar ao momento en que se divisan de lonxe Corcubi\u00f3n e Cee, ent\u00f3n pon proa cara ao faro de Fisterra, para bordealo. De s\u00fapeto, o sol aparece en plena posta tintando o ceo de vermello, a sirena do barco soa no medio do oc\u00e9ano saudando aos peregrinos que observan o fen\u00f3meno desde o faro.<\/p>\n<p style=\"text-align: center;\"><strong>COSTA DA MORTE A TRAV\u00c9S DOS SEUS NAUFRAXIOS<\/strong><\/p>\n<p style=\"text-align: center;\">Co\u00f1ece dunha forma personalizada e coa m\u00e1xima comodidade, no noso monovolume de 9 prazas,\u201d FISTERRA TOURS\u201d, os lugares onde tiveron lugar os naufraxios m\u00e1is soados da Historia de Galicia. O SERPENT, naufraxio con maior n\u00famero de v\u00edtimas mortais, enterradas no famoso Cemiterio dos Ingleses en Camari\u00f1as, O CASON que embarranc\u00f3 en 1987 nas Costas de Fisterra, e ultimamente O PRESTIGE, que deixou o seu ronsel en toda a Costa e especialmente en Mux\u00eda, aut\u00e9ntica Zona cero do afundimento.<\/p>\n<p style=\"text-align: center;\">Nesta fant\u00e1stica viaxe por toda a Costa da Morte, visitaremos tam\u00e9n O MUSEO DE MAN en Camelle, FARO VILAN en Camari\u00f1as, O SANTUARIO D\u00c1 BARCA en Mux\u00eda, e O FARO DE FISTERRA, o verdadeiro Fin d\u00e1 Terra co\u00f1ecido, que xa fose reco\u00f1ecido como tal polos Gregos e Romanos en \u00e9pocas antigas.<\/p>\n<p style=\"text-align: center;\">Nesta impresionante ruta temos a posibilidade de co\u00f1ecer in situ como se traballa artesanalmente o ENCAIXE, e visitaremos alg\u00fan dos monumentos art\u00edsticos m\u00e1is importantes da Comarca, como a IGLESA ROM\u00c1NICA de San Xuli\u00e1n de Moraime (s. XIII).<\/p>\n<p style=\"text-align: center;\">Prezo: 30\u20ac persoa, con servizo de gu\u00eda. M\u00e1is de 4pax: 100\u20ac m\u00e1ximo.<br \/>\nSa\u00eddas: Desde calquera lugar de Costa da Morte \u00e1s 10 da ma\u00f1\u00e1 e \u00e1s 4 da tarde.<\/p>\n<p style=\"text-align: center;\">Gu\u00eda Profesional autorizado, varios idiomas: Ingl\u00e9s, frances, castel\u00e1n, portugu\u00e9s<\/p>\n<p style=\"text-align: center;\"><strong>MERGULLO<\/strong><\/p>\n<p style=\"text-align: center;\">Podes realizar distintas inmersi\u00f3ns segundo a t\u00faa categor\u00eda e nivel. Para iniciarche, nada mellor que o Bautismo de mergullo, a t\u00faa primeira experiencia submarina. Se o que buscas \u00e9 ir m\u00e1is al\u00f3, co Curso de mergullo obt\u00e9s a titulaci\u00f3n Open W\u00e1ter Diver. Se tes a titulaci\u00f3n PDL, AQUC, FEDAS, etc., previa confirmaci\u00f3n da mesma, xa podes empezar a mergullarche.<br \/>\nUnha z\u00f3diac ach\u00e9gache ata as inmediaci\u00f3ns de Illa Lobeira, para que practiques a modalidade elixida. Polo traxecto, visitas famosos naufraxios como o \u201cMar\u00eda del Carmen\u201d (1900), \u201cMont Parnasse\u201d (1940) e restos da flotilla de Mart\u00edn \u201cde Padilla\u201d do s\u00e9culo XVI.<\/p>\n<p style=\"text-align: center;\"><strong>SURF<\/strong><\/p>\n<p style=\"text-align: center;\">Pon a proba a t\u00faa adrenalina, e practica unha actividade chea de emoci\u00f3n, aventura, destreza, e coordinaci\u00f3n. Sorprenderasche a t\u00ed mesmo co r\u00e1pido que se aprende a manexar a t\u00e1boa. Tr\u00e1tase dunha especie de surfcamp pensado para todo tipo de p\u00fablico: familias, cuadrillas, pais intr\u00e9pidos amantes da aventura con fillos adolescentes, nenos, etc. En resumo un paquete de actividades pensado para todo o mundo.<br \/>\nA actividade real\u00edzase dacabalo entre d\u00faas das praias m\u00e1is belas de Costa da Morte: Estorde e Nemi\u00f1a.<\/p>\n<p style=\"text-align: center;\">Os cursos son de 4 d\u00edas:<\/p>\n<p style=\"text-align: center;\">1er d\u00eda : Clase te\u00f3rica (1 hora) + pr\u00e1ctica sen ondas (1 hora)<\/p>\n<p style=\"text-align: center;\">3 d\u00edas seguintes: pr\u00e1ctica con ondas (2 horas cada d\u00eda)<br \/>\nA empresa achega o material: T\u00e1boas, traxes, corda que une a t\u00e1boa, parafina..etc<\/p>\n<p style=\"text-align: center;\">As actividades do primeiro d\u00eda desenv\u00f3lvense na Praia de Estorde (Cee) e na Praia de Nemi\u00f1a, as pr\u00e1cticas con ondas.<\/p>\n<p style=\"text-align: center;\"><a class=\"btn btn-inline\" href=\"https:\/\/www.hotelsemaforodefisterra.com\/gl\/reservas-gal\/\">Ven a probalo\u2026repetir\u00e1s!!<\/a><\/p>\n<p>[\/vc_column_text][\/vc_column][\/vc_row][vc_row][vc_column]<h2 class=\"text-center\"><small>\u00bfQUERES VISITAR O noso HOTEL?<\/small>DELICATESSEN HOTEL O SEM\u00c1FORO DE FISTERRA<\/h2><div class='services-carousel  owl-with-navigation' data-owl-items='4' data-owl-nav='true' data-owl-nav-text='[\"Anterior\",\"Seguinte\"]' data-owl-loop='true' data-owl-autoplay='true' data-owl-speed='2000' data-owl-hover='true' data-owl-mobile='1' data-owl-tablet='2' data-owl-dots='false'><div class='item'><a href=\"https:\/\/www.hotelsemaforodefisterra.com\/gl\/habitacions\/\" class=\"link-image\" title=\"Habitaci\u00f3ns\"><img loading=\"lazy\" decoding=\"async\" width=\"586\" height=\"440\" src=\"https:\/\/www.hotelsemaforodefisterra.com\/wp-content\/uploads\/2016\/08\/habitacion-hotel-semaforo-fisterra.jpg\" class=\"attachment-large size-large\" alt=\"\" srcset=\"https:\/\/www.hotelsemaforodefisterra.com\/wp-content\/uploads\/2016\/08\/habitacion-hotel-semaforo-fisterra.jpg 586w, https:\/\/www.hotelsemaforodefisterra.com\/wp-content\/uploads\/2016\/08\/habitacion-hotel-semaforo-fisterra-300x225.jpg 300w\" sizes=\"(max-width: 586px) 100vw, 586px\" \/><\/a><div class=\"item-content\"><h4><a href=\"https:\/\/www.hotelsemaforodefisterra.com\/gl\/habitacions\/\">Habitaci\u00f3ns<\/a><\/h4><p>Situadas en primeira li\u00f1a do mar, ofrecen un universo de relax e confort infinito.<\/p><\/div><\/div><div class='item'><a href=\"https:\/\/www.hotelsemaforodefisterra.com\/gl\/restaurante-del-semaforo\/\" class=\"link-image\" title=\"Restaurante O semafORO\"><img loading=\"lazy\" decoding=\"async\" width=\"750\" height=\"401\" src=\"https:\/\/www.hotelsemaforodefisterra.com\/wp-content\/uploads\/2016\/07\/IMG_5736-1024x548-1024x548.jpg\" class=\"attachment-large size-large\" alt=\"\" srcset=\"https:\/\/www.hotelsemaforodefisterra.com\/wp-content\/uploads\/2016\/07\/IMG_5736-1024x548.jpg 1024w, https:\/\/www.hotelsemaforodefisterra.com\/wp-content\/uploads\/2016\/07\/IMG_5736-1024x548-300x161.jpg 300w, https:\/\/www.hotelsemaforodefisterra.com\/wp-content\/uploads\/2016\/07\/IMG_5736-1024x548-768x411.jpg 768w\" sizes=\"(max-width: 750px) 100vw, 750px\" \/><\/a><div class=\"item-content\"><h4><a href=\"https:\/\/www.hotelsemaforodefisterra.com\/gl\/restaurante-del-semaforo\/\">Restaurante O semafORO<\/a><\/h4><p>Unha ampla oferta gastron\u00f3mica centrada nos produtos de Galicia.<\/p><\/div><\/div><div class='item'><a href=\"https:\/\/www.hotelsemaforodefisterra.com\/gl\/o-refuxio-del-semaforo\/\" class=\"link-image\" title=\"O Refuxio del semafORO\"><img loading=\"lazy\" decoding=\"async\" width=\"750\" height=\"498\" src=\"https:\/\/www.hotelsemaforodefisterra.com\/wp-content\/uploads\/2016\/08\/Bar-o-sem\u00e1foro-de-fisterra-1024x680.jpg\" class=\"attachment-large size-large\" alt=\"\" srcset=\"https:\/\/www.hotelsemaforodefisterra.com\/wp-content\/uploads\/2016\/08\/Bar-o-sem\u00e1foro-de-fisterra-1024x680.jpg 1024w, https:\/\/www.hotelsemaforodefisterra.com\/wp-content\/uploads\/2016\/08\/Bar-o-sem\u00e1foro-de-fisterra-300x199.jpg 300w, https:\/\/www.hotelsemaforodefisterra.com\/wp-content\/uploads\/2016\/08\/Bar-o-sem\u00e1foro-de-fisterra-768x510.jpg 768w\" sizes=\"(max-width: 750px) 100vw, 750px\" \/><\/a><div class=\"item-content\"><h4><a href=\"https:\/\/www.hotelsemaforodefisterra.com\/gl\/o-refuxio-del-semaforo\/\">O Refuxio del semafORO<\/a><\/h4><p>Algo r\u00e1pido, rico e saboroso, que che permita gozar f\u00f3ra, fronte ao infinito<\/p><\/div><\/div><div class='item'><a href=\"https:\/\/www.hotelsemaforodefisterra.com\/gl\/fisterra\/\" class=\"link-image\" title=\"Finisterre\"><img loading=\"lazy\" decoding=\"async\" width=\"750\" height=\"563\" src=\"https:\/\/www.hotelsemaforodefisterra.com\/wp-content\/uploads\/2016\/07\/Costa-da-morte-faro-de-fisterra-1024x768.jpg\" class=\"attachment-large size-large\" alt=\"\" srcset=\"https:\/\/www.hotelsemaforodefisterra.com\/wp-content\/uploads\/2016\/07\/Costa-da-morte-faro-de-fisterra-1024x768.jpg 1024w, https:\/\/www.hotelsemaforodefisterra.com\/wp-content\/uploads\/2016\/07\/Costa-da-morte-faro-de-fisterra-300x225.jpg 300w, https:\/\/www.hotelsemaforodefisterra.com\/wp-content\/uploads\/2016\/07\/Costa-da-morte-faro-de-fisterra-768x576.jpg 768w\" sizes=\"(max-width: 750px) 100vw, 750px\" \/><\/a><div class=\"item-content\"><h4><a href=\"https:\/\/www.hotelsemaforodefisterra.com\/gl\/fisterra\/\">Finisterre<\/a><\/h4><p>O fin do cami\u00f1o, finis terrae.<\/p><\/div><\/div><div class='item'><a href=\"https:\/\/www.hotelsemaforodefisterra.com\/gl\/costa-da-morte\/\" class=\"link-image\" title=\"Costa da Morte\"><img loading=\"lazy\" decoding=\"async\" width=\"750\" height=\"475\" src=\"https:\/\/www.hotelsemaforodefisterra.com\/wp-content\/uploads\/2016\/08\/bota-peregrinos-finisterre-1024x648.jpg\" class=\"attachment-large size-large\" alt=\"\" srcset=\"https:\/\/www.hotelsemaforodefisterra.com\/wp-content\/uploads\/2016\/08\/bota-peregrinos-finisterre-1024x648.jpg 1024w, https:\/\/www.hotelsemaforodefisterra.com\/wp-content\/uploads\/2016\/08\/bota-peregrinos-finisterre-300x190.jpg 300w, https:\/\/www.hotelsemaforodefisterra.com\/wp-content\/uploads\/2016\/08\/bota-peregrinos-finisterre-768x486.jpg 768w\" sizes=\"(max-width: 750px) 100vw, 750px\" \/><\/a><div class=\"item-content\"><h4><a href=\"https:\/\/www.hotelsemaforodefisterra.com\/gl\/costa-da-morte\/\">Costa da Morte<\/a><\/h4><p>A tradici\u00f3n mari\u00f1eira da rexi\u00f3n vese reflectida nos seus costumes, nas s\u00faas festas e na s\u00faa gastronom\u00eda.<\/p><\/div><\/div><\/div>[\/vc_column][\/vc_row]<\/p>\n","protected":false},"excerpt":{"rendered":"<p>[vc_row full_width=&#8221;stretch_row&#8221; parallax=&#8221;content-moving&#8221; position=&#8221;right center&#8221; css=&#8221;.vc_custom_1472041585775{margin-top: 32px !important;background-image: url(https:\/\/www.hotelsemaforodefisterra.com\/wp-content\/uploads\/2016\/07\/surf-na-costa-da-morte.jpg?id=3016) !important;background-position: center;background-repeat: no-repeat !important;background-size: cover !important;}&#8221;][vc_column el_class=&#8221;white-box content-padding text-uppercase&#8221;][vc_column_text] Nos conf\u00edns [&hellip;]<\/p>\n","protected":false},"author":7,"featured_media":0,"parent":0,"menu_order":0,"comment_status":"closed","ping_status":"closed","template":"","meta":{"footnotes":"","_joinchat":[]},"_links":{"self":[{"href":"https:\/\/www.hotelsemaforodefisterra.com\/gl\/wp-json\/wp\/v2\/pages\/3732"}],"collection":[{"href":"https:\/\/www.hotelsemaforodefisterra.com\/gl\/wp-json\/wp\/v2\/pages"}],"about":[{"href":"https:\/\/www.hotelsemaforodefisterra.com\/gl\/wp-json\/wp\/v2\/types\/page"}],"author":[{"embeddable":true,"href":"https:\/\/www.hotelsemaforodefisterra.com\/gl\/wp-json\/wp\/v2\/users\/7"}],"replies":[{"embeddable":true,"href":"https:\/\/www.hotelsemaforodefisterra.com\/gl\/wp-json\/wp\/v2\/comments?post=3732"}],"version-history":[{"count":2,"href":"https:\/\/www.hotelsemaforodefisterra.com\/gl\/wp-json\/wp\/v2\/pages\/3732\/revisions"}],"predecessor-version":[{"id":3744,"href":"https:\/\/www.hotelsemaforodefisterra.com\/gl\/wp-json\/wp\/v2\/pages\/3732\/revisions\/3744"}],"wp:attachment":[{"href":"https:\/\/www.hotelsemaforodefisterra.com\/gl\/wp-json\/wp\/v2\/media?parent=3732"}],"curies":[{"name":"wp","href":"https:\/\/api.w.org\/{rel}","templated":true}]}}