{"id":3726,"date":"2016-07-28T09:18:35","date_gmt":"2016-07-28T09:18:35","guid":{"rendered":"http:\/\/www.hotelsemaforodefisterra.com\/gl\/fisterra\/"},"modified":"2016-09-14T15:40:18","modified_gmt":"2016-09-14T15:40:18","slug":"fisterra","status":"publish","type":"page","link":"https:\/\/www.hotelsemaforodefisterra.com\/gl\/fisterra\/","title":{"rendered":"Fisterra"},"content":{"rendered":"<p>[vc_row full_width=&#8221;stretch_row&#8221; parallax=&#8221;content-moving&#8221; position=&#8221;right center&#8221; css=&#8221;.vc_custom_1472224583210{margin-top: 32px !important;background-image: url(https:\/\/www.hotelsemaforodefisterra.com\/wp-content\/uploads\/2016\/07\/DSC02315.jpg?id=3370) !important;background-position: center;background-repeat: no-repeat !important;background-size: cover !important;}&#8221;][vc_column el_class=&#8221;white-box content-padding text-uppercase&#8221;][vc_column_text]<\/p>\n<h2 class=\"text-uppercase\" style=\"text-align: center;\"><small>Nos conf\u00edns<br \/>\n<\/small>FISTERRA<\/h2>\n<p style=\"text-align: center;\">O municipio de Fisterra \u00e1chase situado na vertente m\u00e1is occidental da provincia da Coru\u00f1a, na Comunidade Aut\u00f3noma de Galicia, a unha distancia duns 100 quil\u00f3metros da cidade de Santiago de Compostela e a 108 quil\u00f3metros da Coru\u00f1a. Conta Fisterra cunha extensi\u00f3n de aproximadamente 30 quil\u00f3metros cadrados e cunha poboaci\u00f3n pr\u00f3xima aos 5.042 habitantes.<\/p>\n<p style=\"text-align: center;\">Fisterra, como moitos dos territorios galegos, at\u00f3pase distribu\u00eddo en 4 entidades parroquiais: San Marti\u00f1o de Duio, San Vicente de Duio, Nosa Se\u00f1ora d\u00e1s Areas Fisterra e San Xo\u00e1n de Sardi\u00f1eiro. Etimol\u00f3gicamente, como \u00e9 sabido, leste pareceu ser para os antigos romanos, o Fin do Cami\u00f1o, finis terrae.<\/p>\n<p style=\"text-align: left;\"><strong>Monumentos e lugares de interese<\/strong><br \/>\nSon moitos os atractivos tur\u00edsticos que ofrece este municipio, tales como as praias, a paisaxe do litoral e o conxunto do seu patrimonio art\u00edstico-cultural:<\/p>\n<ul>\n<li style=\"text-align: left;\">A igrexa de San Vicenzo de Duio, que data do s\u00e9culo XVII, de estilo renancentista.<\/li>\n<li style=\"text-align: left;\">A igrexa de San Marti\u00f1o de Duio, que data do s\u00e9culo XVIII.<\/li>\n<li style=\"text-align: left;\">A igrexa de Santa Mar\u00eda D\u00e1s Areas, construci\u00f3n do s\u00e9culo XII, de estilo rom\u00e1nico.<\/li>\n<li style=\"text-align: left;\">A Casa Do Porto, mostra da arquitectura civil.<\/li>\n<li style=\"text-align: left;\">As diversas rutas que cruzan a localidade para contemplar de maneira total o inmenso valora natural, como a ruta ata o Cabo Fisterra.<\/li>\n<li style=\"text-align: left;\">Visita \u00e1s praias de Fisterra.<\/li>\n<\/ul>\n<p style=\"text-align: center;\"><a class=\"btn btn-inline\" href=\"https:\/\/www.hotelsemaforodefisterra.com\/gl\/reservas-gal\/\">O MELLOR SITIO DESDE ONDE CO\u00d1ECELO<\/a><\/p>\n<p>[\/vc_column_text][\/vc_column][\/vc_row][vc_row][vc_column]<h2 class=\"text-center\"><small>\u00bfQUERES VISITAR O noso HOTEL?<\/small>DELICATESSEN HOTEL O SEM\u00c1FORO DE FISTERRA<\/h2><div class='services-carousel  owl-with-navigation' data-owl-items='4' data-owl-nav='true' data-owl-nav-text='[\"Anterior\",\"Seguinte\"]' data-owl-loop='true' data-owl-autoplay='true' data-owl-speed='2000' data-owl-hover='true' data-owl-mobile='1' data-owl-tablet='2' data-owl-dots='false'><div class='item'><a href=\"https:\/\/www.hotelsemaforodefisterra.com\/gl\/habitacions\/\" class=\"link-image\" title=\"Habitaci\u00f3ns\"><img loading=\"lazy\" decoding=\"async\" width=\"586\" height=\"440\" src=\"https:\/\/www.hotelsemaforodefisterra.com\/wp-content\/uploads\/2016\/08\/habitacion-hotel-semaforo-fisterra.jpg\" class=\"attachment-large size-large\" alt=\"\" srcset=\"https:\/\/www.hotelsemaforodefisterra.com\/wp-content\/uploads\/2016\/08\/habitacion-hotel-semaforo-fisterra.jpg 586w, https:\/\/www.hotelsemaforodefisterra.com\/wp-content\/uploads\/2016\/08\/habitacion-hotel-semaforo-fisterra-300x225.jpg 300w\" sizes=\"(max-width: 586px) 100vw, 586px\" \/><\/a><div class=\"item-content\"><h4><a href=\"https:\/\/www.hotelsemaforodefisterra.com\/gl\/habitacions\/\">Habitaci\u00f3ns<\/a><\/h4><p>Situadas en primeira li\u00f1a do mar, ofrecen un universo de relax e confort infinito.<\/p><\/div><\/div><div class='item'><a href=\"https:\/\/www.hotelsemaforodefisterra.com\/gl\/restaurante-del-semaforo\/\" class=\"link-image\" title=\"Restaurante O semafORO\"><img loading=\"lazy\" decoding=\"async\" width=\"750\" height=\"401\" src=\"https:\/\/www.hotelsemaforodefisterra.com\/wp-content\/uploads\/2016\/07\/IMG_5736-1024x548-1024x548.jpg\" class=\"attachment-large size-large\" alt=\"\" srcset=\"https:\/\/www.hotelsemaforodefisterra.com\/wp-content\/uploads\/2016\/07\/IMG_5736-1024x548.jpg 1024w, https:\/\/www.hotelsemaforodefisterra.com\/wp-content\/uploads\/2016\/07\/IMG_5736-1024x548-300x161.jpg 300w, https:\/\/www.hotelsemaforodefisterra.com\/wp-content\/uploads\/2016\/07\/IMG_5736-1024x548-768x411.jpg 768w\" sizes=\"(max-width: 750px) 100vw, 750px\" \/><\/a><div class=\"item-content\"><h4><a href=\"https:\/\/www.hotelsemaforodefisterra.com\/gl\/restaurante-del-semaforo\/\">Restaurante O semafORO<\/a><\/h4><p>Unha ampla oferta gastron\u00f3mica centrada nos produtos de Galicia.<\/p><\/div><\/div><div class='item'><a href=\"https:\/\/www.hotelsemaforodefisterra.com\/gl\/o-refuxio-del-semaforo\/\" class=\"link-image\" title=\"O Refuxio del semafORO\"><img loading=\"lazy\" decoding=\"async\" width=\"750\" height=\"498\" src=\"https:\/\/www.hotelsemaforodefisterra.com\/wp-content\/uploads\/2016\/08\/Bar-o-sem\u00e1foro-de-fisterra-1024x680.jpg\" class=\"attachment-large size-large\" alt=\"\" srcset=\"https:\/\/www.hotelsemaforodefisterra.com\/wp-content\/uploads\/2016\/08\/Bar-o-sem\u00e1foro-de-fisterra-1024x680.jpg 1024w, https:\/\/www.hotelsemaforodefisterra.com\/wp-content\/uploads\/2016\/08\/Bar-o-sem\u00e1foro-de-fisterra-300x199.jpg 300w, https:\/\/www.hotelsemaforodefisterra.com\/wp-content\/uploads\/2016\/08\/Bar-o-sem\u00e1foro-de-fisterra-768x510.jpg 768w\" sizes=\"(max-width: 750px) 100vw, 750px\" \/><\/a><div class=\"item-content\"><h4><a href=\"https:\/\/www.hotelsemaforodefisterra.com\/gl\/o-refuxio-del-semaforo\/\">O Refuxio del semafORO<\/a><\/h4><p>Algo r\u00e1pido, rico e saboroso, que che permita gozar f\u00f3ra, fronte ao infinito<\/p><\/div><\/div><div class='item'><a href=\"https:\/\/www.hotelsemaforodefisterra.com\/gl\/fisterra\/\" class=\"link-image\" title=\"Finisterre\"><img loading=\"lazy\" decoding=\"async\" width=\"750\" height=\"563\" src=\"https:\/\/www.hotelsemaforodefisterra.com\/wp-content\/uploads\/2016\/07\/Costa-da-morte-faro-de-fisterra-1024x768.jpg\" class=\"attachment-large size-large\" alt=\"\" srcset=\"https:\/\/www.hotelsemaforodefisterra.com\/wp-content\/uploads\/2016\/07\/Costa-da-morte-faro-de-fisterra-1024x768.jpg 1024w, https:\/\/www.hotelsemaforodefisterra.com\/wp-content\/uploads\/2016\/07\/Costa-da-morte-faro-de-fisterra-300x225.jpg 300w, https:\/\/www.hotelsemaforodefisterra.com\/wp-content\/uploads\/2016\/07\/Costa-da-morte-faro-de-fisterra-768x576.jpg 768w\" sizes=\"(max-width: 750px) 100vw, 750px\" \/><\/a><div class=\"item-content\"><h4><a href=\"https:\/\/www.hotelsemaforodefisterra.com\/gl\/fisterra\/\">Finisterre<\/a><\/h4><p>O fin do cami\u00f1o, finis terrae.<\/p><\/div><\/div><div class='item'><a href=\"https:\/\/www.hotelsemaforodefisterra.com\/gl\/costa-da-morte\/\" class=\"link-image\" title=\"Costa da Morte\"><img loading=\"lazy\" decoding=\"async\" width=\"750\" height=\"475\" src=\"https:\/\/www.hotelsemaforodefisterra.com\/wp-content\/uploads\/2016\/08\/bota-peregrinos-finisterre-1024x648.jpg\" class=\"attachment-large size-large\" alt=\"\" srcset=\"https:\/\/www.hotelsemaforodefisterra.com\/wp-content\/uploads\/2016\/08\/bota-peregrinos-finisterre-1024x648.jpg 1024w, https:\/\/www.hotelsemaforodefisterra.com\/wp-content\/uploads\/2016\/08\/bota-peregrinos-finisterre-300x190.jpg 300w, https:\/\/www.hotelsemaforodefisterra.com\/wp-content\/uploads\/2016\/08\/bota-peregrinos-finisterre-768x486.jpg 768w\" sizes=\"(max-width: 750px) 100vw, 750px\" \/><\/a><div class=\"item-content\"><h4><a href=\"https:\/\/www.hotelsemaforodefisterra.com\/gl\/costa-da-morte\/\">Costa da Morte<\/a><\/h4><p>A tradici\u00f3n mari\u00f1eira da rexi\u00f3n vese reflectida nos seus costumes, nas s\u00faas festas e na s\u00faa gastronom\u00eda.<\/p><\/div><\/div><\/div>[\/vc_column][\/vc_row]<\/p>\n","protected":false},"excerpt":{"rendered":"<p>[vc_row full_width=&#8221;stretch_row&#8221; parallax=&#8221;content-moving&#8221; position=&#8221;right center&#8221; css=&#8221;.vc_custom_1472224583210{margin-top: 32px !important;background-image: url(https:\/\/www.hotelsemaforodefisterra.com\/wp-content\/uploads\/2016\/07\/DSC02315.jpg?id=3370) !important;background-position: center;background-repeat: no-repeat !important;background-size: cover !important;}&#8221;][vc_column el_class=&#8221;white-box content-padding text-uppercase&#8221;][vc_column_text] Nos conf\u00edns [&hellip;]<\/p>\n","protected":false},"author":7,"featured_media":0,"parent":0,"menu_order":0,"comment_status":"closed","ping_status":"closed","template":"","meta":{"footnotes":"","_joinchat":[]},"_links":{"self":[{"href":"https:\/\/www.hotelsemaforodefisterra.com\/gl\/wp-json\/wp\/v2\/pages\/3726"}],"collection":[{"href":"https:\/\/www.hotelsemaforodefisterra.com\/gl\/wp-json\/wp\/v2\/pages"}],"about":[{"href":"https:\/\/www.hotelsemaforodefisterra.com\/gl\/wp-json\/wp\/v2\/types\/page"}],"author":[{"embeddable":true,"href":"https:\/\/www.hotelsemaforodefisterra.com\/gl\/wp-json\/wp\/v2\/users\/7"}],"replies":[{"embeddable":true,"href":"https:\/\/www.hotelsemaforodefisterra.com\/gl\/wp-json\/wp\/v2\/comments?post=3726"}],"version-history":[{"count":3,"href":"https:\/\/www.hotelsemaforodefisterra.com\/gl\/wp-json\/wp\/v2\/pages\/3726\/revisions"}],"predecessor-version":[{"id":3738,"href":"https:\/\/www.hotelsemaforodefisterra.com\/gl\/wp-json\/wp\/v2\/pages\/3726\/revisions\/3738"}],"wp:attachment":[{"href":"https:\/\/www.hotelsemaforodefisterra.com\/gl\/wp-json\/wp\/v2\/media?parent=3726"}],"curies":[{"name":"wp","href":"https:\/\/api.w.org\/{rel}","templated":true}]}}