{"id":3688,"date":"2016-08-05T09:27:42","date_gmt":"2016-08-05T09:27:42","guid":{"rendered":"http:\/\/www.hotelsemaforodefisterra.com\/gl\/espacios-interiores\/"},"modified":"2026-02-06T17:48:03","modified_gmt":"2026-02-06T16:48:03","slug":"espacios-interiores","status":"publish","type":"page","link":"https:\/\/www.hotelsemaforodefisterra.com\/gl\/espacios-interiores\/","title":{"rendered":"Espazos interiores"},"content":{"rendered":"<p>[vc_row css=&#8221;.vc_custom_1472121972925{background-position: center !important;background-repeat: no-repeat !important;background-size: cover !important;}&#8221; el_class=&#8221;content-padding-xxl&#8221;][vc_column width=&#8221;1\/2&#8243;][vc_gallery images=&#8221;3339,3340&#8243; img_size=&#8221;large&#8221; columns=&#8221;1&#8243;][\/vc_column][vc_column width=&#8221;1\/2&#8243;][vc_column_text]<\/p>\n<h2><small><strong>SO\u00d1AR NO\u00a0INFINITO<\/strong><\/small>ESPAZOS INTERIORES<\/h2>\n<p style=\"text-align: justify;\">Este pequeno hotel est\u00e1 cheo de m\u00e1xicos recunchos onde atopar o teu refuxio e o teu momento.<\/p>\n<p style=\"text-align: justify;\">O noso coqueto sal\u00f3n social \u00e9 o espazo ideal para a lectura e a abstracci\u00f3n. Nas noites de inverno conv\u00e9rtese no recuncho favorito para amenos faladoiros sobre a mar, os ventos, as tormentas, o cami\u00f1o\u2026<\/p>\n<p style=\"text-align: justify;\">Unha pequena cafeter\u00eda d\u00e1 cabida a 7 mesas suspendidas \u00e1 beira de cada xanela, a modo dos antigos \u201cparladoiros\u201d, un \u201co teu e eu\u201d \u00fanico, onde ter\u00e1s as mellores vistas ao infinito, o punto m\u00e1is alto desde onde contemplar esta marabilla de cabo e onde compartir, con quen m\u00e1is queiras, un momento tan especial.<\/p>\n<p style=\"text-align: justify;\">Un comedor onde deleitarse coas exquisiteces propias deste delicatessen hotel. Recunchos \u00fanicos onde poder\u00e1s abstraerte de todo e de todos, espazos dese\u00f1ados para que o teu xantar ou cea conv\u00e9rtanse nunha experiencia \u00edntima, privada e especial.<\/p>\n<p style=\"text-align: justify;\">Espazos cheos de vida: todo o establecemento est\u00e1 decorado con produtos da nosa terra, produtos gourmet. Estanterias, vitrinas e expositores que percorren todo o establecemento, cheo de tentaci\u00f3ns para os cinco sentidos e para que te deixes namorar pola nosa delicias culinarias: aos tradicionais vi\u00f1os e bagazos de afamado reco\u00f1ecemento mundial, agora po\u00f1emos \u00e1 t\u00faa disposici\u00f3n espumosos, vermuts, cervexas, xenebras, rones e un longo etc\u00e9tera de produtos galegos de calidade extraordinaria, para que os degustes, c\u00e1telos e p\u00f3idalos consumir. Unha infinidade de sabores e produtos que forman parte da nosa decoraci\u00f3n e enchen os espazos e cada recuncho deste establecemento<\/p>\n<p>[\/vc_column_text][vc_btn title=&#8221;VEN A CO\u00d1ECER OS NOSOS RECUNCHOS \u00daNICOS&#8221; style=&#8221;outline-custom&#8221; outline_custom_color=&#8221;#ad854d&#8221; outline_custom_hover_background=&#8221;#666666&#8243; outline_custom_hover_text=&#8221;#ffffff&#8221; align=&#8221;center&#8221; link=&#8221;url:http%3A%2F%2Fwww.hotelsemaforodefisterra.com%2Fgl%2Freservas-gal%2F||&#8221;][\/vc_column][\/vc_row][vc_row][vc_column]<h2 class=\"text-center\"><small>UNHA EXPERIENCIA UNICA E MEMORABLE<\/small>DELICATESSEN HOTEL O SEMAFORO DE FISTERRA<\/h2><div class='services-carousel  owl-with-navigation' data-owl-items='4' data-owl-nav='true' data-owl-nav-text='[\"Anterior\",\"Seguiente\"]' data-owl-loop='true' data-owl-autoplay='true' data-owl-speed='2000' data-owl-hover='true' data-owl-mobile='1' data-owl-tablet='2' data-owl-dots='false'><div class='item'><a href=\"https:\/\/www.hotelsemaforodefisterra.com\/gl\/habitacions\/\" class=\"link-image\" title=\"Habitaci\u00f3n do naufraxio\"><img loading=\"lazy\" decoding=\"async\" width=\"750\" height=\"500\" src=\"https:\/\/www.hotelsemaforodefisterra.com\/wp-content\/uploads\/2026\/02\/hn-naufraxio-hotel-semaforo-fisterra-1024x683.jpg\" class=\"attachment-large size-large\" alt=\"\" srcset=\"https:\/\/www.hotelsemaforodefisterra.com\/wp-content\/uploads\/2026\/02\/hn-naufraxio-hotel-semaforo-fisterra-1024x683.jpg 1024w, https:\/\/www.hotelsemaforodefisterra.com\/wp-content\/uploads\/2026\/02\/hn-naufraxio-hotel-semaforo-fisterra-300x200.jpg 300w, https:\/\/www.hotelsemaforodefisterra.com\/wp-content\/uploads\/2026\/02\/hn-naufraxio-hotel-semaforo-fisterra-768x512.jpg 768w, https:\/\/www.hotelsemaforodefisterra.com\/wp-content\/uploads\/2026\/02\/hn-naufraxio-hotel-semaforo-fisterra.jpg 1500w\" sizes=\"(max-width: 750px) 100vw, 750px\" \/><\/a><div class=\"item-content\"><h4><a href=\"https:\/\/www.hotelsemaforodefisterra.com\/gl\/habitacions\/\">Habitaci\u00f3n do naufraxio<\/a><\/h4><p>Nesta habitaci\u00f3n formar\u00e1s parte da historia, a historia dos naufraxios que se cobrou este cabo. Habitaci\u00f3n tematizada con elementos do mar, de barcos centenarios, de naufraxios de lenda. Descubrir\u00e1s secretos que s\u00f3 esta habitaci\u00f3n rumorearache<\/p><\/div><\/div><div class='item'><a href=\"https:\/\/www.hotelsemaforodefisterra.com\/gl\/habitacions\/\" class=\"link-image\" title=\"Habitaci\u00f3n Semaforo\"><img loading=\"lazy\" decoding=\"async\" width=\"750\" height=\"500\" src=\"https:\/\/www.hotelsemaforodefisterra.com\/wp-content\/uploads\/2026\/02\/hb-semaforo-desayuno-hotel-semaforo-fisterra-1024x683.jpg\" class=\"attachment-large size-large\" alt=\"\" srcset=\"https:\/\/www.hotelsemaforodefisterra.com\/wp-content\/uploads\/2026\/02\/hb-semaforo-desayuno-hotel-semaforo-fisterra-1024x683.jpg 1024w, https:\/\/www.hotelsemaforodefisterra.com\/wp-content\/uploads\/2026\/02\/hb-semaforo-desayuno-hotel-semaforo-fisterra-300x200.jpg 300w, https:\/\/www.hotelsemaforodefisterra.com\/wp-content\/uploads\/2026\/02\/hb-semaforo-desayuno-hotel-semaforo-fisterra-768x512.jpg 768w, https:\/\/www.hotelsemaforodefisterra.com\/wp-content\/uploads\/2026\/02\/hb-semaforo-desayuno-hotel-semaforo-fisterra.jpg 1500w\" sizes=\"(max-width: 750px) 100vw, 750px\" \/><\/a><div class=\"item-content\"><h4><a href=\"https:\/\/www.hotelsemaforodefisterra.com\/gl\/habitacions\/\">Habitaci\u00f3n Semaforo<\/a><\/h4><p>A comunicaci\u00f3n entre o Faro e os barcos, se cara a a trav\u00e9s de sinais de bandeiras, situadas nestas edificaci\u00f3ns chamadas sem\u00e1foros, \u00e1 beira do Faro. Nesta habitaci\u00f3n recreamos esa comunicaci\u00f3n e damos vida a esa linguaxe<\/p><\/div><\/div><div class='item'><a href=\"https:\/\/www.hotelsemaforodefisterra.com\/gl\/habitacions\/\" class=\"link-image\" title=\"Habitaci\u00f3n dos faros\"><img loading=\"lazy\" decoding=\"async\" width=\"750\" height=\"500\" src=\"https:\/\/www.hotelsemaforodefisterra.com\/wp-content\/uploads\/2026\/02\/hb-faros-desayuno-hotel-semaforo-finisterre-1024x683.jpg\" class=\"attachment-large size-large\" alt=\"\" srcset=\"https:\/\/www.hotelsemaforodefisterra.com\/wp-content\/uploads\/2026\/02\/hb-faros-desayuno-hotel-semaforo-finisterre-1024x683.jpg 1024w, https:\/\/www.hotelsemaforodefisterra.com\/wp-content\/uploads\/2026\/02\/hb-faros-desayuno-hotel-semaforo-finisterre-300x200.jpg 300w, https:\/\/www.hotelsemaforodefisterra.com\/wp-content\/uploads\/2026\/02\/hb-faros-desayuno-hotel-semaforo-finisterre-768x512.jpg 768w, https:\/\/www.hotelsemaforodefisterra.com\/wp-content\/uploads\/2026\/02\/hb-faros-desayuno-hotel-semaforo-finisterre.jpg 1500w\" sizes=\"(max-width: 750px) 100vw, 750px\" \/><\/a><div class=\"item-content\"><h4><a href=\"https:\/\/www.hotelsemaforodefisterra.com\/gl\/habitacions\/\">Habitaci\u00f3n dos faros<\/a><\/h4><p>Non estar\u00e1s s\u00f3 nesta habitaci\u00f3n\u2026acompa\u00f1\u00e1senche os faros m\u00e1is importantes de Galicia. Nesta habitaci\u00f3n ver\u00e1s pasar o reflexo da luz do faro, cada 4 segundos ser\u00e1s testemu\u00f1a da s\u00faa luz, da \u00faltima luz a este lado do continente, da \u00faltima luz que viron moitos n\u00e1ufragos e desa luz que salvou tantas vidas.<\/p><\/div><\/div><div class='item'><a href=\"https:\/\/www.hotelsemaforodefisterra.com\/gl\/habitacions\/\" class=\"link-image\" title=\"Habitaci\u00f3n Stellae\"><img loading=\"lazy\" decoding=\"async\" width=\"750\" height=\"500\" src=\"https:\/\/www.hotelsemaforodefisterra.com\/wp-content\/uploads\/2026\/02\/hb-stellae-desayuno-hotel-semaforo-fisterra-1024x683.jpg\" class=\"attachment-large size-large\" alt=\"\" srcset=\"https:\/\/www.hotelsemaforodefisterra.com\/wp-content\/uploads\/2026\/02\/hb-stellae-desayuno-hotel-semaforo-fisterra-1024x683.jpg 1024w, https:\/\/www.hotelsemaforodefisterra.com\/wp-content\/uploads\/2026\/02\/hb-stellae-desayuno-hotel-semaforo-fisterra-300x200.jpg 300w, https:\/\/www.hotelsemaforodefisterra.com\/wp-content\/uploads\/2026\/02\/hb-stellae-desayuno-hotel-semaforo-fisterra-768x512.jpg 768w, https:\/\/www.hotelsemaforodefisterra.com\/wp-content\/uploads\/2026\/02\/hb-stellae-desayuno-hotel-semaforo-fisterra.jpg 1500w\" sizes=\"(max-width: 750px) 100vw, 750px\" \/><\/a><div class=\"item-content\"><h4><a href=\"https:\/\/www.hotelsemaforodefisterra.com\/gl\/habitacions\/\">Habitaci\u00f3n Stellae<\/a><\/h4><p>A via l\u00e1ctea pasa xusto sobre este hotel e en noites estreladas poder\u00e1s sentir como formas parte dela. Sentir unha estrela formando parte desta via cara ao infinito.<\/p><\/div><\/div><div class='item'><a href=\"https:\/\/www.hotelsemaforodefisterra.com\/gl\/habitacions\/\" class=\"link-image\" title=\"Habitaci\u00f3n dos ventos\"><img loading=\"lazy\" decoding=\"async\" width=\"750\" height=\"500\" src=\"https:\/\/www.hotelsemaforodefisterra.com\/wp-content\/uploads\/2026\/02\/hb-ventos-almuerzo-hotel-semaforo-finisterre-1024x683.jpg\" class=\"attachment-large size-large\" alt=\"\" srcset=\"https:\/\/www.hotelsemaforodefisterra.com\/wp-content\/uploads\/2026\/02\/hb-ventos-almuerzo-hotel-semaforo-finisterre-1024x683.jpg 1024w, https:\/\/www.hotelsemaforodefisterra.com\/wp-content\/uploads\/2026\/02\/hb-ventos-almuerzo-hotel-semaforo-finisterre-300x200.jpg 300w, https:\/\/www.hotelsemaforodefisterra.com\/wp-content\/uploads\/2026\/02\/hb-ventos-almuerzo-hotel-semaforo-finisterre-768x512.jpg 768w, https:\/\/www.hotelsemaforodefisterra.com\/wp-content\/uploads\/2026\/02\/hb-ventos-almuerzo-hotel-semaforo-finisterre.jpg 1500w\" sizes=\"(max-width: 750px) 100vw, 750px\" \/><\/a><div class=\"item-content\"><h4><a href=\"https:\/\/www.hotelsemaforodefisterra.com\/gl\/habitacions\/\">Habitaci\u00f3n dos ventos<\/a><\/h4><p>En noites de tormenta e vendaval sentir\u00e1s desde esta habitaci\u00f3n, a de MAR DE FORA, a m\u00e1is batida polo vento e a m\u00e1is azoutada pola choiva, como formas parte dunha onda que che traga e engole. Unha sensaci\u00f3n m\u00e1xica onde sentir de maneira segura e confortable, o feroz vento do \u201cNORD\u00c9S\u201d<\/p><\/div><\/div><\/div>[\/vc_column][\/vc_row]<\/p>\n","protected":false},"excerpt":{"rendered":"<p>[vc_row css=&#8221;.vc_custom_1472121972925{background-position: center !important;background-repeat: no-repeat !important;background-size: cover !important;}&#8221; el_class=&#8221;content-padding-xxl&#8221;][vc_column width=&#8221;1\/2&#8243;][vc_gallery images=&#8221;3339,3340&#8243; img_size=&#8221;large&#8221; columns=&#8221;1&#8243;][\/vc_column][vc_column width=&#8221;1\/2&#8243;][vc_column_text] SO\u00d1AR NO\u00a0INFINITOESPAZOS INTERIORES Este pequeno hotel [&hellip;]<\/p>\n","protected":false},"author":7,"featured_media":0,"parent":0,"menu_order":0,"comment_status":"closed","ping_status":"closed","template":"","meta":{"footnotes":"","_joinchat":[]},"_links":{"self":[{"href":"https:\/\/www.hotelsemaforodefisterra.com\/gl\/wp-json\/wp\/v2\/pages\/3688"}],"collection":[{"href":"https:\/\/www.hotelsemaforodefisterra.com\/gl\/wp-json\/wp\/v2\/pages"}],"about":[{"href":"https:\/\/www.hotelsemaforodefisterra.com\/gl\/wp-json\/wp\/v2\/types\/page"}],"author":[{"embeddable":true,"href":"https:\/\/www.hotelsemaforodefisterra.com\/gl\/wp-json\/wp\/v2\/users\/7"}],"replies":[{"embeddable":true,"href":"https:\/\/www.hotelsemaforodefisterra.com\/gl\/wp-json\/wp\/v2\/comments?post=3688"}],"version-history":[{"count":5,"href":"https:\/\/www.hotelsemaforodefisterra.com\/gl\/wp-json\/wp\/v2\/pages\/3688\/revisions"}],"predecessor-version":[{"id":9815,"href":"https:\/\/www.hotelsemaforodefisterra.com\/gl\/wp-json\/wp\/v2\/pages\/3688\/revisions\/9815"}],"wp:attachment":[{"href":"https:\/\/www.hotelsemaforodefisterra.com\/gl\/wp-json\/wp\/v2\/media?parent=3688"}],"curies":[{"name":"wp","href":"https:\/\/api.w.org\/{rel}","templated":true}]}}