{"id":3679,"date":"2016-07-15T11:40:48","date_gmt":"2016-07-15T11:40:48","guid":{"rendered":"http:\/\/www.hotelsemaforodefisterra.com\/gl\/habitaciones\/"},"modified":"2025-09-22T18:00:50","modified_gmt":"2025-09-22T16:00:50","slug":"habitacions","status":"publish","type":"page","link":"https:\/\/www.hotelsemaforodefisterra.com\/gl\/habitacions\/","title":{"rendered":"Habitaci\u00f3ns"},"content":{"rendered":"<p>[vc_row position=&#8221;center right&#8221; css=&#8221;.vc_custom_1436463840612{background-position: center !important;background-repeat: no-repeat !important;background-size: contain !important;}&#8221;][vc_column width=&#8221;2\/3&#8243;][vc_column_text]Situadas no Fin do Mundo\u2026 ofrecen un universo de relax e confort infinito.<br \/>\nCada unha das nosas habitaci\u00f3ns \u00e9 \u00fanica; para sorprenderche, para consentirche e para que te sintas especial. Cun equipamento de m\u00e1xima categor\u00eda, agasallar\u00e9mosche con detalles que fagan da t\u00faa estancia un recordo \u00fanico e especial.<\/p>\n<h3>Atopa a habitaci\u00f3n que m\u00e1is se adapte ao teu gusto<\/h3>\n<p>Camas King Size, edred\u00f3n n\u00f3rdico, dobre cojin, ba\u00f1eira hidromasaxe, dobre lavabo, amenities bionature, espello de aumento, secador de pelo, tv 42\u201d, room service, caixa de seguridade, silencio infinito ou son dolby vendaval, vistas ao cabo do mundo, mar por medio Nova York,\u2026o resto da experiencia\u2026\u00e9 cousa t\u00faa.[\/vc_column_text][\/vc_column][vc_column width=&#8221;1\/4&#8243; offset=&#8221;vc_col-sm-offset-1&#8243;][vc_column_text]<\/p>\n<div class=\"text-center well\">\n<span class='hotel-icon-241 hi-3x color-primary hi-boxed' ><\/span>\n<h3><small>Ch\u00e1manos e comproba dispo\u00f1ibilidade<\/small><\/h3>\n<h3>+34 981 110 210<\/h3>\n<h3>+34 607 778 240<\/h3>\n<p><small>Dispo\u00f1ibles 24\/7<br \/>\nDe Luns a Domingo<\/small><\/p>\n<\/div>\n<p>[\/vc_column_text][\/vc_column][\/vc_row][vc_row full_width=&#8221;stretch_row&#8221; parallax=&#8221;content-moving&#8221; parallax_image=&#8221;9083&#8243; video_cover=&#8221;1340&#8243;][vc_column width=&#8221;1\/2&#8243; offset=&#8221;vc_col-sm-offset-6&#8243;][vc_column_text el_class=&#8221;white-box content-padding&#8221;]<\/p>\n<h2 id=\"cove\" class=\"text-uppercase\" style=\"text-align: left;\"><small>DESDE \u00a0180\u20ac \/ NOITE <\/small><a href=\"https:\/\/www.hotelsemaforodefisterra.com\/gl\/habitacion-stellae\/\">HABITACI\u00d3N STELLAE<\/a><\/h2>\n<p>A via l\u00e1ctea pasa xusto sobre este hotel e en noites estreladas poder\u00e1s sentir como formas parte dela. Sentir unha estrela formando parte desta via cara ao infinito.<\/p>\n<p><a class=\"btn btn-inline\" href=\"https:\/\/www.hotelsemaforodefisterra.com\/gl\/habitacion-stellae\/\">M\u00c1IS INFO<\/a>[\/vc_column_text][\/vc_column][\/vc_row][vc_row full_width=&#8221;stretch_row_content&#8221;][vc_column width=&#8221;1\/3&#8243;][vc_column_text]<\/p>\n<h2 id=\"view\" class=\"text-uppercase text-center\" style=\"text-align: center;\"><small>DESDE 160\u20ac \/ NOITE<\/small><a href=\"https:\/\/www.hotelsemaforodefisterra.com\/gl\/habitacion-semaforo\/\">HABITACI\u00d3N\u00a0SEM\u00c1FORO<\/a><\/h2>\n<p style=\"text-align: center;\"><a href=\"https:\/\/www.hotelsemaforodefisterra.com\/gl\/habitacion-semaforo\/\"><img loading=\"lazy\" decoding=\"async\" class=\"wp-image-9212 size-full aligncenter\" src=\"https:\/\/www.hotelsemaforodefisterra.com\/wp-content\/uploads\/2025\/03\/Habitaciondos-semaforo-hotel-semaforo-fisterra.jpg\" alt=\"\" width=\"1500\" height=\"1000\" srcset=\"https:\/\/www.hotelsemaforodefisterra.com\/wp-content\/uploads\/2025\/03\/Habitaciondos-semaforo-hotel-semaforo-fisterra.jpg 1500w, https:\/\/www.hotelsemaforodefisterra.com\/wp-content\/uploads\/2025\/03\/Habitaciondos-semaforo-hotel-semaforo-fisterra-300x200.jpg 300w, https:\/\/www.hotelsemaforodefisterra.com\/wp-content\/uploads\/2025\/03\/Habitaciondos-semaforo-hotel-semaforo-fisterra-1024x683.jpg 1024w, https:\/\/www.hotelsemaforodefisterra.com\/wp-content\/uploads\/2025\/03\/Habitaciondos-semaforo-hotel-semaforo-fisterra-768x512.jpg 768w\" sizes=\"(max-width: 1500px) 100vw, 1500px\" \/><\/a><\/p>\n<p style=\"text-align: center;\">A comunicaci\u00f3n entre o Faro e os barcos, se cara a a trav\u00e9s de sinais de bandeiras, situadas nestas edificaci\u00f3ns chamadas sem\u00e1foros, \u00e1 beira do Faro. Nesta habitaci\u00f3n recreamos esa comunicaci\u00f3n e damos vida a esa linguaxe<\/p>\n<p style=\"text-align: center;\"><a class=\"btn btn-inline\" href=\"https:\/\/www.hotelsemaforodefisterra.com\/gl\/habitacion-semaforo\/\">M\u00c1IS INFO<\/a><\/p>\n<p>[\/vc_column_text][\/vc_column][vc_column width=&#8221;1\/3&#8243;][vc_column_text]<\/p>\n<h2 id=\"sideview\" class=\"text-uppercase text-center\" style=\"text-align: center;\"><small>DESDE 180\u20ac \/ NOITE<\/small><a href=\"https:\/\/www.hotelsemaforodefisterra.com\/gl\/habitacion-dos-faros\/\">HABITACI\u00d3N\u00a0DOS FAROS<\/a><\/h2>\n<p><a href=\"https:\/\/www.hotelsemaforodefisterra.com\/gl\/habitacion-dos-faros\/\"><img loading=\"lazy\" decoding=\"async\" class=\"wp-image-9164 size-full aligncenter\" src=\"https:\/\/www.hotelsemaforodefisterra.com\/wp-content\/uploads\/2025\/03\/Habitaciondos-faros-hotel-semaforo-fisterra.jpg\" alt=\"\" width=\"1500\" height=\"1000\" srcset=\"https:\/\/www.hotelsemaforodefisterra.com\/wp-content\/uploads\/2025\/03\/Habitaciondos-faros-hotel-semaforo-fisterra.jpg 1500w, https:\/\/www.hotelsemaforodefisterra.com\/wp-content\/uploads\/2025\/03\/Habitaciondos-faros-hotel-semaforo-fisterra-300x200.jpg 300w, https:\/\/www.hotelsemaforodefisterra.com\/wp-content\/uploads\/2025\/03\/Habitaciondos-faros-hotel-semaforo-fisterra-1024x683.jpg 1024w, https:\/\/www.hotelsemaforodefisterra.com\/wp-content\/uploads\/2025\/03\/Habitaciondos-faros-hotel-semaforo-fisterra-768x512.jpg 768w\" sizes=\"(max-width: 1500px) 100vw, 1500px\" \/><\/a><\/p>\n<p style=\"text-align: center;\">Non estar\u00e1s s\u00f3 nesta habitaci\u00f3n\u2026acompa\u00f1\u00e1senche os faros m\u00e1is importantes de Galicia. Nesta habitaci\u00f3n ver\u00e1s pasar o reflexo da luz do faro, cada 4 segundos ser\u00e1s testemu\u00f1a da s\u00faa luz, da \u00faltima luz a este lado do continente, da \u00faltima luz que viron moitos n\u00e1ufragos e desa luz que salvou tantas vidas.<\/p>\n<p style=\"text-align: center;\"><a class=\"btn btn-inline\" href=\"https:\/\/www.hotelsemaforodefisterra.com\/gl\/habitacion-dos-faros\/\">M\u00c1IS INFO<\/a><\/p>\n<p>[\/vc_column_text][\/vc_column][vc_column width=&#8221;1\/3&#8243; offset=&#8221;vc_hidden-lg vc_hidden-md vc_hidden-sm vc_hidden-xs&#8221;][vc_column_text]<\/p>\n<h2 id=\"sideview\" class=\"text-uppercase text-center\" style=\"text-align: center;\"><small>DESDE 99\u20ac \/\u00a0NOITE<\/small><a href=\"https:\/\/www.hotelsemaforodefisterra.com\/gl\/habitacion-agocho\/\">HABITACI\u00d3N AGOCHO<\/a><\/h2>\n<p><a href=\"https:\/\/www.hotelsemaforodefisterra.com\/gl\/habitacion-agocho\/\"><img loading=\"lazy\" decoding=\"async\" class=\"wp-image-9095 size-full aligncenter\" src=\"https:\/\/www.hotelsemaforodefisterra.com\/wp-content\/uploads\/2025\/03\/Habitacion-agocho-hotel-semaforo-fisterra.jpg\" alt=\"\" width=\"1500\" height=\"1000\" srcset=\"https:\/\/www.hotelsemaforodefisterra.com\/wp-content\/uploads\/2025\/03\/Habitacion-agocho-hotel-semaforo-fisterra.jpg 1500w, https:\/\/www.hotelsemaforodefisterra.com\/wp-content\/uploads\/2025\/03\/Habitacion-agocho-hotel-semaforo-fisterra-300x200.jpg 300w, https:\/\/www.hotelsemaforodefisterra.com\/wp-content\/uploads\/2025\/03\/Habitacion-agocho-hotel-semaforo-fisterra-1024x683.jpg 1024w, https:\/\/www.hotelsemaforodefisterra.com\/wp-content\/uploads\/2025\/03\/Habitacion-agocho-hotel-semaforo-fisterra-768x512.jpg 768w\" sizes=\"(max-width: 1500px) 100vw, 1500px\" \/><\/a><\/p>\n<p style=\"text-align: center;\">Habitaci\u00f3n abuhardillada, orientada ao faro de Finisterre, de dimensi\u00f3ns pequenas pero con cama de matrimonio de 1.50 e todas as necesidades inclu\u00eddas, televisi\u00f3n con Smart Tv, auga mineral de cortes\u00eda, cafeteira inclu\u00edda e amenities ecol\u00f3xicos.<\/p>\n<p style=\"text-align: center;\"><a class=\"btn btn-inline\" href=\"https:\/\/www.hotelsemaforodefisterra.com\/gl\/habitacion-agocho\/\">M\u00c1IS INFO<\/a><\/p>\n<p>[\/vc_column_text][\/vc_column][\/vc_row][vc_row full_width=&#8221;stretch_row&#8221; parallax=&#8221;content-moving&#8221; parallax_image=&#8221;9305&#8243; css=&#8221;.vc_custom_1742257345654{background-position: center;background-repeat: no-repeat !important;background-size: cover !important;}&#8221;][vc_column width=&#8221;1\/2&#8243;][vc_column_text el_class=&#8221;white-box content-padding&#8221;]<\/p>\n<h2 id=\"cove\" class=\"text-uppercase\"><small>DESDE 230\u20ac \/NOITE<\/small><a href=\"https:\/\/www.hotelsemaforodefisterra.com\/gl\/habitacion-dos-naufraxios\/\">HABITACI\u00d3N DOS NAUFRAXIOS<\/a><\/h2>\n<p>Nesta habitaci\u00f3n formar\u00e1s parte da historia, a historia dos naufraxios que se cobrou este cabo. Habitaci\u00f3n tematizada con elementos do mar, de barcos centenarios, de naufraxios de lenda. Descubrir\u00e1s secretos que s\u00f3 esta habitaci\u00f3n rumorearache<br \/>\n<a class=\"btn btn-inline\" href=\"https:\/\/www.hotelsemaforodefisterra.com\/gl\/habitacion-dos-naufraxios\/\">M\u00c1IS INFO<\/a>[\/vc_column_text][\/vc_column][vc_column width=&#8221;1\/2&#8243;][vc_single_image image=&#8221;9269&#8243; img_size=&#8221;large&#8221; onclick=&#8221;custom_link&#8221; link=&#8221;https:\/\/www.hotelsemaforodefisterra.com\/gl\/habitacion-dos-naufraxios\/&#8221;][\/vc_column][\/vc_row][vc_row][vc_column][vc_empty_space][\/vc_column][\/vc_row][vc_row full_width=&#8221;stretch_row&#8221; parallax=&#8221;content-moving&#8221; parallax_image=&#8221;9342&#8243;][vc_column width=&#8221;1\/2&#8243;][vc_column_text el_class=&#8221;white-box content-padding&#8221;]<\/p>\n<h2 id=\"cove\" class=\"text-uppercase\" style=\"text-align: left;\"><small>DESDE \u00a0230\u20ac \/ NOITE <\/small><a href=\"https:\/\/www.hotelsemaforodefisterra.com\/gl\/habitacion-dos-ventos\/\">HABITACI\u00d3N\u00a0DOS VENTOS<\/a><\/h2>\n<p>En noites de tormenta e vendaval sentir\u00e1s desde esta habitaci\u00f3n, a de MAR DE FORA, a m\u00e1is batida polo vento e a m\u00e1is azoutada pola choiva, como formas parte dunha onda que che traga e engole. Unha sensaci\u00f3n m\u00e1xica onde sentir de maneira segura e confortable, o feroz vento do \u201cNORD\u00c9S\u201d<\/p>\n<p><a class=\"btn btn-inline\" href=\"https:\/\/www.hotelsemaforodefisterra.com\/gl\/habitacion-dos-ventos\/\">M\u00c1IS INFO<\/a>[\/vc_column_text][\/vc_column][vc_column width=&#8221;1\/2&#8243;][vc_single_image image=&#8221;9312&#8243; img_size=&#8221;large&#8221; onclick=&#8221;custom_link&#8221; link=&#8221;https:\/\/www.hotelsemaforodefisterra.com\/gl\/habitacion-dos-ventos\/&#8221;][\/vc_column][\/vc_row]<\/p>\n","protected":false},"excerpt":{"rendered":"<p>[vc_row position=&#8221;center right&#8221; css=&#8221;.vc_custom_1436463840612{background-position: center !important;background-repeat: no-repeat !important;background-size: contain !important;}&#8221;][vc_column width=&#8221;2\/3&#8243;][vc_column_text]Situadas no Fin do Mundo\u2026 ofrecen un universo de relax [&hellip;]<\/p>\n","protected":false},"author":7,"featured_media":0,"parent":0,"menu_order":0,"comment_status":"closed","ping_status":"closed","template":"","meta":{"footnotes":"","_joinchat":[]},"_links":{"self":[{"href":"https:\/\/www.hotelsemaforodefisterra.com\/gl\/wp-json\/wp\/v2\/pages\/3679"}],"collection":[{"href":"https:\/\/www.hotelsemaforodefisterra.com\/gl\/wp-json\/wp\/v2\/pages"}],"about":[{"href":"https:\/\/www.hotelsemaforodefisterra.com\/gl\/wp-json\/wp\/v2\/types\/page"}],"author":[{"embeddable":true,"href":"https:\/\/www.hotelsemaforodefisterra.com\/gl\/wp-json\/wp\/v2\/users\/7"}],"replies":[{"embeddable":true,"href":"https:\/\/www.hotelsemaforodefisterra.com\/gl\/wp-json\/wp\/v2\/comments?post=3679"}],"version-history":[{"count":36,"href":"https:\/\/www.hotelsemaforodefisterra.com\/gl\/wp-json\/wp\/v2\/pages\/3679\/revisions"}],"predecessor-version":[{"id":9720,"href":"https:\/\/www.hotelsemaforodefisterra.com\/gl\/wp-json\/wp\/v2\/pages\/3679\/revisions\/9720"}],"wp:attachment":[{"href":"https:\/\/www.hotelsemaforodefisterra.com\/gl\/wp-json\/wp\/v2\/media?parent=3679"}],"curies":[{"name":"wp","href":"https:\/\/api.w.org\/{rel}","templated":true}]}}