{"id":3658,"date":"2016-07-14T17:38:27","date_gmt":"2016-07-14T17:38:27","guid":{"rendered":"http:\/\/www.hotelsemaforodefisterra.com\/gl\/delicatessen-hotel\/"},"modified":"2016-09-14T11:42:44","modified_gmt":"2016-09-14T11:42:44","slug":"delicatessen-hotel","status":"publish","type":"page","link":"https:\/\/www.hotelsemaforodefisterra.com\/gl\/delicatessen-hotel\/","title":{"rendered":"Delicatessen hotel"},"content":{"rendered":"<p>[vc_row full_width=&#8221;stretch_row&#8221; parallax=&#8221;content-moving&#8221; position=&#8221;right center&#8221; css=&#8221;.vc_custom_1471977849730{margin-top: 32px !important;background-image: url(https:\/\/www.hotelsemaforodefisterra.com\/wp-content\/uploads\/2016\/07\/Deicatessen-hotel.jpg?id=3295) !important;background-position: center;background-repeat: no-repeat !important;background-size: cover !important;}&#8221;][vc_column el_class=&#8221;white-box content-padding text-uppercase&#8221;][vc_column_text]<\/p>\n<h2 class=\"text-uppercase\" style=\"text-align: center;\"><small>Un novo concepto<\/small>DELICATESSEN HOTEL<\/h2>\n<p style=\"text-align: center;\"><strong>\u00c9 un novo concepto de hotel: un hotel delicado, exquisito, coqueto onde poder agradar os cinco sentidos, un gran escaparate para os amantes dos <strong>sabores de Galicia<\/strong>.<\/strong><\/p>\n<p style=\"text-align: center;\">Nel ter\u00e1s un mundo de <strong>productos gourmet de Galicia<\/strong>: vi\u00f1os, bagazos conservas, pat\u00e9s, meles, e unha infinidade de sorprendentes sabores que quizais desco\u00f1ec\u00edas que tam\u00e9n se produc\u00edan \u00e9 esta terra. Contar\u00e1s con momentos para degustar, para catar e para poder consumir e comprar estas delicatessen.<\/p>\n<p style=\"text-align: center;\">Todos os espazos est\u00e1n decorados coa cultura gastron\u00f3mica de Galicia e dotado cos servizos propios dun hotel de categor\u00eda superior: wifi gratu\u00edto en todo o hotel, consigna de equipaxes, computador de cortes\u00eda, secador de pelo, amenities, cafetera en habitaci\u00f3n, room service, etc<\/p>\n<p style=\"text-align: center;\">Poder\u00e1s gozar do noso orixinal almorzo e unha carta de restaurante con propostas elaboradas a base de produtos galegos.<\/p>\n<p style=\"text-align: center;\">Poder\u00e1s asistir \u00e1s nosas sesi\u00f3ns de catas e degustaci\u00f3ns de produtos da terra.<\/p>\n<p style=\"text-align: center;\">Delicatessen hotel: S\u00f3 en Fisterra e en Santiago de Compostela<\/p>\n<p style=\"text-align: center;\">Sen d\u00fabida os hoteis m\u00e1is orixinais e exquisitos de Galicia\u2026 e \u00bfpor que non? \u2026 Do mundo<\/p>\n<p style=\"text-align: center;\"><a href=\"http:\/\/www.delicatessenhotel.com\" target=\"_blank\">www.delicatessenhotel.com<\/a><\/p>\n<p>[\/vc_column_text][vc_btn title=&#8221;Ven a probalo\u2026repetir\u00e1s!!&#8221; style=&#8221;outline-custom&#8221; outline_custom_color=&#8221;#ad854d&#8221; outline_custom_hover_background=&#8221;#666666&#8243; outline_custom_hover_text=&#8221;#ffffff&#8221; align=&#8221;center&#8221; link=&#8221;url:http%3A%2F%2Fwww.hotelsemaforodefisterra.com%2Fgl%2Freservas-gal%2F||&#8221;][\/vc_column][\/vc_row]<\/p>\n","protected":false},"excerpt":{"rendered":"<p>[vc_row full_width=&#8221;stretch_row&#8221; parallax=&#8221;content-moving&#8221; position=&#8221;right center&#8221; css=&#8221;.vc_custom_1471977849730{margin-top: 32px !important;background-image: url(https:\/\/www.hotelsemaforodefisterra.com\/wp-content\/uploads\/2016\/07\/Deicatessen-hotel.jpg?id=3295) !important;background-position: center;background-repeat: no-repeat !important;background-size: cover !important;}&#8221;][vc_column el_class=&#8221;white-box content-padding text-uppercase&#8221;][vc_column_text] Un novo [&hellip;]<\/p>\n","protected":false},"author":7,"featured_media":0,"parent":0,"menu_order":0,"comment_status":"closed","ping_status":"closed","template":"","meta":{"footnotes":"","_joinchat":[]},"_links":{"self":[{"href":"https:\/\/www.hotelsemaforodefisterra.com\/gl\/wp-json\/wp\/v2\/pages\/3658"}],"collection":[{"href":"https:\/\/www.hotelsemaforodefisterra.com\/gl\/wp-json\/wp\/v2\/pages"}],"about":[{"href":"https:\/\/www.hotelsemaforodefisterra.com\/gl\/wp-json\/wp\/v2\/types\/page"}],"author":[{"embeddable":true,"href":"https:\/\/www.hotelsemaforodefisterra.com\/gl\/wp-json\/wp\/v2\/users\/7"}],"replies":[{"embeddable":true,"href":"https:\/\/www.hotelsemaforodefisterra.com\/gl\/wp-json\/wp\/v2\/comments?post=3658"}],"version-history":[{"count":2,"href":"https:\/\/www.hotelsemaforodefisterra.com\/gl\/wp-json\/wp\/v2\/pages\/3658\/revisions"}],"predecessor-version":[{"id":3683,"href":"https:\/\/www.hotelsemaforodefisterra.com\/gl\/wp-json\/wp\/v2\/pages\/3658\/revisions\/3683"}],"wp:attachment":[{"href":"https:\/\/www.hotelsemaforodefisterra.com\/gl\/wp-json\/wp\/v2\/media?parent=3658"}],"curies":[{"name":"wp","href":"https:\/\/api.w.org\/{rel}","templated":true}]}}