{"id":3644,"date":"2014-09-14T08:54:12","date_gmt":"2014-09-14T08:54:12","guid":{"rendered":"http:\/\/www.hotelsemaforodefisterra.com\/gl\/hotel-o-semaforo-de-fisterra-3\/"},"modified":"2026-02-06T17:55:00","modified_gmt":"2026-02-06T16:55:00","slug":"hotel-o-semaforo-de-fisterra-3","status":"publish","type":"page","link":"https:\/\/www.hotelsemaforodefisterra.com\/gl\/","title":{"rendered":"Hotel O sem\u00e1fORO de fisTERRA"},"content":{"rendered":"<p>[vc_row full_width=&#8221;stretch_row&#8221; css=&#8221;.vc_custom_1472224979504{background-color: rgba(31,31,31,0.84) !important;*background-color: rgb(31,31,31) !important;}&#8221; el_class=&#8221;content-padding&#8221;][vc_column][vc_column_text css=&#8221;.vc_custom_1473784024425{border-top-width: 1px !important;border-right-width: 1px !important;border-bottom-width: 1px !important;border-left-width: 1px !important;padding-top: 5px !important;padding-right: 20px !important;padding-bottom: 5px !important;padding-left: 20px !important;border-left-color: #ad854d !important;border-left-style: solid !important;border-right-color: #ad854d !important;border-right-style: solid !important;border-top-color: #ad854d !important;border-top-style: solid !important;border-bottom-color: #ad854d !important;border-bottom-style: solid !important;}&#8221;][\/vc_column_text][\/vc_column][\/vc_row][vc_row full_width=&#8221;stretch_row&#8221; parallax=&#8221;content-moving&#8221; css=&#8221;.vc_custom_1472723032795{background-image: url(https:\/\/www.hotelsemaforodefisterra.com\/wp-content\/uploads\/2014\/09\/hotel-o-semaforo-de-fisterra.jpg?id=3219) !important;background-position: center;background-repeat: no-repeat !important;background-size: cover !important;}&#8221;][vc_column width=&#8221;1\/2&#8243;][vc_gallery images=&#8221;3340,3339,9793&#8243; img_size=&#8221;large&#8221; columns=&#8221;1&#8243;][\/vc_column][vc_column width=&#8221;1\/2&#8243;][vc_column_text]<\/p>\n<h1 style=\"text-align: center;\">delicatessen hotel<br \/>\no sem\u00e1fORO de fisTERRA<small>onde o silencio esconde algo m\u00e1is que palabras<br \/>\n<\/small><\/h1>\n<p style=\"text-align: center;\">Non existe lugar m\u00e1is emblem\u00e1tico na Costa da Morte que o cabo Finisterre, considerado o cabo do FIN DO MUNDO. Constru\u00eddo en 1853, a 138 metros sobre o nivel do mar.<\/p>\n<p style=\"text-align: center;\">Durante miles de anos pensouse que m\u00e1is al\u00f3 del tan s\u00f3 exist\u00eda unha sima acuosa na que o sol se apagaba cada noite e a trav\u00e9s da cal se chegaba a unha rexi\u00f3n de tebras poboada por monstros mari\u00f1os.<\/p>\n<p style=\"text-align: center;\">O noso faro \u00e9 co\u00f1ecido por todos os navegantes do mundo, pola s\u00faa importancia como medio de advertencia da proximidade dunha costa sumamente perigosa (a s\u00faa luz chega a alcanzar 65 Km de lonxitude), as\u00ed como pola fama traizoeira desta zona mar\u00edtima.Debido \u00e1 habitual n\u00e9boa dos temporais, en 1888 constru\u00eduse un edificio anexo ao faro, a sirena, \u00e1 que se co\u00f1ece popularmente como \u201ca vaca de Fisterra\u201d, para avisar aos navegantes dos perigos que lles axexaban.<\/p>\n<p style=\"text-align: center;\">Desde o ano 1999 e tras unha moi acertada reforma en 2016, a antiga sede de vixilancia da mari\u00f1a, o SEM\u00c1FORO converteuse no noso pequeno para\u00edso, un delicatessen hotel e restaurante con encanto O Hotel Ou Sem\u00e1foro, no Faro de Finisterre, conta con cinco exclusivas habitaci\u00f3ns, un exquisito restaurante, unha coqueta cafeter\u00eda, unhas terrazas con vistas infinitas e varias estancias e recunchos exclusivos para que te perdas no Fin do Mundo. As incribles vistas e postas de sol, compiten cos d\u00edas bravas tormentas e grandes ondadas, d\u00edas con n\u00e9boa nos que soa con forza a sirena do faro, a vaca, que nos arrastra a tempos pasados de grandes lendas\u2026<\/p>\n<p style=\"text-align: center;\">Tam\u00e9n poder\u00e1s gozar de Ou Refuxio, un espazo que como o seu nome indica d\u00e1 acollida ao peregrino, un lugar emblem\u00e1tico con vistas \u00e1 famosa \u201cescultura\u201d do Centolo. Un espazo gastron\u00f3mico \u00fanico, un concepto taberna \u201cmari\u00f1eira\u201d actualizado, moderno con propostas de picoteo e take away para que goces onde queiras observando o infinito. Un local ideal onde refuxiarche nos tam\u00e9n espectaculares d\u00edas de tormenta e vendaval.<\/p>\n<p>[\/vc_column_text][vc_btn title=&#8221;\u00bfQUERES VIR?&#8221; style=&#8221;outline-custom&#8221; outline_custom_color=&#8221;#ad854d&#8221; outline_custom_hover_background=&#8221;#666666&#8243; outline_custom_hover_text=&#8221;#ffffff&#8221; align=&#8221;center&#8221; link=&#8221;url:http%3A%2F%2Fwww.hotelsemaforodefisterra.com%2Fgl%2Freservas-gal||&#8221;][\/vc_column][\/vc_row][vc_row css=&#8221;.vc_custom_1675249705618{margin-bottom: 0px !important;padding-bottom: 0px !important;}&#8221;][vc_column]<h2 class=\"text-center\"><small>\u00bfQUERES VISITAR O noso HOTEL?<\/small>DELICATESSEN HOTEL O SEM\u00c1FORO DE FISTERRA<\/h2><div class='services-carousel  owl-with-navigation' data-owl-items='4' data-owl-nav='true' data-owl-nav-text='[\"Anterior\",\"Seguinte\"]' data-owl-loop='true' data-owl-autoplay='true' data-owl-speed='2000' data-owl-hover='true' data-owl-mobile='1' data-owl-tablet='2' data-owl-dots='false'><div class='item'><a href=\"https:\/\/www.hotelsemaforodefisterra.com\/gl\/habitacions\/\" class=\"link-image\" title=\"Habitaci\u00f3ns\"><img loading=\"lazy\" decoding=\"async\" width=\"586\" height=\"440\" src=\"https:\/\/www.hotelsemaforodefisterra.com\/wp-content\/uploads\/2016\/08\/habitacion-hotel-semaforo-fisterra.jpg\" class=\"attachment-large size-large\" alt=\"\" srcset=\"https:\/\/www.hotelsemaforodefisterra.com\/wp-content\/uploads\/2016\/08\/habitacion-hotel-semaforo-fisterra.jpg 586w, https:\/\/www.hotelsemaforodefisterra.com\/wp-content\/uploads\/2016\/08\/habitacion-hotel-semaforo-fisterra-300x225.jpg 300w\" sizes=\"(max-width: 586px) 100vw, 586px\" \/><\/a><div class=\"item-content\"><h4><a href=\"https:\/\/www.hotelsemaforodefisterra.com\/gl\/habitacions\/\">Habitaci\u00f3ns<\/a><\/h4><p>Situadas en primeira li\u00f1a do mar, ofrecen un universo de relax e confort infinito.<\/p><\/div><\/div><div class='item'><a href=\"https:\/\/www.hotelsemaforodefisterra.com\/gl\/restaurante-del-semaforo\/\" class=\"link-image\" title=\"Restaurante O semafORO\"><img loading=\"lazy\" decoding=\"async\" width=\"750\" height=\"401\" src=\"https:\/\/www.hotelsemaforodefisterra.com\/wp-content\/uploads\/2016\/07\/IMG_5736-1024x548-1024x548.jpg\" class=\"attachment-large size-large\" alt=\"\" srcset=\"https:\/\/www.hotelsemaforodefisterra.com\/wp-content\/uploads\/2016\/07\/IMG_5736-1024x548.jpg 1024w, https:\/\/www.hotelsemaforodefisterra.com\/wp-content\/uploads\/2016\/07\/IMG_5736-1024x548-300x161.jpg 300w, https:\/\/www.hotelsemaforodefisterra.com\/wp-content\/uploads\/2016\/07\/IMG_5736-1024x548-768x411.jpg 768w\" sizes=\"(max-width: 750px) 100vw, 750px\" \/><\/a><div class=\"item-content\"><h4><a href=\"https:\/\/www.hotelsemaforodefisterra.com\/gl\/restaurante-del-semaforo\/\">Restaurante O semafORO<\/a><\/h4><p>Unha ampla oferta gastron\u00f3mica centrada nos produtos de Galicia.<\/p><\/div><\/div><div class='item'><a href=\"https:\/\/www.hotelsemaforodefisterra.com\/gl\/o-refuxio-del-semaforo\/\" class=\"link-image\" title=\"O Refuxio del semafORO\"><img loading=\"lazy\" decoding=\"async\" width=\"750\" height=\"498\" src=\"https:\/\/www.hotelsemaforodefisterra.com\/wp-content\/uploads\/2016\/08\/Bar-o-sem\u00e1foro-de-fisterra-1024x680.jpg\" class=\"attachment-large size-large\" alt=\"\" srcset=\"https:\/\/www.hotelsemaforodefisterra.com\/wp-content\/uploads\/2016\/08\/Bar-o-sem\u00e1foro-de-fisterra-1024x680.jpg 1024w, https:\/\/www.hotelsemaforodefisterra.com\/wp-content\/uploads\/2016\/08\/Bar-o-sem\u00e1foro-de-fisterra-300x199.jpg 300w, https:\/\/www.hotelsemaforodefisterra.com\/wp-content\/uploads\/2016\/08\/Bar-o-sem\u00e1foro-de-fisterra-768x510.jpg 768w\" sizes=\"(max-width: 750px) 100vw, 750px\" \/><\/a><div class=\"item-content\"><h4><a href=\"https:\/\/www.hotelsemaforodefisterra.com\/gl\/o-refuxio-del-semaforo\/\">O Refuxio del semafORO<\/a><\/h4><p>Algo r\u00e1pido, rico e saboroso, que che permita gozar f\u00f3ra, fronte ao infinito<\/p><\/div><\/div><div class='item'><a href=\"https:\/\/www.hotelsemaforodefisterra.com\/gl\/fisterra\/\" class=\"link-image\" title=\"Finisterre\"><img loading=\"lazy\" decoding=\"async\" width=\"750\" height=\"563\" src=\"https:\/\/www.hotelsemaforodefisterra.com\/wp-content\/uploads\/2016\/07\/Costa-da-morte-faro-de-fisterra-1024x768.jpg\" class=\"attachment-large size-large\" alt=\"\" srcset=\"https:\/\/www.hotelsemaforodefisterra.com\/wp-content\/uploads\/2016\/07\/Costa-da-morte-faro-de-fisterra-1024x768.jpg 1024w, https:\/\/www.hotelsemaforodefisterra.com\/wp-content\/uploads\/2016\/07\/Costa-da-morte-faro-de-fisterra-300x225.jpg 300w, https:\/\/www.hotelsemaforodefisterra.com\/wp-content\/uploads\/2016\/07\/Costa-da-morte-faro-de-fisterra-768x576.jpg 768w\" sizes=\"(max-width: 750px) 100vw, 750px\" \/><\/a><div class=\"item-content\"><h4><a href=\"https:\/\/www.hotelsemaforodefisterra.com\/gl\/fisterra\/\">Finisterre<\/a><\/h4><p>O fin do cami\u00f1o, finis terrae.<\/p><\/div><\/div><div class='item'><a href=\"https:\/\/www.hotelsemaforodefisterra.com\/gl\/costa-da-morte\/\" class=\"link-image\" title=\"Costa da Morte\"><img loading=\"lazy\" decoding=\"async\" width=\"750\" height=\"475\" src=\"https:\/\/www.hotelsemaforodefisterra.com\/wp-content\/uploads\/2016\/08\/bota-peregrinos-finisterre-1024x648.jpg\" class=\"attachment-large size-large\" alt=\"\" srcset=\"https:\/\/www.hotelsemaforodefisterra.com\/wp-content\/uploads\/2016\/08\/bota-peregrinos-finisterre-1024x648.jpg 1024w, https:\/\/www.hotelsemaforodefisterra.com\/wp-content\/uploads\/2016\/08\/bota-peregrinos-finisterre-300x190.jpg 300w, https:\/\/www.hotelsemaforodefisterra.com\/wp-content\/uploads\/2016\/08\/bota-peregrinos-finisterre-768x486.jpg 768w\" sizes=\"(max-width: 750px) 100vw, 750px\" \/><\/a><div class=\"item-content\"><h4><a href=\"https:\/\/www.hotelsemaforodefisterra.com\/gl\/costa-da-morte\/\">Costa da Morte<\/a><\/h4><p>A tradici\u00f3n mari\u00f1eira da rexi\u00f3n vese reflectida nos seus costumes, nas s\u00faas festas e na s\u00faa gastronom\u00eda.<\/p><\/div><\/div><\/div>[\/vc_column][\/vc_row][vc_row css=&#8221;.vc_custom_1675249640406{margin-top: 0px !important;margin-bottom: 40px !important;padding-top: 0px !important;padding-bottom: 0px !important;}&#8221;][vc_column width=&#8221;1\/2&#8243;][vc_video link=&#8221;https:\/\/youtu.be\/2XvW7TwV6Rc&#8221; align=&#8221;center&#8221;][\/vc_column][vc_column width=&#8221;1\/2&#8243;][vc_video link=&#8221;https:\/\/youtu.be\/2nZQRFWr2Fo&#8221; align=&#8221;center&#8221;][\/vc_column][\/vc_row]<\/p>\n","protected":false},"excerpt":{"rendered":"<p>[vc_row full_width=&#8221;stretch_row&#8221; css=&#8221;.vc_custom_1472224979504{background-color: rgba(31,31,31,0.84) !important;*background-color: rgb(31,31,31) !important;}&#8221; el_class=&#8221;content-padding&#8221;][vc_column][vc_column_text css=&#8221;.vc_custom_1473784024425{border-top-width: 1px !important;border-right-width: 1px !important;border-bottom-width: 1px !important;border-left-width: 1px !important;padding-top: 5px !important;padding-right: 20px [&hellip;]<\/p>\n","protected":false},"author":7,"featured_media":0,"parent":0,"menu_order":0,"comment_status":"closed","ping_status":"closed","template":"","meta":{"footnotes":"","_joinchat":[]},"_links":{"self":[{"href":"https:\/\/www.hotelsemaforodefisterra.com\/gl\/wp-json\/wp\/v2\/pages\/3644"}],"collection":[{"href":"https:\/\/www.hotelsemaforodefisterra.com\/gl\/wp-json\/wp\/v2\/pages"}],"about":[{"href":"https:\/\/www.hotelsemaforodefisterra.com\/gl\/wp-json\/wp\/v2\/types\/page"}],"author":[{"embeddable":true,"href":"https:\/\/www.hotelsemaforodefisterra.com\/gl\/wp-json\/wp\/v2\/users\/7"}],"replies":[{"embeddable":true,"href":"https:\/\/www.hotelsemaforodefisterra.com\/gl\/wp-json\/wp\/v2\/comments?post=3644"}],"version-history":[{"count":10,"href":"https:\/\/www.hotelsemaforodefisterra.com\/gl\/wp-json\/wp\/v2\/pages\/3644\/revisions"}],"predecessor-version":[{"id":9844,"href":"https:\/\/www.hotelsemaforodefisterra.com\/gl\/wp-json\/wp\/v2\/pages\/3644\/revisions\/9844"}],"wp:attachment":[{"href":"https:\/\/www.hotelsemaforodefisterra.com\/gl\/wp-json\/wp\/v2\/media?parent=3644"}],"curies":[{"name":"wp","href":"https:\/\/api.w.org\/{rel}","templated":true}]}}