{"id":3927,"date":"2016-07-28T09:45:37","date_gmt":"2016-07-28T09:45:37","guid":{"rendered":"http:\/\/www.hotelsemaforodefisterra.com\/fr\/actividades-costa-da-morte\/"},"modified":"2016-09-21T10:56:22","modified_gmt":"2016-09-21T10:56:22","slug":"actividades-costa-da-morte","status":"publish","type":"page","link":"https:\/\/www.hotelsemaforodefisterra.com\/fr\/actividades-costa-da-morte\/","title":{"rendered":"Activit\u00e9s Costa da Morte"},"content":{"rendered":"<p>[vc_row full_width=\u00a0\u00bbstretch_row\u00a0\u00bb parallax=\u00a0\u00bbcontent-moving\u00a0\u00bb position=\u00a0\u00bbright center\u00a0\u00bb css=\u00a0\u00bb.vc_custom_1472041585775{margin-top: 32px !important;background-image: url(https:\/\/www.hotelsemaforodefisterra.com\/wp-content\/uploads\/2016\/07\/surf-na-costa-da-morte.jpg?id=3016) !important;background-position: center;background-repeat: no-repeat !important;background-size: cover !important;}\u00a0\u00bb][vc_column el_class=\u00a0\u00bbwhite-box content-padding text-uppercase\u00a0\u00bb][vc_column_text]<\/p>\n<h2 class=\"text-uppercase\" style=\"text-align: center;\"><small>Au bord<br \/>\n<\/small>ACTIVIT\u00c9S<\/h2>\n<p style=\"text-align: center;\"><strong>FIN DE LA CROISIERE DU MONDE<\/strong><\/p>\n<p style=\"text-align: center;\">Dans le port de Fisterra, vous obtenez sur le bateau o\u00f9 appr\u00e9cier la plage de Langosteira et la plage Serra. Vous continuez le long de la c\u00f4te rocheuse avec ses petites criques et obtenez \u00e0 la Sardi\u00f1eiro plage. A ce moment, le soleil descend derri\u00e8re les montagnes et le jour semble avoir pris fin. Le navire poursuit sa route le long de la plage Estorde, au point que l&rsquo;on peut voir dans la distance Corcubi\u00f3n et Cee, puis met les voiles vers le phare de Fisterra, \u00e0 la jupe autour de lui. Soudain, le soleil appara\u00eet dans teinter de mise en \u0153uvre compl\u00e8te du ciel rouge, la corne du navire retentit dans l&rsquo;oc\u00e9an saluant les p\u00e8lerins qui observent le ph\u00e9nom\u00e8ne du phare.<\/p>\n<p style=\"text-align: center;\"><strong>COSTA DA MORTE PAR LEURS \u00c9PAVES<\/strong><\/p>\n<p style=\"text-align: center;\">Rencontrer de fa\u00e7on personnalis\u00e9e et avec un maximum de confort, dans nos minibus 9 places, \u00ab\u00a0TOURS FISTERRA\u00a0\u00bb, les endroits o\u00f9 les plus c\u00e9l\u00e8bres \u00e9paves dans l&rsquo;histoire de la Galice ont eu lieu les. LE SERPENT, naufrage le plus grand nombre de morts, enterr\u00e9s dans le c\u00e9l\u00e8bre cimeti\u00e8re anglais \u00e0 Camarinas, Cason qui a \u00e9chou\u00e9 en 1987 sur la c\u00f4te du Finist\u00e8re, et derni\u00e8rement LE PRESTIGE, qui a laiss\u00e9 dans son sillage sur la c\u00f4te et en particulier dans Muxia, le naufrage r\u00e9el Ground zero.<\/p>\n<p style=\"text-align: center;\">Dans ce fantastique voyage \u00e0 travers la Costa da Morte, aussi nous visitons le Mus\u00e9e de MAN \u00e0 Camelle, FARO VILAN \u00e0 Camari\u00f1as, Sanctuary sur Mux\u00eda da Barca, et LIGHTHOUSE FISTERRA, vrai Fin da Terra connu, il a d\u00e9j\u00e0 \u00e9t\u00e9 reconnu comme tel par les Grecs et les Romains dans les temps anciens.<\/p>\n<p style=\"text-align: center;\">Dans cette voie impressionnante, nous sommes en mesure de conna\u00eetre in situ que les travaux faits \u00e0 la main Encaixe, et visiter quelques-uns des monuments artistiques les plus importants de la r\u00e9gion, comme la Iglesa romane de San Xuli\u00e1n de Moraime (s. XIII).<\/p>\n<p style=\"text-align: center;\">Prix: 30 \u20ac personne avec un service de guide. Plus de 4 pax: 100 \u20ac max.<br \/>\nD\u00e9parts: De partout au Costa da Morte \u00e0 10 heures et \u00e0 16 heures.<\/p>\n<p style=\"text-align: center;\">guide autoris\u00e9 Professional, plusieurs langues: anglais, fran\u00e7ais, castillan, portugais<\/p>\n<p style=\"text-align: center;\"><strong>PLONG\u00c9E<\/strong><\/p>\n<p style=\"text-align: center;\">Vous pouvez faire des plong\u00e9es diff\u00e9rentes selon votre cat\u00e9gorie et de niveau. Pour commencer, rien de mieux que le bapt\u00eame de plong\u00e9e, votre premi\u00e8re exp\u00e9rience sous-marine. Si ce que vous voulez est d&rsquo;aller au-del\u00e0 du cours de plong\u00e9e vous obtenez l&rsquo;Open Water Diver. Si vous avez les PDL, AQUC, FEDAS, etc., sur la confirmation du m\u00eame degr\u00e9, vous pouvez commencer \u00e0 plonger.<br \/>\nUn RIB vous plus proche de la proximit\u00e9 de l&rsquo;\u00eele Lobeira, pour la pratique de la m\u00e9thode choisie. Par ailleurs, visite des \u00e9paves comme le \u00abMaria del Carmen\u00a0\u00bb (1900), \u00ab\u00a0Montparnasse\u00a0\u00bb (1940) et reste de la flottille de \u00ab\u00a0Martin de Padilla\u00a0\u00bb du XVIe si\u00e8cle.<\/p>\n<p style=\"text-align: center;\"><strong>SURFANT<\/strong><\/p>\n<p style=\"text-align: center;\">Testez votre adr\u00e9naline, et de pratiquer une activit\u00e9 pleine de l&rsquo;excitation, l&rsquo;aventure, la comp\u00e9tence et la coordination. Vous vous surprendre avec quelle rapidit\u00e9 il apprend \u00e0 g\u00e9rer la table. Il est une sorte de camp de surf con\u00e7u pour tous les publics: les familles, les gangs, intr\u00e9pides amateurs d&rsquo;aventure parents avec des enfants adolescents, enfants, etc. En r\u00e9sum\u00e9 un ensemble d&rsquo;activit\u00e9s con\u00e7ues pour tout le monde.<br \/>\nL&rsquo;activit\u00e9 est exerc\u00e9e \u00e0 cheval entre deux des plus belles plages de la Costa da Morte: Estorde et Nemi\u00f1a.<\/p>\n<p style=\"text-align: center;\">Les cours sont quatre jours:<\/p>\n<p style=\"text-align: center;\">Jour 1: Conf\u00e9rence (1 heure) + pratique waveless (1 heure)<\/p>\n<p style=\"text-align: center;\">3 jours suivants: la pratique avec des vagues (2 heures par jour)<br \/>\nLa soci\u00e9t\u00e9 fournit le mat\u00e9riel: Tables, costumes, corde reliant la table, parafina..etcc<\/p>\n<p style=\"text-align: center;\">Les activit\u00e9s de la premi\u00e8re journ\u00e9e se d\u00e9roulent sur la plage de Estorde (Cee) et la plage Nemi\u00f1a, avec les pratiques des ondes.<\/p>\n<p style=\"text-align: center;\"><a class=\"btn btn-inline\" href=\"https:\/\/www.hotelsemaforodefisterra.com\/fr\/reervations\/\">Venez essayer &#8230; vous r\u00e9p\u00e9ter !!<\/a><\/p>\n<p>[\/vc_column_text][\/vc_column][\/vc_row][vc_row][vc_column]<h2 class=\"text-center\"><small>VOULEZ-VOUS VISITEZ NOTRE H\u00d4TEL ?<\/small>DELICATESSEN HOTEL O SEM\u00c1FORO DE FISTERRA<\/h2><div class='services-carousel  owl-with-navigation' data-owl-items='4' data-owl-nav='true' data-owl-nav-text='[\"Pr\u00e9c\u00e9dent\",\"Suivante\"]' data-owl-loop='true' data-owl-autoplay='true' data-owl-speed='2000' data-owl-hover='true' data-owl-mobile='1' data-owl-tablet='2' data-owl-dots='false'><div class='item'><a href=\"https:\/\/www.hotelsemaforodefisterra.com\/fr\/chambres\" class=\"link-image\" title=\"Chambres\"><img loading=\"lazy\" decoding=\"async\" width=\"586\" height=\"440\" src=\"https:\/\/www.hotelsemaforodefisterra.com\/wp-content\/uploads\/2016\/08\/habitacion-hotel-semaforo-fisterra.jpg\" class=\"attachment-large size-large\" alt=\"\" srcset=\"https:\/\/www.hotelsemaforodefisterra.com\/wp-content\/uploads\/2016\/08\/habitacion-hotel-semaforo-fisterra.jpg 586w, https:\/\/www.hotelsemaforodefisterra.com\/wp-content\/uploads\/2016\/08\/habitacion-hotel-semaforo-fisterra-300x225.jpg 300w\" sizes=\"(max-width: 586px) 100vw, 586px\" \/><\/a><div class=\"item-content\"><h4><a href=\"https:\/\/www.hotelsemaforodefisterra.com\/fr\/chambres\">Chambres<\/a><\/h4><p>Situ\u00e9 sur le front de mer , ils offrent univers infini de d\u00e9tente et de confort.<\/p><\/div><\/div><div class='item'><a href=\"https:\/\/www.hotelsemaforodefisterra.com\/fr\/restaurante-del-semaforo\/\" class=\"link-image\" title=\"Restaurant O semafORO\"><img loading=\"lazy\" decoding=\"async\" width=\"750\" height=\"401\" src=\"https:\/\/www.hotelsemaforodefisterra.com\/wp-content\/uploads\/2016\/07\/IMG_5736-1024x548-1024x548.jpg\" class=\"attachment-large size-large\" alt=\"\" srcset=\"https:\/\/www.hotelsemaforodefisterra.com\/wp-content\/uploads\/2016\/07\/IMG_5736-1024x548.jpg 1024w, https:\/\/www.hotelsemaforodefisterra.com\/wp-content\/uploads\/2016\/07\/IMG_5736-1024x548-300x161.jpg 300w, https:\/\/www.hotelsemaforodefisterra.com\/wp-content\/uploads\/2016\/07\/IMG_5736-1024x548-768x411.jpg 768w\" sizes=\"(max-width: 750px) 100vw, 750px\" \/><\/a><div class=\"item-content\"><h4><a href=\"https:\/\/www.hotelsemaforodefisterra.com\/fr\/restaurante-del-semaforo\/\">Restaurant O semafORO<\/a><\/h4><p>Une large gamme de cuisine ax\u00e9e sur les produits Galicia .<\/p><\/div><\/div><div class='item'><a href=\"https:\/\/www.hotelsemaforodefisterra.com\/fr\/o-refuxio-del-semaforo\/\" class=\"link-image\" title=\"O Refuxio do semafORO\"><img loading=\"lazy\" decoding=\"async\" width=\"750\" height=\"498\" src=\"https:\/\/www.hotelsemaforodefisterra.com\/wp-content\/uploads\/2016\/08\/Bar-o-sem\u00e1foro-de-fisterra-1024x680.jpg\" class=\"attachment-large size-large\" alt=\"\" srcset=\"https:\/\/www.hotelsemaforodefisterra.com\/wp-content\/uploads\/2016\/08\/Bar-o-sem\u00e1foro-de-fisterra-1024x680.jpg 1024w, https:\/\/www.hotelsemaforodefisterra.com\/wp-content\/uploads\/2016\/08\/Bar-o-sem\u00e1foro-de-fisterra-300x199.jpg 300w, https:\/\/www.hotelsemaforodefisterra.com\/wp-content\/uploads\/2016\/08\/Bar-o-sem\u00e1foro-de-fisterra-768x510.jpg 768w\" sizes=\"(max-width: 750px) 100vw, 750px\" \/><\/a><div class=\"item-content\"><h4><a href=\"https:\/\/www.hotelsemaforodefisterra.com\/fr\/o-refuxio-del-semaforo\/\">O Refuxio do semafORO<\/a><\/h4><p>Quelque chose rapide, riche et savoureux , vous devez passer \u00e0 l'infini par rapport \u00e0 .<\/p><\/div><\/div><div class='item'><a href=\"https:\/\/www.hotelsemaforodefisterra.com\/fr\/fisterra\/\" class=\"link-image\" title=\"Finisterre\"><img loading=\"lazy\" decoding=\"async\" width=\"750\" height=\"563\" src=\"https:\/\/www.hotelsemaforodefisterra.com\/wp-content\/uploads\/2016\/07\/Costa-da-morte-faro-de-fisterra-1024x768.jpg\" class=\"attachment-large size-large\" alt=\"\" srcset=\"https:\/\/www.hotelsemaforodefisterra.com\/wp-content\/uploads\/2016\/07\/Costa-da-morte-faro-de-fisterra-1024x768.jpg 1024w, https:\/\/www.hotelsemaforodefisterra.com\/wp-content\/uploads\/2016\/07\/Costa-da-morte-faro-de-fisterra-300x225.jpg 300w, https:\/\/www.hotelsemaforodefisterra.com\/wp-content\/uploads\/2016\/07\/Costa-da-morte-faro-de-fisterra-768x576.jpg 768w\" sizes=\"(max-width: 750px) 100vw, 750px\" \/><\/a><div class=\"item-content\"><h4><a href=\"https:\/\/www.hotelsemaforodefisterra.com\/fr\/fisterra\/\">Finisterre<\/a><\/h4><p>La fin de la route , finis terrae .<\/p><\/div><\/div><div class='item'><a href=\"https:\/\/www.hotelsemaforodefisterra.com\/fr\/costa-da-morte\/\" class=\"link-image\" title=\"Costa da Morte\"><img loading=\"lazy\" decoding=\"async\" width=\"750\" height=\"475\" src=\"https:\/\/www.hotelsemaforodefisterra.com\/wp-content\/uploads\/2016\/08\/bota-peregrinos-finisterre-1024x648.jpg\" class=\"attachment-large size-large\" alt=\"\" srcset=\"https:\/\/www.hotelsemaforodefisterra.com\/wp-content\/uploads\/2016\/08\/bota-peregrinos-finisterre-1024x648.jpg 1024w, https:\/\/www.hotelsemaforodefisterra.com\/wp-content\/uploads\/2016\/08\/bota-peregrinos-finisterre-300x190.jpg 300w, https:\/\/www.hotelsemaforodefisterra.com\/wp-content\/uploads\/2016\/08\/bota-peregrinos-finisterre-768x486.jpg 768w\" sizes=\"(max-width: 750px) 100vw, 750px\" \/><\/a><div class=\"item-content\"><h4><a href=\"https:\/\/www.hotelsemaforodefisterra.com\/fr\/costa-da-morte\/\">Costa da Morte<\/a><\/h4><p>La tradition maritime de la r\u00e9gion se refl\u00e8te dans leurs coutumes, leurs f\u00eates et sa gastronomie .<\/p><\/div><\/div><\/div>[\/vc_column][\/vc_row]<\/p>\n","protected":false},"excerpt":{"rendered":"<p>[vc_row full_width=\u00a0\u00bbstretch_row\u00a0\u00bb parallax=\u00a0\u00bbcontent-moving\u00a0\u00bb position=\u00a0\u00bbright center\u00a0\u00bb css=\u00a0\u00bb.vc_custom_1472041585775{margin-top: 32px !important;background-image: url(https:\/\/www.hotelsemaforodefisterra.com\/wp-content\/uploads\/2016\/07\/surf-na-costa-da-morte.jpg?id=3016) !important;background-position: center;background-repeat: no-repeat !important;background-size: cover !important;}\u00a0\u00bb][vc_column el_class=\u00a0\u00bbwhite-box content-padding text-uppercase\u00a0\u00bb][vc_column_text] Au bord [&hellip;]<\/p>\n","protected":false},"author":7,"featured_media":0,"parent":0,"menu_order":0,"comment_status":"closed","ping_status":"closed","template":"","meta":{"footnotes":"","_joinchat":[]},"_links":{"self":[{"href":"https:\/\/www.hotelsemaforodefisterra.com\/fr\/wp-json\/wp\/v2\/pages\/3927"}],"collection":[{"href":"https:\/\/www.hotelsemaforodefisterra.com\/fr\/wp-json\/wp\/v2\/pages"}],"about":[{"href":"https:\/\/www.hotelsemaforodefisterra.com\/fr\/wp-json\/wp\/v2\/types\/page"}],"author":[{"embeddable":true,"href":"https:\/\/www.hotelsemaforodefisterra.com\/fr\/wp-json\/wp\/v2\/users\/7"}],"replies":[{"embeddable":true,"href":"https:\/\/www.hotelsemaforodefisterra.com\/fr\/wp-json\/wp\/v2\/comments?post=3927"}],"version-history":[{"count":2,"href":"https:\/\/www.hotelsemaforodefisterra.com\/fr\/wp-json\/wp\/v2\/pages\/3927\/revisions"}],"predecessor-version":[{"id":4031,"href":"https:\/\/www.hotelsemaforodefisterra.com\/fr\/wp-json\/wp\/v2\/pages\/3927\/revisions\/4031"}],"wp:attachment":[{"href":"https:\/\/www.hotelsemaforodefisterra.com\/fr\/wp-json\/wp\/v2\/media?parent=3927"}],"curies":[{"name":"wp","href":"https:\/\/api.w.org\/{rel}","templated":true}]}}