{"id":3921,"date":"2016-07-28T09:18:35","date_gmt":"2016-07-28T09:18:35","guid":{"rendered":"http:\/\/www.hotelsemaforodefisterra.com\/fr\/fisterra\/"},"modified":"2016-09-21T10:42:51","modified_gmt":"2016-09-21T10:42:51","slug":"fisterra","status":"publish","type":"page","link":"https:\/\/www.hotelsemaforodefisterra.com\/fr\/fisterra\/","title":{"rendered":"Fisterra"},"content":{"rendered":"<p>[vc_row full_width=\u00a0\u00bbstretch_row\u00a0\u00bb parallax=\u00a0\u00bbcontent-moving\u00a0\u00bb position=\u00a0\u00bbright center\u00a0\u00bb css=\u00a0\u00bb.vc_custom_1472224583210{margin-top: 32px !important;background-image: url(https:\/\/www.hotelsemaforodefisterra.com\/wp-content\/uploads\/2016\/07\/DSC02315.jpg?id=3370) !important;background-position: center;background-repeat: no-repeat !important;background-size: cover !important;}\u00a0\u00bb][vc_column el_class=\u00a0\u00bbwhite-box content-padding text-uppercase\u00a0\u00bb][vc_column_text]<\/p>\n<h2 class=\"text-uppercase\" style=\"text-align: center;\"><small>AU BORD<br \/>\n<\/small>FISTERRA<\/h2>\n<p style=\"text-align: center;\">La municipalit\u00e9 de Fisterra est situ\u00e9 sur le c\u00f4t\u00e9 ouest de la province de La Corogne, en Galice, une distance d&rsquo;environ 100 kilom\u00e8tres de la ville de Santiago de Compostela et \u00e0 108 kilom\u00e8tres de A Coruna. Fisterra a une superficie d&rsquo;environ 30 kilom\u00e8tres carr\u00e9s et une population d&rsquo;environ 5042 habitants.<\/p>\n<p style=\"text-align: center;\">Fisterra, comme la plupart des territoires de Galice, est distribu\u00e9 en 4 entit\u00e9s paroissiales: San Marti\u00f1o de Duio, San Vicente de Duio, Nosa Se\u00f1ora das zones Fisterra et San Xo\u00e1n de Sardi\u00f1eiro. Etymologiquement, comme on le sait, cela semblait \u00eatre pour les anciens Romains, la fin de la route, finis terrae.<\/p>\n<p style=\"text-align: left;\"><strong>Monuments et lieux d&rsquo;int\u00e9r\u00eat<\/strong><br \/>\nIl y a de nombreuses attractions touristiques de cette ville, comme les plages, le paysage c\u00f4tier et tout son patrimoine artistique et culturel:<\/p>\n<ul>\n<li style=\"text-align: left;\">L&rsquo;\u00e9glise de San Vicenzo de Duio, datant du XVIIe si\u00e8cle, de style renancentista.<\/li>\n<li style=\"text-align: left;\">L&rsquo;\u00e9glise de San Martino de Duio, datant du XVIIIe si\u00e8cle.<\/li>\n<li style=\"text-align: left;\">L&rsquo;\u00e9glise de Santa Maria das zones, la construction du style roman du XIIe si\u00e8cle.<\/li>\n<li style=\"text-align: left;\">La Casa Do Porto, exemple d&rsquo;architecture civile.<\/li>\n<li style=\"text-align: left;\">Les diff\u00e9rents itin\u00e9raires \u00e0 travers la ville pour regarder l&rsquo;ensemble des valeurs naturelles immenses, que la route vers le cap Finisterre.<\/li>\n<li style=\"text-align: left;\">Visite des plages de Fisterra.<\/li>\n<\/ul>\n<p style=\"text-align: center;\"><a class=\"btn btn-inline\" href=\"https:\/\/www.hotelsemaforodefisterra.com\/fr\/reservations\/\">LE PLUS GROS SITE DE QUEL SAVOIR LUI<\/a><\/p>\n<p>[\/vc_column_text][\/vc_column][\/vc_row][vc_row][vc_column]<h2 class=\"text-center\"><small>VOULEZ-VOUS VISITEZ NOTRE H\u00d4TEL ?<\/small>DELICATESSEN HOTEL O SEM\u00c1FORO DE FISTERRA<\/h2><div class='services-carousel  owl-with-navigation' data-owl-items='4' data-owl-nav='true' data-owl-nav-text='[\"Pr\u00e9c\u00e9dent\",\"Suivante\"]' data-owl-loop='true' data-owl-autoplay='true' data-owl-speed='2000' data-owl-hover='true' data-owl-mobile='1' data-owl-tablet='2' data-owl-dots='false'><div class='item'><a href=\"https:\/\/www.hotelsemaforodefisterra.com\/fr\/chambres\" class=\"link-image\" title=\"Chambres\"><img loading=\"lazy\" decoding=\"async\" width=\"586\" height=\"440\" src=\"https:\/\/www.hotelsemaforodefisterra.com\/wp-content\/uploads\/2016\/08\/habitacion-hotel-semaforo-fisterra.jpg\" class=\"attachment-large size-large\" alt=\"\" srcset=\"https:\/\/www.hotelsemaforodefisterra.com\/wp-content\/uploads\/2016\/08\/habitacion-hotel-semaforo-fisterra.jpg 586w, https:\/\/www.hotelsemaforodefisterra.com\/wp-content\/uploads\/2016\/08\/habitacion-hotel-semaforo-fisterra-300x225.jpg 300w\" sizes=\"(max-width: 586px) 100vw, 586px\" \/><\/a><div class=\"item-content\"><h4><a href=\"https:\/\/www.hotelsemaforodefisterra.com\/fr\/chambres\">Chambres<\/a><\/h4><p>Situ\u00e9 sur le front de mer , ils offrent univers infini de d\u00e9tente et de confort.<\/p><\/div><\/div><div class='item'><a href=\"https:\/\/www.hotelsemaforodefisterra.com\/fr\/restaurante-del-semaforo\/\" class=\"link-image\" title=\"Restaurant O semafORO\"><img loading=\"lazy\" decoding=\"async\" width=\"750\" height=\"401\" src=\"https:\/\/www.hotelsemaforodefisterra.com\/wp-content\/uploads\/2016\/07\/IMG_5736-1024x548-1024x548.jpg\" class=\"attachment-large size-large\" alt=\"\" srcset=\"https:\/\/www.hotelsemaforodefisterra.com\/wp-content\/uploads\/2016\/07\/IMG_5736-1024x548.jpg 1024w, https:\/\/www.hotelsemaforodefisterra.com\/wp-content\/uploads\/2016\/07\/IMG_5736-1024x548-300x161.jpg 300w, https:\/\/www.hotelsemaforodefisterra.com\/wp-content\/uploads\/2016\/07\/IMG_5736-1024x548-768x411.jpg 768w\" sizes=\"(max-width: 750px) 100vw, 750px\" \/><\/a><div class=\"item-content\"><h4><a href=\"https:\/\/www.hotelsemaforodefisterra.com\/fr\/restaurante-del-semaforo\/\">Restaurant O semafORO<\/a><\/h4><p>Une large gamme de cuisine ax\u00e9e sur les produits Galicia .<\/p><\/div><\/div><div class='item'><a href=\"https:\/\/www.hotelsemaforodefisterra.com\/fr\/o-refuxio-del-semaforo\/\" class=\"link-image\" title=\"O Refuxio do semafORO\"><img loading=\"lazy\" decoding=\"async\" width=\"750\" height=\"498\" src=\"https:\/\/www.hotelsemaforodefisterra.com\/wp-content\/uploads\/2016\/08\/Bar-o-sem\u00e1foro-de-fisterra-1024x680.jpg\" class=\"attachment-large size-large\" alt=\"\" srcset=\"https:\/\/www.hotelsemaforodefisterra.com\/wp-content\/uploads\/2016\/08\/Bar-o-sem\u00e1foro-de-fisterra-1024x680.jpg 1024w, https:\/\/www.hotelsemaforodefisterra.com\/wp-content\/uploads\/2016\/08\/Bar-o-sem\u00e1foro-de-fisterra-300x199.jpg 300w, https:\/\/www.hotelsemaforodefisterra.com\/wp-content\/uploads\/2016\/08\/Bar-o-sem\u00e1foro-de-fisterra-768x510.jpg 768w\" sizes=\"(max-width: 750px) 100vw, 750px\" \/><\/a><div class=\"item-content\"><h4><a href=\"https:\/\/www.hotelsemaforodefisterra.com\/fr\/o-refuxio-del-semaforo\/\">O Refuxio do semafORO<\/a><\/h4><p>Quelque chose rapide, riche et savoureux , vous devez passer \u00e0 l'infini par rapport \u00e0 .<\/p><\/div><\/div><div class='item'><a href=\"https:\/\/www.hotelsemaforodefisterra.com\/fr\/fisterra\/\" class=\"link-image\" title=\"Finisterre\"><img loading=\"lazy\" decoding=\"async\" width=\"750\" height=\"563\" src=\"https:\/\/www.hotelsemaforodefisterra.com\/wp-content\/uploads\/2016\/07\/Costa-da-morte-faro-de-fisterra-1024x768.jpg\" class=\"attachment-large size-large\" alt=\"\" srcset=\"https:\/\/www.hotelsemaforodefisterra.com\/wp-content\/uploads\/2016\/07\/Costa-da-morte-faro-de-fisterra-1024x768.jpg 1024w, https:\/\/www.hotelsemaforodefisterra.com\/wp-content\/uploads\/2016\/07\/Costa-da-morte-faro-de-fisterra-300x225.jpg 300w, https:\/\/www.hotelsemaforodefisterra.com\/wp-content\/uploads\/2016\/07\/Costa-da-morte-faro-de-fisterra-768x576.jpg 768w\" sizes=\"(max-width: 750px) 100vw, 750px\" \/><\/a><div class=\"item-content\"><h4><a href=\"https:\/\/www.hotelsemaforodefisterra.com\/fr\/fisterra\/\">Finisterre<\/a><\/h4><p>La fin de la route , finis terrae .<\/p><\/div><\/div><div class='item'><a href=\"https:\/\/www.hotelsemaforodefisterra.com\/fr\/costa-da-morte\/\" class=\"link-image\" title=\"Costa da Morte\"><img loading=\"lazy\" decoding=\"async\" width=\"750\" height=\"475\" src=\"https:\/\/www.hotelsemaforodefisterra.com\/wp-content\/uploads\/2016\/08\/bota-peregrinos-finisterre-1024x648.jpg\" class=\"attachment-large size-large\" alt=\"\" srcset=\"https:\/\/www.hotelsemaforodefisterra.com\/wp-content\/uploads\/2016\/08\/bota-peregrinos-finisterre-1024x648.jpg 1024w, https:\/\/www.hotelsemaforodefisterra.com\/wp-content\/uploads\/2016\/08\/bota-peregrinos-finisterre-300x190.jpg 300w, https:\/\/www.hotelsemaforodefisterra.com\/wp-content\/uploads\/2016\/08\/bota-peregrinos-finisterre-768x486.jpg 768w\" sizes=\"(max-width: 750px) 100vw, 750px\" \/><\/a><div class=\"item-content\"><h4><a href=\"https:\/\/www.hotelsemaforodefisterra.com\/fr\/costa-da-morte\/\">Costa da Morte<\/a><\/h4><p>La tradition maritime de la r\u00e9gion se refl\u00e8te dans leurs coutumes, leurs f\u00eates et sa gastronomie .<\/p><\/div><\/div><\/div>[\/vc_column][\/vc_row]<\/p>\n","protected":false},"excerpt":{"rendered":"<p>[vc_row full_width=\u00a0\u00bbstretch_row\u00a0\u00bb parallax=\u00a0\u00bbcontent-moving\u00a0\u00bb position=\u00a0\u00bbright center\u00a0\u00bb css=\u00a0\u00bb.vc_custom_1472224583210{margin-top: 32px !important;background-image: url(https:\/\/www.hotelsemaforodefisterra.com\/wp-content\/uploads\/2016\/07\/DSC02315.jpg?id=3370) !important;background-position: center;background-repeat: no-repeat !important;background-size: cover !important;}\u00a0\u00bb][vc_column el_class=\u00a0\u00bbwhite-box content-padding text-uppercase\u00a0\u00bb][vc_column_text] AU BORD [&hellip;]<\/p>\n","protected":false},"author":7,"featured_media":0,"parent":0,"menu_order":0,"comment_status":"closed","ping_status":"closed","template":"","meta":{"footnotes":"","_joinchat":[]},"_links":{"self":[{"href":"https:\/\/www.hotelsemaforodefisterra.com\/fr\/wp-json\/wp\/v2\/pages\/3921"}],"collection":[{"href":"https:\/\/www.hotelsemaforodefisterra.com\/fr\/wp-json\/wp\/v2\/pages"}],"about":[{"href":"https:\/\/www.hotelsemaforodefisterra.com\/fr\/wp-json\/wp\/v2\/types\/page"}],"author":[{"embeddable":true,"href":"https:\/\/www.hotelsemaforodefisterra.com\/fr\/wp-json\/wp\/v2\/users\/7"}],"replies":[{"embeddable":true,"href":"https:\/\/www.hotelsemaforodefisterra.com\/fr\/wp-json\/wp\/v2\/comments?post=3921"}],"version-history":[{"count":2,"href":"https:\/\/www.hotelsemaforodefisterra.com\/fr\/wp-json\/wp\/v2\/pages\/3921\/revisions"}],"predecessor-version":[{"id":4022,"href":"https:\/\/www.hotelsemaforodefisterra.com\/fr\/wp-json\/wp\/v2\/pages\/3921\/revisions\/4022"}],"wp:attachment":[{"href":"https:\/\/www.hotelsemaforodefisterra.com\/fr\/wp-json\/wp\/v2\/media?parent=3921"}],"curies":[{"name":"wp","href":"https:\/\/api.w.org\/{rel}","templated":true}]}}