{"id":3907,"date":"2016-07-28T15:31:50","date_gmt":"2016-07-28T15:31:50","guid":{"rendered":"http:\/\/www.hotelsemaforodefisterra.com\/fr\/restaurante-del-semaforo\/"},"modified":"2026-03-09T19:12:23","modified_gmt":"2026-03-09T18:12:23","slug":"restaurante-del-semaforo","status":"publish","type":"page","link":"https:\/\/www.hotelsemaforodefisterra.com\/fr\/restaurante-del-semaforo\/","title":{"rendered":"Restaurant O semafORO"},"content":{"rendered":"<p>[vc_row full_width=\u00a0\u00bbstretch_row\u00a0\u00bb css=\u00a0\u00bb.vc_custom_1472123267567{background-image: url(https:\/\/www.hotelsemaforodefisterra.com\/wp-content\/uploads\/2016\/07\/la-taberna-del-semaforo.jpg?id=3175) !important;background-position: center !important;background-repeat: no-repeat !important;background-size: cover !important;}\u00a0\u00bb el_class=\u00a0\u00bbcontent-padding-xxl\u00a0\u00bb][vc_column width=\u00a0\u00bb1\/2&Prime;][vc_gallery images=\u00a0\u00bb9378,9372,9366,9360&Prime; img_size=\u00a0\u00bbmedium\u00a0\u00bb columns=\u00a0\u00bb2&Prime;][\/vc_column][vc_column width=\u00a0\u00bb1\/2&Prime;][vc_column_text]<\/p>\n<h2><small><strong>NOURRIR L&rsquo;\u00c2ME <\/strong><br \/>\n<\/small>RESTAURANT O\u00a0SEMAFORO<\/h2>\n<p style=\"text-align: left;\">Une large gamme de cuisine ax\u00e9e sur les produits Galicia.<\/p>\n<p style=\"text-align: left;\">En haute saison, nous vous proposons un menu avec des plats \u00e0 partager, prendre soin des rations pr\u00e9sentation typique et l&rsquo;originalit\u00e9 de ses pr\u00e9paratifs<\/p>\n<p style=\"text-align: left;\">En basse saison, notre cuisine se concentre sur la cuisine du march\u00e9, de saison, la r\u00e9cup\u00e9ration de vieux plats locaux, des plats traditionnels et exquise vari\u00e9t\u00e9 de produits \u00e0 base de plats de produits locaux et de la r\u00e9gion: palourde, lubrigante, coques, palourdes, moules et une longue liste de sp\u00e9cialit\u00e9s.<\/p>\n<h5 style=\"text-align: center;\"><a href=\"https:\/\/www.hotelsemaforodefisterra.com\/wp-content\/uploads\/2026\/03\/carta-2026-semaforo.pdf\" target=\"_blank\" rel=\"noopener noreferrer\">OUR MENU<\/a><\/h5>\n<p>[\/vc_column_text][\/vc_column][\/vc_row][vc_row][vc_column][vc_row_inner][vc_column_inner][vc_column_text]<\/p>\n<h3 style=\"text-align: center;\"><strong>Establishment attached<br \/>\n<\/strong><\/h3>\n<p>[\/vc_column_text][\/vc_column_inner][\/vc_row_inner][vc_row_inner][vc_column_inner width=\u00a0\u00bb1\/2&Prime;][vc_single_image image=\u00a0\u00bb4692&Prime; img_size=\u00a0\u00bbmedium\u00a0\u00bb alignment=\u00a0\u00bbcenter\u00a0\u00bb onclick=\u00a0\u00bbcustom_link\u00a0\u00bb img_link_target=\u00a0\u00bb_blank\u00a0\u00bb link=\u00a0\u00bbhttp:\/\/www.margalaica.net\/\u00a0\u00bb][\/vc_column_inner][vc_column_inner width=\u00a0\u00bb1\/2&Prime;][vc_single_image image=\u00a0\u00bb4691&Prime; img_size=\u00a0\u00bbmedium\u00a0\u00bb alignment=\u00a0\u00bbcenter\u00a0\u00bb onclick=\u00a0\u00bbcustom_link\u00a0\u00bb img_link_target=\u00a0\u00bb_blank\u00a0\u00bb link=\u00a0\u00bbhttp:\/\/www.margalaica.net\/km-0&Prime;][\/vc_column_inner][\/vc_row_inner][vc_column_text]<\/p>\n<p style=\"text-align: center;\">\u00a0In <strong>Mar Galaica<\/strong> they help the consumer to identify the restaurants and recipes that guarantee the tasting of the best fresh fish and seafood in the world, that of the Galician coast.<\/p>\n<p style=\"text-align: center;\">The promotional seal <strong>Km 0 Margalaica<\/strong> guarantees that the restaurant with this badge offers mainly fish and seafood from the local fish markets, which were caught using traditional methods of fishing by seamen and sea shellfish, who live off the sea and who want to live on Him many more years.<\/p>\n<p style=\"text-align: center;\">The fish and seafood of our dishes are 100%, coming from the markets of Mar Galaica: Fisterra, Corcubi\u00f3n, O Pindo, Lira, Muros, O Freixo, Noia, Portos\u00edn or Porto do Son.<\/p>\n<p style=\"text-align: center;\"><strong>Our establishment together with Km 0 Mar Galaica committed to:<\/strong><br \/>\nQUALITY, SUSTAINABILITY, LOCAL IDENTITY and RESPONSIBLE CONSUMPTION<br \/>\nWe want to promote consumption close to fishing sites:<br \/>\nWhat better than at the END OF THE WORLD? &#8230;..<\/p>\n<p style=\"text-align: center;\"><strong>WELCOME AND BON APPETIT !!<\/strong><\/p>\n<p>[\/vc_column_text][\/vc_column][\/vc_row][vc_row][vc_column][vc_column_text]<\/p>\n<p>[\/vc_column_text][\/vc_column][\/vc_row][vc_row][vc_column]<h2 class=\"text-center\"><small>VOULEZ-VOUS VISITEZ NOTRE H\u00d4TEL ?<\/small>DELICATESSEN HOTEL O SEM\u00c1FORO DE FISTERRA<\/h2><div class='services-carousel  owl-with-navigation' data-owl-items='4' data-owl-nav='true' data-owl-nav-text='[\"Pr\u00e9c\u00e9dent\",\"Suivante\"]' data-owl-loop='true' data-owl-autoplay='true' data-owl-speed='2000' data-owl-hover='true' data-owl-mobile='1' data-owl-tablet='2' data-owl-dots='false'><div class='item'><a href=\"https:\/\/www.hotelsemaforodefisterra.com\/fr\/chambres\" class=\"link-image\" title=\"Chambres\"><img loading=\"lazy\" decoding=\"async\" width=\"586\" height=\"440\" src=\"https:\/\/www.hotelsemaforodefisterra.com\/wp-content\/uploads\/2016\/08\/habitacion-hotel-semaforo-fisterra.jpg\" class=\"attachment-large size-large\" alt=\"\" srcset=\"https:\/\/www.hotelsemaforodefisterra.com\/wp-content\/uploads\/2016\/08\/habitacion-hotel-semaforo-fisterra.jpg 586w, https:\/\/www.hotelsemaforodefisterra.com\/wp-content\/uploads\/2016\/08\/habitacion-hotel-semaforo-fisterra-300x225.jpg 300w\" sizes=\"(max-width: 586px) 100vw, 586px\" \/><\/a><div class=\"item-content\"><h4><a href=\"https:\/\/www.hotelsemaforodefisterra.com\/fr\/chambres\">Chambres<\/a><\/h4><p>Situ\u00e9 sur le front de mer , ils offrent univers infini de d\u00e9tente et de confort.<\/p><\/div><\/div><div class='item'><a href=\"https:\/\/www.hotelsemaforodefisterra.com\/fr\/restaurante-del-semaforo\/\" class=\"link-image\" title=\"Restaurant O semafORO\"><img loading=\"lazy\" decoding=\"async\" width=\"750\" height=\"401\" src=\"https:\/\/www.hotelsemaforodefisterra.com\/wp-content\/uploads\/2016\/07\/IMG_5736-1024x548-1024x548.jpg\" class=\"attachment-large size-large\" alt=\"\" srcset=\"https:\/\/www.hotelsemaforodefisterra.com\/wp-content\/uploads\/2016\/07\/IMG_5736-1024x548.jpg 1024w, https:\/\/www.hotelsemaforodefisterra.com\/wp-content\/uploads\/2016\/07\/IMG_5736-1024x548-300x161.jpg 300w, https:\/\/www.hotelsemaforodefisterra.com\/wp-content\/uploads\/2016\/07\/IMG_5736-1024x548-768x411.jpg 768w\" sizes=\"(max-width: 750px) 100vw, 750px\" \/><\/a><div class=\"item-content\"><h4><a href=\"https:\/\/www.hotelsemaforodefisterra.com\/fr\/restaurante-del-semaforo\/\">Restaurant O semafORO<\/a><\/h4><p>Une large gamme de cuisine ax\u00e9e sur les produits Galicia .<\/p><\/div><\/div><div class='item'><a href=\"https:\/\/www.hotelsemaforodefisterra.com\/fr\/o-refuxio-del-semaforo\/\" class=\"link-image\" title=\"O Refuxio do semafORO\"><img loading=\"lazy\" decoding=\"async\" width=\"750\" height=\"498\" src=\"https:\/\/www.hotelsemaforodefisterra.com\/wp-content\/uploads\/2016\/08\/Bar-o-sem\u00e1foro-de-fisterra-1024x680.jpg\" class=\"attachment-large size-large\" alt=\"\" srcset=\"https:\/\/www.hotelsemaforodefisterra.com\/wp-content\/uploads\/2016\/08\/Bar-o-sem\u00e1foro-de-fisterra-1024x680.jpg 1024w, https:\/\/www.hotelsemaforodefisterra.com\/wp-content\/uploads\/2016\/08\/Bar-o-sem\u00e1foro-de-fisterra-300x199.jpg 300w, https:\/\/www.hotelsemaforodefisterra.com\/wp-content\/uploads\/2016\/08\/Bar-o-sem\u00e1foro-de-fisterra-768x510.jpg 768w\" sizes=\"(max-width: 750px) 100vw, 750px\" \/><\/a><div class=\"item-content\"><h4><a href=\"https:\/\/www.hotelsemaforodefisterra.com\/fr\/o-refuxio-del-semaforo\/\">O Refuxio do semafORO<\/a><\/h4><p>Quelque chose rapide, riche et savoureux , vous devez passer \u00e0 l'infini par rapport \u00e0 .<\/p><\/div><\/div><div class='item'><a href=\"https:\/\/www.hotelsemaforodefisterra.com\/fr\/fisterra\/\" class=\"link-image\" title=\"Finisterre\"><img loading=\"lazy\" decoding=\"async\" width=\"750\" height=\"563\" src=\"https:\/\/www.hotelsemaforodefisterra.com\/wp-content\/uploads\/2016\/07\/Costa-da-morte-faro-de-fisterra-1024x768.jpg\" class=\"attachment-large size-large\" alt=\"\" srcset=\"https:\/\/www.hotelsemaforodefisterra.com\/wp-content\/uploads\/2016\/07\/Costa-da-morte-faro-de-fisterra-1024x768.jpg 1024w, https:\/\/www.hotelsemaforodefisterra.com\/wp-content\/uploads\/2016\/07\/Costa-da-morte-faro-de-fisterra-300x225.jpg 300w, https:\/\/www.hotelsemaforodefisterra.com\/wp-content\/uploads\/2016\/07\/Costa-da-morte-faro-de-fisterra-768x576.jpg 768w\" sizes=\"(max-width: 750px) 100vw, 750px\" \/><\/a><div class=\"item-content\"><h4><a href=\"https:\/\/www.hotelsemaforodefisterra.com\/fr\/fisterra\/\">Finisterre<\/a><\/h4><p>La fin de la route , finis terrae .<\/p><\/div><\/div><div class='item'><a href=\"https:\/\/www.hotelsemaforodefisterra.com\/fr\/costa-da-morte\/\" class=\"link-image\" title=\"Costa da Morte\"><img loading=\"lazy\" decoding=\"async\" width=\"750\" height=\"475\" src=\"https:\/\/www.hotelsemaforodefisterra.com\/wp-content\/uploads\/2016\/08\/bota-peregrinos-finisterre-1024x648.jpg\" class=\"attachment-large size-large\" alt=\"\" srcset=\"https:\/\/www.hotelsemaforodefisterra.com\/wp-content\/uploads\/2016\/08\/bota-peregrinos-finisterre-1024x648.jpg 1024w, https:\/\/www.hotelsemaforodefisterra.com\/wp-content\/uploads\/2016\/08\/bota-peregrinos-finisterre-300x190.jpg 300w, https:\/\/www.hotelsemaforodefisterra.com\/wp-content\/uploads\/2016\/08\/bota-peregrinos-finisterre-768x486.jpg 768w\" sizes=\"(max-width: 750px) 100vw, 750px\" \/><\/a><div class=\"item-content\"><h4><a href=\"https:\/\/www.hotelsemaforodefisterra.com\/fr\/costa-da-morte\/\">Costa da Morte<\/a><\/h4><p>La tradition maritime de la r\u00e9gion se refl\u00e8te dans leurs coutumes, leurs f\u00eates et sa gastronomie .<\/p><\/div><\/div><\/div>[\/vc_column][\/vc_row]<\/p>\n","protected":false},"excerpt":{"rendered":"<p>[vc_row full_width=\u00a0\u00bbstretch_row\u00a0\u00bb css=\u00a0\u00bb.vc_custom_1472123267567{background-image: url(https:\/\/www.hotelsemaforodefisterra.com\/wp-content\/uploads\/2016\/07\/la-taberna-del-semaforo.jpg?id=3175) !important;background-position: center !important;background-repeat: no-repeat !important;background-size: cover !important;}\u00a0\u00bb el_class=\u00a0\u00bbcontent-padding-xxl\u00a0\u00bb][vc_column width=\u00a0\u00bb1\/2&Prime;][vc_gallery images=\u00a0\u00bb9378,9372,9366,9360&Prime; img_size=\u00a0\u00bbmedium\u00a0\u00bb columns=\u00a0\u00bb2&Prime;][\/vc_column][vc_column width=\u00a0\u00bb1\/2&Prime;][vc_column_text] NOURRIR L&rsquo;\u00c2ME RESTAURANT [&hellip;]<\/p>\n","protected":false},"author":7,"featured_media":0,"parent":0,"menu_order":0,"comment_status":"closed","ping_status":"closed","template":"","meta":{"footnotes":"","_joinchat":[]},"_links":{"self":[{"href":"https:\/\/www.hotelsemaforodefisterra.com\/fr\/wp-json\/wp\/v2\/pages\/3907"}],"collection":[{"href":"https:\/\/www.hotelsemaforodefisterra.com\/fr\/wp-json\/wp\/v2\/pages"}],"about":[{"href":"https:\/\/www.hotelsemaforodefisterra.com\/fr\/wp-json\/wp\/v2\/types\/page"}],"author":[{"embeddable":true,"href":"https:\/\/www.hotelsemaforodefisterra.com\/fr\/wp-json\/wp\/v2\/users\/7"}],"replies":[{"embeddable":true,"href":"https:\/\/www.hotelsemaforodefisterra.com\/fr\/wp-json\/wp\/v2\/comments?post=3907"}],"version-history":[{"count":16,"href":"https:\/\/www.hotelsemaforodefisterra.com\/fr\/wp-json\/wp\/v2\/pages\/3907\/revisions"}],"predecessor-version":[{"id":9863,"href":"https:\/\/www.hotelsemaforodefisterra.com\/fr\/wp-json\/wp\/v2\/pages\/3907\/revisions\/9863"}],"wp:attachment":[{"href":"https:\/\/www.hotelsemaforodefisterra.com\/fr\/wp-json\/wp\/v2\/media?parent=3907"}],"curies":[{"name":"wp","href":"https:\/\/api.w.org\/{rel}","templated":true}]}}