{"id":3892,"date":"2016-07-15T13:48:35","date_gmt":"2016-07-15T13:48:35","guid":{"rendered":"http:\/\/www.hotelsemaforodefisterra.com\/fr\/espacios-infinitos\/"},"modified":"2016-09-20T16:19:06","modified_gmt":"2016-09-20T16:19:06","slug":"espacios-infinitos","status":"publish","type":"page","link":"https:\/\/www.hotelsemaforodefisterra.com\/fr\/espacios-infinitos\/","title":{"rendered":"Espaces infinis"},"content":{"rendered":"<p>[vc_row content_placement=\u00a0\u00bbtop\u00a0\u00bb][vc_column width=\u00a0\u00bb1\/2&Prime;][vc_column_text]<\/p>\n<h2><small><strong>R\u00eave dans l&rsquo;infini <\/strong><\/small>ESPACES INFINIS<\/h2>\n<p>De nos installations ont les meilleures vues \u00e0 l&rsquo;infini.<\/p>\n<ul>\n<li>Le soleil se l\u00e8ve<\/li>\n<li>A Costa da Morte<\/li>\n<li>La fameuse pierre O Centolo<\/li>\n<li>Le MonteFacho<\/li>\n<li>Les emplacements des \u00e9paves<\/li>\n<li>Le \u00c9zaro et le mont Pindo<\/li>\n<\/ul>\n<p>Dans nos terrasses \u00e0 d\u00e9bordement, vous pourrez savourer de d\u00e9licieux moments que nous avons con\u00e7u pour vous Vermouth sessions, concerts, au coucher du soleil, des conteurs et une foule d&rsquo;activit\u00e9s tout au long de l&rsquo;ann\u00e9e animent nos espaces ext\u00e9rieurs.<\/p>\n<p><ins><strong>Terrasse O REFUXIO<\/strong><\/ins><br \/>\nO Centolo et orient\u00e9e vers le meilleur coucher de soleil dans les mois de Juillet \u00e0 Octobre, a une capacit\u00e9 de 24 personnes<\/p>\n<p><ins><strong>Terrasse Est O SEMAFORO<\/strong><\/ins><br \/>\nUn espace pour rep\u00e9rer \u00e0 la fois le Mar de Fora, \u00e0 O Centolo et le coucher du soleil, et de voir la c\u00f4te de \u00c9zaro, Carnota, et \u00e0 l&rsquo;int\u00e9rieur de la Ria. Un vrai spectacle si vous pouvez sentir \u00e0 l&rsquo;aise et profiter des heures et des heures de bonne musique, les meilleurs produits de la Galice dans un style espace de d\u00e9tente<br \/>\n<ins><\/ins><\/p>\n<p><ins><strong>Ouest Terrasse O SEMAFORO<\/strong><\/ins><br \/>\nFace \u00e0 la m\u00eame Faro, le point de la Terre d&rsquo;extr\u00e9mit\u00e9, une grande terrasse o\u00f9 autrefois situ\u00e9 le m\u00e2t des signaux de communication aux navires. Un grand espace o\u00f9 vous avez une vue panoramique sur la fin du monde. Un espace o\u00f9 vous pourrez d\u00e9guster notre cuisine, o\u00f9 vous pourrez assister \u00e0 des d\u00e9gustations de produits, concerts,<\/p>\n<p><ins><strong>A propos de O SEMAFORO<\/strong><\/ins><br \/>\nTout autour du b\u00e2timent ou Semaphore est con\u00e7u de sorte que vous pouvez acc\u00e9der \u00e0 l&rsquo;information de l&rsquo;environnement Faro: Nufragios, Costa da Morte, Faro Histoire, culture et tradition, etc. endroits merveilleux o\u00f9 vous avez un maximum d&rsquo;intimit\u00e9 et seront \u00e0 l&rsquo;abri de tout et de tout le monde.<\/p>\n<p>cr\u00e9\u00e9 pour vous et vos espaces de jouissance, des espaces qui donnent un hommage et admirez ses vues spectaculaires et l&rsquo;exp\u00e9rience d&rsquo;\u00eatre dans la FIN DU MONDE[\/vc_column_text][vc_btn title=\u00a0\u00bbVENEZ CONNA\u00ceTRE L&rsquo;INFINI\u00a0\u00bb style=\u00a0\u00bboutline-custom\u00a0\u00bb outline_custom_color=\u00a0\u00bb#ad854d\u00a0\u00bb outline_custom_hover_background=\u00a0\u00bb#666666&Prime; outline_custom_hover_text=\u00a0\u00bb#ffffff\u00a0\u00bb align=\u00a0\u00bbcenter\u00a0\u00bb link=\u00a0\u00bburl:http%3A%2F%2Fwww.hotelsemaforodefisterra.com%2Ffr%2Freservations%2F||\u00a0\u00bb][\/vc_column][vc_column width=\u00a0\u00bb1\/2&Prime;][vc_gallery images=\u00a0\u00bb2909,3109,3166,3167,3122,3292,3367,3369,3370,3368&Prime; img_size=\u00a0\u00bbmedium\u00a0\u00bb columns=\u00a0\u00bb2&Prime;][\/vc_column][\/vc_row][vc_row][vc_column]<h2 class=\"text-center\"><small>VOULEZ-VOUS VISITEZ NOTRE H\u00d4TEL ?<\/small>DELICATESSEN HOTEL O SEM\u00c1FORO DE FISTERRA<\/h2><div class='services-carousel  owl-with-navigation' data-owl-items='4' data-owl-nav='true' data-owl-nav-text='[\"Pr\u00e9c\u00e9dent\",\"Suivante\"]' data-owl-loop='true' data-owl-autoplay='true' data-owl-speed='2000' data-owl-hover='true' data-owl-mobile='1' data-owl-tablet='2' data-owl-dots='false'><div class='item'><a href=\"https:\/\/www.hotelsemaforodefisterra.com\/fr\/chambres\" class=\"link-image\" title=\"Chambres\"><img loading=\"lazy\" decoding=\"async\" width=\"586\" height=\"440\" src=\"https:\/\/www.hotelsemaforodefisterra.com\/wp-content\/uploads\/2016\/08\/habitacion-hotel-semaforo-fisterra.jpg\" class=\"attachment-large size-large\" alt=\"\" srcset=\"https:\/\/www.hotelsemaforodefisterra.com\/wp-content\/uploads\/2016\/08\/habitacion-hotel-semaforo-fisterra.jpg 586w, https:\/\/www.hotelsemaforodefisterra.com\/wp-content\/uploads\/2016\/08\/habitacion-hotel-semaforo-fisterra-300x225.jpg 300w\" sizes=\"(max-width: 586px) 100vw, 586px\" \/><\/a><div class=\"item-content\"><h4><a href=\"https:\/\/www.hotelsemaforodefisterra.com\/fr\/chambres\">Chambres<\/a><\/h4><p>Situ\u00e9 sur le front de mer , ils offrent univers infini de d\u00e9tente et de confort.<\/p><\/div><\/div><div class='item'><a href=\"https:\/\/www.hotelsemaforodefisterra.com\/fr\/restaurante-del-semaforo\/\" class=\"link-image\" title=\"Restaurant O semafORO\"><img loading=\"lazy\" decoding=\"async\" width=\"750\" height=\"401\" src=\"https:\/\/www.hotelsemaforodefisterra.com\/wp-content\/uploads\/2016\/07\/IMG_5736-1024x548-1024x548.jpg\" class=\"attachment-large size-large\" alt=\"\" srcset=\"https:\/\/www.hotelsemaforodefisterra.com\/wp-content\/uploads\/2016\/07\/IMG_5736-1024x548.jpg 1024w, https:\/\/www.hotelsemaforodefisterra.com\/wp-content\/uploads\/2016\/07\/IMG_5736-1024x548-300x161.jpg 300w, https:\/\/www.hotelsemaforodefisterra.com\/wp-content\/uploads\/2016\/07\/IMG_5736-1024x548-768x411.jpg 768w\" sizes=\"(max-width: 750px) 100vw, 750px\" \/><\/a><div class=\"item-content\"><h4><a href=\"https:\/\/www.hotelsemaforodefisterra.com\/fr\/restaurante-del-semaforo\/\">Restaurant O semafORO<\/a><\/h4><p>Une large gamme de cuisine ax\u00e9e sur les produits Galicia .<\/p><\/div><\/div><div class='item'><a href=\"https:\/\/www.hotelsemaforodefisterra.com\/fr\/o-refuxio-del-semaforo\/\" class=\"link-image\" title=\"O Refuxio do semafORO\"><img loading=\"lazy\" decoding=\"async\" width=\"750\" height=\"498\" src=\"https:\/\/www.hotelsemaforodefisterra.com\/wp-content\/uploads\/2016\/08\/Bar-o-sem\u00e1foro-de-fisterra-1024x680.jpg\" class=\"attachment-large size-large\" alt=\"\" srcset=\"https:\/\/www.hotelsemaforodefisterra.com\/wp-content\/uploads\/2016\/08\/Bar-o-sem\u00e1foro-de-fisterra-1024x680.jpg 1024w, https:\/\/www.hotelsemaforodefisterra.com\/wp-content\/uploads\/2016\/08\/Bar-o-sem\u00e1foro-de-fisterra-300x199.jpg 300w, https:\/\/www.hotelsemaforodefisterra.com\/wp-content\/uploads\/2016\/08\/Bar-o-sem\u00e1foro-de-fisterra-768x510.jpg 768w\" sizes=\"(max-width: 750px) 100vw, 750px\" \/><\/a><div class=\"item-content\"><h4><a href=\"https:\/\/www.hotelsemaforodefisterra.com\/fr\/o-refuxio-del-semaforo\/\">O Refuxio do semafORO<\/a><\/h4><p>Quelque chose rapide, riche et savoureux , vous devez passer \u00e0 l'infini par rapport \u00e0 .<\/p><\/div><\/div><div class='item'><a href=\"https:\/\/www.hotelsemaforodefisterra.com\/fr\/fisterra\/\" class=\"link-image\" title=\"Finisterre\"><img loading=\"lazy\" decoding=\"async\" width=\"750\" height=\"563\" src=\"https:\/\/www.hotelsemaforodefisterra.com\/wp-content\/uploads\/2016\/07\/Costa-da-morte-faro-de-fisterra-1024x768.jpg\" class=\"attachment-large size-large\" alt=\"\" srcset=\"https:\/\/www.hotelsemaforodefisterra.com\/wp-content\/uploads\/2016\/07\/Costa-da-morte-faro-de-fisterra-1024x768.jpg 1024w, https:\/\/www.hotelsemaforodefisterra.com\/wp-content\/uploads\/2016\/07\/Costa-da-morte-faro-de-fisterra-300x225.jpg 300w, https:\/\/www.hotelsemaforodefisterra.com\/wp-content\/uploads\/2016\/07\/Costa-da-morte-faro-de-fisterra-768x576.jpg 768w\" sizes=\"(max-width: 750px) 100vw, 750px\" \/><\/a><div class=\"item-content\"><h4><a href=\"https:\/\/www.hotelsemaforodefisterra.com\/fr\/fisterra\/\">Finisterre<\/a><\/h4><p>La fin de la route , finis terrae .<\/p><\/div><\/div><div class='item'><a href=\"https:\/\/www.hotelsemaforodefisterra.com\/fr\/costa-da-morte\/\" class=\"link-image\" title=\"Costa da Morte\"><img loading=\"lazy\" decoding=\"async\" width=\"750\" height=\"475\" src=\"https:\/\/www.hotelsemaforodefisterra.com\/wp-content\/uploads\/2016\/08\/bota-peregrinos-finisterre-1024x648.jpg\" class=\"attachment-large size-large\" alt=\"\" srcset=\"https:\/\/www.hotelsemaforodefisterra.com\/wp-content\/uploads\/2016\/08\/bota-peregrinos-finisterre-1024x648.jpg 1024w, https:\/\/www.hotelsemaforodefisterra.com\/wp-content\/uploads\/2016\/08\/bota-peregrinos-finisterre-300x190.jpg 300w, https:\/\/www.hotelsemaforodefisterra.com\/wp-content\/uploads\/2016\/08\/bota-peregrinos-finisterre-768x486.jpg 768w\" sizes=\"(max-width: 750px) 100vw, 750px\" \/><\/a><div class=\"item-content\"><h4><a href=\"https:\/\/www.hotelsemaforodefisterra.com\/fr\/costa-da-morte\/\">Costa da Morte<\/a><\/h4><p>La tradition maritime de la r\u00e9gion se refl\u00e8te dans leurs coutumes, leurs f\u00eates et sa gastronomie .<\/p><\/div><\/div><\/div>[\/vc_column][\/vc_row]<\/p>\n","protected":false},"excerpt":{"rendered":"<p>[vc_row content_placement=\u00a0\u00bbtop\u00a0\u00bb][vc_column width=\u00a0\u00bb1\/2&Prime;][vc_column_text] R\u00eave dans l&rsquo;infini ESPACES INFINIS De nos installations ont les meilleures vues \u00e0 l&rsquo;infini. Le soleil se [&hellip;]<\/p>\n","protected":false},"author":7,"featured_media":0,"parent":0,"menu_order":0,"comment_status":"closed","ping_status":"closed","template":"","meta":{"footnotes":"","_joinchat":[]},"_links":{"self":[{"href":"https:\/\/www.hotelsemaforodefisterra.com\/fr\/wp-json\/wp\/v2\/pages\/3892"}],"collection":[{"href":"https:\/\/www.hotelsemaforodefisterra.com\/fr\/wp-json\/wp\/v2\/pages"}],"about":[{"href":"https:\/\/www.hotelsemaforodefisterra.com\/fr\/wp-json\/wp\/v2\/types\/page"}],"author":[{"embeddable":true,"href":"https:\/\/www.hotelsemaforodefisterra.com\/fr\/wp-json\/wp\/v2\/users\/7"}],"replies":[{"embeddable":true,"href":"https:\/\/www.hotelsemaforodefisterra.com\/fr\/wp-json\/wp\/v2\/comments?post=3892"}],"version-history":[{"count":5,"href":"https:\/\/www.hotelsemaforodefisterra.com\/fr\/wp-json\/wp\/v2\/pages\/3892\/revisions"}],"predecessor-version":[{"id":4008,"href":"https:\/\/www.hotelsemaforodefisterra.com\/fr\/wp-json\/wp\/v2\/pages\/3892\/revisions\/4008"}],"wp:attachment":[{"href":"https:\/\/www.hotelsemaforodefisterra.com\/fr\/wp-json\/wp\/v2\/media?parent=3892"}],"curies":[{"name":"wp","href":"https:\/\/api.w.org\/{rel}","templated":true}]}}