{"id":3890,"date":"2016-08-05T09:27:42","date_gmt":"2016-08-05T09:27:42","guid":{"rendered":"http:\/\/www.hotelsemaforodefisterra.com\/fr\/espacios-interiores\/"},"modified":"2026-02-06T17:51:40","modified_gmt":"2026-02-06T16:51:40","slug":"espacios-interiores","status":"publish","type":"page","link":"https:\/\/www.hotelsemaforodefisterra.com\/fr\/espacios-interiores\/","title":{"rendered":"Espaces int\u00e9rieurs"},"content":{"rendered":"<p>[vc_row css=\u00a0\u00bb.vc_custom_1472121972925{background-position: center !important;background-repeat: no-repeat !important;background-size: cover !important;}\u00a0\u00bb el_class=\u00a0\u00bbcontent-padding-xxl\u00a0\u00bb][vc_column width=\u00a0\u00bb1\/2&Prime;][vc_gallery images=\u00a0\u00bb3339,3340&Prime; img_size=\u00a0\u00bblarge\u00a0\u00bb columns=\u00a0\u00bb1&Prime;][\/vc_column][vc_column width=\u00a0\u00bb1\/2&Prime;][vc_column_text]<\/p>\n<h2><small><strong>R\u00eave dans l&rsquo;infini<\/strong><\/small>ESPACES INT\u00c9RIEURS<\/h2>\n<p style=\"text-align: justify;\">Ce petit h\u00f4tel est plein de lieux magiques pour trouver votre refuge et votre temps.<\/p>\n<p style=\"text-align: justify;\">Notre salon confortable est id\u00e9al pour la lecture et de l&rsquo;espace d&rsquo;abstraction. Dans les nuits d&rsquo;hiver devient le lieu de pr\u00e9dilection pour paresser sur la mer, les vents, les temp\u00eates, la route &#8230;<\/p>\n<p style=\"text-align: justify;\">Un petit caf\u00e9 accueille 7 tables suspendues \u00e0 c\u00f4t\u00e9 de chaque fen\u00eatre, comme un ancien \u00ab\u00a0parladoiros\u00a0\u00bb \u00ab\u00a0Tuyyo\u00a0\u00bb unique o\u00f9 vous avez les meilleures vues \u00e0 l&rsquo;infini, le point \u00e0 partir duquel le plus \u00e9lev\u00e9 \u00e0 contempler cet endroit merveilleux et de partager, avec qui vous voulez un moment sp\u00e9cial.<\/p>\n<p style=\"text-align: justify;\">Une salle \u00e0 manger o\u00f9 profiter des d\u00e9lices de ce propre h\u00f4tel de charcuterie. endroits uniques o\u00f9 vous pouvez abstraerte de tout et de tout le monde, des espaces con\u00e7us pour votre d\u00e9jeuner ou le d\u00eener deviennent une exp\u00e9rience intime, priv\u00e9e et particuli\u00e8re.<\/p>\n<p>[\/vc_column_text][vc_btn title=\u00a0\u00bbVENEZ CONNA\u00ceTRE NOS COINS UNIQUE\u00a0\u00bb style=\u00a0\u00bboutline-custom\u00a0\u00bb outline_custom_color=\u00a0\u00bb#ad854d\u00a0\u00bb outline_custom_hover_background=\u00a0\u00bb#666666&Prime; outline_custom_hover_text=\u00a0\u00bb#ffffff\u00a0\u00bb align=\u00a0\u00bbcenter\u00a0\u00bb link=\u00a0\u00bburl:http%3A%2F%2Fwww.hotelsemaforodefisterra.com%2Ffr%2Freservations%2F||\u00a0\u00bb][\/vc_column][\/vc_row][vc_row][vc_column]<h2 class=\"text-center\"><small>Une exp\u00e9rience unique et m\u00e9morable<\/small>DELICATESSEN H\u00d4TEL O SEMAFORO DE FISTERRA<\/h2><div class='services-carousel  owl-with-navigation' data-owl-items='4' data-owl-nav='true' data-owl-nav-text='[\"Pr\u00e9c\u00e9dent\",\"Suivante\"]' data-owl-loop='true' data-owl-autoplay='true' data-owl-speed='2000' data-owl-hover='true' data-owl-mobile='1' data-owl-tablet='2' data-owl-dots='false'><div class='item'><a href=\"https:\/\/www.hotelsemaforodefisterra.com\/fr\/chambres\/\" class=\"link-image\" title=\"CHAMBRE DES NAUFRAGES\"><img loading=\"lazy\" decoding=\"async\" width=\"750\" height=\"500\" src=\"https:\/\/www.hotelsemaforodefisterra.com\/wp-content\/uploads\/2026\/02\/hn-naufraxio-hotel-semaforo-fisterra-1024x683.jpg\" class=\"attachment-large size-large\" alt=\"\" srcset=\"https:\/\/www.hotelsemaforodefisterra.com\/wp-content\/uploads\/2026\/02\/hn-naufraxio-hotel-semaforo-fisterra-1024x683.jpg 1024w, https:\/\/www.hotelsemaforodefisterra.com\/wp-content\/uploads\/2026\/02\/hn-naufraxio-hotel-semaforo-fisterra-300x200.jpg 300w, https:\/\/www.hotelsemaforodefisterra.com\/wp-content\/uploads\/2026\/02\/hn-naufraxio-hotel-semaforo-fisterra-768x512.jpg 768w, https:\/\/www.hotelsemaforodefisterra.com\/wp-content\/uploads\/2026\/02\/hn-naufraxio-hotel-semaforo-fisterra.jpg 1500w\" sizes=\"(max-width: 750px) 100vw, 750px\" \/><\/a><div class=\"item-content\"><h4><a href=\"https:\/\/www.hotelsemaforodefisterra.com\/fr\/chambres\/\">CHAMBRE DES NAUFRAGES<\/a><\/h4><p>Dans cette salle, vous ferez partie de l'histoire, l'histoire des naufrages qui a fait cela. chambre \u00e0 th\u00e8me avec des \u00e9l\u00e9ments de la mer de navires anciens, la l\u00e9gende de naufrages. Vous d\u00e9couvrirez les secrets que seule cette chambre murmure de vous<\/p><\/div><\/div><div class='item'><a href=\"https:\/\/www.hotelsemaforodefisterra.com\/fr\/chambres\/\" class=\"link-image\" title=\"CHAMBRE DU S\u00c9MAPHORE\"><img loading=\"lazy\" decoding=\"async\" width=\"750\" height=\"500\" src=\"https:\/\/www.hotelsemaforodefisterra.com\/wp-content\/uploads\/2026\/02\/hb-semaforo-desayuno-hotel-semaforo-fisterra-1024x683.jpg\" class=\"attachment-large size-large\" alt=\"\" srcset=\"https:\/\/www.hotelsemaforodefisterra.com\/wp-content\/uploads\/2026\/02\/hb-semaforo-desayuno-hotel-semaforo-fisterra-1024x683.jpg 1024w, https:\/\/www.hotelsemaforodefisterra.com\/wp-content\/uploads\/2026\/02\/hb-semaforo-desayuno-hotel-semaforo-fisterra-300x200.jpg 300w, https:\/\/www.hotelsemaforodefisterra.com\/wp-content\/uploads\/2026\/02\/hb-semaforo-desayuno-hotel-semaforo-fisterra-768x512.jpg 768w, https:\/\/www.hotelsemaforodefisterra.com\/wp-content\/uploads\/2026\/02\/hb-semaforo-desayuno-hotel-semaforo-fisterra.jpg 1500w\" sizes=\"(max-width: 750px) 100vw, 750px\" \/><\/a><div class=\"item-content\"><h4><a href=\"https:\/\/www.hotelsemaforodefisterra.com\/fr\/chambres\/\">CHAMBRE DU S\u00c9MAPHORE<\/a><\/h4><p>La communication entre le phare et les bateaux, a \u00e9t\u00e9 fait par des drapeaux de signalisation, plac\u00e9s dans ces b\u00e2timents appel\u00e9s feux de circulation, \u00e0 c\u00f4t\u00e9 du phare. Dans cette salle, nous recr\u00e9ons que la communication et de donner vie \u00e0 cette langue<\/p><\/div><\/div><div class='item'><a href=\"https:\/\/www.hotelsemaforodefisterra.com\/fr\/chambres\/\" class=\"link-image\" title=\"CHAMBRE DU PHARE\"><img loading=\"lazy\" decoding=\"async\" width=\"750\" height=\"500\" src=\"https:\/\/www.hotelsemaforodefisterra.com\/wp-content\/uploads\/2026\/02\/hb-faros-desayuno-hotel-semaforo-finisterre-1024x683.jpg\" class=\"attachment-large size-large\" alt=\"\" srcset=\"https:\/\/www.hotelsemaforodefisterra.com\/wp-content\/uploads\/2026\/02\/hb-faros-desayuno-hotel-semaforo-finisterre-1024x683.jpg 1024w, https:\/\/www.hotelsemaforodefisterra.com\/wp-content\/uploads\/2026\/02\/hb-faros-desayuno-hotel-semaforo-finisterre-300x200.jpg 300w, https:\/\/www.hotelsemaforodefisterra.com\/wp-content\/uploads\/2026\/02\/hb-faros-desayuno-hotel-semaforo-finisterre-768x512.jpg 768w, https:\/\/www.hotelsemaforodefisterra.com\/wp-content\/uploads\/2026\/02\/hb-faros-desayuno-hotel-semaforo-finisterre.jpg 1500w\" sizes=\"(max-width: 750px) 100vw, 750px\" \/><\/a><div class=\"item-content\"><h4><a href=\"https:\/\/www.hotelsemaforodefisterra.com\/fr\/chambres\/\">CHAMBRE DU PHARE<\/a><\/h4><p>Vous ne serez pas seul dans cette salle ... accompagnera les balises les plus importants de la Galice. Dans cette salle, verra passer la lumi\u00e8re r\u00e9fl\u00e9chie du phare, toutes les 4 secondes vous serez t\u00e9moin de sa lumi\u00e8re, la derni\u00e8re lumi\u00e8re de ce c\u00f4t\u00e9 du continent, la derni\u00e8re lumi\u00e8re qu'ils ont vu de nombreux naufrag\u00e9s et de la lumi\u00e8re qui a sauv\u00e9 de nombreuses vies.<\/p><\/div><\/div><div class='item'><a href=\"https:\/\/www.hotelsemaforodefisterra.com\/fr\/chambres\/\" class=\"link-image\" title=\"CHAMBRE STELLAE\"><img loading=\"lazy\" decoding=\"async\" width=\"750\" height=\"500\" src=\"https:\/\/www.hotelsemaforodefisterra.com\/wp-content\/uploads\/2026\/02\/hb-stellae-desayuno-hotel-semaforo-fisterra-1024x683.jpg\" class=\"attachment-large size-large\" alt=\"\" srcset=\"https:\/\/www.hotelsemaforodefisterra.com\/wp-content\/uploads\/2026\/02\/hb-stellae-desayuno-hotel-semaforo-fisterra-1024x683.jpg 1024w, https:\/\/www.hotelsemaforodefisterra.com\/wp-content\/uploads\/2026\/02\/hb-stellae-desayuno-hotel-semaforo-fisterra-300x200.jpg 300w, https:\/\/www.hotelsemaforodefisterra.com\/wp-content\/uploads\/2026\/02\/hb-stellae-desayuno-hotel-semaforo-fisterra-768x512.jpg 768w, https:\/\/www.hotelsemaforodefisterra.com\/wp-content\/uploads\/2026\/02\/hb-stellae-desayuno-hotel-semaforo-fisterra.jpg 1500w\" sizes=\"(max-width: 750px) 100vw, 750px\" \/><\/a><div class=\"item-content\"><h4><a href=\"https:\/\/www.hotelsemaforodefisterra.com\/fr\/chambres\/\">CHAMBRE STELLAE<\/a><\/h4><p>La Voie lact\u00e9e passe juste cet h\u00f4tel et les nuits \u00e9toil\u00e9es peut se sentir comme vous faites partie de celui-ci. Sentez-vous une partie de star de cette route \u00e0 l'infini<\/p><\/div><\/div><div class='item'><a href=\"https:\/\/www.hotelsemaforodefisterra.com\/fr\/chambres\/\" class=\"link-image\" title=\"CHAMBRE DES VENTS\"><img loading=\"lazy\" decoding=\"async\" width=\"750\" height=\"500\" src=\"https:\/\/www.hotelsemaforodefisterra.com\/wp-content\/uploads\/2026\/02\/hb-ventos-almuerzo-hotel-semaforo-finisterre-1024x683.jpg\" class=\"attachment-large size-large\" alt=\"\" srcset=\"https:\/\/www.hotelsemaforodefisterra.com\/wp-content\/uploads\/2026\/02\/hb-ventos-almuerzo-hotel-semaforo-finisterre-1024x683.jpg 1024w, https:\/\/www.hotelsemaforodefisterra.com\/wp-content\/uploads\/2026\/02\/hb-ventos-almuerzo-hotel-semaforo-finisterre-300x200.jpg 300w, https:\/\/www.hotelsemaforodefisterra.com\/wp-content\/uploads\/2026\/02\/hb-ventos-almuerzo-hotel-semaforo-finisterre-768x512.jpg 768w, https:\/\/www.hotelsemaforodefisterra.com\/wp-content\/uploads\/2026\/02\/hb-ventos-almuerzo-hotel-semaforo-finisterre.jpg 1500w\" sizes=\"(max-width: 750px) 100vw, 750px\" \/><\/a><div class=\"item-content\"><h4><a href=\"https:\/\/www.hotelsemaforodefisterra.com\/fr\/chambres\/\">CHAMBRE DES VENTS<\/a><\/h4><p>Sur les nuits de temp\u00eate et vent vous vous sentez de cette pi\u00e8ce, MAR DE FORA, le plus fouett\u00e9e par le vent et la pluie a frapp\u00e9, comme fait partie d'une vague qui vous avale et engloutit. Un sentiment magique o\u00f9 vous vous sentez de fa\u00e7on s\u00fbre et confortable, le vent f\u00e9roce ``Nordes``<\/p><\/div><\/div><\/div>[\/vc_column][\/vc_row]<\/p>\n","protected":false},"excerpt":{"rendered":"<p>[vc_row css=\u00a0\u00bb.vc_custom_1472121972925{background-position: center !important;background-repeat: no-repeat !important;background-size: cover !important;}\u00a0\u00bb el_class=\u00a0\u00bbcontent-padding-xxl\u00a0\u00bb][vc_column width=\u00a0\u00bb1\/2&Prime;][vc_gallery images=\u00a0\u00bb3339,3340&Prime; img_size=\u00a0\u00bblarge\u00a0\u00bb columns=\u00a0\u00bb1&Prime;][\/vc_column][vc_column width=\u00a0\u00bb1\/2&Prime;][vc_column_text] R\u00eave dans l&rsquo;infiniESPACES INT\u00c9RIEURS Ce petit [&hellip;]<\/p>\n","protected":false},"author":7,"featured_media":0,"parent":0,"menu_order":0,"comment_status":"closed","ping_status":"closed","template":"","meta":{"footnotes":"","_joinchat":[]},"_links":{"self":[{"href":"https:\/\/www.hotelsemaforodefisterra.com\/fr\/wp-json\/wp\/v2\/pages\/3890"}],"collection":[{"href":"https:\/\/www.hotelsemaforodefisterra.com\/fr\/wp-json\/wp\/v2\/pages"}],"about":[{"href":"https:\/\/www.hotelsemaforodefisterra.com\/fr\/wp-json\/wp\/v2\/types\/page"}],"author":[{"embeddable":true,"href":"https:\/\/www.hotelsemaforodefisterra.com\/fr\/wp-json\/wp\/v2\/users\/7"}],"replies":[{"embeddable":true,"href":"https:\/\/www.hotelsemaforodefisterra.com\/fr\/wp-json\/wp\/v2\/comments?post=3890"}],"version-history":[{"count":7,"href":"https:\/\/www.hotelsemaforodefisterra.com\/fr\/wp-json\/wp\/v2\/pages\/3890\/revisions"}],"predecessor-version":[{"id":9836,"href":"https:\/\/www.hotelsemaforodefisterra.com\/fr\/wp-json\/wp\/v2\/pages\/3890\/revisions\/9836"}],"wp:attachment":[{"href":"https:\/\/www.hotelsemaforodefisterra.com\/fr\/wp-json\/wp\/v2\/media?parent=3890"}],"curies":[{"name":"wp","href":"https:\/\/api.w.org\/{rel}","templated":true}]}}