{"id":3878,"date":"2016-07-15T11:40:48","date_gmt":"2016-07-15T11:40:48","guid":{"rendered":"http:\/\/www.hotelsemaforodefisterra.com\/fr\/habitaciones\/"},"modified":"2025-09-22T18:01:44","modified_gmt":"2025-09-22T16:01:44","slug":"chambres","status":"publish","type":"page","link":"https:\/\/www.hotelsemaforodefisterra.com\/fr\/chambres\/","title":{"rendered":"Chambres"},"content":{"rendered":"<p>[vc_row position=\u00a0\u00bbcenter right\u00a0\u00bb css=\u00a0\u00bb.vc_custom_1436463840612{background-position: center !important;background-repeat: no-repeat !important;background-size: contain !important;}\u00a0\u00bb][vc_column width=\u00a0\u00bb2\/3&Prime;][vc_column_text]Situ\u00e9 \u00e0 la fin du monde &#8230; ils offrent univers infini de d\u00e9tente et de confort.<br \/>\nChacune de nos chambres est unique; de surprendre, de vous faire plaisir et vous faire sentir sp\u00e9ciale. Avec un \u00e9quipement haut de gamme, seront ravis d&rsquo;offrir des d\u00e9tails qui rendront votre s\u00e9jour un souvenir unique et sp\u00e9cial.<\/p>\n<h3>Trouvez la chambre qui convient \u00e0 votre go\u00fbt<\/h3>\n<p>Lits king size, couette, double coussin, bain \u00e0 remous, un lavabo double, commodit\u00e9s Bionature, miroir grossissant, s\u00e8che-cheveux, TV 42&Prime;, service de chambre, coffre-fort, le silence infini ou dolby gale son, donnant sur la fin du monde par la mer de New York &#8230; le reste de l&rsquo;exp\u00e9rience &#8230; est \u00e0 vous.[\/vc_column_text][\/vc_column][vc_column width=\u00a0\u00bb1\/4&Prime; offset=\u00a0\u00bbvc_col-sm-offset-1&Prime;][vc_column_text]<\/p>\n<div class=\"text-center well\">\n<span class='hotel-icon-241 hi-3x color-primary hi-boxed' ><\/span>\n<h3><small>Appelez-nous et v\u00e9rifier la disponibilit\u00e9<\/small><\/h3>\n<h3>+34 981 110 210<\/h3>\n<h3>+34 607 778 240<\/h3>\n<p><small>Disponible 24\/7<br \/>\nDu lundi au dimanche<\/small><\/p>\n<\/div>\n<p>[\/vc_column_text][\/vc_column][\/vc_row][vc_row full_width=\u00a0\u00bbstretch_row\u00a0\u00bb parallax=\u00a0\u00bbcontent-moving\u00a0\u00bb parallax_image=\u00a0\u00bb9082&Prime; video_cover=\u00a0\u00bb1340&Prime;][vc_column width=\u00a0\u00bb1\/2&Prime; offset=\u00a0\u00bbvc_col-sm-offset-6&Prime;][vc_column_text el_class=\u00a0\u00bbwhite-box content-padding\u00a0\u00bb]<\/p>\n<h2 id=\"cove\" class=\"text-uppercase\" style=\"text-align: left;\"><small>DEPUIS 180\u20ac \/NUIT<\/small><a href=\"https:\/\/www.hotelsemaforodefisterra.com\/fr\/habitacion-stellae\/\">CHAMBRE STELLAE<\/a><\/h2>\n<p>La Voie lact\u00e9e passe juste cet h\u00f4tel et les nuits \u00e9toil\u00e9es peut se sentir comme vous faites partie de celui-ci. Sentez-vous une partie de star de cette route \u00e0 l&rsquo;infini.<\/p>\n<p><a class=\"btn btn-inline\" href=\"https:\/\/www.hotelsemaforodefisterra.com\/fr\/habitacion-stellae\/\">Plus d&rsquo;info<\/a>[\/vc_column_text][\/vc_column][\/vc_row][vc_row full_width=\u00a0\u00bbstretch_row_content\u00a0\u00bb][vc_column width=\u00a0\u00bb1\/3&Prime;][vc_column_text]<\/p>\n<h2 id=\"view\" class=\"text-uppercase text-center\" style=\"text-align: center;\"><small>DEPUIS 160\u20ac \/NUIT<\/small><a href=\"https:\/\/www.hotelsemaforodefisterra.com\/fr\/habitacion-semaforo\/\">CHAMBRE DU S\u00c9MAPHORE<\/a><\/h2>\n<p style=\"text-align: center;\"><a href=\"https:\/\/www.hotelsemaforodefisterra.com\/fr\/habitacion-semaforo\/\"><img loading=\"lazy\" decoding=\"async\" class=\"wp-image-9211 size-full aligncenter\" src=\"https:\/\/www.hotelsemaforodefisterra.com\/wp-content\/uploads\/2025\/03\/Habitaciondos-semaforo-hotel-semaforo-fisterra.jpg\" alt=\"\" width=\"1500\" height=\"1000\" srcset=\"https:\/\/www.hotelsemaforodefisterra.com\/wp-content\/uploads\/2025\/03\/Habitaciondos-semaforo-hotel-semaforo-fisterra.jpg 1500w, https:\/\/www.hotelsemaforodefisterra.com\/wp-content\/uploads\/2025\/03\/Habitaciondos-semaforo-hotel-semaforo-fisterra-300x200.jpg 300w, https:\/\/www.hotelsemaforodefisterra.com\/wp-content\/uploads\/2025\/03\/Habitaciondos-semaforo-hotel-semaforo-fisterra-1024x683.jpg 1024w, https:\/\/www.hotelsemaforodefisterra.com\/wp-content\/uploads\/2025\/03\/Habitaciondos-semaforo-hotel-semaforo-fisterra-768x512.jpg 768w\" sizes=\"(max-width: 1500px) 100vw, 1500px\" \/><\/a><\/p>\n<p style=\"text-align: center;\">La communication entre le phare et les bateaux, a \u00e9t\u00e9 fait par des drapeaux de signalisation, plac\u00e9s dans ces b\u00e2timents appel\u00e9s feux de circulation, \u00e0 c\u00f4t\u00e9 du phare. Dans cette salle, nous recr\u00e9ons que la communication et de donner vie \u00e0 cette langue<\/p>\n<p style=\"text-align: center;\"><a class=\"btn btn-inline\" href=\"https:\/\/www.hotelsemaforodefisterra.com\/fr\/habitacion-semaforo\/\">Plus d&rsquo;info<\/a><\/p>\n<p>[\/vc_column_text][\/vc_column][vc_column width=\u00a0\u00bb1\/3&Prime;][vc_column_text]<\/p>\n<h2 id=\"sideview\" class=\"text-uppercase text-center\" style=\"text-align: center;\"><small>DEPUIS 180\u20ac \/NUIT<\/small><a href=\"https:\/\/www.hotelsemaforodefisterra.com\/fr\/habitacion-dos-faros\/\">CHAMBRE DU PHARE<\/a><\/h2>\n<p><a href=\"https:\/\/www.hotelsemaforodefisterra.com\/fr\/habitacion-dos-faros\/\"><img loading=\"lazy\" decoding=\"async\" class=\"wp-image-9163 size-full aligncenter\" src=\"https:\/\/www.hotelsemaforodefisterra.com\/wp-content\/uploads\/2025\/03\/Habitaciondos-faros-hotel-semaforo-fisterra.jpg\" alt=\"\" width=\"1500\" height=\"1000\" srcset=\"https:\/\/www.hotelsemaforodefisterra.com\/wp-content\/uploads\/2025\/03\/Habitaciondos-faros-hotel-semaforo-fisterra.jpg 1500w, https:\/\/www.hotelsemaforodefisterra.com\/wp-content\/uploads\/2025\/03\/Habitaciondos-faros-hotel-semaforo-fisterra-300x200.jpg 300w, https:\/\/www.hotelsemaforodefisterra.com\/wp-content\/uploads\/2025\/03\/Habitaciondos-faros-hotel-semaforo-fisterra-1024x683.jpg 1024w, https:\/\/www.hotelsemaforodefisterra.com\/wp-content\/uploads\/2025\/03\/Habitaciondos-faros-hotel-semaforo-fisterra-768x512.jpg 768w\" sizes=\"(max-width: 1500px) 100vw, 1500px\" \/><\/a><\/p>\n<p style=\"text-align: center;\">Vous ne serez pas seul dans cette salle &#8230; accompagnera les balises les plus importants de la Galice. Dans cette salle, verra passer la lumi\u00e8re r\u00e9fl\u00e9chie du phare, toutes les 4 secondes vous serez t\u00e9moin de sa lumi\u00e8re, la derni\u00e8re lumi\u00e8re de ce c\u00f4t\u00e9 du continent, la derni\u00e8re lumi\u00e8re qu&rsquo;ils ont vu de nombreux naufrag\u00e9s et de la lumi\u00e8re qui a sauv\u00e9 de nombreuses vies.<\/p>\n<p style=\"text-align: center;\"><a class=\"btn btn-inline\" href=\"https:\/\/www.hotelsemaforodefisterra.com\/fr\/habitacion-dos-faros\/\">Plus d&rsquo;info<\/a><\/p>\n<p>[\/vc_column_text][\/vc_column][vc_column width=\u00a0\u00bb1\/3&Prime; offset=\u00a0\u00bbvc_hidden-lg vc_hidden-md vc_hidden-sm vc_hidden-xs\u00a0\u00bb][vc_column_text]<\/p>\n<h2 id=\"sideview\" class=\"text-uppercase text-center\" style=\"text-align: center;\"><small>DEPUIS 99\u20ac \/NUIT<\/small><a href=\"https:\/\/www.hotelsemaforodefisterra.com\/fr\/habitacion-agocho\/\">CHAMBRE AGOCHO<\/a><\/h2>\n<p><a href=\"https:\/\/www.hotelsemaforodefisterra.com\/fr\/habitacion-agocho\/\"><img loading=\"lazy\" decoding=\"async\" class=\"wp-image-9094 size-full aligncenter\" src=\"https:\/\/www.hotelsemaforodefisterra.com\/wp-content\/uploads\/2025\/03\/Habitacion-agocho-hotel-semaforo-fisterra.jpg\" alt=\"\" width=\"1500\" height=\"1000\" srcset=\"https:\/\/www.hotelsemaforodefisterra.com\/wp-content\/uploads\/2025\/03\/Habitacion-agocho-hotel-semaforo-fisterra.jpg 1500w, https:\/\/www.hotelsemaforodefisterra.com\/wp-content\/uploads\/2025\/03\/Habitacion-agocho-hotel-semaforo-fisterra-300x200.jpg 300w, https:\/\/www.hotelsemaforodefisterra.com\/wp-content\/uploads\/2025\/03\/Habitacion-agocho-hotel-semaforo-fisterra-1024x683.jpg 1024w, https:\/\/www.hotelsemaforodefisterra.com\/wp-content\/uploads\/2025\/03\/Habitacion-agocho-hotel-semaforo-fisterra-768x512.jpg 768w\" sizes=\"(max-width: 1500px) 100vw, 1500px\" \/><\/a><\/p>\n<p style=\"text-align: center;\">Chambre mansard\u00e9e, face au phare du Finisterre, de petites dimensions mais avec un lit double de 1, 50 et tout le n\u00e9cessaire inclus, t\u00e9l\u00e9vision avec Smart TV, eau min\u00e9rale offerte, cafeti\u00e8re incluse et \u00e9quipements \u00e9cologiques. coffee maker included and ecological amenities.<\/p>\n<p style=\"text-align: center;\"><a class=\"btn btn-inline\" href=\"https:\/\/www.hotelsemaforodefisterra.com\/fr\/habitacion-agocho\/\">Plus d&rsquo;info<\/a><\/p>\n<p>[\/vc_column_text][\/vc_column][\/vc_row][vc_row full_width=\u00a0\u00bbstretch_row\u00a0\u00bb parallax=\u00a0\u00bbcontent-moving\u00a0\u00bb parallax_image=\u00a0\u00bb9304&Prime; css=\u00a0\u00bb.vc_custom_1742257774587{background-position: center;background-repeat: no-repeat !important;background-size: cover !important;}\u00a0\u00bb][vc_column width=\u00a0\u00bb1\/2&Prime;][vc_column_text el_class=\u00a0\u00bbwhite-box content-padding\u00a0\u00bb]<\/p>\n<h2 id=\"cove\" class=\"text-uppercase\"><small>DEPUIS 230\u20ac \/NUIT<\/small><a href=\"https:\/\/www.hotelsemaforodefisterra.com\/fr\/habitacion-dos-naufraxios\/\">CHAMBRE DES NAUFRAGES<\/a><\/h2>\n<p>Dans cette salle, vous ferez partie de l&rsquo;histoire, l&rsquo;histoire des naufrages qui a fait cela. chambre \u00e0 th\u00e8me avec des \u00e9l\u00e9ments de la mer de navires anciens, la l\u00e9gende de naufrages. Vous d\u00e9couvrirez les secrets que seule cette chambre murmure de vous<br \/>\n<a class=\"btn btn-inline\" href=\"https:\/\/www.hotelsemaforodefisterra.com\/fr\/habitacion-dos-naufraxios\/\">Plus d&rsquo;info<\/a>[\/vc_column_text][\/vc_column][vc_column width=\u00a0\u00bb1\/2&Prime;][vc_single_image image=\u00a0\u00bb9268&Prime; img_size=\u00a0\u00bblarge\u00a0\u00bb onclick=\u00a0\u00bbcustom_link\u00a0\u00bb link=\u00a0\u00bbhttps:\/\/www.hotelsemaforodefisterra.com\/fr\/habitacion-dos-naufraxios\/\u00a0\u00bb][\/vc_column][\/vc_row][vc_row][vc_column][vc_empty_space][\/vc_column][\/vc_row][vc_row full_width=\u00a0\u00bbstretch_row\u00a0\u00bb parallax=\u00a0\u00bbcontent-moving\u00a0\u00bb parallax_image=\u00a0\u00bb9341&Prime;][vc_column width=\u00a0\u00bb1\/2&Prime;][vc_column_text el_class=\u00a0\u00bbwhite-box content-padding\u00a0\u00bb]<\/p>\n<h2 id=\"cove\" class=\"text-uppercase\" style=\"text-align: left;\"><small>DEPUIS 230\u20ac \/NUIT<\/small><a href=\"https:\/\/www.hotelsemaforodefisterra.com\/fr\/habitacion-dos-ventos\/\">CHAMBRE DES VENTS<\/a><\/h2>\n<p>Sur les nuits de temp\u00eate et vent vous vous sentez de cette pi\u00e8ce, MAR DE FORA, le plus fouett\u00e9e par le vent et la pluie a frapp\u00e9, comme fait partie d&rsquo;une vague qui vous avale et engloutit. Un sentiment magique o\u00f9 vous vous sentez de fa\u00e7on s\u00fbre et confortable, le vent f\u00e9roce \u00ab\u00a0Nordes\u00a0\u00bb<\/p>\n<p><a class=\"btn btn-inline\" href=\"https:\/\/www.hotelsemaforodefisterra.com\/fr\/habitacion-dos-ventos\/\">Plus d&rsquo;info<\/a>[\/vc_column_text][\/vc_column][vc_column width=\u00a0\u00bb1\/2&Prime;][vc_single_image image=\u00a0\u00bb9311&Prime; img_size=\u00a0\u00bblarge\u00a0\u00bb onclick=\u00a0\u00bbcustom_link\u00a0\u00bb link=\u00a0\u00bbhttps:\/\/www.hotelsemaforodefisterra.com\/fr\/habitacion-dos-ventos\/\u00a0\u00bb][\/vc_column][\/vc_row]<\/p>\n","protected":false},"excerpt":{"rendered":"<p>[vc_row position=\u00a0\u00bbcenter right\u00a0\u00bb css=\u00a0\u00bb.vc_custom_1436463840612{background-position: center !important;background-repeat: no-repeat !important;background-size: contain !important;}\u00a0\u00bb][vc_column width=\u00a0\u00bb2\/3&Prime;][vc_column_text]Situ\u00e9 \u00e0 la fin du monde &#8230; ils offrent univers [&hellip;]<\/p>\n","protected":false},"author":7,"featured_media":0,"parent":0,"menu_order":0,"comment_status":"closed","ping_status":"closed","template":"","meta":{"footnotes":"","_joinchat":[]},"_links":{"self":[{"href":"https:\/\/www.hotelsemaforodefisterra.com\/fr\/wp-json\/wp\/v2\/pages\/3878"}],"collection":[{"href":"https:\/\/www.hotelsemaforodefisterra.com\/fr\/wp-json\/wp\/v2\/pages"}],"about":[{"href":"https:\/\/www.hotelsemaforodefisterra.com\/fr\/wp-json\/wp\/v2\/types\/page"}],"author":[{"embeddable":true,"href":"https:\/\/www.hotelsemaforodefisterra.com\/fr\/wp-json\/wp\/v2\/users\/7"}],"replies":[{"embeddable":true,"href":"https:\/\/www.hotelsemaforodefisterra.com\/fr\/wp-json\/wp\/v2\/comments?post=3878"}],"version-history":[{"count":21,"href":"https:\/\/www.hotelsemaforodefisterra.com\/fr\/wp-json\/wp\/v2\/pages\/3878\/revisions"}],"predecessor-version":[{"id":9722,"href":"https:\/\/www.hotelsemaforodefisterra.com\/fr\/wp-json\/wp\/v2\/pages\/3878\/revisions\/9722"}],"wp:attachment":[{"href":"https:\/\/www.hotelsemaforodefisterra.com\/fr\/wp-json\/wp\/v2\/media?parent=3878"}],"curies":[{"name":"wp","href":"https:\/\/api.w.org\/{rel}","templated":true}]}}