{"id":3859,"date":"2014-09-14T08:54:12","date_gmt":"2014-09-14T08:54:12","guid":{"rendered":"http:\/\/www.hotelsemaforodefisterra.com\/fr\/hotel-o-semaforo-de-fisterra-3\/"},"modified":"2026-02-06T17:57:02","modified_gmt":"2026-02-06T16:57:02","slug":"hotel-o-semaforo-de-fisterra-3","status":"publish","type":"page","link":"https:\/\/www.hotelsemaforodefisterra.com\/fr\/","title":{"rendered":"Hotel O sem\u00e1fORO de fisTERRA"},"content":{"rendered":"<p>[vc_row full_width=\u00a0\u00bbstretch_row\u00a0\u00bb css=\u00a0\u00bb.vc_custom_1472224979504{background-color: rgba(31,31,31,0.84) !important;*background-color: rgb(31,31,31) !important;}\u00a0\u00bb el_class=\u00a0\u00bbcontent-padding\u00a0\u00bb][vc_column][vc_column_text css=\u00a0\u00bb.vc_custom_1474383830556{border-top-width: 1px !important;border-right-width: 1px !important;border-bottom-width: 1px !important;border-left-width: 1px !important;padding-top: 5px !important;padding-right: 20px !important;padding-bottom: 5px !important;padding-left: 20px !important;border-left-color: #ad854d !important;border-left-style: solid !important;border-right-color: #ad854d !important;border-right-style: solid !important;border-top-color: #ad854d !important;border-top-style: solid !important;border-bottom-color: #ad854d !important;border-bottom-style: solid !important;}\u00a0\u00bb][\/vc_column_text][\/vc_column][\/vc_row][vc_row full_width=\u00a0\u00bbstretch_row\u00a0\u00bb parallax=\u00a0\u00bbcontent-moving\u00a0\u00bb css=\u00a0\u00bb.vc_custom_1472723032795{background-image: url(https:\/\/www.hotelsemaforodefisterra.com\/wp-content\/uploads\/2014\/09\/hotel-o-semaforo-de-fisterra.jpg?id=3219) !important;background-position: center;background-repeat: no-repeat !important;background-size: cover !important;}\u00a0\u00bb][vc_column width=\u00a0\u00bb1\/2&Prime;][vc_gallery images=\u00a0\u00bb3340,3339,9792&Prime; img_size=\u00a0\u00bblarge\u00a0\u00bb columns=\u00a0\u00bb1&Prime;][\/vc_column][vc_column width=\u00a0\u00bb1\/2&Prime;][vc_column_text]<\/p>\n<h1 style=\"text-align: center;\">delicatessen hotel<br \/>\no sem\u00e1fORO de fisTERRA<small>o\u00f9 le silence se cache plus que des mots<br \/>\n<\/small><\/h1>\n<p style=\"text-align: center;\">Il n&rsquo;y a pas d&rsquo;endroit plus embl\u00e9matique de la C\u00f4te de la Mort du Cap Finisterre, consid\u00e9r\u00e9 comme la fin de la FIN DU MONDE. Construit en 1853, de 138 m\u00e8tres au dessus du niveau de la mer.<\/p>\n<p style=\"text-align: center;\">Pendant des milliers d&rsquo;ann\u00e9es, on pensait que au-del\u00e0 de lui il y avait seulement un gouffre aqueux dans lequel le soleil \u00e9teint tous les soirs et \u00e0 travers lequel est venu \u00e0 une r\u00e9gion de l&rsquo;obscurit\u00e9 habit\u00e9e par des monstres marins.<\/p>\n<p style=\"text-align: center;\">Notre phare est connu par tous les marins du monde, en raison de son importance en tant que moyen d&rsquo;avertissement de proximit\u00e9 d&rsquo;une c\u00f4te extr\u00eamement dangereuse (sa lumi\u00e8re atteint 65 km de long) et la r\u00e9putation perfide de cette zone mar\u00edtima.Debido le brouillard de temps habituel, en 1888 une annexe au b\u00e2timent du phare, la sir\u00e8ne, qui est populairement connu comme \u00abune vache Fisterra\u00a0\u00bb pour avertir les marins des dangers auxquels sont confront\u00e9s les a \u00e9t\u00e9 construit.<\/p>\n<p style=\"text-align: center;\">Depuis 1999, et apr\u00e8s une r\u00e9forme tr\u00e8s r\u00e9ussie en 2016, l&rsquo;ancien si\u00e8ge de la surveillance maritime, le s\u00e9maphore est devenu notre petit paradis, un h\u00f4tel de traiteur et un restaurant Boutique H\u00f4tel O SEMAFORO, dans le Faro de Finisterre, Il dispose de cinq chambres exclusives, un excellent restaurant, un charmant caf\u00e9, une terrasse donnant sur les chambres sans fin et plusieurs coins et exclusifs de manquer \u00e0 la fin du monde. Les vues et couchers de soleil incroyables, en concurrence avec des temp\u00eates sauvages et de grandes vagues jours, jours de brouillard dans lequel la sir\u00e8ne sonne Phare dur, vache, qui nous entra\u00eene vers le pass\u00e9 de l\u00e9gendes &#8230;<\/p>\n<p style=\"text-align: center;\">Vous pouvez \u00e9galement profiter de O Refuxio, un espace qui, comme son nom l&rsquo;indique donne l&rsquo;h\u00f4te p\u00e8lerin, un point de rep\u00e8re sur la c\u00e9l\u00e8bre \u00ab\u00a0sculpture\u00a0\u00bb Centolo. Une salle \u00e0 manger unique, un \u00abMari\u00f1eira\u00bb mis \u00e0 jour, le concept de taverne moderne avec des propositions pour picorer et emporter de plaisir \u00e0 regarder partout infini. Un endroit id\u00e9al o\u00f9 refuge dans la journ\u00e9e aussi temp\u00eate spectaculaire et gale.<\/p>\n<p>[\/vc_column_text][vc_btn title=\u00a0\u00bbVEUX-TU VENIR?\u00a0\u00bb style=\u00a0\u00bboutline-custom\u00a0\u00bb outline_custom_color=\u00a0\u00bb#ad854d\u00a0\u00bb outline_custom_hover_background=\u00a0\u00bb#666666&Prime; outline_custom_hover_text=\u00a0\u00bb#ffffff\u00a0\u00bb align=\u00a0\u00bbcenter\u00a0\u00bb link=\u00a0\u00bburl:http%3A%2F%2Fwww.hotelsemaforodefisterra.com%2Ffr%2Freservations%2F||\u00a0\u00bb][\/vc_column][\/vc_row][vc_row][vc_column]<h2 class=\"text-center\"><small>VOULEZ-VOUS VISITEZ NOTRE H\u00d4TEL ?<\/small>DELICATESSEN HOTEL O SEM\u00c1FORO DE FISTERRA<\/h2><div class='services-carousel  owl-with-navigation' data-owl-items='4' data-owl-nav='true' data-owl-nav-text='[\"Pr\u00e9c\u00e9dent\",\"Suivante\"]' data-owl-loop='true' data-owl-autoplay='true' data-owl-speed='2000' data-owl-hover='true' data-owl-mobile='1' data-owl-tablet='2' data-owl-dots='false'><div class='item'><a href=\"https:\/\/www.hotelsemaforodefisterra.com\/fr\/chambres\" class=\"link-image\" title=\"Chambres\"><img loading=\"lazy\" decoding=\"async\" width=\"586\" height=\"440\" src=\"https:\/\/www.hotelsemaforodefisterra.com\/wp-content\/uploads\/2016\/08\/habitacion-hotel-semaforo-fisterra.jpg\" class=\"attachment-large size-large\" alt=\"\" srcset=\"https:\/\/www.hotelsemaforodefisterra.com\/wp-content\/uploads\/2016\/08\/habitacion-hotel-semaforo-fisterra.jpg 586w, https:\/\/www.hotelsemaforodefisterra.com\/wp-content\/uploads\/2016\/08\/habitacion-hotel-semaforo-fisterra-300x225.jpg 300w\" sizes=\"(max-width: 586px) 100vw, 586px\" \/><\/a><div class=\"item-content\"><h4><a href=\"https:\/\/www.hotelsemaforodefisterra.com\/fr\/chambres\">Chambres<\/a><\/h4><p>Situ\u00e9 sur le front de mer , ils offrent univers infini de d\u00e9tente et de confort.<\/p><\/div><\/div><div class='item'><a href=\"https:\/\/www.hotelsemaforodefisterra.com\/fr\/restaurante-del-semaforo\/\" class=\"link-image\" title=\"Restaurant O semafORO\"><img loading=\"lazy\" decoding=\"async\" width=\"750\" height=\"401\" src=\"https:\/\/www.hotelsemaforodefisterra.com\/wp-content\/uploads\/2016\/07\/IMG_5736-1024x548-1024x548.jpg\" class=\"attachment-large size-large\" alt=\"\" srcset=\"https:\/\/www.hotelsemaforodefisterra.com\/wp-content\/uploads\/2016\/07\/IMG_5736-1024x548.jpg 1024w, https:\/\/www.hotelsemaforodefisterra.com\/wp-content\/uploads\/2016\/07\/IMG_5736-1024x548-300x161.jpg 300w, https:\/\/www.hotelsemaforodefisterra.com\/wp-content\/uploads\/2016\/07\/IMG_5736-1024x548-768x411.jpg 768w\" sizes=\"(max-width: 750px) 100vw, 750px\" \/><\/a><div class=\"item-content\"><h4><a href=\"https:\/\/www.hotelsemaforodefisterra.com\/fr\/restaurante-del-semaforo\/\">Restaurant O semafORO<\/a><\/h4><p>Une large gamme de cuisine ax\u00e9e sur les produits Galicia .<\/p><\/div><\/div><div class='item'><a href=\"https:\/\/www.hotelsemaforodefisterra.com\/fr\/o-refuxio-del-semaforo\/\" class=\"link-image\" title=\"O Refuxio do semafORO\"><img loading=\"lazy\" decoding=\"async\" width=\"750\" height=\"498\" src=\"https:\/\/www.hotelsemaforodefisterra.com\/wp-content\/uploads\/2016\/08\/Bar-o-sem\u00e1foro-de-fisterra-1024x680.jpg\" class=\"attachment-large size-large\" alt=\"\" srcset=\"https:\/\/www.hotelsemaforodefisterra.com\/wp-content\/uploads\/2016\/08\/Bar-o-sem\u00e1foro-de-fisterra-1024x680.jpg 1024w, https:\/\/www.hotelsemaforodefisterra.com\/wp-content\/uploads\/2016\/08\/Bar-o-sem\u00e1foro-de-fisterra-300x199.jpg 300w, https:\/\/www.hotelsemaforodefisterra.com\/wp-content\/uploads\/2016\/08\/Bar-o-sem\u00e1foro-de-fisterra-768x510.jpg 768w\" sizes=\"(max-width: 750px) 100vw, 750px\" \/><\/a><div class=\"item-content\"><h4><a href=\"https:\/\/www.hotelsemaforodefisterra.com\/fr\/o-refuxio-del-semaforo\/\">O Refuxio do semafORO<\/a><\/h4><p>Quelque chose rapide, riche et savoureux , vous devez passer \u00e0 l'infini par rapport \u00e0 .<\/p><\/div><\/div><div class='item'><a href=\"https:\/\/www.hotelsemaforodefisterra.com\/fr\/fisterra\/\" class=\"link-image\" title=\"Finisterre\"><img loading=\"lazy\" decoding=\"async\" width=\"750\" height=\"563\" src=\"https:\/\/www.hotelsemaforodefisterra.com\/wp-content\/uploads\/2016\/07\/Costa-da-morte-faro-de-fisterra-1024x768.jpg\" class=\"attachment-large size-large\" alt=\"\" srcset=\"https:\/\/www.hotelsemaforodefisterra.com\/wp-content\/uploads\/2016\/07\/Costa-da-morte-faro-de-fisterra-1024x768.jpg 1024w, https:\/\/www.hotelsemaforodefisterra.com\/wp-content\/uploads\/2016\/07\/Costa-da-morte-faro-de-fisterra-300x225.jpg 300w, https:\/\/www.hotelsemaforodefisterra.com\/wp-content\/uploads\/2016\/07\/Costa-da-morte-faro-de-fisterra-768x576.jpg 768w\" sizes=\"(max-width: 750px) 100vw, 750px\" \/><\/a><div class=\"item-content\"><h4><a href=\"https:\/\/www.hotelsemaforodefisterra.com\/fr\/fisterra\/\">Finisterre<\/a><\/h4><p>La fin de la route , finis terrae .<\/p><\/div><\/div><div class='item'><a href=\"https:\/\/www.hotelsemaforodefisterra.com\/fr\/costa-da-morte\/\" class=\"link-image\" title=\"Costa da Morte\"><img loading=\"lazy\" decoding=\"async\" width=\"750\" height=\"475\" src=\"https:\/\/www.hotelsemaforodefisterra.com\/wp-content\/uploads\/2016\/08\/bota-peregrinos-finisterre-1024x648.jpg\" class=\"attachment-large size-large\" alt=\"\" srcset=\"https:\/\/www.hotelsemaforodefisterra.com\/wp-content\/uploads\/2016\/08\/bota-peregrinos-finisterre-1024x648.jpg 1024w, https:\/\/www.hotelsemaforodefisterra.com\/wp-content\/uploads\/2016\/08\/bota-peregrinos-finisterre-300x190.jpg 300w, https:\/\/www.hotelsemaforodefisterra.com\/wp-content\/uploads\/2016\/08\/bota-peregrinos-finisterre-768x486.jpg 768w\" sizes=\"(max-width: 750px) 100vw, 750px\" \/><\/a><div class=\"item-content\"><h4><a href=\"https:\/\/www.hotelsemaforodefisterra.com\/fr\/costa-da-morte\/\">Costa da Morte<\/a><\/h4><p>La tradition maritime de la r\u00e9gion se refl\u00e8te dans leurs coutumes, leurs f\u00eates et sa gastronomie .<\/p><\/div><\/div><\/div>[\/vc_column][\/vc_row][vc_row css=\u00a0\u00bb.vc_custom_1675249980823{margin-top: 0px !important;margin-bottom: 40px !important;padding-top: 0px !important;padding-bottom: 0px !important;}\u00a0\u00bb][vc_column width=\u00a0\u00bb1\/2&Prime;][vc_video link=\u00a0\u00bbhttps:\/\/youtu.be\/2XvW7TwV6Rc\u00a0\u00bb align=\u00a0\u00bbcenter\u00a0\u00bb][\/vc_column][vc_column width=\u00a0\u00bb1\/2&Prime;][vc_video link=\u00a0\u00bbhttps:\/\/youtu.be\/2nZQRFWr2Fo\u00a0\u00bb align=\u00a0\u00bbcenter\u00a0\u00bb][\/vc_column][\/vc_row]<\/p>\n","protected":false},"excerpt":{"rendered":"<p>[vc_row full_width=\u00a0\u00bbstretch_row\u00a0\u00bb css=\u00a0\u00bb.vc_custom_1472224979504{background-color: rgba(31,31,31,0.84) !important;*background-color: rgb(31,31,31) !important;}\u00a0\u00bb el_class=\u00a0\u00bbcontent-padding\u00a0\u00bb][vc_column][vc_column_text css=\u00a0\u00bb.vc_custom_1474383830556{border-top-width: 1px !important;border-right-width: 1px !important;border-bottom-width: 1px !important;border-left-width: 1px !important;padding-top: 5px !important;padding-right: 20px [&hellip;]<\/p>\n","protected":false},"author":7,"featured_media":0,"parent":0,"menu_order":0,"comment_status":"closed","ping_status":"closed","template":"","meta":{"footnotes":"","_joinchat":[]},"_links":{"self":[{"href":"https:\/\/www.hotelsemaforodefisterra.com\/fr\/wp-json\/wp\/v2\/pages\/3859"}],"collection":[{"href":"https:\/\/www.hotelsemaforodefisterra.com\/fr\/wp-json\/wp\/v2\/pages"}],"about":[{"href":"https:\/\/www.hotelsemaforodefisterra.com\/fr\/wp-json\/wp\/v2\/types\/page"}],"author":[{"embeddable":true,"href":"https:\/\/www.hotelsemaforodefisterra.com\/fr\/wp-json\/wp\/v2\/users\/7"}],"replies":[{"embeddable":true,"href":"https:\/\/www.hotelsemaforodefisterra.com\/fr\/wp-json\/wp\/v2\/comments?post=3859"}],"version-history":[{"count":6,"href":"https:\/\/www.hotelsemaforodefisterra.com\/fr\/wp-json\/wp\/v2\/pages\/3859\/revisions"}],"predecessor-version":[{"id":9848,"href":"https:\/\/www.hotelsemaforodefisterra.com\/fr\/wp-json\/wp\/v2\/pages\/3859\/revisions\/9848"}],"wp:attachment":[{"href":"https:\/\/www.hotelsemaforodefisterra.com\/fr\/wp-json\/wp\/v2\/media?parent=3859"}],"curies":[{"name":"wp","href":"https:\/\/api.w.org\/{rel}","templated":true}]}}