{"id":4937,"date":"2016-11-14T20:08:11","date_gmt":"2016-11-14T19:08:11","guid":{"rendered":"http:\/\/www.hotelsemaforodefisterra.com\/habitacion-dos-naufraxios\/"},"modified":"2025-03-17T19:55:55","modified_gmt":"2025-03-17T18:55:55","slug":"habitacion-dos-naufraxios","status":"publish","type":"page","link":"https:\/\/www.hotelsemaforodefisterra.com\/de\/habitacion-dos-naufraxios\/","title":{"rendered":"Zimmer Schiffswracks"},"content":{"rendered":"<p>[vc_row][vc_column width=&#8220;2\/3&#8243;][vc_single_image image=&#8220;9270&#8243; img_size=&#8220;full&#8220;][vc_gallery images=&#8220;9270,9276,9282,9288,9294&#8243; columns=&#8220;5&#8243;][vc_column_text]Suite with double bed, located on the lower deck of the building. Full bathroom with double sink and huge hydromassage bathtub, welcome products, hair dryer, magnifying mirror. Smar Tv, desk, complimentary coffee maker, minibar, laptop safe, telephone, wifi free.[\/vc_column_text][\/vc_column][vc_column width=&#8220;1\/3&#8243;][vc_column_text][\/vc_column_text][vc_single_image image=&#8220;4536&#8243; img_size=&#8220;medium&#8220; alignment=&#8220;center&#8220;][vc_column_text]<\/p>\n<div class=\"text-center well\">\n<span class='hotel-icon-241 hi-3x color-primary hi-boxed' ><\/span>\n<h3><small>Rufen Sie uns an und \u00fcberpr\u00fcfen Sie die Verf\u00fcgbarkeit<\/small><\/h3>\n<h3>+34 981 110 210<\/h3>\n<h3>+34 607 778 240<\/h3>\n<p><small>24\/7 verf\u00fcgbar<br \/>\nVon Montag bis Sonntag<\/small><\/p>\n<\/div>\n<p>[\/vc_column_text][\/vc_column][\/vc_row]<\/p>\n","protected":false},"excerpt":{"rendered":"<p>[vc_row][vc_column width=&#8220;2\/3&#8243;][vc_single_image image=&#8220;9270&#8243; img_size=&#8220;full&#8220;][vc_gallery images=&#8220;9270,9276,9282,9288,9294&#8243; columns=&#8220;5&#8243;][vc_column_text]Suite with double bed, located on the lower deck of the building. Full bathroom with [&hellip;]<\/p>\n","protected":false},"author":7,"featured_media":0,"parent":0,"menu_order":0,"comment_status":"closed","ping_status":"closed","template":"","meta":{"footnotes":"","_joinchat":[]},"_links":{"self":[{"href":"https:\/\/www.hotelsemaforodefisterra.com\/de\/wp-json\/wp\/v2\/pages\/4937"}],"collection":[{"href":"https:\/\/www.hotelsemaforodefisterra.com\/de\/wp-json\/wp\/v2\/pages"}],"about":[{"href":"https:\/\/www.hotelsemaforodefisterra.com\/de\/wp-json\/wp\/v2\/types\/page"}],"author":[{"embeddable":true,"href":"https:\/\/www.hotelsemaforodefisterra.com\/de\/wp-json\/wp\/v2\/users\/7"}],"replies":[{"embeddable":true,"href":"https:\/\/www.hotelsemaforodefisterra.com\/de\/wp-json\/wp\/v2\/comments?post=4937"}],"version-history":[{"count":5,"href":"https:\/\/www.hotelsemaforodefisterra.com\/de\/wp-json\/wp\/v2\/pages\/4937\/revisions"}],"predecessor-version":[{"id":9300,"href":"https:\/\/www.hotelsemaforodefisterra.com\/de\/wp-json\/wp\/v2\/pages\/4937\/revisions\/9300"}],"wp:attachment":[{"href":"https:\/\/www.hotelsemaforodefisterra.com\/de\/wp-json\/wp\/v2\/media?parent=4937"}],"curies":[{"name":"wp","href":"https:\/\/api.w.org\/{rel}","templated":true}]}}