{"id":3966,"date":"2014-09-14T09:20:26","date_gmt":"2014-09-14T09:20:26","guid":{"rendered":"http:\/\/www.hotelsemaforodefisterra.com\/de\/contacto\/"},"modified":"2016-09-16T16:31:29","modified_gmt":"2016-09-16T16:31:29","slug":"contacto","status":"publish","type":"page","link":"https:\/\/www.hotelsemaforodefisterra.com\/de\/contacto\/","title":{"rendered":"Kontakt"},"content":{"rendered":"<p>[vc_row][vc_column width=&#8220;7\/12&#8243;][vc_column_text]<\/p>\n<h2>Kontaktieren Sie uns<\/h2>\n<p>F\u00fcr weitere Informationen k\u00f6nnen Sie uns \u00fcber das Kontaktformular.[\/vc_column_text][ninja_forms_display_form id=&#8220;47&#8243;][\/vc_column][vc_column width=&#8220;1\/3&#8243; offset=&#8220;vc_col-sm-offset-1&#8243;][vc_column_text]<\/p>\n<h3>Pers\u00f6nlich<\/h3>\n<p>Sie k\u00f6nnen mit uns in Verbindung[\/vc_column_text][vc_accordion][vc_accordion_tab title=&#8220;Management&#8220;][vc_column_text]<strong>Jacinto Picallo<br \/>\n<\/strong>Hotel und Restaurant Manager<br \/>\n<a href=\"mailto:info@hotelsemaforodefisterra.com\">info@hotelsemaforodefisterra.com<\/a>[\/vc_column_text][\/vc_accordion_tab][vc_accordion_tab title=&#8220;Regisseur&#8220;][vc_column_text]<strong>Jes\u00fas Picallo<\/strong><br \/>\nRegisseur<br \/>\n<a href=\"mailto:direccion@hotelsemaforodefisterra.com\">direccion@hotelsemaforodefisterra.com<\/a>[\/vc_column_text][\/vc_accordion_tab][vc_accordion_tab title=&#8220;Marketing&#8220;][vc_column_text]<strong>pQliar Consulting<\/strong><br \/>\nMarketing<br \/>\n<a href=\"mailto:marketing@hotelsemaforodefisterra.com\">marketing@hotelsemaforodefisterra.com<\/a>[\/vc_column_text][\/vc_accordion_tab][\/vc_accordion][vc_empty_space height=&#8220;28px&#8220;][vc_column_text]<\/p>\n<h3>Soziale Netzwerkes<\/h3>\n<p><a href=\"https:\/\/www.facebook.com\/O-Sem%C3%A1foro-de-Fisterra-1044917578929462\/\" target=\"_blank\"><i class='fa fa-fw fa-facebook fa-lg ' style=''><\/i><\/a> <a href=\"https:\/\/twitter.com\/semaforfisterra\" target=\"_blank\"><i class='fa fa-fw fa-twitter fa-lg ' style=''><\/i><\/a>\u00a0<a href=\"https:\/\/www.instagram.com\/semaforofisterra\/\" target=\"_blank\"><i class='fa fa-fw fa-instagram fa-lg ' style=''><\/i><\/a>[\/vc_column_text][\/vc_column][\/vc_row]<\/p>\n","protected":false},"excerpt":{"rendered":"<p>[vc_row][vc_column width=&#8220;7\/12&#8243;][vc_column_text] Kontaktieren Sie uns F\u00fcr weitere Informationen k\u00f6nnen Sie uns \u00fcber das Kontaktformular.[\/vc_column_text][ninja_forms_display_form id=&#8220;47&#8243;][\/vc_column][vc_column width=&#8220;1\/3&#8243; offset=&#8220;vc_col-sm-offset-1&#8243;][vc_column_text] Pers\u00f6nlich Sie k\u00f6nnen [&hellip;]<\/p>\n","protected":false},"author":7,"featured_media":0,"parent":0,"menu_order":0,"comment_status":"closed","ping_status":"open","template":"page-templates\/contact.php","meta":{"footnotes":"","_joinchat":[]},"_links":{"self":[{"href":"https:\/\/www.hotelsemaforodefisterra.com\/de\/wp-json\/wp\/v2\/pages\/3966"}],"collection":[{"href":"https:\/\/www.hotelsemaforodefisterra.com\/de\/wp-json\/wp\/v2\/pages"}],"about":[{"href":"https:\/\/www.hotelsemaforodefisterra.com\/de\/wp-json\/wp\/v2\/types\/page"}],"author":[{"embeddable":true,"href":"https:\/\/www.hotelsemaforodefisterra.com\/de\/wp-json\/wp\/v2\/users\/7"}],"replies":[{"embeddable":true,"href":"https:\/\/www.hotelsemaforodefisterra.com\/de\/wp-json\/wp\/v2\/comments?post=3966"}],"version-history":[{"count":4,"href":"https:\/\/www.hotelsemaforodefisterra.com\/de\/wp-json\/wp\/v2\/pages\/3966\/revisions"}],"predecessor-version":[{"id":3970,"href":"https:\/\/www.hotelsemaforodefisterra.com\/de\/wp-json\/wp\/v2\/pages\/3966\/revisions\/3970"}],"wp:attachment":[{"href":"https:\/\/www.hotelsemaforodefisterra.com\/de\/wp-json\/wp\/v2\/media?parent=3966"}],"curies":[{"name":"wp","href":"https:\/\/api.w.org\/{rel}","templated":true}]}}