{"id":3928,"date":"2016-07-28T09:45:37","date_gmt":"2016-07-28T09:45:37","guid":{"rendered":"http:\/\/www.hotelsemaforodefisterra.com\/de\/actividades-costa-da-morte\/"},"modified":"2016-09-16T16:19:23","modified_gmt":"2016-09-16T16:19:23","slug":"actividades-costa-da-morte","status":"publish","type":"page","link":"https:\/\/www.hotelsemaforodefisterra.com\/de\/actividades-costa-da-morte\/","title":{"rendered":"Aktivit\u00e4ten Costa da Morte"},"content":{"rendered":"<p>[vc_row full_width=&#8220;stretch_row&#8220; parallax=&#8220;content-moving&#8220; position=&#8220;right center&#8220; css=&#8220;.vc_custom_1472041585775{margin-top: 32px !important;background-image: url(https:\/\/www.hotelsemaforodefisterra.com\/wp-content\/uploads\/2016\/07\/surf-na-costa-da-morte.jpg?id=3016) !important;background-position: center;background-repeat: no-repeat !important;background-size: cover !important;}&#8220;][vc_column el_class=&#8220;white-box content-padding text-uppercase&#8220;][vc_column_text]<\/p>\n<h2 class=\"text-uppercase\" style=\"text-align: center;\"><small>An den Rand<br \/>\n<\/small>AKTIVIT\u00c4TEN<\/h2>\n<p style=\"text-align: center;\"><strong>ENDE DER WELT CRUISE<\/strong><\/p>\n<p style=\"text-align: center;\">Im Hafen von Fisterra, erhalten Sie auf dem Boot, von wo Langosteira Strand und Strand Serra zu sch\u00e4tzen wissen. Weiter geht es entlang der felsigen K\u00fcste mit ihren kleinen Buchten und an den Strand Sardi\u00f1eiro. Zu diesem Zeitpunkt sinkt die Sonne hinter den Bergen und der Tag scheint zu einem Ende gekommen zu sein. Das Schiff setzt seine Route entlang dem Strand Estorde, bis zu dem Punkt, der in der Ferne Corcubi\u00f3n und Cee zu sehen ist, dann Segel zum Leuchtturm von Fisterra setzt, um es zu umgehen. Pl\u00f6tzlich wurde die Sonne den Himmel rot in die vollst\u00e4ndige Umsetzung T\u00f6nung erscheint, klingt das Schiffshorn im Ozean die Pilger begr\u00fc\u00dfen, die das Ph\u00e4nomen vom Leuchtturm beobachten.<\/p>\n<p style=\"text-align: center;\"><strong>COSTA DA MORTE DURCH IHRE WRACKS<\/strong><\/p>\n<p style=\"text-align: center;\">Treffen Sie in einer pers\u00f6nlichen Art und Weise und mit maximalem Komfort in unserem Minivan 9 Sitze, &#8222;FISTERRA TOURS&#8220;, die Orte, wo die ber\u00fchmtesten Wracks in der Geschichte von Galizien stattfand. DIE SCHLANGE, Schiffbruch h\u00f6chste Zahl der Todesf\u00e4lle, begraben in den ber\u00fchmten englischen Friedhof in Camarinas, Cason, die im Jahr 1987 an der K\u00fcste von Finisterre auf Grund lief, und in letzter Zeit das Prestige, die sich \u00fcber die K\u00fcste in ihrem Gefolge verlassen und vor allem in Muxia, sinkende Real Ground Zero.<\/p>\n<p style=\"text-align: center;\">In dieser fantastischen Reise durch die Morte Costa da, auch besuchen wir das Museum von MAN in Camelle, FARO VILAN in Camari\u00f1as, Sanctuary auf Mux\u00eda da Barca und LEUCHTTURM FISTERRA, bekannt wahre Fin da Terra, wurde es bereits als solche von den Griechen anerkannt und R\u00f6mer in der antike.<\/p>\n<p style=\"text-align: center;\">In dieser beeindruckenden Strecke sind wir in der Lage in situ als encaixe handgemachte Werke kennen zu lernen, und einige der wichtigsten k\u00fcnstlerischen Sehensw\u00fcrdigkeiten der Region, wie die romanische Iglesa von San Xuli\u00e1n von Moraime besuchen (s. XIII).<\/p>\n<p style=\"text-align: center;\">Preis: 30 \u20ac Person mit F\u00fchrungsservice. Mehr als 4 Personen: 100 \u20ac max.<br \/>\nAbg\u00e4nge: Von \u00fcberall in Costa da Morte um 10 Uhr und um 16.00 Uhr.<\/p>\n<p style=\"text-align: center;\">Professionelle lizenzierte F\u00fchrer, mehrere Sprachen: Englisch, Franz\u00f6sisch, Kastilisch, Portugiesisch<\/p>\n<p style=\"text-align: center;\"><strong>TAUCHEN<\/strong><\/p>\n<p style=\"text-align: center;\">Sie k\u00f6nnen verschiedene Tauchg\u00e4nge nach Ihrer Kategorie und Niveau zu machen. Um loszulegen, nichts besser als Tauchen Taufe, Ihre erste Unterwasser-Erlebnis. Wenn das, was wollen Sie ist \u00fcber den Tauchkurs zu gehen Sie den Open Water Diver zu bekommen. Wenn Sie die PDL, AQUC, FEDAS, etc. haben bei Best\u00e4tigung den gleichen Grad, k\u00f6nnen Sie tauchen beginnen.<br \/>\nEin RIB Sie n\u00e4her an die N\u00e4he von Lobeira Island, gew\u00e4hlt, um das Verfahren zum \u00dcben. By the way, besucht Wracks wie die &#8222;Maria del Carmen&#8220; (1900), &#8222;Montparnasse&#8220; (1940) und \u00dcberreste der Flottille von &#8222;Martin de Padilla&#8220; des sechzehnten Jahrhunderts.<\/p>\n<p style=\"text-align: center;\"><strong>SURFEN<\/strong><\/p>\n<p style=\"text-align: center;\">Testen Sie Ihr Adrenalin und \u00fcben eine Aktivit\u00e4t voller Spannung, Abenteuer, Geschicklichkeit und Koordination. Sie werden sich mit \u00fcberraschen, wie schnell lernt er den Tisch zu behandeln. Es ist eine Art von Surfcamp f\u00fcr alle Zielgruppen konzipiert: Familien, Banden, unerschrockene Abenteurer Eltern mit Jugendlichen, Kinder, etc. Insgesamt ein Paket von Aktivit\u00e4ten f\u00fcr jedermann entworfen.<br \/>\nEstorde und Nemi\u00f1a: Die Aktivit\u00e4t wird zwischen zwei der sch\u00f6nsten Str\u00e4nde der Costa da Morte zu Pferde getragen.<\/p>\n<p style=\"text-align: center;\">Die Kurse sind 4 Tage:<\/p>\n<p style=\"text-align: center;\">Tag 1: Vorlesung (1 Stunde) + waveless Praxis (1 Stunde)<\/p>\n<p style=\"text-align: center;\">Folgende 3 Tage: mit Wellen (2 Stunden pro Tag) \u00fcben<br \/>\nDas Unternehmen bietet das Material: Die Tische, Kost\u00fcme, Akkord Eintritt in die Tabelle, parafina..etc<\/p>\n<p style=\"text-align: center;\">Die Aktivit\u00e4ten des ersten Tages entfalten am Strand von Estorde (MOE) und Nemi\u00f1a Strand, mit Wellen Praktiken.<\/p>\n<p style=\"text-align: center;\"><a class=\"btn btn-inline\" href=\"https:\/\/www.hotelsemaforodefisterra.com\/de\/reservas-de\/\">Kommen Sie versuchen es &#8230; Sie wiederholen !!<\/a><\/p>\n<p>[\/vc_column_text][\/vc_column][\/vc_row][vc_row][vc_column]<h2 class=\"text-center\"><small>SIE M\u00d6CHTEN UNSERE HOTEL ZU BESUCHEN?<\/small>DELICATESSEN HOTEL O SEM\u00c1FORO DE FISTERRA<\/h2><div class='services-carousel  owl-with-navigation' data-owl-items='4' data-owl-nav='true' data-owl-nav-text='[\"Fr\u00fcher\",\" N\u00e4chster\"]' data-owl-loop='true' data-owl-autoplay='true' data-owl-speed='2000' data-owl-hover='true' data-owl-mobile='1' data-owl-tablet='2' data-owl-dots='false'><div class='item'><a href=\"https:\/\/www.hotelsemaforodefisterra.com\/de\/zimmer\/\" class=\"link-image\" title=\"Zimmer\"><img loading=\"lazy\" decoding=\"async\" width=\"586\" height=\"440\" src=\"https:\/\/www.hotelsemaforodefisterra.com\/wp-content\/uploads\/2016\/08\/habitacion-hotel-semaforo-fisterra.jpg\" class=\"attachment-large size-large\" alt=\"\" srcset=\"https:\/\/www.hotelsemaforodefisterra.com\/wp-content\/uploads\/2016\/08\/habitacion-hotel-semaforo-fisterra.jpg 586w, https:\/\/www.hotelsemaforodefisterra.com\/wp-content\/uploads\/2016\/08\/habitacion-hotel-semaforo-fisterra-300x225.jpg 300w\" sizes=\"(max-width: 586px) 100vw, 586px\" \/><\/a><div class=\"item-content\"><h4><a href=\"https:\/\/www.hotelsemaforodefisterra.com\/de\/zimmer\/\">Zimmer<\/a><\/h4><p>Das Hotel liegt am Ende der Welt ... sie bieten unendliche Universum von Entspannung und Komfort.<\/p><\/div><\/div><div class='item'><a href=\"https:\/\/www.hotelsemaforodefisterra.com\/de\/restaurante-del-semaforo\/\" class=\"link-image\" title=\"O semafORO restaurant\"><img loading=\"lazy\" decoding=\"async\" width=\"750\" height=\"401\" src=\"https:\/\/www.hotelsemaforodefisterra.com\/wp-content\/uploads\/2016\/07\/IMG_5736-1024x548-1024x548.jpg\" class=\"attachment-large size-large\" alt=\"\" srcset=\"https:\/\/www.hotelsemaforodefisterra.com\/wp-content\/uploads\/2016\/07\/IMG_5736-1024x548.jpg 1024w, https:\/\/www.hotelsemaforodefisterra.com\/wp-content\/uploads\/2016\/07\/IMG_5736-1024x548-300x161.jpg 300w, https:\/\/www.hotelsemaforodefisterra.com\/wp-content\/uploads\/2016\/07\/IMG_5736-1024x548-768x411.jpg 768w\" sizes=\"(max-width: 750px) 100vw, 750px\" \/><\/a><div class=\"item-content\"><h4><a href=\"https:\/\/www.hotelsemaforodefisterra.com\/de\/restaurante-del-semaforo\/\">O semafORO restaurant<\/a><\/h4><p>Eine gro\u00dfe Auswahl an Gerichten konzentriert sich auf Produkte Galizien.<\/p><\/div><\/div><div class='item'><a href=\"https:\/\/www.hotelsemaforodefisterra.com\/de\/o-refuxio-del-semaforo\/\" class=\"link-image\" title=\"O Refuxio won O SemafORO\"><img loading=\"lazy\" decoding=\"async\" width=\"750\" height=\"498\" src=\"https:\/\/www.hotelsemaforodefisterra.com\/wp-content\/uploads\/2016\/08\/Bar-o-sem\u00e1foro-de-fisterra-1024x680.jpg\" class=\"attachment-large size-large\" alt=\"\" srcset=\"https:\/\/www.hotelsemaforodefisterra.com\/wp-content\/uploads\/2016\/08\/Bar-o-sem\u00e1foro-de-fisterra-1024x680.jpg 1024w, https:\/\/www.hotelsemaforodefisterra.com\/wp-content\/uploads\/2016\/08\/Bar-o-sem\u00e1foro-de-fisterra-300x199.jpg 300w, https:\/\/www.hotelsemaforodefisterra.com\/wp-content\/uploads\/2016\/08\/Bar-o-sem\u00e1foro-de-fisterra-768x510.jpg 768w\" sizes=\"(max-width: 750px) 100vw, 750px\" \/><\/a><div class=\"item-content\"><h4><a href=\"https:\/\/www.hotelsemaforodefisterra.com\/de\/o-refuxio-del-semaforo\/\">O Refuxio won O SemafORO<\/a><\/h4><p>Etwas schnell, reichhaltig und schmackhaft, m\u00fcssen Sie heraus verbringen im Vergleich zur Unendlichkeit.<\/p><\/div><\/div><div class='item'><a href=\"https:\/\/www.hotelsemaforodefisterra.com\/de\/fisterra\/\" class=\"link-image\" title=\"Finisterre\"><img loading=\"lazy\" decoding=\"async\" width=\"750\" height=\"563\" src=\"https:\/\/www.hotelsemaforodefisterra.com\/wp-content\/uploads\/2016\/07\/Costa-da-morte-faro-de-fisterra-1024x768.jpg\" class=\"attachment-large size-large\" alt=\"\" srcset=\"https:\/\/www.hotelsemaforodefisterra.com\/wp-content\/uploads\/2016\/07\/Costa-da-morte-faro-de-fisterra-1024x768.jpg 1024w, https:\/\/www.hotelsemaforodefisterra.com\/wp-content\/uploads\/2016\/07\/Costa-da-morte-faro-de-fisterra-300x225.jpg 300w, https:\/\/www.hotelsemaforodefisterra.com\/wp-content\/uploads\/2016\/07\/Costa-da-morte-faro-de-fisterra-768x576.jpg 768w\" sizes=\"(max-width: 750px) 100vw, 750px\" \/><\/a><div class=\"item-content\"><h4><a href=\"https:\/\/www.hotelsemaforodefisterra.com\/de\/fisterra\/\">Finisterre<\/a><\/h4><p>Das Ende der Stra\u00dfe, finis terrae.<\/p><\/div><\/div><div class='item'><a href=\"https:\/\/www.hotelsemaforodefisterra.com\/de\/costa-da-morte\/\" class=\"link-image\" title=\"Costa da Morte\"><img loading=\"lazy\" decoding=\"async\" width=\"750\" height=\"475\" src=\"https:\/\/www.hotelsemaforodefisterra.com\/wp-content\/uploads\/2016\/08\/bota-peregrinos-finisterre-1024x648.jpg\" class=\"attachment-large size-large\" alt=\"\" srcset=\"https:\/\/www.hotelsemaforodefisterra.com\/wp-content\/uploads\/2016\/08\/bota-peregrinos-finisterre-1024x648.jpg 1024w, https:\/\/www.hotelsemaforodefisterra.com\/wp-content\/uploads\/2016\/08\/bota-peregrinos-finisterre-300x190.jpg 300w, https:\/\/www.hotelsemaforodefisterra.com\/wp-content\/uploads\/2016\/08\/bota-peregrinos-finisterre-768x486.jpg 768w\" sizes=\"(max-width: 750px) 100vw, 750px\" \/><\/a><div class=\"item-content\"><h4><a href=\"https:\/\/www.hotelsemaforodefisterra.com\/de\/costa-da-morte\/\">Costa da Morte<\/a><\/h4><p>Die maritime Tradition der Region in ihren Br\u00e4uchen wider, ihre Feste und K\u00fcche.<\/p><\/div><\/div><\/div>[\/vc_column][\/vc_row]<\/p>\n","protected":false},"excerpt":{"rendered":"<p>[vc_row full_width=&#8220;stretch_row&#8220; parallax=&#8220;content-moving&#8220; position=&#8220;right center&#8220; css=&#8220;.vc_custom_1472041585775{margin-top: 32px !important;background-image: url(https:\/\/www.hotelsemaforodefisterra.com\/wp-content\/uploads\/2016\/07\/surf-na-costa-da-morte.jpg?id=3016) !important;background-position: center;background-repeat: no-repeat !important;background-size: cover !important;}&#8220;][vc_column el_class=&#8220;white-box content-padding text-uppercase&#8220;][vc_column_text] An den [&hellip;]<\/p>\n","protected":false},"author":7,"featured_media":0,"parent":0,"menu_order":0,"comment_status":"closed","ping_status":"closed","template":"","meta":{"footnotes":"","_joinchat":[]},"_links":{"self":[{"href":"https:\/\/www.hotelsemaforodefisterra.com\/de\/wp-json\/wp\/v2\/pages\/3928"}],"collection":[{"href":"https:\/\/www.hotelsemaforodefisterra.com\/de\/wp-json\/wp\/v2\/pages"}],"about":[{"href":"https:\/\/www.hotelsemaforodefisterra.com\/de\/wp-json\/wp\/v2\/types\/page"}],"author":[{"embeddable":true,"href":"https:\/\/www.hotelsemaforodefisterra.com\/de\/wp-json\/wp\/v2\/users\/7"}],"replies":[{"embeddable":true,"href":"https:\/\/www.hotelsemaforodefisterra.com\/de\/wp-json\/wp\/v2\/comments?post=3928"}],"version-history":[{"count":4,"href":"https:\/\/www.hotelsemaforodefisterra.com\/de\/wp-json\/wp\/v2\/pages\/3928\/revisions"}],"predecessor-version":[{"id":3961,"href":"https:\/\/www.hotelsemaforodefisterra.com\/de\/wp-json\/wp\/v2\/pages\/3928\/revisions\/3961"}],"wp:attachment":[{"href":"https:\/\/www.hotelsemaforodefisterra.com\/de\/wp-json\/wp\/v2\/media?parent=3928"}],"curies":[{"name":"wp","href":"https:\/\/api.w.org\/{rel}","templated":true}]}}