{"id":3924,"date":"2016-07-28T09:30:56","date_gmt":"2016-07-28T09:30:56","guid":{"rendered":"http:\/\/www.hotelsemaforodefisterra.com\/de\/costa-da-morte\/"},"modified":"2016-09-16T16:19:58","modified_gmt":"2016-09-16T16:19:58","slug":"costa-da-morte","status":"publish","type":"page","link":"https:\/\/www.hotelsemaforodefisterra.com\/de\/costa-da-morte\/","title":{"rendered":"Costa da morte"},"content":{"rendered":"<p>[vc_row full_width=&#8220;stretch_row&#8220; parallax=&#8220;content-moving&#8220; position=&#8220;right center&#8220; css=&#8220;.vc_custom_1472041434074{margin-top: 32px !important;background-image: url(https:\/\/www.hotelsemaforodefisterra.com\/wp-content\/uploads\/2016\/07\/Costa-da-morte-faro-de-fisterra.jpg?id=3006) !important;background-position: center;background-repeat: no-repeat !important;background-size: cover !important;}&#8220;][vc_column el_class=&#8220;white-box content-padding text-uppercase&#8220;][vc_column_text]<\/p>\n<h2 class=\"text-uppercase\" style=\"text-align: center;\"><small>An den Rand<br \/>\n<\/small>COSTA DA MORTE<\/h2>\n<p style=\"text-align: center;\">Costa da Morte ist ein Galizisch im Nordwesten gelegen K\u00fcstenregion von A Coru\u00f1a. Sein Name kommt von den vielen Wracks, die im Laufe der Geschichte vor der K\u00fcste stattgefunden haben und ist in diesem Bereich, voller Mythen und Legenden, in denen man glaubte, dass das Ende der Welt (Finis Terrae war &#8211; Finisterre &#8211; Fisterra). Die K\u00fcste ist schroff, mit spektakul\u00e4ren Klippen wie Cape Vilan und gro\u00dfen Str\u00e4nde wie Carnota (die l\u00e4ngste von Galizien), Baldaio und O Gesicht.<\/p>\n<p style=\"text-align: center;\">Unter seiner Natur stehen Ecken wie der Berg Pindo Carnota, die magische Cape Vilan Camari\u00f1as, Sisargas Illas, Strand oder dreizehn, der Anll\u00f3ns Fluss, der Penedos de Pasarela und Traba Laxe und Vimianzo, B\u00e4che, wilde Str\u00e4nde, Flussm\u00fcndungen wie Camari\u00f1as und Kap Finisterre, gew\u00e4hlt von vielen Pilgern den Camino de Santiago zu beenden. Man hat zu diesem spektakul\u00e4ren Ort Leuchtt\u00fcrme, Fischerh\u00e4fen, Traditionen und Legenden hinzugef\u00fcgt. Muxia und vom Kap-B\u00f6sewicht das Heiligtum der Virgen de la Barca, Objekt von Gebeten zu versuchen, die Wut des Meeres zu beruhigen steigt.<\/p>\n<p style=\"text-align: center;\">In der historischen und k\u00fcnstlerischen Erbes der Costa da Morte leuchten auch die Kornkammern, die r\u00f6mische Br\u00fccke Lubi\u00e1ns, Steine Abalar und Os Cadr\u00eds, Burg Vimianzo, die Torres do Allo, den Hafen von Cai\u00f3n, kastrieren von Borneiro, Gutsh\u00e4user Corcubion, Kirchen wie zum wie Santa Maria das Areas und dem englischen Friedhof in Camari\u00f1as, erinnert an die 172, die in der Trag\u00f6die der Schlange im Jahr 1890 vor der K\u00fcste Kap Vilan starb.<\/p>\n<p style=\"text-align: center;\">Die maritime Tradition der Region in ihren Br\u00e4uchen wider, ihre Feste und K\u00fcche, mit Meeresfr\u00fcchten Premier unter die Meeresfr\u00fcchte. Dar\u00fcber hinaus ber\u00fchmt in ihren Bereichen ist Galicien Kartoffel mit Ursprungsbezeichnung erzeugt. Die Costa da Morte ist ein idealer Ort f\u00fcr Wanderungen und Ausfl\u00fcge und Sportarten wie Surfen Ziel.<\/p>\n<p style=\"text-align: center;\"><a class=\"btn btn-inline\" href=\"https:\/\/www.hotelsemaforodefisterra.com\/de\/reservas-de\/\">Die beste Seite WOHER WISSEN<\/a><\/p>\n<p>[\/vc_column_text][\/vc_column][\/vc_row][vc_row][vc_column]<h2 class=\"text-center\"><small>SIE M\u00d6CHTEN UNSERE HOTEL ZU BESUCHEN?<\/small>DELICATESSEN HOTEL O SEM\u00c1FORO DE FISTERRA<\/h2><div class='services-carousel  owl-with-navigation' data-owl-items='4' data-owl-nav='true' data-owl-nav-text='[\"Fr\u00fcher\",\" N\u00e4chster\"]' data-owl-loop='true' data-owl-autoplay='true' data-owl-speed='2000' data-owl-hover='true' data-owl-mobile='1' data-owl-tablet='2' data-owl-dots='false'><div class='item'><a href=\"https:\/\/www.hotelsemaforodefisterra.com\/de\/zimmer\/\" class=\"link-image\" title=\"Zimmer\"><img loading=\"lazy\" decoding=\"async\" width=\"586\" height=\"440\" src=\"https:\/\/www.hotelsemaforodefisterra.com\/wp-content\/uploads\/2016\/08\/habitacion-hotel-semaforo-fisterra.jpg\" class=\"attachment-large size-large\" alt=\"\" srcset=\"https:\/\/www.hotelsemaforodefisterra.com\/wp-content\/uploads\/2016\/08\/habitacion-hotel-semaforo-fisterra.jpg 586w, https:\/\/www.hotelsemaforodefisterra.com\/wp-content\/uploads\/2016\/08\/habitacion-hotel-semaforo-fisterra-300x225.jpg 300w\" sizes=\"(max-width: 586px) 100vw, 586px\" \/><\/a><div class=\"item-content\"><h4><a href=\"https:\/\/www.hotelsemaforodefisterra.com\/de\/zimmer\/\">Zimmer<\/a><\/h4><p>Das Hotel liegt am Ende der Welt ... sie bieten unendliche Universum von Entspannung und Komfort.<\/p><\/div><\/div><div class='item'><a href=\"https:\/\/www.hotelsemaforodefisterra.com\/de\/restaurante-del-semaforo\/\" class=\"link-image\" title=\"O semafORO restaurant\"><img loading=\"lazy\" decoding=\"async\" width=\"750\" height=\"401\" src=\"https:\/\/www.hotelsemaforodefisterra.com\/wp-content\/uploads\/2016\/07\/IMG_5736-1024x548-1024x548.jpg\" class=\"attachment-large size-large\" alt=\"\" srcset=\"https:\/\/www.hotelsemaforodefisterra.com\/wp-content\/uploads\/2016\/07\/IMG_5736-1024x548.jpg 1024w, https:\/\/www.hotelsemaforodefisterra.com\/wp-content\/uploads\/2016\/07\/IMG_5736-1024x548-300x161.jpg 300w, https:\/\/www.hotelsemaforodefisterra.com\/wp-content\/uploads\/2016\/07\/IMG_5736-1024x548-768x411.jpg 768w\" sizes=\"(max-width: 750px) 100vw, 750px\" \/><\/a><div class=\"item-content\"><h4><a href=\"https:\/\/www.hotelsemaforodefisterra.com\/de\/restaurante-del-semaforo\/\">O semafORO restaurant<\/a><\/h4><p>Eine gro\u00dfe Auswahl an Gerichten konzentriert sich auf Produkte Galizien.<\/p><\/div><\/div><div class='item'><a href=\"https:\/\/www.hotelsemaforodefisterra.com\/de\/o-refuxio-del-semaforo\/\" class=\"link-image\" title=\"O Refuxio won O SemafORO\"><img loading=\"lazy\" decoding=\"async\" width=\"750\" height=\"498\" src=\"https:\/\/www.hotelsemaforodefisterra.com\/wp-content\/uploads\/2016\/08\/Bar-o-sem\u00e1foro-de-fisterra-1024x680.jpg\" class=\"attachment-large size-large\" alt=\"\" srcset=\"https:\/\/www.hotelsemaforodefisterra.com\/wp-content\/uploads\/2016\/08\/Bar-o-sem\u00e1foro-de-fisterra-1024x680.jpg 1024w, https:\/\/www.hotelsemaforodefisterra.com\/wp-content\/uploads\/2016\/08\/Bar-o-sem\u00e1foro-de-fisterra-300x199.jpg 300w, https:\/\/www.hotelsemaforodefisterra.com\/wp-content\/uploads\/2016\/08\/Bar-o-sem\u00e1foro-de-fisterra-768x510.jpg 768w\" sizes=\"(max-width: 750px) 100vw, 750px\" \/><\/a><div class=\"item-content\"><h4><a href=\"https:\/\/www.hotelsemaforodefisterra.com\/de\/o-refuxio-del-semaforo\/\">O Refuxio won O SemafORO<\/a><\/h4><p>Etwas schnell, reichhaltig und schmackhaft, m\u00fcssen Sie heraus verbringen im Vergleich zur Unendlichkeit.<\/p><\/div><\/div><div class='item'><a href=\"https:\/\/www.hotelsemaforodefisterra.com\/de\/fisterra\/\" class=\"link-image\" title=\"Finisterre\"><img loading=\"lazy\" decoding=\"async\" width=\"750\" height=\"563\" src=\"https:\/\/www.hotelsemaforodefisterra.com\/wp-content\/uploads\/2016\/07\/Costa-da-morte-faro-de-fisterra-1024x768.jpg\" class=\"attachment-large size-large\" alt=\"\" srcset=\"https:\/\/www.hotelsemaforodefisterra.com\/wp-content\/uploads\/2016\/07\/Costa-da-morte-faro-de-fisterra-1024x768.jpg 1024w, https:\/\/www.hotelsemaforodefisterra.com\/wp-content\/uploads\/2016\/07\/Costa-da-morte-faro-de-fisterra-300x225.jpg 300w, https:\/\/www.hotelsemaforodefisterra.com\/wp-content\/uploads\/2016\/07\/Costa-da-morte-faro-de-fisterra-768x576.jpg 768w\" sizes=\"(max-width: 750px) 100vw, 750px\" \/><\/a><div class=\"item-content\"><h4><a href=\"https:\/\/www.hotelsemaforodefisterra.com\/de\/fisterra\/\">Finisterre<\/a><\/h4><p>Das Ende der Stra\u00dfe, finis terrae.<\/p><\/div><\/div><div class='item'><a href=\"https:\/\/www.hotelsemaforodefisterra.com\/de\/costa-da-morte\/\" class=\"link-image\" title=\"Costa da Morte\"><img loading=\"lazy\" decoding=\"async\" width=\"750\" height=\"475\" src=\"https:\/\/www.hotelsemaforodefisterra.com\/wp-content\/uploads\/2016\/08\/bota-peregrinos-finisterre-1024x648.jpg\" class=\"attachment-large size-large\" alt=\"\" srcset=\"https:\/\/www.hotelsemaforodefisterra.com\/wp-content\/uploads\/2016\/08\/bota-peregrinos-finisterre-1024x648.jpg 1024w, https:\/\/www.hotelsemaforodefisterra.com\/wp-content\/uploads\/2016\/08\/bota-peregrinos-finisterre-300x190.jpg 300w, https:\/\/www.hotelsemaforodefisterra.com\/wp-content\/uploads\/2016\/08\/bota-peregrinos-finisterre-768x486.jpg 768w\" sizes=\"(max-width: 750px) 100vw, 750px\" \/><\/a><div class=\"item-content\"><h4><a href=\"https:\/\/www.hotelsemaforodefisterra.com\/de\/costa-da-morte\/\">Costa da Morte<\/a><\/h4><p>Die maritime Tradition der Region in ihren Br\u00e4uchen wider, ihre Feste und K\u00fcche.<\/p><\/div><\/div><\/div>[\/vc_column][\/vc_row]<\/p>\n","protected":false},"excerpt":{"rendered":"<p>[vc_row full_width=&#8220;stretch_row&#8220; parallax=&#8220;content-moving&#8220; position=&#8220;right center&#8220; css=&#8220;.vc_custom_1472041434074{margin-top: 32px !important;background-image: url(https:\/\/www.hotelsemaforodefisterra.com\/wp-content\/uploads\/2016\/07\/Costa-da-morte-faro-de-fisterra.jpg?id=3006) !important;background-position: center;background-repeat: no-repeat !important;background-size: cover !important;}&#8220;][vc_column el_class=&#8220;white-box content-padding text-uppercase&#8220;][vc_column_text] An den [&hellip;]<\/p>\n","protected":false},"author":7,"featured_media":0,"parent":0,"menu_order":0,"comment_status":"closed","ping_status":"closed","template":"","meta":{"footnotes":"","_joinchat":[]},"_links":{"self":[{"href":"https:\/\/www.hotelsemaforodefisterra.com\/de\/wp-json\/wp\/v2\/pages\/3924"}],"collection":[{"href":"https:\/\/www.hotelsemaforodefisterra.com\/de\/wp-json\/wp\/v2\/pages"}],"about":[{"href":"https:\/\/www.hotelsemaforodefisterra.com\/de\/wp-json\/wp\/v2\/types\/page"}],"author":[{"embeddable":true,"href":"https:\/\/www.hotelsemaforodefisterra.com\/de\/wp-json\/wp\/v2\/users\/7"}],"replies":[{"embeddable":true,"href":"https:\/\/www.hotelsemaforodefisterra.com\/de\/wp-json\/wp\/v2\/comments?post=3924"}],"version-history":[{"count":3,"href":"https:\/\/www.hotelsemaforodefisterra.com\/de\/wp-json\/wp\/v2\/pages\/3924\/revisions"}],"predecessor-version":[{"id":3964,"href":"https:\/\/www.hotelsemaforodefisterra.com\/de\/wp-json\/wp\/v2\/pages\/3924\/revisions\/3964"}],"wp:attachment":[{"href":"https:\/\/www.hotelsemaforodefisterra.com\/de\/wp-json\/wp\/v2\/media?parent=3924"}],"curies":[{"name":"wp","href":"https:\/\/api.w.org\/{rel}","templated":true}]}}