{"id":3908,"date":"2016-07-28T15:31:50","date_gmt":"2016-07-28T15:31:50","guid":{"rendered":"http:\/\/www.hotelsemaforodefisterra.com\/de\/restaurante-del-semaforo\/"},"modified":"2026-03-09T19:13:08","modified_gmt":"2026-03-09T18:13:08","slug":"restaurante-del-semaforo","status":"publish","type":"page","link":"https:\/\/www.hotelsemaforodefisterra.com\/de\/restaurante-del-semaforo\/","title":{"rendered":"O semafORO restaurant"},"content":{"rendered":"<p>[vc_row full_width=&#8220;stretch_row&#8220; css=&#8220;.vc_custom_1472123267567{background-image: url(https:\/\/www.hotelsemaforodefisterra.com\/wp-content\/uploads\/2016\/07\/la-taberna-del-semaforo.jpg?id=3175) !important;background-position: center !important;background-repeat: no-repeat !important;background-size: cover !important;}&#8220; el_class=&#8220;content-padding-xxl&#8220;][vc_column width=&#8220;1\/2&#8243;][vc_gallery images=&#8220;9380,9374,9368,9362&#8243; img_size=&#8220;medium&#8220; columns=&#8220;2&#8243;][\/vc_column][vc_column width=&#8220;1\/2&#8243;][vc_column_text]<\/p>\n<h2><small><strong>f\u00fcttern die Seele<\/strong><br \/>\n<\/small>O SEMAFORO RESTAURANT<\/h2>\n<p style=\"text-align: left;\">Eine gro\u00dfe Auswahl an Gerichten konzentriert sich auf Produkte Galizien.<\/p>\n<p style=\"text-align: left;\">In der Hochsaison bieten wir Ihnen ein Men\u00fc mit Gerichten, zu teilen Rationen typische Pr\u00e4sentation und Originalit\u00e4t seiner Vorbereitungen Pflege<\/p>\n<p style=\"text-align: left;\">In der Nebensaison konzentriert sich unsere K\u00fcche auf Marktk\u00fcche, saisonal, alte lokale Gerichte, traditionelle Gerichte und exquisite Auswahl an Produkten auf Basis von regionalen Produkten Gerichte erholt und die Gegend: Muschel, lubrigante, Herzmuscheln, Muscheln, Muscheln und eine lange Liste von K\u00f6stlichkeiten.<\/p>\n<h5 style=\"text-align: center;\"><a href=\"https:\/\/www.hotelsemaforodefisterra.com\/wp-content\/uploads\/2026\/03\/carta-2026-semaforo.pdf\" target=\"_blank\" rel=\"noopener noreferrer\">OUR MENU<\/a><\/h5>\n<p>[\/vc_column_text][\/vc_column][\/vc_row][vc_row][vc_column][vc_row_inner][vc_column_inner][vc_column_text]<\/p>\n<h3 style=\"text-align: center;\"><strong>Establishment attached<br \/>\n<\/strong><\/h3>\n<p>[\/vc_column_text][\/vc_column_inner][\/vc_row_inner][vc_row_inner][vc_column_inner width=&#8220;1\/2&#8243;][vc_single_image image=&#8220;4692&#8243; img_size=&#8220;medium&#8220; alignment=&#8220;center&#8220; onclick=&#8220;custom_link&#8220; img_link_target=&#8220;_blank&#8220; link=&#8220;http:\/\/www.margalaica.net\/&#8220;][\/vc_column_inner][vc_column_inner width=&#8220;1\/2&#8243;][vc_single_image image=&#8220;4691&#8243; img_size=&#8220;medium&#8220; alignment=&#8220;center&#8220; onclick=&#8220;custom_link&#8220; img_link_target=&#8220;_blank&#8220; link=&#8220;http:\/\/www.margalaica.net\/km-0&#8243;][\/vc_column_inner][\/vc_row_inner][vc_column_text]<\/p>\n<p style=\"text-align: center;\">\u00a0In <strong>Mar Galaica<\/strong> they help the consumer to identify the restaurants and recipes that guarantee the tasting of the best fresh fish and seafood in the world, that of the Galician coast.<\/p>\n<p style=\"text-align: center;\">The promotional seal <strong>Km 0 Margalaica<\/strong> guarantees that the restaurant with this badge offers mainly fish and seafood from the local fish markets, which were caught using traditional methods of fishing by seamen and sea shellfish, who live off the sea and who want to live on Him many more years.<\/p>\n<p style=\"text-align: center;\">The fish and seafood of our dishes are 100%, coming from the markets of Mar Galaica: Fisterra, Corcubi\u00f3n, O Pindo, Lira, Muros, O Freixo, Noia, Portos\u00edn or Porto do Son.<\/p>\n<p style=\"text-align: center;\"><strong>Our establishment together with Km 0 Mar Galaica committed to:<\/strong><br \/>\nQUALITY, SUSTAINABILITY, LOCAL IDENTITY and RESPONSIBLE CONSUMPTION<br \/>\nWe want to promote consumption close to fishing sites:<br \/>\nWhat better than at the END OF THE WORLD? &#8230;..<\/p>\n<p style=\"text-align: center;\"><strong>WELCOME AND BON APPETIT !!<\/strong><\/p>\n<p>[\/vc_column_text][\/vc_column][\/vc_row][vc_row][vc_column][vc_column_text]<\/p>\n<p>[\/vc_column_text][\/vc_column][\/vc_row][vc_row][vc_column]<h2 class=\"text-center\"><small>SIE M\u00d6CHTEN UNSERE HOTEL ZU BESUCHEN?<\/small>DELICATESSEN HOTEL O SEM\u00c1FORO DE FISTERRA<\/h2><div class='services-carousel  owl-with-navigation' data-owl-items='4' data-owl-nav='true' data-owl-nav-text='[\"Fr\u00fcher\",\"N\u00e4chster\"]' data-owl-loop='true' data-owl-autoplay='true' data-owl-speed='2000' data-owl-hover='true' data-owl-mobile='1' data-owl-tablet='2' data-owl-dots='false'><div class='item'><a href=\"https:\/\/www.hotelsemaforodefisterra.com\/de\/zimmer\/\" class=\"link-image\" title=\"Zimmer\"><img loading=\"lazy\" decoding=\"async\" width=\"586\" height=\"440\" src=\"https:\/\/www.hotelsemaforodefisterra.com\/wp-content\/uploads\/2016\/08\/habitacion-hotel-semaforo-fisterra.jpg\" class=\"attachment-large size-large\" alt=\"\" srcset=\"https:\/\/www.hotelsemaforodefisterra.com\/wp-content\/uploads\/2016\/08\/habitacion-hotel-semaforo-fisterra.jpg 586w, https:\/\/www.hotelsemaforodefisterra.com\/wp-content\/uploads\/2016\/08\/habitacion-hotel-semaforo-fisterra-300x225.jpg 300w\" sizes=\"(max-width: 586px) 100vw, 586px\" \/><\/a><div class=\"item-content\"><h4><a href=\"https:\/\/www.hotelsemaforodefisterra.com\/de\/zimmer\/\">Zimmer<\/a><\/h4><p>Das Hotel liegt am Ende der Welt ... sie bieten unendliche Universum von Entspannung und Komfort.<\/p><\/div><\/div><div class='item'><a href=\"https:\/\/www.hotelsemaforodefisterra.com\/de\/restaurante-del-semaforo\/\" class=\"link-image\" title=\"O semafORO restaurant\"><img loading=\"lazy\" decoding=\"async\" width=\"750\" height=\"401\" src=\"https:\/\/www.hotelsemaforodefisterra.com\/wp-content\/uploads\/2016\/07\/IMG_5736-1024x548-1024x548.jpg\" class=\"attachment-large size-large\" alt=\"\" srcset=\"https:\/\/www.hotelsemaforodefisterra.com\/wp-content\/uploads\/2016\/07\/IMG_5736-1024x548.jpg 1024w, https:\/\/www.hotelsemaforodefisterra.com\/wp-content\/uploads\/2016\/07\/IMG_5736-1024x548-300x161.jpg 300w, https:\/\/www.hotelsemaforodefisterra.com\/wp-content\/uploads\/2016\/07\/IMG_5736-1024x548-768x411.jpg 768w\" sizes=\"(max-width: 750px) 100vw, 750px\" \/><\/a><div class=\"item-content\"><h4><a href=\"https:\/\/www.hotelsemaforodefisterra.com\/de\/restaurante-del-semaforo\/\">O semafORO restaurant<\/a><\/h4><p>Eine gro\u00dfe Auswahl an Gerichten konzentriert sich auf Produkte Galizien.<\/p><\/div><\/div><div class='item'><a href=\"https:\/\/www.hotelsemaforodefisterra.com\/de\/o-refuxio-del-semaforo\/\" class=\"link-image\" title=\"O Refuxio del semafORO\"><img loading=\"lazy\" decoding=\"async\" width=\"750\" height=\"498\" src=\"https:\/\/www.hotelsemaforodefisterra.com\/wp-content\/uploads\/2016\/08\/Bar-o-sem\u00e1foro-de-fisterra-1024x680.jpg\" class=\"attachment-large size-large\" alt=\"\" srcset=\"https:\/\/www.hotelsemaforodefisterra.com\/wp-content\/uploads\/2016\/08\/Bar-o-sem\u00e1foro-de-fisterra-1024x680.jpg 1024w, https:\/\/www.hotelsemaforodefisterra.com\/wp-content\/uploads\/2016\/08\/Bar-o-sem\u00e1foro-de-fisterra-300x199.jpg 300w, https:\/\/www.hotelsemaforodefisterra.com\/wp-content\/uploads\/2016\/08\/Bar-o-sem\u00e1foro-de-fisterra-768x510.jpg 768w\" sizes=\"(max-width: 750px) 100vw, 750px\" \/><\/a><div class=\"item-content\"><h4><a href=\"https:\/\/www.hotelsemaforodefisterra.com\/de\/o-refuxio-del-semaforo\/\">O Refuxio del semafORO<\/a><\/h4><p>Etwas schnell, reichhaltig und schmackhaft, m\u00fcssen Sie heraus verbringen im Vergleich zur Unendlichkeit.<\/p><\/div><\/div><div class='item'><a href=\"https:\/\/www.hotelsemaforodefisterra.com\/de\/fisterra\/\" class=\"link-image\" title=\"Finisterre\"><img loading=\"lazy\" decoding=\"async\" width=\"750\" height=\"563\" src=\"https:\/\/www.hotelsemaforodefisterra.com\/wp-content\/uploads\/2016\/07\/Costa-da-morte-faro-de-fisterra-1024x768.jpg\" class=\"attachment-large size-large\" alt=\"\" srcset=\"https:\/\/www.hotelsemaforodefisterra.com\/wp-content\/uploads\/2016\/07\/Costa-da-morte-faro-de-fisterra-1024x768.jpg 1024w, https:\/\/www.hotelsemaforodefisterra.com\/wp-content\/uploads\/2016\/07\/Costa-da-morte-faro-de-fisterra-300x225.jpg 300w, https:\/\/www.hotelsemaforodefisterra.com\/wp-content\/uploads\/2016\/07\/Costa-da-morte-faro-de-fisterra-768x576.jpg 768w\" sizes=\"(max-width: 750px) 100vw, 750px\" \/><\/a><div class=\"item-content\"><h4><a href=\"https:\/\/www.hotelsemaforodefisterra.com\/de\/fisterra\/\">Finisterre<\/a><\/h4><p>Das Ende der Stra\u00dfe, finis terrae.<\/p><\/div><\/div><div class='item'><a href=\"https:\/\/www.hotelsemaforodefisterra.com\/de\/costa-da-morte\/\" class=\"link-image\" title=\"Costa da Morte\"><img loading=\"lazy\" decoding=\"async\" width=\"750\" height=\"475\" src=\"https:\/\/www.hotelsemaforodefisterra.com\/wp-content\/uploads\/2016\/08\/bota-peregrinos-finisterre-1024x648.jpg\" class=\"attachment-large size-large\" alt=\"\" srcset=\"https:\/\/www.hotelsemaforodefisterra.com\/wp-content\/uploads\/2016\/08\/bota-peregrinos-finisterre-1024x648.jpg 1024w, https:\/\/www.hotelsemaforodefisterra.com\/wp-content\/uploads\/2016\/08\/bota-peregrinos-finisterre-300x190.jpg 300w, https:\/\/www.hotelsemaforodefisterra.com\/wp-content\/uploads\/2016\/08\/bota-peregrinos-finisterre-768x486.jpg 768w\" sizes=\"(max-width: 750px) 100vw, 750px\" \/><\/a><div class=\"item-content\"><h4><a href=\"https:\/\/www.hotelsemaforodefisterra.com\/de\/costa-da-morte\/\">Costa da Morte<\/a><\/h4><p>Die maritime Tradition der Region in ihren Br\u00e4uchen wider, ihre Feste und K\u00fcche.<\/p><\/div><\/div><\/div>[\/vc_column][\/vc_row]<\/p>\n","protected":false},"excerpt":{"rendered":"<p>[vc_row full_width=&#8220;stretch_row&#8220; css=&#8220;.vc_custom_1472123267567{background-image: url(https:\/\/www.hotelsemaforodefisterra.com\/wp-content\/uploads\/2016\/07\/la-taberna-del-semaforo.jpg?id=3175) !important;background-position: center !important;background-repeat: no-repeat !important;background-size: cover !important;}&#8220; el_class=&#8220;content-padding-xxl&#8220;][vc_column width=&#8220;1\/2&#8243;][vc_gallery images=&#8220;9380,9374,9368,9362&#8243; img_size=&#8220;medium&#8220; columns=&#8220;2&#8243;][\/vc_column][vc_column width=&#8220;1\/2&#8243;][vc_column_text] f\u00fcttern die Seele [&hellip;]<\/p>\n","protected":false},"author":7,"featured_media":0,"parent":0,"menu_order":0,"comment_status":"closed","ping_status":"closed","template":"","meta":{"footnotes":"","_joinchat":[]},"_links":{"self":[{"href":"https:\/\/www.hotelsemaforodefisterra.com\/de\/wp-json\/wp\/v2\/pages\/3908"}],"collection":[{"href":"https:\/\/www.hotelsemaforodefisterra.com\/de\/wp-json\/wp\/v2\/pages"}],"about":[{"href":"https:\/\/www.hotelsemaforodefisterra.com\/de\/wp-json\/wp\/v2\/types\/page"}],"author":[{"embeddable":true,"href":"https:\/\/www.hotelsemaforodefisterra.com\/de\/wp-json\/wp\/v2\/users\/7"}],"replies":[{"embeddable":true,"href":"https:\/\/www.hotelsemaforodefisterra.com\/de\/wp-json\/wp\/v2\/comments?post=3908"}],"version-history":[{"count":15,"href":"https:\/\/www.hotelsemaforodefisterra.com\/de\/wp-json\/wp\/v2\/pages\/3908\/revisions"}],"predecessor-version":[{"id":9865,"href":"https:\/\/www.hotelsemaforodefisterra.com\/de\/wp-json\/wp\/v2\/pages\/3908\/revisions\/9865"}],"wp:attachment":[{"href":"https:\/\/www.hotelsemaforodefisterra.com\/de\/wp-json\/wp\/v2\/media?parent=3908"}],"curies":[{"name":"wp","href":"https:\/\/api.w.org\/{rel}","templated":true}]}}