{"id":3893,"date":"2016-07-15T13:48:35","date_gmt":"2016-07-15T13:48:35","guid":{"rendered":"http:\/\/www.hotelsemaforodefisterra.com\/de\/espacios-infinitos\/"},"modified":"2016-09-16T16:17:35","modified_gmt":"2016-09-16T16:17:35","slug":"espacios-infinitos","status":"publish","type":"page","link":"https:\/\/www.hotelsemaforodefisterra.com\/de\/espacios-infinitos\/","title":{"rendered":"Unsere unendlichen R\u00e4ume"},"content":{"rendered":"<p>[vc_row content_placement=&#8220;top&#8220;][vc_column width=&#8220;1\/2&#8243;][vc_column_text]<\/p>\n<h2><small><strong>Traum in den unendlichen<\/strong><\/small>unsere unendlichen R\u00e4ume<\/h2>\n<p>Von unseren Einrichtungen haben die beste Aussicht auf die Unendlichkeit.<\/p>\n<ul>\n<li>Die Sonne geht unter<\/li>\n<li>A costa da morte<\/li>\n<li>Der ber\u00fchmte Stein O Centolo<\/li>\n<li>Die MonteFacho<\/li>\n<li>Die Standorte der Wracks<\/li>\n<li>Die \u00c9zaro und Mount Pindo<\/li>\n<\/ul>\n<p>In unserem Infinity-Terrassen k\u00f6nnen Sie k\u00f6stliche Momente genie\u00dfen, die wir f\u00fcr Sie entwickelt Wermut Sitzungen, Konzerte, bei Sonnenuntergang, M\u00e4rchenerz\u00e4hler und eine Vielzahl von Aktivit\u00e4ten das ganze Jahr \u00fcber beleben unsere Au\u00dfenr\u00e4ume.<\/p>\n<p><ins><strong>Terrasse O REFUXIO<\/strong><\/ins><br \/>\nO Centolo und orientiert sich an den besten Sonnenuntergang in den Monaten von Juli bis Oktober, hat eine Kapazit\u00e4t f\u00fcr 24 Personen<\/p>\n<p><ins><strong>Terrasse East O SEMAFORO<\/strong><\/ins><br \/>\nEin Raum zu erkennen sowohl das Mar de Fora, auf O Centolo und Sonnenuntergang, und sehen Sie die K\u00fcste von \u00c9zaro, Carnota, und in der Ria. Eine echte Show, so dass Sie sich wohl f\u00fchlen und viele Stunden gute Musik genie\u00dfen, entspannen die besten Produkte von Galicien in einem Stil aus Raum<\/p>\n<p><ins><strong>Westterrasse von O SEMAFORO<\/strong><\/ins><br \/>\nMit Blick auf den gleichen Faro, den Endpunkt der Erde, eine gro\u00dfe Terrasse, wo fr\u00fcher der Mast der Kommunikationssignale auf Schiffe befinden. Ein gro\u00dfer Raum, in dem Sie einen Panoramablick auf das Ende der Welt haben. Ein Raum, in dem Sie unsere K\u00fcche probieren k\u00f6nnen, wo Sie Produktproben, Konzerte besuchen k\u00f6nnen.<\/p>\n<p><ins><strong>\u00dcber O SEMAFORO<\/strong><\/ins><br \/>\nAlles rund um das Geb\u00e4ude oder Semaphore ist so konzipiert, dass Sie Informationen aus dem Faro-Umgebung zugreifen k\u00f6nnen: Nufragios, Costa da Morte, Faro Geschichte, Kultur und Tradition, usw. wunderbare Orte, wo man ein Maximum an Privatsph\u00e4re haben und wird gesch\u00fctzt von allem und jedem.<\/p>\n<p>Erstellt f\u00fcr Sie und Ihre Freude R\u00e4ume, R\u00e4ume, die einen Tribut und bewundern Sie die spektakul\u00e4re Aussicht geben und die Erfahrung der Welt, in dem END sein[\/vc_column_text][vc_btn title=&#8220;KOMMEN dem Unendlichen ZU WISSEN&#8220; style=&#8220;outline-custom&#8220; outline_custom_color=&#8220;#ad854d&#8220; outline_custom_hover_background=&#8220;#666666&#8243; outline_custom_hover_text=&#8220;#ffffff&#8220; align=&#8220;center&#8220; link=&#8220;url:http%3A%2F%2Fwww.hotelsemaforodefisterra.com%2Fde%2Freservas-de%2F||&#8220;][\/vc_column][vc_column width=&#8220;1\/2&#8243;][vc_gallery images=&#8220;2909,3109,3166,3167,3122,3292,3367,3369,3370,3368&#8243; img_size=&#8220;medium&#8220; columns=&#8220;2&#8243;][\/vc_column][\/vc_row][vc_row][vc_column]<h2 class=\"text-center\"><small>SIE M\u00d6CHTEN UNSERE HOTEL ZU BESUCHEN?<\/small>DELICATESSEN HOTEL O SEM\u00c1FORO DE FISTERRA<\/h2><div class='services-carousel  owl-with-navigation' data-owl-items='4' data-owl-nav='true' data-owl-nav-text='[\"Fr\u00fcher\",\" N\u00e4chster\"]' data-owl-loop='true' data-owl-autoplay='true' data-owl-speed='2000' data-owl-hover='true' data-owl-mobile='1' data-owl-tablet='2' data-owl-dots='false'><div class='item'><a href=\"https:\/\/www.hotelsemaforodefisterra.com\/de\/zimmer\/\" class=\"link-image\" title=\"Zimmer\"><img loading=\"lazy\" decoding=\"async\" width=\"586\" height=\"440\" src=\"https:\/\/www.hotelsemaforodefisterra.com\/wp-content\/uploads\/2016\/08\/habitacion-hotel-semaforo-fisterra.jpg\" class=\"attachment-large size-large\" alt=\"\" srcset=\"https:\/\/www.hotelsemaforodefisterra.com\/wp-content\/uploads\/2016\/08\/habitacion-hotel-semaforo-fisterra.jpg 586w, https:\/\/www.hotelsemaforodefisterra.com\/wp-content\/uploads\/2016\/08\/habitacion-hotel-semaforo-fisterra-300x225.jpg 300w\" sizes=\"(max-width: 586px) 100vw, 586px\" \/><\/a><div class=\"item-content\"><h4><a href=\"https:\/\/www.hotelsemaforodefisterra.com\/de\/zimmer\/\">Zimmer<\/a><\/h4><p>Das Hotel liegt am Ende der Welt ... sie bieten unendliche Universum von Entspannung und Komfort.<\/p><\/div><\/div><div class='item'><a href=\"https:\/\/www.hotelsemaforodefisterra.com\/de\/restaurante-del-semaforo\/\" class=\"link-image\" title=\"O semafORO restaurant\"><img loading=\"lazy\" decoding=\"async\" width=\"750\" height=\"401\" src=\"https:\/\/www.hotelsemaforodefisterra.com\/wp-content\/uploads\/2016\/07\/IMG_5736-1024x548-1024x548.jpg\" class=\"attachment-large size-large\" alt=\"\" srcset=\"https:\/\/www.hotelsemaforodefisterra.com\/wp-content\/uploads\/2016\/07\/IMG_5736-1024x548.jpg 1024w, https:\/\/www.hotelsemaforodefisterra.com\/wp-content\/uploads\/2016\/07\/IMG_5736-1024x548-300x161.jpg 300w, https:\/\/www.hotelsemaforodefisterra.com\/wp-content\/uploads\/2016\/07\/IMG_5736-1024x548-768x411.jpg 768w\" sizes=\"(max-width: 750px) 100vw, 750px\" \/><\/a><div class=\"item-content\"><h4><a href=\"https:\/\/www.hotelsemaforodefisterra.com\/de\/restaurante-del-semaforo\/\">O semafORO restaurant<\/a><\/h4><p>Eine gro\u00dfe Auswahl an Gerichten konzentriert sich auf Produkte Galizien.<\/p><\/div><\/div><div class='item'><a href=\"https:\/\/www.hotelsemaforodefisterra.com\/de\/o-refuxio-del-semaforo\/\" class=\"link-image\" title=\"O Refuxio del semafORO\"><img loading=\"lazy\" decoding=\"async\" width=\"750\" height=\"498\" src=\"https:\/\/www.hotelsemaforodefisterra.com\/wp-content\/uploads\/2016\/08\/Bar-o-sem\u00e1foro-de-fisterra-1024x680.jpg\" class=\"attachment-large size-large\" alt=\"\" srcset=\"https:\/\/www.hotelsemaforodefisterra.com\/wp-content\/uploads\/2016\/08\/Bar-o-sem\u00e1foro-de-fisterra-1024x680.jpg 1024w, https:\/\/www.hotelsemaforodefisterra.com\/wp-content\/uploads\/2016\/08\/Bar-o-sem\u00e1foro-de-fisterra-300x199.jpg 300w, https:\/\/www.hotelsemaforodefisterra.com\/wp-content\/uploads\/2016\/08\/Bar-o-sem\u00e1foro-de-fisterra-768x510.jpg 768w\" sizes=\"(max-width: 750px) 100vw, 750px\" \/><\/a><div class=\"item-content\"><h4><a href=\"https:\/\/www.hotelsemaforodefisterra.com\/de\/o-refuxio-del-semaforo\/\">O Refuxio del semafORO<\/a><\/h4><p>Etwas schnell, reichhaltig und schmackhaft, m\u00fcssen Sie heraus verbringen im Vergleich zur Unendlichkeit.<\/p><\/div><\/div><div class='item'><a href=\"https:\/\/www.hotelsemaforodefisterra.com\/de\/fisterra\/\" class=\"link-image\" title=\"Finisterre\"><img loading=\"lazy\" decoding=\"async\" width=\"750\" height=\"563\" src=\"https:\/\/www.hotelsemaforodefisterra.com\/wp-content\/uploads\/2016\/07\/Costa-da-morte-faro-de-fisterra-1024x768.jpg\" class=\"attachment-large size-large\" alt=\"\" srcset=\"https:\/\/www.hotelsemaforodefisterra.com\/wp-content\/uploads\/2016\/07\/Costa-da-morte-faro-de-fisterra-1024x768.jpg 1024w, https:\/\/www.hotelsemaforodefisterra.com\/wp-content\/uploads\/2016\/07\/Costa-da-morte-faro-de-fisterra-300x225.jpg 300w, https:\/\/www.hotelsemaforodefisterra.com\/wp-content\/uploads\/2016\/07\/Costa-da-morte-faro-de-fisterra-768x576.jpg 768w\" sizes=\"(max-width: 750px) 100vw, 750px\" \/><\/a><div class=\"item-content\"><h4><a href=\"https:\/\/www.hotelsemaforodefisterra.com\/de\/fisterra\/\">Finisterre<\/a><\/h4><p>Das Ende der Stra\u00dfe, finis terrae.<\/p><\/div><\/div><div class='item'><a href=\"https:\/\/www.hotelsemaforodefisterra.com\/de\/costa-da-morte\/\" class=\"link-image\" title=\"Costa da Morte\"><img loading=\"lazy\" decoding=\"async\" width=\"750\" height=\"475\" src=\"https:\/\/www.hotelsemaforodefisterra.com\/wp-content\/uploads\/2016\/08\/bota-peregrinos-finisterre-1024x648.jpg\" class=\"attachment-large size-large\" alt=\"\" srcset=\"https:\/\/www.hotelsemaforodefisterra.com\/wp-content\/uploads\/2016\/08\/bota-peregrinos-finisterre-1024x648.jpg 1024w, https:\/\/www.hotelsemaforodefisterra.com\/wp-content\/uploads\/2016\/08\/bota-peregrinos-finisterre-300x190.jpg 300w, https:\/\/www.hotelsemaforodefisterra.com\/wp-content\/uploads\/2016\/08\/bota-peregrinos-finisterre-768x486.jpg 768w\" sizes=\"(max-width: 750px) 100vw, 750px\" \/><\/a><div class=\"item-content\"><h4><a href=\"https:\/\/www.hotelsemaforodefisterra.com\/de\/costa-da-morte\/\">Costa da Morte<\/a><\/h4><p>Die maritime Tradition der Region in ihren Br\u00e4uchen wider, ihre Feste und K\u00fcche.<\/p><\/div><\/div><\/div>[\/vc_column][\/vc_row]<\/p>\n","protected":false},"excerpt":{"rendered":"<p>[vc_row content_placement=&#8220;top&#8220;][vc_column width=&#8220;1\/2&#8243;][vc_column_text] Traum in den unendlichenunsere unendlichen R\u00e4ume Von unseren Einrichtungen haben die beste Aussicht auf die Unendlichkeit. Die [&hellip;]<\/p>\n","protected":false},"author":7,"featured_media":0,"parent":0,"menu_order":0,"comment_status":"closed","ping_status":"closed","template":"","meta":{"footnotes":"","_joinchat":[]},"_links":{"self":[{"href":"https:\/\/www.hotelsemaforodefisterra.com\/de\/wp-json\/wp\/v2\/pages\/3893"}],"collection":[{"href":"https:\/\/www.hotelsemaforodefisterra.com\/de\/wp-json\/wp\/v2\/pages"}],"about":[{"href":"https:\/\/www.hotelsemaforodefisterra.com\/de\/wp-json\/wp\/v2\/types\/page"}],"author":[{"embeddable":true,"href":"https:\/\/www.hotelsemaforodefisterra.com\/de\/wp-json\/wp\/v2\/users\/7"}],"replies":[{"embeddable":true,"href":"https:\/\/www.hotelsemaforodefisterra.com\/de\/wp-json\/wp\/v2\/comments?post=3893"}],"version-history":[{"count":4,"href":"https:\/\/www.hotelsemaforodefisterra.com\/de\/wp-json\/wp\/v2\/pages\/3893\/revisions"}],"predecessor-version":[{"id":3957,"href":"https:\/\/www.hotelsemaforodefisterra.com\/de\/wp-json\/wp\/v2\/pages\/3893\/revisions\/3957"}],"wp:attachment":[{"href":"https:\/\/www.hotelsemaforodefisterra.com\/de\/wp-json\/wp\/v2\/media?parent=3893"}],"curies":[{"name":"wp","href":"https:\/\/api.w.org\/{rel}","templated":true}]}}