{"id":3891,"date":"2016-08-05T09:27:42","date_gmt":"2016-08-05T09:27:42","guid":{"rendered":"http:\/\/www.hotelsemaforodefisterra.com\/de\/espacios-interiores\/"},"modified":"2026-02-06T17:52:43","modified_gmt":"2026-02-06T16:52:43","slug":"espacios-interiores","status":"publish","type":"page","link":"https:\/\/www.hotelsemaforodefisterra.com\/de\/espacios-interiores\/","title":{"rendered":"unsere Innenr\u00e4ume"},"content":{"rendered":"<p>[vc_row css=&#8220;.vc_custom_1472121972925{background-position: center !important;background-repeat: no-repeat !important;background-size: cover !important;}&#8220; el_class=&#8220;content-padding-xxl&#8220;][vc_column width=&#8220;1\/2&#8243;][vc_gallery images=&#8220;3339,3340&#8243; img_size=&#8220;large&#8220; columns=&#8220;1&#8243;][\/vc_column][vc_column width=&#8220;1\/2&#8243;][vc_column_text]<\/p>\n<h2><small><strong>Traum in den unendlichen<\/strong><\/small>Unsere Innenr\u00e4ume<\/h2>\n<p style=\"text-align: justify;\">Das kleine Hotel ist voll von magischen Orten Ihre Zuflucht und die Zeit zu finden.<\/p>\n<p style=\"text-align: justify;\">Unsere gem\u00fctliche Lounge ist ideal zum Lesen und Abstraktion Raum. Im Winter N\u00e4chte wird der Lieblingsplatz auf dem Meer, Winde, St\u00fcrme, die Stra\u00dfe zu faulenzen &#8230;<\/p>\n<p style=\"text-align: justify;\">Ein kleines Caf\u00e9 bietet Platz f\u00fcr 7 Tische an jedem Fenster neben suspendiert, als ehemaliger &#8222;parladoiros&#8220; einzigartig &#8222;tuyyo&#8220;, wo man die beste Aussicht auf unendlich haben, der h\u00f6chste Punkt, um diesen wunderbaren Ort zu betrachten und zu teilen, mit denen Sie ein besonderer Moment.<\/p>\n<p style=\"text-align: justify;\">Ein Speisesaal, wo die Freuden des Feinkost eigenen Hotels genie\u00dfen. einzigartige Orte, wo man von allem und jedem abstraerte kann, R\u00e4ume f\u00fcr Ihr Mittag- oder Abendessen entwickelt, um eine intime, private und besondere Erlebnis.<\/p>\n<p style=\"text-align: justify;\">Das Leben gef\u00fcllte R\u00e4ume: Das gesamte Hotel ist mit Produkten aus unserem Land, Gourmet-Produkte. Regale, Schr\u00e4nke und Displays, die \u00fcberall laufen, voller Versuchungen f\u00fcr die f\u00fcnf Sinne und Liebe zu unserer kulinarischen K\u00f6stlichkeiten zu lassen: eine traditionelle Wein- und Trester ber\u00fchmte weltweite Anerkennung, jetzt bieten wir Ihnen funkelnde Disposition, Wermut, Bier, Gin, Rum und ein lange Liste der galicischen Produkte von au\u00dfergew\u00f6hnlicher Qualit\u00e4t, so dass degustes, kate und verbrauchen kann. Eine Vielzahl von Aromen und Produkte, die Teil unserer Einrichtung sind und die R\u00e4ume und jede Ecke des Hauses f\u00fcllen<\/p>\n<p>[\/vc_column_text][vc_btn title=&#8220;Kommen Sie zu unserem UNIQUE CORNERS WISSEN&#8220; style=&#8220;outline-custom&#8220; outline_custom_color=&#8220;#ad854d&#8220; outline_custom_hover_background=&#8220;#666666&#8243; outline_custom_hover_text=&#8220;#ffffff&#8220; align=&#8220;center&#8220; link=&#8220;url:http%3A%2F%2Fwww.hotelsemaforodefisterra.com%2Fde%2Freservas-de%2F||&#8220;][\/vc_column][\/vc_row][vc_row][vc_column]<h2 class=\"text-center\"><small>Ein einzigartiges und unvergessliches Erlebnis<\/small>DELICATESSEN HOTEL O SEMAFORO DE FISTERRA<\/h2><div class='services-carousel  owl-with-navigation' data-owl-items='4' data-owl-nav='true' data-owl-nav-text='[\"Fr\u00fcher\",\"N\u00e4chster\"]' data-owl-loop='true' data-owl-autoplay='true' data-owl-speed='2000' data-owl-hover='true' data-owl-mobile='1' data-owl-tablet='2' data-owl-dots='false'><div class='item'><a href=\"https:\/\/www.hotelsemaforodefisterra.com\/de\/zimmer\/\" class=\"link-image\" title=\"ZIMMER SCHIFFSWRACKS\"><img loading=\"lazy\" decoding=\"async\" width=\"750\" height=\"500\" src=\"https:\/\/www.hotelsemaforodefisterra.com\/wp-content\/uploads\/2026\/02\/hn-naufraxio-hotel-semaforo-fisterra-1024x683.jpg\" class=\"attachment-large size-large\" alt=\"\" srcset=\"https:\/\/www.hotelsemaforodefisterra.com\/wp-content\/uploads\/2026\/02\/hn-naufraxio-hotel-semaforo-fisterra-1024x683.jpg 1024w, https:\/\/www.hotelsemaforodefisterra.com\/wp-content\/uploads\/2026\/02\/hn-naufraxio-hotel-semaforo-fisterra-300x200.jpg 300w, https:\/\/www.hotelsemaforodefisterra.com\/wp-content\/uploads\/2026\/02\/hn-naufraxio-hotel-semaforo-fisterra-768x512.jpg 768w, https:\/\/www.hotelsemaforodefisterra.com\/wp-content\/uploads\/2026\/02\/hn-naufraxio-hotel-semaforo-fisterra.jpg 1500w\" sizes=\"(max-width: 750px) 100vw, 750px\" \/><\/a><div class=\"item-content\"><h4><a href=\"https:\/\/www.hotelsemaforodefisterra.com\/de\/zimmer\/\">ZIMMER SCHIFFSWRACKS<\/a><\/h4><p>In diesem Raum werden Sie Teil der Geschichte, die Geschichte der Wracks, die diese aus sich beansprucht. Themenzimmer mit Meer Elemente der alten Schiffe, Wracks Legende. Sie entdecken Geheimnisse, die nur dieser Raum fl\u00fcstern di<\/p><\/div><\/div><div class='item'><a href=\"https:\/\/www.hotelsemaforodefisterra.com\/de\/zimmer\/\" class=\"link-image\" title=\"ROOM LICHT\"><img loading=\"lazy\" decoding=\"async\" width=\"750\" height=\"500\" src=\"https:\/\/www.hotelsemaforodefisterra.com\/wp-content\/uploads\/2026\/02\/hb-semaforo-desayuno-hotel-semaforo-fisterra-1024x683.jpg\" class=\"attachment-large size-large\" alt=\"\" srcset=\"https:\/\/www.hotelsemaforodefisterra.com\/wp-content\/uploads\/2026\/02\/hb-semaforo-desayuno-hotel-semaforo-fisterra-1024x683.jpg 1024w, https:\/\/www.hotelsemaforodefisterra.com\/wp-content\/uploads\/2026\/02\/hb-semaforo-desayuno-hotel-semaforo-fisterra-300x200.jpg 300w, https:\/\/www.hotelsemaforodefisterra.com\/wp-content\/uploads\/2026\/02\/hb-semaforo-desayuno-hotel-semaforo-fisterra-768x512.jpg 768w, https:\/\/www.hotelsemaforodefisterra.com\/wp-content\/uploads\/2026\/02\/hb-semaforo-desayuno-hotel-semaforo-fisterra.jpg 1500w\" sizes=\"(max-width: 750px) 100vw, 750px\" \/><\/a><div class=\"item-content\"><h4><a href=\"https:\/\/www.hotelsemaforodefisterra.com\/de\/zimmer\/\">ROOM LICHT<\/a><\/h4><p>Die Kommunikation zwischen dem Leuchtturm und Boote wurde durch Signalflaggen gemacht, platziert in diesen Geb\u00e4uden Ampel genannt, neben dem Leuchtturm. In diesem Raum neu erstellen wir, dass die Kommunikation und geben Sie das Leben in dieser Sprache<\/p><\/div><\/div><div class='item'><a href=\"https:\/\/www.hotelsemaforodefisterra.com\/de\/zimmer\/\" class=\"link-image\" title=\"LEUCHTT\u00dcRME ZIMMER\"><img loading=\"lazy\" decoding=\"async\" width=\"750\" height=\"500\" src=\"https:\/\/www.hotelsemaforodefisterra.com\/wp-content\/uploads\/2026\/02\/hb-faros-desayuno-hotel-semaforo-finisterre-1024x683.jpg\" class=\"attachment-large size-large\" alt=\"\" srcset=\"https:\/\/www.hotelsemaforodefisterra.com\/wp-content\/uploads\/2026\/02\/hb-faros-desayuno-hotel-semaforo-finisterre-1024x683.jpg 1024w, https:\/\/www.hotelsemaforodefisterra.com\/wp-content\/uploads\/2026\/02\/hb-faros-desayuno-hotel-semaforo-finisterre-300x200.jpg 300w, https:\/\/www.hotelsemaforodefisterra.com\/wp-content\/uploads\/2026\/02\/hb-faros-desayuno-hotel-semaforo-finisterre-768x512.jpg 768w, https:\/\/www.hotelsemaforodefisterra.com\/wp-content\/uploads\/2026\/02\/hb-faros-desayuno-hotel-semaforo-finisterre.jpg 1500w\" sizes=\"(max-width: 750px) 100vw, 750px\" \/><\/a><div class=\"item-content\"><h4><a href=\"https:\/\/www.hotelsemaforodefisterra.com\/de\/zimmer\/\">LEUCHTT\u00dcRME ZIMMER<\/a><\/h4><p>Sie werden in diesem Raum nicht allein sein ... werden die wichtigsten Kennleuchten von Galicien begleiten. In diesem Raum wird das reflektierte Licht des Leuchtturms sehen passieren, werden alle 4 Sekunden Sie ihr Licht sehen, das letzte Licht auf dieser Seite des Kontinents, das letzte Licht, das sie viele Schiffbr\u00fcchige und Licht gesehen haben, dass viele Menschen das Leben gerettet hat.<\/p><\/div><\/div><div class='item'><a href=\"https:\/\/www.hotelsemaforodefisterra.com\/de\/zimmer\/\" class=\"link-image\" title=\"STELLAE ZIMMER\"><img loading=\"lazy\" decoding=\"async\" width=\"750\" height=\"500\" src=\"https:\/\/www.hotelsemaforodefisterra.com\/wp-content\/uploads\/2026\/02\/hb-stellae-desayuno-hotel-semaforo-fisterra-1024x683.jpg\" class=\"attachment-large size-large\" alt=\"\" srcset=\"https:\/\/www.hotelsemaforodefisterra.com\/wp-content\/uploads\/2026\/02\/hb-stellae-desayuno-hotel-semaforo-fisterra-1024x683.jpg 1024w, https:\/\/www.hotelsemaforodefisterra.com\/wp-content\/uploads\/2026\/02\/hb-stellae-desayuno-hotel-semaforo-fisterra-300x200.jpg 300w, https:\/\/www.hotelsemaforodefisterra.com\/wp-content\/uploads\/2026\/02\/hb-stellae-desayuno-hotel-semaforo-fisterra-768x512.jpg 768w, https:\/\/www.hotelsemaforodefisterra.com\/wp-content\/uploads\/2026\/02\/hb-stellae-desayuno-hotel-semaforo-fisterra.jpg 1500w\" sizes=\"(max-width: 750px) 100vw, 750px\" \/><\/a><div class=\"item-content\"><h4><a href=\"https:\/\/www.hotelsemaforodefisterra.com\/de\/zimmer\/\">STELLAE ZIMMER<\/a><\/h4><p>Die Milchstra\u00dfe verl\u00e4uft gerade dieses Hotel und Sternenn\u00e4chte k\u00f6nnen f\u00fchlen, wie Sie ein Teil davon sind. F\u00fchlen Sie sich ein Stern Teil dieser Strecke bis unendlich<\/p><\/div><\/div><div class='item'><a href=\"https:\/\/www.hotelsemaforodefisterra.com\/de\/zimmer\/\" class=\"link-image\" title=\"WINDS ZIMMER\"><img loading=\"lazy\" decoding=\"async\" width=\"750\" height=\"500\" src=\"https:\/\/www.hotelsemaforodefisterra.com\/wp-content\/uploads\/2026\/02\/hb-ventos-almuerzo-hotel-semaforo-finisterre-1024x683.jpg\" class=\"attachment-large size-large\" alt=\"\" srcset=\"https:\/\/www.hotelsemaforodefisterra.com\/wp-content\/uploads\/2026\/02\/hb-ventos-almuerzo-hotel-semaforo-finisterre-1024x683.jpg 1024w, https:\/\/www.hotelsemaforodefisterra.com\/wp-content\/uploads\/2026\/02\/hb-ventos-almuerzo-hotel-semaforo-finisterre-300x200.jpg 300w, https:\/\/www.hotelsemaforodefisterra.com\/wp-content\/uploads\/2026\/02\/hb-ventos-almuerzo-hotel-semaforo-finisterre-768x512.jpg 768w, https:\/\/www.hotelsemaforodefisterra.com\/wp-content\/uploads\/2026\/02\/hb-ventos-almuerzo-hotel-semaforo-finisterre.jpg 1500w\" sizes=\"(max-width: 750px) 100vw, 750px\" \/><\/a><div class=\"item-content\"><h4><a href=\"https:\/\/www.hotelsemaforodefisterra.com\/de\/zimmer\/\">WINDS ZIMMER<\/a><\/h4><p>In st\u00fcrmischen N\u00e4chten und Sturm f\u00fchlt man sich von diesem Raum, MAR de Fora, die meisten gepeitscht durch den Wind und die regen Hit, als Teil einer Welle bildet, die Sie und verschlingt verschlingt. Ein magisches Gef\u00fchl, wo Sie sicher und komfortabel f\u00fchlen, den heftigen Wind ``Nord\u00e9s``<\/p><\/div><\/div><\/div>[\/vc_column][\/vc_row]<\/p>\n","protected":false},"excerpt":{"rendered":"<p>[vc_row css=&#8220;.vc_custom_1472121972925{background-position: center !important;background-repeat: no-repeat !important;background-size: cover !important;}&#8220; el_class=&#8220;content-padding-xxl&#8220;][vc_column width=&#8220;1\/2&#8243;][vc_gallery images=&#8220;3339,3340&#8243; img_size=&#8220;large&#8220; columns=&#8220;1&#8243;][\/vc_column][vc_column width=&#8220;1\/2&#8243;][vc_column_text] Traum in den unendlichenUnsere Innenr\u00e4ume Das [&hellip;]<\/p>\n","protected":false},"author":7,"featured_media":0,"parent":0,"menu_order":0,"comment_status":"closed","ping_status":"closed","template":"","meta":{"footnotes":"","_joinchat":[]},"_links":{"self":[{"href":"https:\/\/www.hotelsemaforodefisterra.com\/de\/wp-json\/wp\/v2\/pages\/3891"}],"collection":[{"href":"https:\/\/www.hotelsemaforodefisterra.com\/de\/wp-json\/wp\/v2\/pages"}],"about":[{"href":"https:\/\/www.hotelsemaforodefisterra.com\/de\/wp-json\/wp\/v2\/types\/page"}],"author":[{"embeddable":true,"href":"https:\/\/www.hotelsemaforodefisterra.com\/de\/wp-json\/wp\/v2\/users\/7"}],"replies":[{"embeddable":true,"href":"https:\/\/www.hotelsemaforodefisterra.com\/de\/wp-json\/wp\/v2\/comments?post=3891"}],"version-history":[{"count":9,"href":"https:\/\/www.hotelsemaforodefisterra.com\/de\/wp-json\/wp\/v2\/pages\/3891\/revisions"}],"predecessor-version":[{"id":9843,"href":"https:\/\/www.hotelsemaforodefisterra.com\/de\/wp-json\/wp\/v2\/pages\/3891\/revisions\/9843"}],"wp:attachment":[{"href":"https:\/\/www.hotelsemaforodefisterra.com\/de\/wp-json\/wp\/v2\/media?parent=3891"}],"curies":[{"name":"wp","href":"https:\/\/api.w.org\/{rel}","templated":true}]}}