{"id":3879,"date":"2016-07-15T11:40:48","date_gmt":"2016-07-15T11:40:48","guid":{"rendered":"http:\/\/www.hotelsemaforodefisterra.com\/de\/habitaciones\/"},"modified":"2025-09-22T18:02:35","modified_gmt":"2025-09-22T16:02:35","slug":"zimmer","status":"publish","type":"page","link":"https:\/\/www.hotelsemaforodefisterra.com\/de\/zimmer\/","title":{"rendered":"Zimmer"},"content":{"rendered":"<p>[vc_row position=&#8220;center right&#8220; css=&#8220;.vc_custom_1436463840612{background-position: center !important;background-repeat: no-repeat !important;background-size: contain !important;}&#8220;][vc_column width=&#8220;2\/3&#8243;][vc_column_text]Das Hotel liegt am Ende der Welt &#8230; sie bieten unendliche Universum von Entspannung und Komfort.<br \/>\nJedes unserer Zimmer ist einzigartig; \u00fcberraschen, verw\u00f6hnen Sie sich und machen Sie etwas Besonderes. Mit einem Top-Class-Ausstattung, werden erfreut, Details zu bieten, die Ihren Aufenthalt zu einem einzigartigen und speziellen Speicher zu machen.<\/p>\n<h3>Finden Sie den Raum, der Ihrem Geschmack entspricht<\/h3>\n<p>King-Size-Betten, Bettdecken, Doppelkissen, Whirlpool-Badewanne, zwei Waschbecken, Bionature Annehmlichkeiten, Kosmetikspiegel, F\u00f6n, TV 42&#8243;, Zimmerservice, Safe, unendliche Stille oder Dolby-Sound Sturm, mit Blick auf das Ende der Welt von der New Yorker Meer &#8230; der Rest der Erfahrung &#8230; ist bis zu Ihnen.[\/vc_column_text][\/vc_column][vc_column width=&#8220;1\/4&#8243; offset=&#8220;vc_col-sm-offset-1&#8243;][vc_column_text]<\/p>\n<div class=\"text-center well\">\n<span class='hotel-icon-241 hi-3x color-primary hi-boxed' ><\/span>\n<h3><small>Rufen Sie uns an und \u00fcberpr\u00fcfen Sie die Verf\u00fcgbarkeit<\/small><\/h3>\n<h3>+34 981 110 210<\/h3>\n<h3>+34 607 778 240<\/h3>\n<p><small>24\/7 verf\u00fcgbar<br \/>\nVon Montag bis Sonntag<\/small><\/p>\n<\/div>\n<p>[\/vc_column_text][\/vc_column][\/vc_row][vc_row full_width=&#8220;stretch_row&#8220; parallax=&#8220;content-moving&#8220; parallax_image=&#8220;9084&#8243; video_cover=&#8220;1340&#8243;][vc_column width=&#8220;1\/2&#8243; offset=&#8220;vc_col-sm-offset-6&#8243;][vc_column_text el_class=&#8220;white-box content-padding&#8220;]<\/p>\n<h2 id=\"cove\" class=\"text-uppercase\" style=\"text-align: left;\"><small>AB \u00a0180\u20ac \/ NACHT <\/small><a href=\"https:\/\/www.hotelsemaforodefisterra.com\/de\/habitacion-stellae\/\">STELLAE ZIMMER<\/a><\/h2>\n<p>Die Milchstra\u00dfe verl\u00e4uft gerade dieses Hotel und Sternenn\u00e4chte k\u00f6nnen f\u00fchlen, wie Sie ein Teil davon sind. F\u00fchlen Sie sich ein Stern Teil dieser Strecke bis unendlich.<\/p>\n<p><a class=\"btn btn-inline\" href=\"https:\/\/www.hotelsemaforodefisterra.com\/de\/habitacion-stellae\/\">MEHR INFO<\/a>[\/vc_column_text][\/vc_column][\/vc_row][vc_row full_width=&#8220;stretch_row_content&#8220;][vc_column width=&#8220;1\/3&#8243;][vc_column_text]<\/p>\n<h2 id=\"view\" class=\"text-uppercase text-center\" style=\"text-align: center;\"><small>AB 160\u20ac \/ NACHT<\/small><a href=\"https:\/\/www.hotelsemaforodefisterra.com\/de\/habitacion-semaforo\/\">ROOM LIGHT<\/a><\/h2>\n<p style=\"text-align: center;\"><a href=\"https:\/\/www.hotelsemaforodefisterra.com\/de\/habitacion-semaforo\/\"><img loading=\"lazy\" decoding=\"async\" class=\"wp-image-9213 size-full aligncenter\" src=\"https:\/\/www.hotelsemaforodefisterra.com\/wp-content\/uploads\/2025\/03\/Habitaciondos-semaforo-hotel-semaforo-fisterra.jpg\" alt=\"\" width=\"1500\" height=\"1000\" srcset=\"https:\/\/www.hotelsemaforodefisterra.com\/wp-content\/uploads\/2025\/03\/Habitaciondos-semaforo-hotel-semaforo-fisterra.jpg 1500w, https:\/\/www.hotelsemaforodefisterra.com\/wp-content\/uploads\/2025\/03\/Habitaciondos-semaforo-hotel-semaforo-fisterra-300x200.jpg 300w, https:\/\/www.hotelsemaforodefisterra.com\/wp-content\/uploads\/2025\/03\/Habitaciondos-semaforo-hotel-semaforo-fisterra-1024x683.jpg 1024w, https:\/\/www.hotelsemaforodefisterra.com\/wp-content\/uploads\/2025\/03\/Habitaciondos-semaforo-hotel-semaforo-fisterra-768x512.jpg 768w\" sizes=\"(max-width: 1500px) 100vw, 1500px\" \/><\/a><\/p>\n<p style=\"text-align: center;\">Die Kommunikation zwischen dem Leuchtturm und Boote wurde durch Signalflaggen gemacht, platziert in diesen Geb\u00e4uden Ampel genannt, neben dem Leuchtturm. In diesem Raum neu erstellen wir, dass die Kommunikation und geben Sie das Leben in dieser Sprache<\/p>\n<p style=\"text-align: center;\"><a class=\"btn btn-inline\" href=\"https:\/\/www.hotelsemaforodefisterra.com\/de\/habitacion-semaforo\/\">MEHR INFO<\/a><\/p>\n<p>[\/vc_column_text][\/vc_column][vc_column width=&#8220;1\/3&#8243;][vc_column_text]<\/p>\n<h2 id=\"sideview\" class=\"text-uppercase text-center\" style=\"text-align: center;\"><small>AB 180\u20ac \/ NACHT<\/small><a href=\"https:\/\/www.hotelsemaforodefisterra.com\/de\/habitacion-dos-faros\/\">LEUCHTT\u00dcRME ZIMMER<\/a><\/h2>\n<p><a href=\"https:\/\/www.hotelsemaforodefisterra.com\/de\/habitacion-dos-faros\/\"><img loading=\"lazy\" decoding=\"async\" class=\"wp-image-9165 size-full aligncenter\" src=\"https:\/\/www.hotelsemaforodefisterra.com\/wp-content\/uploads\/2025\/03\/Habitaciondos-faros-hotel-semaforo-fisterra.jpg\" alt=\"\" width=\"1500\" height=\"1000\" srcset=\"https:\/\/www.hotelsemaforodefisterra.com\/wp-content\/uploads\/2025\/03\/Habitaciondos-faros-hotel-semaforo-fisterra.jpg 1500w, https:\/\/www.hotelsemaforodefisterra.com\/wp-content\/uploads\/2025\/03\/Habitaciondos-faros-hotel-semaforo-fisterra-300x200.jpg 300w, https:\/\/www.hotelsemaforodefisterra.com\/wp-content\/uploads\/2025\/03\/Habitaciondos-faros-hotel-semaforo-fisterra-1024x683.jpg 1024w, https:\/\/www.hotelsemaforodefisterra.com\/wp-content\/uploads\/2025\/03\/Habitaciondos-faros-hotel-semaforo-fisterra-768x512.jpg 768w\" sizes=\"(max-width: 1500px) 100vw, 1500px\" \/><\/a><\/p>\n<p style=\"text-align: center;\">Sie werden in diesem Raum nicht allein sein &#8230; werden die wichtigsten Kennleuchten von Galicien begleiten. In diesem Raum wird das reflektierte Licht des Leuchtturms sehen passieren, werden alle 4 Sekunden Sie ihr Licht sehen, das letzte Licht auf dieser Seite des Kontinents, das letzte Licht, das sie viele Schiffbr\u00fcchige und Licht gesehen haben, dass viele Menschen das Leben gerettet hat.<\/p>\n<p style=\"text-align: center;\"><a class=\"btn btn-inline\" href=\"https:\/\/www.hotelsemaforodefisterra.com\/de\/habitacion-dos-faros\/\">MEHR INFO<\/a><\/p>\n<p>[\/vc_column_text][\/vc_column][vc_column width=&#8220;1\/3&#8243; offset=&#8220;vc_hidden-lg vc_hidden-md vc_hidden-sm vc_hidden-xs&#8220;][vc_column_text]<\/p>\n<h2 id=\"sideview\" class=\"text-uppercase text-center\" style=\"text-align: center;\"><small>AB 99\u20ac \/\u00a0NACHT<\/small><a href=\"https:\/\/www.hotelsemaforodefisterra.com\/de\/habitacion-agocho\/\">AGOCHO ZIMMER<\/a><\/h2>\n<p><a href=\"https:\/\/www.hotelsemaforodefisterra.com\/de\/habitacion-agocho\/\"><img loading=\"lazy\" decoding=\"async\" class=\"wp-image-9096 size-full aligncenter\" src=\"https:\/\/www.hotelsemaforodefisterra.com\/wp-content\/uploads\/2025\/03\/Habitacion-agocho-hotel-semaforo-fisterra.jpg\" alt=\"\" width=\"1500\" height=\"1000\" srcset=\"https:\/\/www.hotelsemaforodefisterra.com\/wp-content\/uploads\/2025\/03\/Habitacion-agocho-hotel-semaforo-fisterra.jpg 1500w, https:\/\/www.hotelsemaforodefisterra.com\/wp-content\/uploads\/2025\/03\/Habitacion-agocho-hotel-semaforo-fisterra-300x200.jpg 300w, https:\/\/www.hotelsemaforodefisterra.com\/wp-content\/uploads\/2025\/03\/Habitacion-agocho-hotel-semaforo-fisterra-1024x683.jpg 1024w, https:\/\/www.hotelsemaforodefisterra.com\/wp-content\/uploads\/2025\/03\/Habitacion-agocho-hotel-semaforo-fisterra-768x512.jpg 768w\" sizes=\"(max-width: 1500px) 100vw, 1500px\" \/><\/a><\/p>\n<p style=\"text-align: center;\">Dachzimmer mit Blick auf den Leuchtturm von Finisterre, klein, aber mit einem Doppelbett von 1, 50 und allem Notwendigen, Fernseher mit Smart-TV, kostenlosem Mineralwasser, Kaffeemaschine und \u00f6kologischen Annehmlichkeiten.<\/p>\n<p style=\"text-align: center;\"><a class=\"btn btn-inline\" href=\"https:\/\/www.hotelsemaforodefisterra.com\/de\/habitacion-agocho\/\">MEHR INFO<\/a><\/p>\n<p>[\/vc_column_text][\/vc_column][\/vc_row][vc_row full_width=&#8220;stretch_row&#8220; parallax=&#8220;content-moving&#8220; parallax_image=&#8220;9306&#8243; css=&#8220;.vc_custom_1742257961116{background-position: center;background-repeat: no-repeat !important;background-size: cover !important;}&#8220;][vc_column width=&#8220;1\/2&#8243;][vc_column_text el_class=&#8220;white-box content-padding&#8220;]<\/p>\n<h2 id=\"cove\" class=\"text-uppercase\"><small>AB 230\u20ac \/NACHT<\/small><a href=\"https:\/\/www.hotelsemaforodefisterra.com\/de\/habitacion-dos-naufraxios\/\">ZIMMER SCHIFFSWRACKS<\/a><\/h2>\n<p>In diesem Raum werden Sie Teil der Geschichte, die Geschichte der Wracks, die diese aus sich beansprucht. Themenzimmer mit Meer Elemente der alten Schiffe, Wracks Legende. Sie entdecken Geheimnisse, die nur dieser Raum fl\u00fcstern dir<br \/>\n<a class=\"btn btn-inline\" href=\"https:\/\/www.hotelsemaforodefisterra.com\/de\/habitacion-dos-naufraxios\/\">MEHR INFO<\/a>[\/vc_column_text][\/vc_column][vc_column width=&#8220;1\/2&#8243;][vc_single_image image=&#8220;9270&#8243; img_size=&#8220;large&#8220; onclick=&#8220;custom_link&#8220; link=&#8220;https:\/\/www.hotelsemaforodefisterra.com\/de\/habitacion-dos-naufraxios\/&#8220;][\/vc_column][\/vc_row][vc_row][vc_column][vc_empty_space][\/vc_column][\/vc_row][vc_row full_width=&#8220;stretch_row&#8220; parallax=&#8220;content-moving&#8220; parallax_image=&#8220;9343&#8243;][vc_column width=&#8220;1\/2&#8243;][vc_column_text el_class=&#8220;white-box content-padding&#8220;]<\/p>\n<h2 id=\"cove\" class=\"text-uppercase\" style=\"text-align: left;\"><small>AB 230\u20ac \/ NACHT <\/small><a href=\"https:\/\/www.hotelsemaforodefisterra.com\/de\/habitacion-dos-ventos\/\">WINDS ZIMMER<\/a><\/h2>\n<p>In st\u00fcrmischen N\u00e4chten und Sturm f\u00fchlt man sich von diesem Raum, MAR de Fora, die meisten gepeitscht durch den Wind und die regen Hit, als Teil einer Welle bildet, die Sie und verschlingt verschlingt. Ein magisches Gef\u00fchl, wo Sie sicher und komfortabel f\u00fchlen, den heftigen Wind &#8222;Nord\u00e9s&#8220;<\/p>\n<p><a class=\"btn btn-inline\" href=\"https:\/\/www.hotelsemaforodefisterra.com\/de\/habitacion-dos-ventos\/\">MEHR INFO<\/a>[\/vc_column_text][\/vc_column][vc_column width=&#8220;1\/2&#8243;][vc_single_image image=&#8220;9313&#8243; img_size=&#8220;large&#8220; onclick=&#8220;custom_link&#8220; link=&#8220;https:\/\/www.hotelsemaforodefisterra.com\/de\/habitacion-dos-ventos\/&#8220;][\/vc_column][\/vc_row]<\/p>\n","protected":false},"excerpt":{"rendered":"<p>[vc_row position=&#8220;center right&#8220; css=&#8220;.vc_custom_1436463840612{background-position: center !important;background-repeat: no-repeat !important;background-size: contain !important;}&#8220;][vc_column width=&#8220;2\/3&#8243;][vc_column_text]Das Hotel liegt am Ende der Welt &#8230; sie bieten [&hellip;]<\/p>\n","protected":false},"author":7,"featured_media":0,"parent":0,"menu_order":0,"comment_status":"closed","ping_status":"closed","template":"","meta":{"footnotes":"","_joinchat":[]},"_links":{"self":[{"href":"https:\/\/www.hotelsemaforodefisterra.com\/de\/wp-json\/wp\/v2\/pages\/3879"}],"collection":[{"href":"https:\/\/www.hotelsemaforodefisterra.com\/de\/wp-json\/wp\/v2\/pages"}],"about":[{"href":"https:\/\/www.hotelsemaforodefisterra.com\/de\/wp-json\/wp\/v2\/types\/page"}],"author":[{"embeddable":true,"href":"https:\/\/www.hotelsemaforodefisterra.com\/de\/wp-json\/wp\/v2\/users\/7"}],"replies":[{"embeddable":true,"href":"https:\/\/www.hotelsemaforodefisterra.com\/de\/wp-json\/wp\/v2\/comments?post=3879"}],"version-history":[{"count":22,"href":"https:\/\/www.hotelsemaforodefisterra.com\/de\/wp-json\/wp\/v2\/pages\/3879\/revisions"}],"predecessor-version":[{"id":9723,"href":"https:\/\/www.hotelsemaforodefisterra.com\/de\/wp-json\/wp\/v2\/pages\/3879\/revisions\/9723"}],"wp:attachment":[{"href":"https:\/\/www.hotelsemaforodefisterra.com\/de\/wp-json\/wp\/v2\/media?parent=3879"}],"curies":[{"name":"wp","href":"https:\/\/api.w.org\/{rel}","templated":true}]}}