{"id":3874,"date":"2016-07-14T17:38:27","date_gmt":"2016-07-14T17:38:27","guid":{"rendered":"http:\/\/www.hotelsemaforodefisterra.com\/de\/delicatessen-hotel\/"},"modified":"2016-09-16T14:51:23","modified_gmt":"2016-09-16T14:51:23","slug":"delicatessen-hotel","status":"publish","type":"page","link":"https:\/\/www.hotelsemaforodefisterra.com\/de\/delicatessen-hotel\/","title":{"rendered":"Delicatessen hotel"},"content":{"rendered":"<p>[vc_row full_width=&#8220;stretch_row&#8220; parallax=&#8220;content-moving&#8220; position=&#8220;right center&#8220; css=&#8220;.vc_custom_1471977849730{margin-top: 32px !important;background-image: url(https:\/\/www.hotelsemaforodefisterra.com\/wp-content\/uploads\/2016\/07\/Deicatessen-hotel.jpg?id=3295) !important;background-position: center;background-repeat: no-repeat !important;background-size: cover !important;}&#8220;][vc_column el_class=&#8220;white-box content-padding text-uppercase&#8220;][vc_column_text]<\/p>\n<h2 class=\"text-uppercase\" style=\"text-align: center;\"><small>EIN NEUES KONZEPT<\/small>DELICATESSEN HOTEL<\/h2>\n<p style=\"text-align: center;\"><strong>Es ist ein neues Hotelkonzept: eine feine, exquisite, charmantes Hotel in dem Sie alle f\u00fcnf Sinne gefallen kann, ein gro\u00dfes Schaufenster f\u00fcr die Liebhaber der <strong>Aromen von Galizien<\/strong>.<\/strong><\/p>\n<p style=\"text-align: center;\">In einer Welt der <strong>gourmet&#8217;ll galicischen Produkte<\/strong>: Wein, Oliven-Kuchen Konserven, Pasteten, Honig, und eine Vielzahl von erstaunlichen Aromen, die vielleicht nicht bewusst waren, dass gab es auch dieses Land ist. Sie haben Zeit zu schmecken, zu schmecken und zu konsumieren und diese Getr\u00e4nke kaufen.<\/p>\n<p style=\"text-align: center;\">Alle R\u00e4ume sind mit der Esskultur von Galicien eingerichtet und mit den Dienstleistungen eines gehobenen Hotels ausgestattet: kostenloses WiFi im gesamten Hotel, Gep\u00e4ck, mit freundlicher Genehmigung Computer, F\u00f6hn, Toilettenartikel, Kaffeeraum, Zimmerservice, usw.<\/p>\n<p style=\"text-align: center;\">Themen und sorgf\u00e4ltig dekoriert, um Ihnen Zimmer kombiniert ein einzigartiges Erlebnis zu machen.<\/p>\n<p style=\"text-align: center;\">Sie k\u00f6nnen unsere urspr\u00fcnglichen Fr\u00fchst\u00fcck und einem Restaurant-Men\u00fc mit Vorschl\u00e4gen Galizisch Produkten zubereitet werden.<\/p>\n<p style=\"text-align: center;\">Sie k\u00f6nnen unsere Sitzungen Verkostungen von regionalen Produkten teilnehmen.<\/p>\n<p style=\"text-align: center;\">Delicatessen Hotel: Nur in Fisterra und Santiago de Compostela<\/p>\n<p style=\"text-align: center;\">Zweifellos die originellsten und exquisite Galizien Hotels &#8230; und warum nicht? \u2026 Der Welt<\/p>\n<p style=\"text-align: center;\"><a href=\"http:\/\/www.delicatessenhotel.com\" target=\"_blank\">www.delicatessenhotel.com<\/a><\/p>\n<p>[\/vc_column_text][vc_btn title=&#8220;KOMM ZU BEWEISEN &#8230; wiederholen !!&#8220; style=&#8220;outline-custom&#8220; outline_custom_color=&#8220;#ad854d&#8220; outline_custom_hover_background=&#8220;#666666&#8243; outline_custom_hover_text=&#8220;#ffffff&#8220; align=&#8220;center&#8220; link=&#8220;url:http%3A%2F%2Fwww.hotelsemaforodefisterra.com%2Fde%2Freservas-de%2F||&#8220;][\/vc_column][\/vc_row]<\/p>\n","protected":false},"excerpt":{"rendered":"<p>[vc_row full_width=&#8220;stretch_row&#8220; parallax=&#8220;content-moving&#8220; position=&#8220;right center&#8220; css=&#8220;.vc_custom_1471977849730{margin-top: 32px !important;background-image: url(https:\/\/www.hotelsemaforodefisterra.com\/wp-content\/uploads\/2016\/07\/Deicatessen-hotel.jpg?id=3295) !important;background-position: center;background-repeat: no-repeat !important;background-size: cover !important;}&#8220;][vc_column el_class=&#8220;white-box content-padding text-uppercase&#8220;][vc_column_text] EIN NEUES [&hellip;]<\/p>\n","protected":false},"author":7,"featured_media":0,"parent":0,"menu_order":0,"comment_status":"closed","ping_status":"closed","template":"","meta":{"footnotes":"","_joinchat":[]},"_links":{"self":[{"href":"https:\/\/www.hotelsemaforodefisterra.com\/de\/wp-json\/wp\/v2\/pages\/3874"}],"collection":[{"href":"https:\/\/www.hotelsemaforodefisterra.com\/de\/wp-json\/wp\/v2\/pages"}],"about":[{"href":"https:\/\/www.hotelsemaforodefisterra.com\/de\/wp-json\/wp\/v2\/types\/page"}],"author":[{"embeddable":true,"href":"https:\/\/www.hotelsemaforodefisterra.com\/de\/wp-json\/wp\/v2\/users\/7"}],"replies":[{"embeddable":true,"href":"https:\/\/www.hotelsemaforodefisterra.com\/de\/wp-json\/wp\/v2\/comments?post=3874"}],"version-history":[{"count":2,"href":"https:\/\/www.hotelsemaforodefisterra.com\/de\/wp-json\/wp\/v2\/pages\/3874\/revisions"}],"predecessor-version":[{"id":3877,"href":"https:\/\/www.hotelsemaforodefisterra.com\/de\/wp-json\/wp\/v2\/pages\/3874\/revisions\/3877"}],"wp:attachment":[{"href":"https:\/\/www.hotelsemaforodefisterra.com\/de\/wp-json\/wp\/v2\/media?parent=3874"}],"curies":[{"name":"wp","href":"https:\/\/api.w.org\/{rel}","templated":true}]}}