{"id":3860,"date":"2014-09-14T08:54:12","date_gmt":"2014-09-14T08:54:12","guid":{"rendered":"http:\/\/www.hotelsemaforodefisterra.com\/de\/hotel-o-semaforo-de-fisterra-3\/"},"modified":"2026-02-06T17:57:24","modified_gmt":"2026-02-06T16:57:24","slug":"hotel-o-semaforo-de-fisterra-3","status":"publish","type":"page","link":"https:\/\/www.hotelsemaforodefisterra.com\/de\/","title":{"rendered":"Hotel O sem\u00e1fORO de fisTERRA"},"content":{"rendered":"<p>[vc_row full_width=&#8220;stretch_row&#8220; css=&#8220;.vc_custom_1472224979504{background-color: rgba(31,31,31,0.84) !important;*background-color: rgb(31,31,31) !important;}&#8220; el_class=&#8220;content-padding&#8220;][vc_column][vc_column_text css=&#8220;.vc_custom_1474020881535{border-top-width: 1px !important;border-right-width: 1px !important;border-bottom-width: 1px !important;border-left-width: 1px !important;padding-top: 5px !important;padding-right: 20px !important;padding-bottom: 5px !important;padding-left: 20px !important;border-left-color: #ad854d !important;border-left-style: solid !important;border-right-color: #ad854d !important;border-right-style: solid !important;border-top-color: #ad854d !important;border-top-style: solid !important;border-bottom-color: #ad854d !important;border-bottom-style: solid !important;}&#8220;][\/vc_column_text][\/vc_column][\/vc_row][vc_row full_width=&#8220;stretch_row&#8220; parallax=&#8220;content-moving&#8220; css=&#8220;.vc_custom_1472723032795{background-image: url(https:\/\/www.hotelsemaforodefisterra.com\/wp-content\/uploads\/2014\/09\/hotel-o-semaforo-de-fisterra.jpg?id=3219) !important;background-position: center;background-repeat: no-repeat !important;background-size: cover !important;}&#8220;][vc_column width=&#8220;1\/2&#8243;][vc_gallery images=&#8220;3340,3339,9794&#8243; img_size=&#8220;large&#8220; columns=&#8220;1&#8243;][\/vc_column][vc_column width=&#8220;1\/2&#8243;][vc_column_text]<\/p>\n<h1 style=\"text-align: center;\">delicatessen hotel<br \/>\no sem\u00e1fORO de fisTERRA<small>Stille, wo versteckt sich mehr als Worte<br \/>\n<\/small><\/h1>\n<p style=\"text-align: center;\">Es gibt keine mehr ikonische Platz in der K\u00fcste des Todes Kap Finisterre, das Ende des Endes der Welt. Das 1853 erbaute, 138 Meter \u00fcber dem Meeresspiegel.<\/p>\n<p style=\"text-align: center;\">Seit Tausenden von Jahren war es gedacht, dass \u00fcber ihn gibt es nur eine w\u00e4ssrige Kluft war, in dem die Sonne jeden Abend drehte sich um und durch die kam zu einer Region der Finsternis weg von Seeungeheuer bewohnt.<\/p>\n<p style=\"text-align: center;\">Unser Leuchtturm von allen Segler der Welt bekannt ist, wegen seiner Bedeutung als Mittel der N\u00e4he Warnung vor einer \u00e4u\u00dferst gef\u00e4hrlichen K\u00fcste (ihr Licht erreicht 65 km lang) und die verr\u00e4terische Ruf dieser Gegend mar\u00edtima.Debido die \u00fcbliche Nebel der Zeit, ein Anhang zum Leuchtturm Geb\u00e4ude im Jahr 1888, die Sirene, die als &#8222;eine Kuh Fisterra&#8220; allgemein bekannt ist Seem\u00e4nner der Gefahren zu warnen, denen sie ausgesetzt gebaut wurde.<\/p>\n<p style=\"text-align: center;\">Seit 1999 und nach einer sehr erfolgreichen Reform im Jahr 2016, der ehemaligen Zentrale der Meeres\u00fcberwachung, die Semaphore unser kleines Paradies geworden ist, ein Feinkost Hotel und Restaurant Boutique Hotel O SEMAFORO in Faro de Finisterre, Es verf\u00fcgt \u00fcber f\u00fcnf exklusive Zimmer, ein ausgezeichnetes Restaurant, ein charmantes Caf\u00e9, eine Terrasse mit Blick auf endlose und mehrere Zimmer und exklusive Ecken am Ende der Welt zu verpassen. Die unglaubliche Aussicht und Sonnenunterg\u00e4nge, konkurrieren mit wilden St\u00fcrme und gro\u00dfe Wellen Tage, nebligen Tagen, in denen die Sirene hart Leuchtturm klingt, eine Kuh, die uns in die Vergangenheit von Legenden schleppt &#8230;<\/p>\n<p style=\"text-align: center;\">Sie k\u00f6nnen auch O Refuxio, einen Raum, der wie der Name schon sagt gibt dem Pilger-Host, ein Wahrzeichen mit Blick auf den ber\u00fchmten &#8222;Skulptur&#8220; Centolo genie\u00dfen. Ein einzigartiges Esszimmer, ein &#8218;Mari\u00f1eira &#8222;aktualisiert, moderne Taverne Konzept mit Vorschl\u00e4gen zum Picken und nehmen \u00fcberall unendlich genie\u00dfen zu beobachten. Ein idealer Ort, wo Zuflucht am Tage auch spektakul\u00e4re Sturm und Sturm.<\/p>\n<p>[\/vc_column_text][vc_btn title=&#8220;WILLST DU KOMMEN?&#8220; style=&#8220;outline-custom&#8220; outline_custom_color=&#8220;#ad854d&#8220; outline_custom_hover_background=&#8220;#666666&#8243; outline_custom_hover_text=&#8220;#ffffff&#8220; align=&#8220;center&#8220; link=&#8220;url:http%3A%2F%2Fwww.hotelsemaforodefisterra.com%2Fde%2Freservas-de%2F||&#8220;][\/vc_column][\/vc_row][vc_row][vc_column]<h2 class=\"text-center\"><small>SIE M\u00d6CHTEN UNSERE HOTEL ZU BESUCHEN?<\/small>DELICATESSEN HOTEL O SEM\u00c1FORO DE FISTERRA<\/h2><div class='services-carousel  owl-with-navigation' data-owl-items='4' data-owl-nav='true' data-owl-nav-text='[\"Fr\u00fcher\",\"N\u00e4chster\"]' data-owl-loop='true' data-owl-autoplay='true' data-owl-speed='2000' data-owl-hover='true' data-owl-mobile='1' data-owl-tablet='2' data-owl-dots='false'><div class='item'><a href=\"https:\/\/www.hotelsemaforodefisterra.com\/de\/zimmer\/\" class=\"link-image\" title=\"Zimmer\"><img loading=\"lazy\" decoding=\"async\" width=\"586\" height=\"440\" src=\"https:\/\/www.hotelsemaforodefisterra.com\/wp-content\/uploads\/2016\/08\/habitacion-hotel-semaforo-fisterra.jpg\" class=\"attachment-large size-large\" alt=\"\" srcset=\"https:\/\/www.hotelsemaforodefisterra.com\/wp-content\/uploads\/2016\/08\/habitacion-hotel-semaforo-fisterra.jpg 586w, https:\/\/www.hotelsemaforodefisterra.com\/wp-content\/uploads\/2016\/08\/habitacion-hotel-semaforo-fisterra-300x225.jpg 300w\" sizes=\"(max-width: 586px) 100vw, 586px\" \/><\/a><div class=\"item-content\"><h4><a href=\"https:\/\/www.hotelsemaforodefisterra.com\/de\/zimmer\/\">Zimmer<\/a><\/h4><p>Das Hotel liegt am Ende der Welt ... sie bieten unendliche Universum von Entspannung und Komfort.<\/p><\/div><\/div><div class='item'><a href=\"https:\/\/www.hotelsemaforodefisterra.com\/de\/restaurante-del-semaforo\/\" class=\"link-image\" title=\"O semafORO restaurant\"><img loading=\"lazy\" decoding=\"async\" width=\"750\" height=\"401\" src=\"https:\/\/www.hotelsemaforodefisterra.com\/wp-content\/uploads\/2016\/07\/IMG_5736-1024x548-1024x548.jpg\" class=\"attachment-large size-large\" alt=\"\" srcset=\"https:\/\/www.hotelsemaforodefisterra.com\/wp-content\/uploads\/2016\/07\/IMG_5736-1024x548.jpg 1024w, https:\/\/www.hotelsemaforodefisterra.com\/wp-content\/uploads\/2016\/07\/IMG_5736-1024x548-300x161.jpg 300w, https:\/\/www.hotelsemaforodefisterra.com\/wp-content\/uploads\/2016\/07\/IMG_5736-1024x548-768x411.jpg 768w\" sizes=\"(max-width: 750px) 100vw, 750px\" \/><\/a><div class=\"item-content\"><h4><a href=\"https:\/\/www.hotelsemaforodefisterra.com\/de\/restaurante-del-semaforo\/\">O semafORO restaurant<\/a><\/h4><p>Eine gro\u00dfe Auswahl an Gerichten konzentriert sich auf Produkte Galizien.<\/p><\/div><\/div><div class='item'><a href=\"https:\/\/www.hotelsemaforodefisterra.com\/de\/o-refuxio-del-semaforo\/\" class=\"link-image\" title=\"O Refuxio del semafORO\"><img loading=\"lazy\" decoding=\"async\" width=\"750\" height=\"498\" src=\"https:\/\/www.hotelsemaforodefisterra.com\/wp-content\/uploads\/2016\/08\/Bar-o-sem\u00e1foro-de-fisterra-1024x680.jpg\" class=\"attachment-large size-large\" alt=\"\" srcset=\"https:\/\/www.hotelsemaforodefisterra.com\/wp-content\/uploads\/2016\/08\/Bar-o-sem\u00e1foro-de-fisterra-1024x680.jpg 1024w, https:\/\/www.hotelsemaforodefisterra.com\/wp-content\/uploads\/2016\/08\/Bar-o-sem\u00e1foro-de-fisterra-300x199.jpg 300w, https:\/\/www.hotelsemaforodefisterra.com\/wp-content\/uploads\/2016\/08\/Bar-o-sem\u00e1foro-de-fisterra-768x510.jpg 768w\" sizes=\"(max-width: 750px) 100vw, 750px\" \/><\/a><div class=\"item-content\"><h4><a href=\"https:\/\/www.hotelsemaforodefisterra.com\/de\/o-refuxio-del-semaforo\/\">O Refuxio del semafORO<\/a><\/h4><p>Etwas schnell, reichhaltig und schmackhaft, m\u00fcssen Sie heraus verbringen im Vergleich zur Unendlichkeit.<\/p><\/div><\/div><div class='item'><a href=\"https:\/\/www.hotelsemaforodefisterra.com\/de\/fisterra\/\" class=\"link-image\" title=\"Finisterre\"><img loading=\"lazy\" decoding=\"async\" width=\"750\" height=\"563\" src=\"https:\/\/www.hotelsemaforodefisterra.com\/wp-content\/uploads\/2016\/07\/Costa-da-morte-faro-de-fisterra-1024x768.jpg\" class=\"attachment-large size-large\" alt=\"\" srcset=\"https:\/\/www.hotelsemaforodefisterra.com\/wp-content\/uploads\/2016\/07\/Costa-da-morte-faro-de-fisterra-1024x768.jpg 1024w, https:\/\/www.hotelsemaforodefisterra.com\/wp-content\/uploads\/2016\/07\/Costa-da-morte-faro-de-fisterra-300x225.jpg 300w, https:\/\/www.hotelsemaforodefisterra.com\/wp-content\/uploads\/2016\/07\/Costa-da-morte-faro-de-fisterra-768x576.jpg 768w\" sizes=\"(max-width: 750px) 100vw, 750px\" \/><\/a><div class=\"item-content\"><h4><a href=\"https:\/\/www.hotelsemaforodefisterra.com\/de\/fisterra\/\">Finisterre<\/a><\/h4><p>Das Ende der Stra\u00dfe, finis terrae.<\/p><\/div><\/div><div class='item'><a href=\"https:\/\/www.hotelsemaforodefisterra.com\/de\/costa-da-morte\/\" class=\"link-image\" title=\"Costa da Morte\"><img loading=\"lazy\" decoding=\"async\" width=\"750\" height=\"475\" src=\"https:\/\/www.hotelsemaforodefisterra.com\/wp-content\/uploads\/2016\/08\/bota-peregrinos-finisterre-1024x648.jpg\" class=\"attachment-large size-large\" alt=\"\" srcset=\"https:\/\/www.hotelsemaforodefisterra.com\/wp-content\/uploads\/2016\/08\/bota-peregrinos-finisterre-1024x648.jpg 1024w, https:\/\/www.hotelsemaforodefisterra.com\/wp-content\/uploads\/2016\/08\/bota-peregrinos-finisterre-300x190.jpg 300w, https:\/\/www.hotelsemaforodefisterra.com\/wp-content\/uploads\/2016\/08\/bota-peregrinos-finisterre-768x486.jpg 768w\" sizes=\"(max-width: 750px) 100vw, 750px\" \/><\/a><div class=\"item-content\"><h4><a href=\"https:\/\/www.hotelsemaforodefisterra.com\/de\/costa-da-morte\/\">Costa da Morte<\/a><\/h4><p>Die maritime Tradition der Region in ihren Br\u00e4uchen wider, ihre Feste und K\u00fcche.<\/p><\/div><\/div><\/div>[\/vc_column][\/vc_row][vc_row css=&#8220;.vc_custom_1675250158658{margin-top: 0px !important;margin-bottom: 40px !important;padding-top: 0px !important;padding-bottom: 0px !important;}&#8220;][vc_column width=&#8220;1\/2&#8243;][vc_video link=&#8220;https:\/\/youtu.be\/2XvW7TwV6Rc&#8220; align=&#8220;center&#8220;][\/vc_column][vc_column width=&#8220;1\/2&#8243;][vc_video link=&#8220;https:\/\/youtu.be\/2nZQRFWr2Fo&#8220; align=&#8220;center&#8220;][\/vc_column][\/vc_row]<\/p>\n","protected":false},"excerpt":{"rendered":"<p>[vc_row full_width=&#8220;stretch_row&#8220; css=&#8220;.vc_custom_1472224979504{background-color: rgba(31,31,31,0.84) !important;*background-color: rgb(31,31,31) !important;}&#8220; el_class=&#8220;content-padding&#8220;][vc_column][vc_column_text css=&#8220;.vc_custom_1474020881535{border-top-width: 1px !important;border-right-width: 1px !important;border-bottom-width: 1px !important;border-left-width: 1px !important;padding-top: 5px !important;padding-right: 20px [&hellip;]<\/p>\n","protected":false},"author":7,"featured_media":0,"parent":0,"menu_order":0,"comment_status":"closed","ping_status":"closed","template":"","meta":{"footnotes":"","_joinchat":[]},"_links":{"self":[{"href":"https:\/\/www.hotelsemaforodefisterra.com\/de\/wp-json\/wp\/v2\/pages\/3860"}],"collection":[{"href":"https:\/\/www.hotelsemaforodefisterra.com\/de\/wp-json\/wp\/v2\/pages"}],"about":[{"href":"https:\/\/www.hotelsemaforodefisterra.com\/de\/wp-json\/wp\/v2\/types\/page"}],"author":[{"embeddable":true,"href":"https:\/\/www.hotelsemaforodefisterra.com\/de\/wp-json\/wp\/v2\/users\/7"}],"replies":[{"embeddable":true,"href":"https:\/\/www.hotelsemaforodefisterra.com\/de\/wp-json\/wp\/v2\/comments?post=3860"}],"version-history":[{"count":10,"href":"https:\/\/www.hotelsemaforodefisterra.com\/de\/wp-json\/wp\/v2\/pages\/3860\/revisions"}],"predecessor-version":[{"id":9849,"href":"https:\/\/www.hotelsemaforodefisterra.com\/de\/wp-json\/wp\/v2\/pages\/3860\/revisions\/9849"}],"wp:attachment":[{"href":"https:\/\/www.hotelsemaforodefisterra.com\/de\/wp-json\/wp\/v2\/media?parent=3860"}],"curies":[{"name":"wp","href":"https:\/\/api.w.org\/{rel}","templated":true}]}}